{"id":13708,"date":"2018-09-19T23:45:09","date_gmt":"2018-09-19T21:45:09","guid":{"rendered":"https:\/\/lfsportevents.pl\/ligafutsalu2021\/i-liga\/tabela-copy\/"},"modified":"2021-11-16T21:02:14","modified_gmt":"2021-11-16T20:02:14","slug":"tabela","status":"publish","type":"page","link":"https:\/\/lfsportevents.pl\/ligafutsalu2021\/ii-liga\/tabela\/","title":{"rendered":"Tabela"},"content":{"rendered":"<div class=\"legenda\">\n<p>Legenda:<\/p>\n<div class=\"item\"><b>M<\/b>\u00a0= Mecze Rozegrane<\/div>\n<div class=\"item\"><b>Pkt<\/b>\u00a0= Punkty<\/div>\n<div class=\"item\"><b>Z<\/b>\u00a0= Zwyci\u0119stwa<\/div>\n<div class=\"item\"><b>R<\/b>\u00a0= Remisy<\/div>\n<div class=\"item\"><b>P<\/b>\u00a0= Pora\u017cki<\/div>\n<div class=\"item\"><b>BZ<\/b>\u00a0= Bramki zdobyte<\/div>\n<div class=\"item\"><b>BS<\/b>\u00a0= Bramki stracone<\/div>\n<div class=\"item\"><b>+\/-<\/b>\u00a0= R\u00f3\u017cnica bramek<\/div>\n<div class=\"item\"><strong style=\"color: #00ccff;\">Miejsca 1-5<\/strong><span style=\"color: #00ccff;\"> (grupa mistrzowska)<\/span><\/div>\n<div class=\"item\"><span style=\"color: #ff99cc;\"><strong>Miejsca 6-10<\/strong> (grupa spadkowa)<\/span><\/div>\n<div class=\"item\"><span style=\"color: #1dcc54;\"><strong>Miejsce 1-2<\/strong>\u00a0(bezpo\u015bredni awans do I Ligi)<\/span><\/div>\n<div class=\"item\"><span style=\"color: #38e890;\"><strong>Miejsce 3<\/strong>\u00a0(bara\u017c z 8 dru\u017cyn\u0105 I Ligi)<\/span><\/div>\n<div class=\"item\"><span style=\"color: #ff0000;\"><strong>Miejsce 8-10<\/strong> (ewentualny spadek III Ligi)<\/span><\/div>\n<\/div>\n<div><\/div>\n<div><div class=\"sportspress\"><div class=\"sp-template sp-template-league-table\">\n\t<h4 class=\"sp-table-caption\">Tabela &#8211; II Liga<\/h4><div class=\"sp-table-wrapper\"><table class=\"sp-league-table sp-data-table sp-sortable-table sp-scrollable-table sp-paginated-table\" data-sp-rows=\"16\"><thead><tr><th class=\"data-rank\">Pozycja<\/th><th class=\"data-name\">Dru\u017cyna<\/th><th class=\"data-p\">M<\/th><th class=\"data-pts\">Pkt<\/th><th class=\"data-w\">Z<\/th><th class=\"data-d\">R<\/th><th class=\"data-l\">P<\/th><th class=\"data-f\">BZ<\/th><th class=\"data-a\">BS<\/th><th class=\"data-gd\">+\/-<\/th><\/tr><\/thead><tbody><tr class=\"odd sp-row-no-0\"><td class=\"data-rank\" data-label=\"Pozycja\">1<\/td><td class=\"data-name has-logo\" data-label=\"Dru\u017cyna\"><a href=\"https:\/\/lfsportevents.pl\/ligafutsalu2021\/team\/glodzik-i-smajdor-team\/\"><span class=\"team-logo\"><img width=\"128\" height=\"128\" src=\"https:\/\/lfsportevents.pl\/ligafutsalu2021\/wp-content\/uploads\/2021\/10\/G\u0142odzik-i-Smajdor-Team-128x128.jpg\" class=\"attachment-sportspress-fit-icon size-sportspress-fit-icon wp-post-image\" alt=\"\" loading=\"lazy\" \/><\/span>G\u0142odzik i Smajdor Team<\/a><\/td><td class=\"data-p\" data-label=\"M\">13<\/td><td class=\"data-pts\" data-label=\"Pkt\">36<\/td><td class=\"data-w\" data-label=\"Z\">12<\/td><td class=\"data-d\" data-label=\"R\">0<\/td><td class=\"data-l\" data-label=\"P\">1<\/td><td class=\"data-f\" data-label=\"BZ\">107<\/td><td class=\"data-a\" data-label=\"BS\">37<\/td><td class=\"data-gd\" data-label=\"+\/-\">70<\/td><\/tr><tr class=\"even sp-row-no-1\"><td class=\"data-rank\" data-label=\"Pozycja\">2<\/td><td class=\"data-name has-logo\" data-label=\"Dru\u017cyna\"><a href=\"https:\/\/lfsportevents.pl\/ligafutsalu2021\/team\/trade\/\"><span class=\"team-logo\"><img width=\"128\" height=\"81\" src=\"https:\/\/lfsportevents.pl\/ligafutsalu2021\/wp-content\/uploads\/2020\/10\/TRADE-logo-128x81.png\" class=\"attachment-sportspress-fit-icon size-sportspress-fit-icon wp-post-image\" alt=\"\" loading=\"lazy\" \/><\/span>Trade<\/a><\/td><td class=\"data-p\" data-label=\"M\">13<\/td><td class=\"data-pts\" data-label=\"Pkt\">31<\/td><td class=\"data-w\" data-label=\"Z\">10<\/td><td class=\"data-d\" data-label=\"R\">1<\/td><td class=\"data-l\" data-label=\"P\">2<\/td><td class=\"data-f\" data-label=\"BZ\">81<\/td><td class=\"data-a\" data-label=\"BS\">39<\/td><td class=\"data-gd\" data-label=\"+\/-\">42<\/td><\/tr><tr class=\"odd sp-row-no-2\"><td class=\"data-rank\" data-label=\"Pozycja\">3<\/td><td class=\"data-name has-logo\" data-label=\"Dru\u017cyna\"><a href=\"https:\/\/lfsportevents.pl\/ligafutsalu2021\/team\/wisniowski-ii\/\"><span class=\"team-logo\"><img width=\"128\" height=\"58\" src=\"https:\/\/lfsportevents.pl\/ligafutsalu2021\/wp-content\/uploads\/2016\/11\/Wi\u015bniowski-removebg-preview-128x58.png\" class=\"attachment-sportspress-fit-icon size-sportspress-fit-icon wp-post-image\" alt=\"\" loading=\"lazy\" \/><\/span>Wi\u015bniowski II<\/a><\/td><td class=\"data-p\" data-label=\"M\">13<\/td><td class=\"data-pts\" data-label=\"Pkt\">28<\/td><td class=\"data-w\" data-label=\"Z\">9<\/td><td class=\"data-d\" data-label=\"R\">1<\/td><td class=\"data-l\" data-label=\"P\">3<\/td><td class=\"data-f\" data-label=\"BZ\">70<\/td><td class=\"data-a\" data-label=\"BS\">53<\/td><td class=\"data-gd\" data-label=\"+\/-\">17<\/td><\/tr><tr class=\"even sp-row-no-3\"><td class=\"data-rank\" data-label=\"Pozycja\">4<\/td><td class=\"data-name has-logo\" data-label=\"Dru\u017cyna\"><a href=\"https:\/\/lfsportevents.pl\/ligafutsalu2021\/team\/dukat-antykwariat\/\"><span class=\"team-logo\"><img width=\"128\" height=\"128\" src=\"https:\/\/lfsportevents.pl\/ligafutsalu2021\/wp-content\/uploads\/2020\/10\/Bruk-Ogr\u00f3d-Nowak-128x128.png\" class=\"attachment-sportspress-fit-icon size-sportspress-fit-icon wp-post-image\" alt=\"\" loading=\"lazy\" \/><\/span>Bruk-Ogr\u00f3d-Nowak<\/a><\/td><td class=\"data-p\" data-label=\"M\">13<\/td><td class=\"data-pts\" data-label=\"Pkt\">27<\/td><td class=\"data-w\" data-label=\"Z\">9<\/td><td class=\"data-d\" data-label=\"R\">0<\/td><td class=\"data-l\" data-label=\"P\">4<\/td><td class=\"data-f\" data-label=\"BZ\">69<\/td><td class=\"data-a\" data-label=\"BS\">44<\/td><td class=\"data-gd\" data-label=\"+\/-\">25<\/td><\/tr><tr class=\"odd sp-row-no-4\"><td class=\"data-rank\" data-label=\"Pozycja\">5<\/td><td class=\"data-name has-logo\" data-label=\"Dru\u017cyna\"><a href=\"https:\/\/lfsportevents.pl\/ligafutsalu2021\/team\/mawa-wykonczenia-wnetrz\/\"><span class=\"team-logo\"><img width=\"128\" height=\"29\" src=\"https:\/\/lfsportevents.pl\/ligafutsalu2021\/wp-content\/uploads\/2020\/10\/Mawa-1-128x29.jpg\" class=\"attachment-sportspress-fit-icon size-sportspress-fit-icon wp-post-image\" alt=\"\" loading=\"lazy\" \/><\/span>Mawa Wyko\u0144czenia Wn\u0119trz<\/a><\/td><td class=\"data-p\" data-label=\"M\">13<\/td><td class=\"data-pts\" data-label=\"Pkt\">22<\/td><td class=\"data-w\" data-label=\"Z\">7<\/td><td class=\"data-d\" data-label=\"R\">1<\/td><td class=\"data-l\" data-label=\"P\">5<\/td><td class=\"data-f\" data-label=\"BZ\">55<\/td><td class=\"data-a\" data-label=\"BS\">56<\/td><td class=\"data-gd\" data-label=\"+\/-\">-1<\/td><\/tr><tr class=\"even sp-row-no-5\"><td class=\"data-rank\" data-label=\"Pozycja\">6<\/td><td class=\"data-name has-logo\" data-label=\"Dru\u017cyna\"><a href=\"https:\/\/lfsportevents.pl\/ligafutsalu2021\/team\/pabud\/\"><span class=\"team-logo\"><img width=\"128\" height=\"90\" src=\"https:\/\/lfsportevents.pl\/ligafutsalu2021\/wp-content\/uploads\/2020\/10\/Pabud-128x90.png\" class=\"attachment-sportspress-fit-icon size-sportspress-fit-icon wp-post-image\" alt=\"\" loading=\"lazy\" \/><\/span>Pabud<\/a><\/td><td class=\"data-p\" data-label=\"M\">13<\/td><td class=\"data-pts\" data-label=\"Pkt\">21<\/td><td class=\"data-w\" data-label=\"Z\">7<\/td><td class=\"data-d\" data-label=\"R\">0<\/td><td class=\"data-l\" data-label=\"P\">6<\/td><td class=\"data-f\" data-label=\"BZ\">80<\/td><td class=\"data-a\" data-label=\"BS\">67<\/td><td class=\"data-gd\" data-label=\"+\/-\">13<\/td><\/tr><tr class=\"odd sp-row-no-6\"><td class=\"data-rank\" data-label=\"Pozycja\">7<\/td><td class=\"data-name has-logo\" data-label=\"Dru\u017cyna\"><a href=\"https:\/\/lfsportevents.pl\/ligafutsalu2021\/team\/san-marino-club\/\"><span class=\"team-logo\"><img width=\"108\" height=\"128\" src=\"https:\/\/lfsportevents.pl\/ligafutsalu2021\/wp-content\/uploads\/2021\/10\/San-Marino-Club-108x128.png\" class=\"attachment-sportspress-fit-icon size-sportspress-fit-icon wp-post-image\" alt=\"\" loading=\"lazy\" \/><\/span>San Marino Club<\/a><\/td><td class=\"data-p\" data-label=\"M\">13<\/td><td class=\"data-pts\" data-label=\"Pkt\">21<\/td><td class=\"data-w\" data-label=\"Z\">7<\/td><td class=\"data-d\" data-label=\"R\">0<\/td><td class=\"data-l\" data-label=\"P\">6<\/td><td class=\"data-f\" data-label=\"BZ\">57<\/td><td class=\"data-a\" data-label=\"BS\">49<\/td><td class=\"data-gd\" data-label=\"+\/-\">8<\/td><\/tr><tr class=\"even sp-row-no-7\"><td class=\"data-rank\" data-label=\"Pozycja\">8<\/td><td class=\"data-name has-logo\" data-label=\"Dru\u017cyna\"><a href=\"https:\/\/lfsportevents.pl\/ligafutsalu2021\/team\/piemonte-calcio\/\"><span class=\"team-logo\"><img width=\"66\" height=\"128\" src=\"https:\/\/lfsportevents.pl\/ligafutsalu2021\/wp-content\/uploads\/2019\/11\/Piemonte-Calcio-66x128.png\" class=\"attachment-sportspress-fit-icon size-sportspress-fit-icon wp-post-image\" alt=\"\" loading=\"lazy\" \/><\/span>Piemonte Calcio<\/a><\/td><td class=\"data-p\" data-label=\"M\">13<\/td><td class=\"data-pts\" data-label=\"Pkt\">18<\/td><td class=\"data-w\" data-label=\"Z\">6<\/td><td class=\"data-d\" data-label=\"R\">0<\/td><td class=\"data-l\" data-label=\"P\">7<\/td><td class=\"data-f\" data-label=\"BZ\">51<\/td><td class=\"data-a\" data-label=\"BS\">65<\/td><td class=\"data-gd\" data-label=\"+\/-\">-14<\/td><\/tr><tr class=\"odd sp-row-no-8\"><td class=\"data-rank\" data-label=\"Pozycja\">9<\/td><td class=\"data-name has-logo\" data-label=\"Dru\u017cyna\"><a href=\"https:\/\/lfsportevents.pl\/ligafutsalu2021\/team\/honer\/\"><span class=\"team-logo\"><img width=\"128\" height=\"77\" src=\"https:\/\/lfsportevents.pl\/ligafutsalu2021\/wp-content\/uploads\/2019\/11\/Honer-128x77.png\" class=\"attachment-sportspress-fit-icon size-sportspress-fit-icon wp-post-image\" alt=\"\" loading=\"lazy\" \/><\/span>Honer<\/a><\/td><td class=\"data-p\" data-label=\"M\">13<\/td><td class=\"data-pts\" data-label=\"Pkt\">17<\/td><td class=\"data-w\" data-label=\"Z\">5<\/td><td class=\"data-d\" data-label=\"R\">2<\/td><td class=\"data-l\" data-label=\"P\">6<\/td><td class=\"data-f\" data-label=\"BZ\">52<\/td><td class=\"data-a\" data-label=\"BS\">58<\/td><td class=\"data-gd\" data-label=\"+\/-\">-6<\/td><\/tr><tr class=\"even sp-row-no-9\"><td class=\"data-rank\" data-label=\"Pozycja\">10<\/td><td class=\"data-name has-logo\" data-label=\"Dru\u017cyna\"><a href=\"https:\/\/lfsportevents.pl\/ligafutsalu2021\/team\/maxfol\/\"><span class=\"team-logo\"><img width=\"97\" height=\"128\" src=\"https:\/\/lfsportevents.pl\/ligafutsalu2021\/wp-content\/uploads\/2021\/10\/Maxfol-removebg-preview-97x128.png\" class=\"attachment-sportspress-fit-icon size-sportspress-fit-icon wp-post-image\" alt=\"\" loading=\"lazy\" \/><\/span>Maxfol<\/a><\/td><td class=\"data-p\" data-label=\"M\">13<\/td><td class=\"data-pts\" data-label=\"Pkt\">15<\/td><td class=\"data-w\" data-label=\"Z\">5<\/td><td class=\"data-d\" data-label=\"R\">0<\/td><td class=\"data-l\" data-label=\"P\">8<\/td><td class=\"data-f\" data-label=\"BZ\">60<\/td><td class=\"data-a\" data-label=\"BS\">77<\/td><td class=\"data-gd\" data-label=\"+\/-\">-17<\/td><\/tr><tr class=\"odd sp-row-no-10\"><td class=\"data-rank\" data-label=\"Pozycja\">11<\/td><td class=\"data-name has-logo\" data-label=\"Dru\u017cyna\"><a href=\"https:\/\/lfsportevents.pl\/ligafutsalu2021\/team\/your-house\/\"><span class=\"team-logo\"><img width=\"128\" height=\"113\" src=\"https:\/\/lfsportevents.pl\/ligafutsalu2021\/wp-content\/uploads\/2021\/10\/Your-House-128x113.png\" class=\"attachment-sportspress-fit-icon size-sportspress-fit-icon wp-post-image\" alt=\"\" loading=\"lazy\" \/><\/span>Your House<\/a><\/td><td class=\"data-p\" data-label=\"M\">13<\/td><td class=\"data-pts\" data-label=\"Pkt\">13<\/td><td class=\"data-w\" data-label=\"Z\">4<\/td><td class=\"data-d\" data-label=\"R\">1<\/td><td class=\"data-l\" data-label=\"P\">8<\/td><td class=\"data-f\" data-label=\"BZ\">71<\/td><td class=\"data-a\" data-label=\"BS\">79<\/td><td class=\"data-gd\" data-label=\"+\/-\">-8<\/td><\/tr><tr class=\"even sp-row-no-11\"><td class=\"data-rank\" data-label=\"Pozycja\">12<\/td><td class=\"data-name has-logo\" data-label=\"Dru\u017cyna\"><a href=\"https:\/\/lfsportevents.pl\/ligafutsalu2021\/team\/foto-key\/\"><span class=\"team-logo\"><img width=\"128\" height=\"128\" src=\"https:\/\/lfsportevents.pl\/ligafutsalu2021\/wp-content\/uploads\/2021\/10\/Foto-Key-128x128.jpg\" class=\"attachment-sportspress-fit-icon size-sportspress-fit-icon wp-post-image\" alt=\"\" loading=\"lazy\" \/><\/span>Foto Key<\/a><\/td><td class=\"data-p\" data-label=\"M\">13<\/td><td class=\"data-pts\" data-label=\"Pkt\">10<\/td><td class=\"data-w\" data-label=\"Z\">3<\/td><td class=\"data-d\" data-label=\"R\">1<\/td><td class=\"data-l\" data-label=\"P\">9<\/td><td class=\"data-f\" data-label=\"BZ\">52<\/td><td class=\"data-a\" data-label=\"BS\">83<\/td><td class=\"data-gd\" data-label=\"+\/-\">-31<\/td><\/tr><tr class=\"odd sp-row-no-12\"><td class=\"data-rank\" data-label=\"Pozycja\">13<\/td><td class=\"data-name has-logo\" data-label=\"Dru\u017cyna\"><a href=\"https:\/\/lfsportevents.pl\/ligafutsalu2021\/team\/grod-czop-podegrodzie\/\"><span class=\"team-logo\"><img width=\"128\" height=\"128\" src=\"https:\/\/lfsportevents.pl\/ligafutsalu2021\/wp-content\/uploads\/2021\/10\/Gr\u00f3d-Czop-Podegrodzie-128x128.png\" class=\"attachment-sportspress-fit-icon size-sportspress-fit-icon wp-post-image\" alt=\"\" loading=\"lazy\" \/><\/span>Gr\u00f3d Czop Podegrodzie<\/a><\/td><td class=\"data-p\" data-label=\"M\">13<\/td><td class=\"data-pts\" data-label=\"Pkt\">8<\/td><td class=\"data-w\" data-label=\"Z\">3<\/td><td class=\"data-d\" data-label=\"R\">0<\/td><td class=\"data-l\" data-label=\"P\">10<\/td><td class=\"data-f\" data-label=\"BZ\">36<\/td><td class=\"data-a\" data-label=\"BS\">77<\/td><td class=\"data-gd\" data-label=\"+\/-\">-41<\/td><\/tr><tr class=\"even sp-row-no-13\"><td class=\"data-rank\" data-label=\"Pozycja\">14<\/td><td class=\"data-name has-logo\" data-label=\"Dru\u017cyna\"><a href=\"https:\/\/lfsportevents.pl\/ligafutsalu2021\/team\/restauracja-nawojka\/\"><span class=\"team-logo\"><img width=\"128\" height=\"125\" src=\"https:\/\/lfsportevents.pl\/ligafutsalu2021\/wp-content\/uploads\/2021\/10\/Nawojka-128x125.jpg\" class=\"attachment-sportspress-fit-icon size-sportspress-fit-icon wp-post-image\" alt=\"\" loading=\"lazy\" \/><\/span>Restauracja Nawojka<\/a><\/td><td class=\"data-p\" data-label=\"M\">13<\/td><td class=\"data-pts\" data-label=\"Pkt\">1<\/td><td class=\"data-w\" data-label=\"Z\">0<\/td><td class=\"data-d\" data-label=\"R\">1<\/td><td class=\"data-l\" data-label=\"P\">12<\/td><td class=\"data-f\" data-label=\"BZ\">33<\/td><td class=\"data-a\" data-label=\"BS\">90<\/td><td class=\"data-gd\" data-label=\"+\/-\">-57<\/td><\/tr><\/tbody><\/table><\/div><\/div>\n<\/div> -1 pkt Gr\u00f3d Czop Podegrodzie, za walkower a dnia 16.11.2021<\/div>\n<p>&nbsp;<\/p>\n","protected":false},"excerpt":{"rendered":"<p>Legenda: M\u00a0= Mecze Rozegrane Pkt\u00a0= Punkty Z\u00a0= Zwyci\u0119stwa R\u00a0= Remisy P\u00a0= Pora\u017cki BZ\u00a0= Bramki zdobyte BS\u00a0= Bramki stracone +\/-\u00a0= R\u00f3\u017cnica bramek Miejsca 1-5 (grupa mistrzowska) Miejsca 6-10 (grupa spadkowa) Miejsce 1-2\u00a0(bezpo\u015bredni awans do I Ligi) Miejsce 3\u00a0(bara\u017c z 8 dru\u017cyn\u0105 I Ligi) Miejsce 8-10 (ewentualny spadek III Ligi) -1 pkt Gr\u00f3d Czop Podegrodzie, za walkower [&hellip;]<\/p>\n","protected":false},"author":1,"featured_media":0,"parent":13689,"menu_order":0,"comment_status":"closed","ping_status":"closed","template":"","meta":[],"_links":{"self":[{"href":"https:\/\/lfsportevents.pl\/ligafutsalu2021\/wp-json\/wp\/v2\/pages\/13708"}],"collection":[{"href":"https:\/\/lfsportevents.pl\/ligafutsalu2021\/wp-json\/wp\/v2\/pages"}],"about":[{"href":"https:\/\/lfsportevents.pl\/ligafutsalu2021\/wp-json\/wp\/v2\/types\/page"}],"author":[{"embeddable":true,"href":"https:\/\/lfsportevents.pl\/ligafutsalu2021\/wp-json\/wp\/v2\/users\/1"}],"replies":[{"embeddable":true,"href":"https:\/\/lfsportevents.pl\/ligafutsalu2021\/wp-json\/wp\/v2\/comments?post=13708"}],"version-history":[{"count":3,"href":"https:\/\/lfsportevents.pl\/ligafutsalu2021\/wp-json\/wp\/v2\/pages\/13708\/revisions"}],"predecessor-version":[{"id":21695,"href":"https:\/\/lfsportevents.pl\/ligafutsalu2021\/wp-json\/wp\/v2\/pages\/13708\/revisions\/21695"}],"up":[{"embeddable":true,"href":"https:\/\/lfsportevents.pl\/ligafutsalu2021\/wp-json\/wp\/v2\/pages\/13689"}],"wp:attachment":[{"href":"https:\/\/lfsportevents.pl\/ligafutsalu2021\/wp-json\/wp\/v2\/media?parent=13708"}],"curies":[{"name":"wp","href":"https:\/\/api.w.org\/{rel}","templated":true}]}}