{"id":13706,"date":"2018-09-19T23:44:55","date_gmt":"2018-09-19T21:44:55","guid":{"rendered":"https:\/\/lfsportevents.pl\/ligafutsalu2021\/i-liga\/stat-kolejki-copy\/"},"modified":"2022-02-08T16:14:52","modified_gmt":"2022-02-08T15:14:52","slug":"stat-kolejki","status":"publish","type":"page","link":"https:\/\/lfsportevents.pl\/ligafutsalu2021\/ii-liga\/stat-kolejki\/","title":{"rendered":"Stat. kolejki"},"content":{"rendered":"<h1><span style=\"color: #993300;\">I KOLEJKA (18\/19 pa\u017adziernik 2021)<\/span><\/h1>\n<p><strong>Liczba meczy: <\/strong><span style=\"color: #993300;\"><strong>7<\/strong><\/span><br \/>\n<strong>Liczba goli:<\/strong><span style=\"color: #993300;\"><strong> 67<\/strong><\/span><br \/>\n<strong>\u015arednia ilo\u015b\u0107 goli na mecz: <span style=\"color: #993300;\">9,57<\/span><\/strong><br \/>\n<strong>Wygrane:<\/strong><span style=\"color: #993300;\"><strong> 7<\/strong><\/span><br \/>\n<strong>Remisy: <\/strong><span style=\"color: #993300;\"><strong>0<\/strong><\/span><br \/>\n<strong>Walkowery:<\/strong><strong>\u00a0<\/strong><span style=\"color: #993300;\"><strong>0<\/strong><\/span><br \/>\n<strong>Najwi\u0119cej goli strzelonych w meczu: <span style=\"color: #993300;\">17<\/span><\/strong><strong><span style=\"color: #993300;\"> goli<\/span> (G\u0142odzik i Smajdor Team &#8211; Restauracja Nawojka 15:2)\u00a0<\/strong><br \/>\n<strong>Najwy\u017csza wygrana:<\/strong><strong><span style=\"color: #993300;\"> 15:2 <\/span>(G\u0142odzik i Smajdor Team &#8211; Restauracja Nawojka)<\/strong><br \/>\n<strong>Ilo\u015b\u0107 \u017c\u00f3\u0142tych kartek: <\/strong><span style=\"color: #993300;\"><strong>1<\/strong><\/span><br \/>\n<strong>Ilo\u015b\u0107 czerwonych kartek:<\/strong><span style=\"color: #993300;\"><strong> 0<\/strong><\/span><\/p>\n<h1><span style=\"color: #993300;\">Ii KOLEJKA (25,26 pa\u017adziernik 2021)<\/span><\/h1>\n<p><strong>Liczba meczy:<\/strong><strong> <span style=\"color: #993300;\">7<\/span><\/strong><br \/>\n<strong>Liczba goli:<\/strong><span style=\"color: #993300;\"><strong> 60<\/strong><\/span><br \/>\n<strong>\u015arednia ilo\u015b\u0107 goli na mecz: <span style=\"color: #993300;\">8,57<\/span><\/strong><br \/>\n<strong>Wygrane:<\/strong><span style=\"color: #993300;\"><strong> 7<\/strong><\/span><br \/>\n<strong>Remisy: <\/strong><span style=\"color: #993300;\"><strong>0<\/strong><\/span><br \/>\n<strong>Walkowery:<\/strong> <span style=\"color: #993300;\"><strong>0<\/strong><\/span><br \/>\n<strong>Najwi\u0119cej goli strzelonych w meczu: <span style=\"color: #993300;\">13<\/span><\/strong><strong><span style=\"color: #993300;\"> goli<\/span> (Sebbet Kostka Brukowa 5:8) <\/strong><br \/>\n<strong>Najwy\u017csza wygrana:<\/strong><strong><span style=\"color: #993300;\"> 7:0<\/span> (Gold Team\/Meble Lorek &#8211; S\u0105czersi)<\/strong><br \/>\n<strong>Ilo\u015b\u0107 \u017c\u00f3\u0142tych kartek: <\/strong><span style=\"color: #993300;\"><strong>3<\/strong><\/span><br \/>\n<strong>Ilo\u015b\u0107 czerwonych kartek:<\/strong><span style=\"color: #993300;\"><strong> 0<br \/>\n<\/strong><\/span><\/p>\n<h1><span style=\"color: #993300;\">Iii KOLEJKA (1,2 listopad 2021)<\/span><\/h1>\n<p><strong>Liczba meczy:<\/strong><strong> <span style=\"color: #993300;\">7<\/span><\/strong><br \/>\n<strong>Liczba goli:<\/strong><span style=\"color: #993300;\"><strong> 47<\/strong><\/span><br \/>\n<strong>\u015arednia ilo\u015b\u0107 goli na mecz: <span style=\"color: #993300;\">6,71<\/span><\/strong><br \/>\n<strong>Wygrane:<\/strong><span style=\"color: #993300;\"><strong> 7<\/strong><\/span><br \/>\n<strong>Remisy: <\/strong><span style=\"color: #993300;\"><strong>0<\/strong><\/span><br \/>\n<strong>Walkowery:<\/strong> <span style=\"color: #993300;\"><strong>0<\/strong><\/span><br \/>\n<strong>Najwi\u0119cej goli strzelonych w meczu: <span style=\"color: #993300;\">11<\/span><\/strong><strong><span style=\"color: #993300;\"> goli<\/span> (Trade &#8211; Your House 8:3) <\/strong><br \/>\n<strong>Najwy\u017csza wygrana:<\/strong><strong><span style=\"color: #993300;\"> 8:0<\/span> (Bruk-Ogr\u00f3d-Nowak &#8211; Gr\u00f3d Czop Podegrodzie)<\/strong><br \/>\n<strong>Ilo\u015b\u0107 \u017c\u00f3\u0142tych kartek: <\/strong><span style=\"color: #993300;\"><strong>3<\/strong><\/span><br \/>\n<strong>Ilo\u015b\u0107 czerwonych kartek:<\/strong><span style=\"color: #993300;\"><strong> 1<br \/>\n<\/strong><\/span><\/p>\n<h1><span style=\"color: #993300;\">IV KOLEJKA (8,9 listopad 2021)<\/span><\/h1>\n<p><strong>Liczba meczy:<\/strong><span style=\"color: #993300;\"><strong> 7<\/strong><\/span><br \/>\n<strong>Liczba goli:<\/strong><span style=\"color: #993300;\"><strong> 69<\/strong><\/span><br \/>\n<strong>\u015arednia ilo\u015b\u0107 goli na mecz: <span style=\"color: #993300;\">9,86<\/span><\/strong><br \/>\n<strong>Wygrane:<\/strong><span style=\"color: #993300;\"><strong> 7<\/strong><\/span><br \/>\n<strong>Remisy: <\/strong><span style=\"color: #993300;\"><strong>0<\/strong><\/span><br \/>\n<strong>Walkowery:<\/strong> <span style=\"color: #993300;\"><strong>0<\/strong><\/span><br \/>\n<strong>Najwi\u0119cej goli strzelonych w meczu: <span style=\"color: #993300;\">12<\/span><\/strong><strong><span style=\"color: #993300;\"> goli<\/span> (Foto Key &#8211; Pabud 4:8) <\/strong><br \/>\n<strong>Najwy\u017csza wygrana:<\/strong><strong><span style=\"color: #993300;\"> 8:2<\/span> (Wi\u015bniowski II &#8211; Restauracja Nawojka), (Gr\u00f3d Czop Podegrodzie &#8211; Mawa Wyko\u0144czenia Wn\u0119trz)<\/strong><br \/>\n<strong>Ilo\u015b\u0107 \u017c\u00f3\u0142tych kartek: <\/strong><span style=\"color: #993300;\"><strong>6<\/strong><\/span><br \/>\n<strong>Ilo\u015b\u0107 czerwonych kartek:<\/strong><span style=\"color: #993300;\"><strong> 0<\/strong><\/span><\/p>\n<h1><span style=\"color: #993300;\">V KOLEJKA (15,16 listopad 2021)<\/span><\/h1>\n<p><strong>Liczba meczy:<\/strong><span style=\"color: #993300;\"><strong> 7<\/strong><\/span><br \/>\n<strong>Liczba goli:<\/strong><span style=\"color: #993300;\"><strong> 69<\/strong><\/span><br \/>\n<strong>\u015arednia ilo\u015b\u0107 goli na mecz: <span style=\"color: #993300;\">9,86<\/span><\/strong><br \/>\n<strong>Wygrane:<\/strong><span style=\"color: #993300;\"><strong> 7<\/strong><\/span><br \/>\n<strong>Remisy: <\/strong><span style=\"color: #993300;\"><strong>0<\/strong><\/span><br \/>\n<strong>Walkowery:<\/strong> <span style=\"color: #993300;\"><strong>1<\/strong><\/span><br \/>\n<strong>Najwi\u0119cej goli strzelonych w meczu: <span style=\"color: #993300;\">14 <\/span><\/strong><strong><span style=\"color: #993300;\">goli<\/span> (Maxfol &#8211; Wi\u015bniowski II) <\/strong><br \/>\n<strong>Najwy\u017csza wygrana:<\/strong><strong><span style=\"color: #993300;\"> 9:1<\/span> (Mawa Wyko\u0144czenia Wn\u0119trz &#8211; Piemonte Calcio)<\/strong><br \/>\n<strong>Ilo\u015b\u0107 \u017c\u00f3\u0142tych kartek: <\/strong><span style=\"color: #993300;\"><strong>3<\/strong><\/span><br \/>\n<strong>Ilo\u015b\u0107 czerwonych kartek:<\/strong><span style=\"color: #993300;\"><strong> 0<\/strong><\/span><\/p>\n<h1><span style=\"color: #993300;\">VI KOLEJKA (22,23 listopad 2021)<\/span><\/h1>\n<p><strong>Liczba meczy:<\/strong><span style=\"color: #993300;\"><strong> 7<\/strong><\/span><br \/>\n<strong>Liczba goli:<\/strong><span style=\"color: #993300;\"><strong> 58<\/strong><\/span><br \/>\n<strong>\u015arednia ilo\u015b\u0107 goli na mecz: <span style=\"color: #993300;\">8,29<\/span><\/strong><br \/>\n<strong>Wygrane:<\/strong><span style=\"color: #993300;\"><strong> 7<\/strong><\/span><br \/>\n<strong>Remisy: <\/strong><span style=\"color: #993300;\"><strong>0<\/strong><\/span><br \/>\n<strong>Walkowery:<\/strong> <span style=\"color: #993300;\"><strong>1<\/strong><\/span><br \/>\n<strong>Najwi\u0119cej goli strzelonych w meczu: 12 <\/strong><strong>goli (Your House &#8211; Maxfol &#8211; 9:3) <\/strong><br \/>\n<strong>Najwy\u017csza wygrana:<\/strong><strong><span style=\"color: #993300;\"> 2:9<\/span> (Gr\u00f3d Czop Podegrodzie &#8211; G\u0142odzik i Smajdor Team)<\/strong><br \/>\n<strong>Ilo\u015b\u0107 \u017c\u00f3\u0142tych kartek: <\/strong><span style=\"color: #993300;\"><strong>3<\/strong><\/span><br \/>\n<strong>Ilo\u015b\u0107 czerwonych kartek:<\/strong><span style=\"color: #993300;\"><strong> 0<\/strong><\/span><\/p>\n<h1><span style=\"color: #993300;\">VIi KOLEJKA (29,30 listopad 2021)<\/span><\/h1>\n<p><strong>Liczba meczy:<\/strong><span style=\"color: #993300;\"><strong> 7<\/strong><\/span><br \/>\n<strong>Liczba goli:<\/strong><span style=\"color: #993300;\"><strong> 84<\/strong><\/span><br \/>\n<strong>\u015arednia ilo\u015b\u0107 goli na mecz: <span style=\"color: #993300;\">12<\/span><\/strong><br \/>\n<strong>Wygrane:<\/strong><span style=\"color: #993300;\"><strong> 6<\/strong><\/span><br \/>\n<strong>Remisy: <\/strong><span style=\"color: #993300;\"><strong>1<\/strong><\/span><br \/>\n<strong>Walkowery:<\/strong> <span style=\"color: #993300;\"><strong>0<\/strong><\/span><br \/>\n<strong>Najwi\u0119cej goli strzelonych w meczu:<span style=\"color: #993300;\"> 24 <\/span><\/strong><strong><span style=\"color: #993300;\">gole<\/span> (G\u0142odzik i Smajdor Team &#8211; Piemonte Calcio 19:5) <\/strong><br \/>\n<strong>Najwy\u017csza wygrana:<\/strong><strong><span style=\"color: #993300;\"> 19:5<\/span> (G\u0142odzik i Smajdor Team &#8211; Piemonte Calcio)<\/strong><br \/>\n<strong>Ilo\u015b\u0107 \u017c\u00f3\u0142tych kartek: <\/strong><span style=\"color: #993300;\"><strong>5<\/strong><\/span><br \/>\n<strong>Ilo\u015b\u0107 czerwonych kartek:<\/strong><span style=\"color: #993300;\"><strong> 0<\/strong><\/span><\/p>\n<h1><span style=\"color: #993300;\">VIiI KOLEJKA (6\/7 GRUDZIE\u0143 2021)<\/span><\/h1>\n<p><strong>Liczba meczy:<\/strong><span style=\"color: #993300;\"><strong> 7<\/strong><\/span><br \/>\n<strong>Liczba goli:<\/strong><span style=\"color: #993300;\"><strong> 70<\/strong><\/span><br \/>\n<strong>\u015arednia ilo\u015b\u0107 goli na mecz: <span style=\"color: #993300;\">10<\/span><\/strong><br \/>\n<strong>Wygrane:<\/strong><span style=\"color: #993300;\"><strong> 7<\/strong><\/span><br \/>\n<strong>Remisy: <\/strong><span style=\"color: #993300;\"><strong>0<\/strong><\/span><br \/>\n<strong>Walkowery:<\/strong><span style=\"color: #993300;\"> <strong>0<\/strong><\/span><br \/>\n<strong>Najwi\u0119cej goli strzelonych w meczu: <span style=\"color: #993300;\">13 <\/span><\/strong><strong><span style=\"color: #993300;\">gole<\/span> (G\u0142odzik i Smajdor Team &#8211; Pabud 7:6) <\/strong><br \/>\n<strong>Najwy\u017csza wygrana:<\/strong><strong><span style=\"color: #993300;\"> 9:3<\/span> (Your House &#8211; San Marino)<\/strong><br \/>\n<strong>Ilo\u015b\u0107 \u017c\u00f3\u0142tych kartek: <\/strong><span style=\"color: #993300;\"><strong>3<\/strong><\/span><br \/>\n<strong>Ilo\u015b\u0107 czerwonych kartek:<\/strong><span style=\"color: #993300;\"><strong> 0<\/strong><\/span><\/p>\n<h1><span style=\"color: #993300;\">Ix KOLEJKA (13\/14 GRUDZIE\u0143 2021)<\/span><\/h1>\n<p><strong>Liczba meczy:<\/strong><span style=\"color: #993300;\"><strong> 7<\/strong><\/span><br \/>\n<strong>Liczba goli:<\/strong><span style=\"color: #993300;\"><strong> 67<\/strong><\/span><br \/>\n<strong>\u015arednia ilo\u015b\u0107 goli na mecz: <span style=\"color: #993300;\">9,57<\/span><\/strong><br \/>\n<strong>Wygrane:<\/strong><span style=\"color: #993300;\"><strong> 7<\/strong><\/span><br \/>\n<strong>Remisy: <\/strong><span style=\"color: #993300;\"><strong>0<\/strong><\/span><br \/>\n<strong>Walkowery:<\/strong> <span style=\"color: #993300;\"><strong>0<\/strong><\/span><br \/>\n<strong>Najwi\u0119cej goli strzelonych w meczu: <span style=\"color: #993300;\">13 <\/span><\/strong><strong><span style=\"color: #993300;\">gole<\/span> (G\u0142odzik i Smajdor Team &#8211; Foto Key 10:3), (Honer &#8211; Your House 6:7) <\/strong><br \/>\n<strong>Najwy\u017csza wygrana:<\/strong><strong><span style=\"color: #993300;\"> 10:3<\/span> (G\u0142odzik i Smajdor Team &#8211; Foto Key)<\/strong><br \/>\n<strong>Ilo\u015b\u0107 \u017c\u00f3\u0142tych kartek: <\/strong><span style=\"color: #993300;\"><strong>5<\/strong><\/span><br \/>\n<strong>Ilo\u015b\u0107 czerwonych kartek:<\/strong><span style=\"color: #993300;\"><strong> 2<\/strong><\/span><\/p>\n<h1><span style=\"color: #993300;\">x KOLEJKA (27\/28 GRUDZIE\u0143 2021)<\/span><\/h1>\n<p><strong>Liczba meczy:<\/strong><span style=\"color: #993300;\"><strong> 7<\/strong><\/span><br \/>\n<strong>Liczba goli:<\/strong><span style=\"color: #993300;\"><strong> 69<\/strong><\/span><br \/>\n<strong>\u015arednia ilo\u015b\u0107 goli na mecz: <span style=\"color: #993300;\">9,86<\/span><\/strong><br \/>\n<strong>Wygrane:<\/strong><span style=\"color: #993300;\"><strong> 7<\/strong><\/span><br \/>\n<strong>Remisy: <\/strong><span style=\"color: #993300;\"><strong>0<\/strong><\/span><br \/>\n<strong>Walkowery:<\/strong> <strong>0<\/strong><br \/>\n<strong>Najwi\u0119cej goli strzelonych w meczu: <span style=\"color: #993300;\">13 <\/span><\/strong><strong><span style=\"color: #993300;\">gole<\/span> (Mawa Wyko\u0144czenia Wn\u0119trz &#8211; Trade 2:11) <\/strong><br \/>\n<strong>Najwy\u017csza wygrana:<\/strong><strong><span style=\"color: #993300;\"> 2:11<\/span> (Mawa Wyko\u0144czenia Wn\u0119trz &#8211; Trade)<\/strong><br \/>\n<strong>Ilo\u015b\u0107 \u017c\u00f3\u0142tych kartek: <\/strong><span style=\"color: #993300;\"><strong>4<\/strong><\/span><br \/>\n<strong>Ilo\u015b\u0107 czerwonych kartek:<\/strong><span style=\"color: #993300;\"><strong> 0<\/strong><\/span><\/p>\n<h1><span style=\"color: #993300;\">xi KOLEJKA (17\/18 stycze\u0144 2022)<\/span><\/h1>\n<p><strong>Liczba meczy:<\/strong><span style=\"color: #993300;\"><strong> 7<\/strong><\/span><br \/>\n<strong>Liczba goli:<\/strong><span style=\"color: #993300;\"><strong> 70<\/strong><\/span><br \/>\n<strong>\u015arednia ilo\u015b\u0107 goli na mecz: <span style=\"color: #993300;\">10,0<\/span><\/strong><br \/>\n<strong>Wygrane:<\/strong><span style=\"color: #993300;\"><strong> 6<\/strong><\/span><br \/>\n<strong>Remisy: <\/strong><span style=\"color: #993300;\"><strong>1<\/strong><\/span><br \/>\n<strong>Walkowery:<\/strong> <span style=\"color: #993300;\"><strong>0<\/strong><\/span><br \/>\n<strong>Najwi\u0119cej goli strzelonych w meczu: <span style=\"color: #993300;\">15 <\/span><\/strong><strong><span style=\"color: #993300;\">goli<\/span> (Restauracja Nawojka \u2013 Bruk\u2013Ogr\u00f3d\u2013Nowak 3:12) <\/strong><br \/>\n<strong>Najwy\u017csza wygrana:<\/strong><strong><span style=\"color: #993300;\"> 3:12<\/span> (Restauracja Nawojka \u2013 Bruk\u2013Ogr\u00f3d\u2013Nowak)<\/strong><br \/>\n<strong>Ilo\u015b\u0107 \u017c\u00f3\u0142tych kartek: <\/strong><span style=\"color: #993300;\"><strong>6<\/strong><\/span><br \/>\n<strong>Ilo\u015b\u0107 czerwonych kartek:<\/strong><span style=\"color: #993300;\"><strong> 1<\/strong><\/span><\/p>\n<h1><span style=\"color: #993300;\">xii KOLEJKA (24\/28 stycze\u0144 2022)<\/span><\/h1>\n<p><strong>Liczba meczy:<\/strong><span style=\"color: #993300;\"><strong> 7<\/strong><\/span><br \/>\n<strong>Liczba goli: <\/strong><span style=\"color: #993300;\"><strong>78<\/strong><\/span><br \/>\n<strong>\u015arednia ilo\u015b\u0107 goli na mecz: <span style=\"color: #993300;\">11,14<\/span><\/strong><br \/>\n<strong>Wygrane:<\/strong><span style=\"color: #993300;\"><strong> 6<\/strong><\/span><br \/>\n<strong>Remisy: <\/strong><span style=\"color: #993300;\"><strong>1<\/strong><\/span><br \/>\n<strong>Walkowery:<\/strong> <span style=\"color: #993300;\"><strong>0<\/strong><\/span><br \/>\n<strong>Najwi\u0119cej goli strzelonych w meczu: <span style=\"color: #993300;\">19 <\/span><\/strong><strong><span style=\"color: #993300;\">goli<\/span> (Your House \u2013 Pabud\u00a0 9:10) <\/strong><br \/>\n<strong>Najwy\u017csza wygrana:<\/strong><strong><span style=\"color: #993300;\"> 10:0<\/span> (G\u0142odzik i Smajdor Team \u2013 Honer)<\/strong><br \/>\n<strong>Ilo\u015b\u0107 \u017c\u00f3\u0142tych kartek: <\/strong><span style=\"color: #993300;\"><strong>2<\/strong><\/span><br \/>\n<strong>Ilo\u015b\u0107 czerwonych kartek:<\/strong><span style=\"color: #993300;\"><strong> 0<\/strong><\/span><\/p>\n<h1><span style=\"color: #993300;\">xiii KOLEJKA (31 stycze\u0144\/1 luty 2022)<\/span><\/h1>\n<p><strong>Liczba meczy:<\/strong><span style=\"color: #993300;\"><strong> 7<\/strong><\/span><br \/>\n<strong>Liczba goli: <span style=\"color: #993300;\">66<\/span><\/strong><br \/>\n<strong>\u015arednia ilo\u015b\u0107 goli na mecz: <span style=\"color: #993300;\">9,43<\/span><\/strong><br \/>\n<strong>Wygrane:<\/strong><span style=\"color: #993300;\"><strong> 6<\/strong><\/span><br \/>\n<strong>Remisy: <\/strong><span style=\"color: #993300;\"><strong>1<\/strong><\/span><br \/>\n<strong>Walkowery:<\/strong> <span style=\"color: #993300;\"><strong>0<\/strong><\/span><br \/>\n<strong>Najwi\u0119cej goli strzelonych w meczu: <span style=\"color: #993300;\">16 <\/span><\/strong><strong><span style=\"color: #993300;\">goli<\/span> (Pabud <\/strong><strong>\u2013 Wi\u015bniowski II<\/strong><strong>) <\/strong><br \/>\n<strong>Najwy\u017csza wygrana:<\/strong><strong><span style=\"color: #993300;\"> 13:3<\/span> (Pabud \u2013 Wi\u015bniowski II)<\/strong><br \/>\n<strong>Ilo\u015b\u0107 \u017c\u00f3\u0142tych kartek: <span style=\"color: #993300;\">3<\/span><\/strong><br \/>\n<strong>Ilo\u015b\u0107 czerwonych kartek:<\/strong><span style=\"color: #993300;\"><strong> 1<\/strong><\/span><\/p>\n","protected":false},"excerpt":{"rendered":"<p>I KOLEJKA (18\/19 pa\u017adziernik 2021) Liczba meczy: 7 Liczba goli: 67 \u015arednia ilo\u015b\u0107 goli na mecz: 9,57 Wygrane: 7 Remisy: 0 Walkowery:\u00a00 Najwi\u0119cej goli strzelonych w meczu: 17 goli (G\u0142odzik i Smajdor Team &#8211; Restauracja Nawojka 15:2)\u00a0 Najwy\u017csza wygrana: 15:2 (G\u0142odzik i Smajdor Team &#8211; Restauracja Nawojka) Ilo\u015b\u0107 \u017c\u00f3\u0142tych kartek: 1 Ilo\u015b\u0107 czerwonych kartek: 0 [&hellip;]<\/p>\n","protected":false},"author":1,"featured_media":0,"parent":13689,"menu_order":0,"comment_status":"closed","ping_status":"closed","template":"","meta":[],"_links":{"self":[{"href":"https:\/\/lfsportevents.pl\/ligafutsalu2021\/wp-json\/wp\/v2\/pages\/13706"}],"collection":[{"href":"https:\/\/lfsportevents.pl\/ligafutsalu2021\/wp-json\/wp\/v2\/pages"}],"about":[{"href":"https:\/\/lfsportevents.pl\/ligafutsalu2021\/wp-json\/wp\/v2\/types\/page"}],"author":[{"embeddable":true,"href":"https:\/\/lfsportevents.pl\/ligafutsalu2021\/wp-json\/wp\/v2\/users\/1"}],"replies":[{"embeddable":true,"href":"https:\/\/lfsportevents.pl\/ligafutsalu2021\/wp-json\/wp\/v2\/comments?post=13706"}],"version-history":[{"count":2,"href":"https:\/\/lfsportevents.pl\/ligafutsalu2021\/wp-json\/wp\/v2\/pages\/13706\/revisions"}],"predecessor-version":[{"id":22642,"href":"https:\/\/lfsportevents.pl\/ligafutsalu2021\/wp-json\/wp\/v2\/pages\/13706\/revisions\/22642"}],"up":[{"embeddable":true,"href":"https:\/\/lfsportevents.pl\/ligafutsalu2021\/wp-json\/wp\/v2\/pages\/13689"}],"wp:attachment":[{"href":"https:\/\/lfsportevents.pl\/ligafutsalu2021\/wp-json\/wp\/v2\/media?parent=13706"}],"curies":[{"name":"wp","href":"https:\/\/api.w.org\/{rel}","templated":true}]}}