{"id":10964,"date":"2017-12-22T22:29:00","date_gmt":"2017-12-22T21:29:00","guid":{"rendered":"https:\/\/lfsportevents.pl\/ligafutsalu2021\/?page_id=10964"},"modified":"2022-01-04T14:21:27","modified_gmt":"2022-01-04T13:21:27","slug":"okienko-transferowe","status":"publish","type":"page","link":"https:\/\/lfsportevents.pl\/ligafutsalu2021\/okienko-transferowe\/","title":{"rendered":"Okienko transferowe"},"content":{"rendered":"<h1 style=\"text-align: center;\"><strong><span style=\"color: #993300;\">OKIENKO TRANSFEROWE &#8211;\u00a0<\/span><\/strong><\/h1>\n<h1 style=\"text-align: center;\"><span style=\"color: #339966;\"><strong>OTWARCIE &#8211; 3.12.2021<br \/>\n<\/strong><\/span><\/h1>\n<h1 style=\"text-align: center;\"><span style=\"color: #ff0000;\"><strong>ZAMKNI\u0118CIE &#8211; 26.12.2021<\/strong><\/span><\/h1>\n<p>&nbsp;<\/p>\n<h3><strong>LISTA TRANSFEROWA:<\/strong><\/h3>\n<p><strong><span style=\"color: #ff0000;\">ODSZED\u0141<\/span><\/strong> &#8211; Restauracja Nawojka &#8211; Wojciech Lajdanowicz<br \/>\n<span style=\"color: #339966;\"><strong>PRZYSZED\u0141<\/strong><\/span> &#8211;\u00a0 Restauracja Nawojka &#8211; Jakub Czy\u017c<br \/>\n<strong><span style=\"color: #339966;\">PRZYSZED\u0141<\/span><\/strong> &#8211; Your House &#8211; Krystian Pogwizd<br \/>\n<strong><span style=\"color: #339966;\">PRZYSZED\u0141<\/span><\/strong> &#8211; Bruk-Ogr\u00f3d-Nowak &#8211; Mariusz Sromek<br \/>\n<strong><span style=\"color: #339966;\">PRZYSZED\u0141<\/span><\/strong> &#8211; Pabud &#8211; S\u0142awomir Zgrzeblak<br \/>\n<strong><span style=\"color: #339966;\">PRZYSZED\u0141<\/span><\/strong> &#8211; Greenpowerns &#8211; Szymon W\u00f3jcik<br \/>\n<span style=\"color: #ff0000;\"><strong>ODSZED\u0141<\/strong><\/span> &#8211; Sebbet Kostka Brukowa &#8211; Konrad S\u0142owik<br \/>\n<span style=\"color: #ff0000;\"><strong>ODSZED\u0141<\/strong><\/span> &#8211; Sebbet Kostka Brukowa &#8211; Wojciech Niepsuj<br \/>\n<span style=\"color: #ff0000;\"><strong>ODSZED\u0141<\/strong><\/span> &#8211; Sebbet Kostka Brukowa &#8211; Patryk Krawczyk<br \/>\n<strong><span style=\"color: #ff0000;\">ODSZED\u0141<\/span><\/strong> &#8211; Mariposa Med-Spa &#8211; Daniel Orze\u0142<br \/>\n<strong><span style=\"color: #339966;\">PRZYSZED\u0141<\/span><\/strong> &#8211; Mariposa Med-Spa &#8211; Adam Tumidaj<br \/>\n<strong><span style=\"color: #ff0000;\">ODSZED\u0141<\/span><\/strong> &#8211; Mariposa Med-Spa &#8211; Kamil W\u00f3js<br \/>\n<strong><span style=\"color: #339966;\">PRZYSZED\u0141<\/span><\/strong> &#8211; MKM Izolacje The Reds &#8211; Artur Ma\u0142ek<br \/>\n<span style=\"color: #339966;\"><strong>PRZYSZED\u0141<\/strong><\/span> &#8211; Gad\u017cet Team &#8211; Jaros\u0142aw Witowski<br \/>\n<strong><span style=\"color: #ff0000;\">ODSZED\u0141<\/span><\/strong> &#8211; Gold Team\/Meble Lorek &#8211; Dariusz B\u0105ba<br \/>\n<strong><span style=\"color: #339966;\">PRZYSZED\u0141<\/span><\/strong> &#8211; G\u0142odzik i Smajdor Team &#8211; Dariusz B\u0105ba<br \/>\n<strong><span style=\"color: #339966;\">PRZYSZED\u0141<\/span><\/strong> &#8211; Pabud &#8211; Wiktor Gom\u00f3\u0142ka<br \/>\n<span style=\"color: #339966;\"><strong>PRZYSZED\u0141<\/strong><\/span> &#8211; Maxfol &#8211; Piotr Pawliszak<br \/>\n<span style=\"color: #339966;\"><strong>PRZYSZED\u0141<\/strong><\/span> &#8211; Olimp Team &#8211; Marek W\u0105cha\u0142a<br \/>\n<strong><span style=\"color: #ff0000;\">ODSZED\u0141<\/span><\/strong> &#8211; Stal-Bud Nawojowa &#8211; Konrad Korona<br \/>\n<strong><span style=\"color: #ff0000;\">ODSZED\u0141<\/span><\/strong> &#8211; Stal-Bud Nawojowa &#8211; Kacper Krerowicz<br \/>\n<strong><span style=\"color: #ff0000;\">ODSZED\u0141<\/span><\/strong> &#8211; Stal-Bud Nawojowa &#8211; Dawid Nie\u0107<br \/>\n<strong><span style=\"color: #339966;\">PRZYSZED\u0141<\/span><\/strong> &#8211; Stal-Bud Nawojowa &#8211; Pawe\u0142 Gromala<br \/>\n<strong><span style=\"color: #339966;\">PRZYSZED\u0141<\/span><\/strong> &#8211; Stal-Bud Nawojowa &#8211; Marcin Gorczowski<br \/>\n<strong><span style=\"color: #339966;\">PRZYSZED\u0141<\/span><\/strong> &#8211; Stal-Bud Nawojowa &#8211;\u00a0 Jakub Janisz<br \/>\n<strong><span style=\"color: #ff0000;\">ODSZED\u0141<\/span> <\/strong>&#8211; S\u0105czersi &#8211; Roman Sobieraj<br \/>\n<strong><span style=\"color: #339966;\">PRZYSZED\u0141<\/span><\/strong> &#8211; S\u0105czersi &#8211; Daniel Orze\u0142<\/p>\n<p><strong>Regulamin Okienka Transferowego.<\/strong><\/p>\n<ul>\n<li>Mo\u017cliwe jest dopisanie 3 zawodnik\u00f3w do listy, maksymalnie do 18 os\u00f3b<\/li>\n<li>Je\u015bli dru\u017cyna posiada pe\u0142n\u0105 list\u0119 18 os\u00f3b, mo\u017cna usun\u0105\u0107 pi\u0142karzy nieaktywnych i w zamian za ich miejsce zakontraktowa\u0107 nowych.<\/li>\n<li>Mo\u017cna zrobi\u0107 3 transfery mi\u0119dzy dru\u017cynami.<\/li>\n<li>Nale\u017cy pami\u0119ta\u0107 by nie przekroczy\u0107 limit zawodnik\u00f3w czynnych.<\/li>\n<li>Mo\u017cna dopisa\u0107, usun\u0105\u0107 lub wymieni\u0107 zawodnika amatora i czynnego, zgodnie z regulaminem<\/li>\n<li><span style=\"color: #993300;\"><strong>Mo\u017cna zrobi\u0107 3 zmiany zawodnik\u00f3w amator\u00f3w, oraz 2 zmiany czynnych.<\/strong><\/span><\/li>\n<li>Ch\u0119\u0107 skorzystania z okienka transferowego, nale\u017cy zg\u0142osi\u0107 tylko i wy\u0142\u0105cznie w formie pisemnej na adres mailowy:\u00a0biuro@lfsportevents.pl lub w razie pyta\u0144 prosimy dzwoni\u0107 na nr tel: 500-758-968<\/li>\n<li>Na stronie www.lfsportevents.pl pojawi\u0142a si\u0119 zak\u0142adka\u00a0<span style=\"color: #993300;\"><strong>OKIENKO TRANSFEROWE<\/strong><\/span>\u00a0gdzie b\u0119d\u0105 podawane informacje o nowych zawodnikach i transferach.<\/li>\n<\/ul>\n","protected":false},"excerpt":{"rendered":"<p>OKIENKO TRANSFEROWE &#8211;\u00a0 OTWARCIE &#8211; 3.12.2021 ZAMKNI\u0118CIE &#8211; 26.12.2021 &nbsp; LISTA TRANSFEROWA: ODSZED\u0141 &#8211; Restauracja Nawojka &#8211; Wojciech Lajdanowicz PRZYSZED\u0141 &#8211;\u00a0 Restauracja Nawojka &#8211; Jakub Czy\u017c PRZYSZED\u0141 &#8211; Your House &#8211; Krystian Pogwizd PRZYSZED\u0141 &#8211; Bruk-Ogr\u00f3d-Nowak &#8211; Mariusz Sromek PRZYSZED\u0141 &#8211; Pabud &#8211; S\u0142awomir Zgrzeblak PRZYSZED\u0141 &#8211; Greenpowerns &#8211; Szymon W\u00f3jcik ODSZED\u0141 &#8211; Sebbet Kostka [&hellip;]<\/p>\n","protected":false},"author":1,"featured_media":0,"parent":0,"menu_order":0,"comment_status":"closed","ping_status":"closed","template":"","meta":[],"_links":{"self":[{"href":"https:\/\/lfsportevents.pl\/ligafutsalu2021\/wp-json\/wp\/v2\/pages\/10964"}],"collection":[{"href":"https:\/\/lfsportevents.pl\/ligafutsalu2021\/wp-json\/wp\/v2\/pages"}],"about":[{"href":"https:\/\/lfsportevents.pl\/ligafutsalu2021\/wp-json\/wp\/v2\/types\/page"}],"author":[{"embeddable":true,"href":"https:\/\/lfsportevents.pl\/ligafutsalu2021\/wp-json\/wp\/v2\/users\/1"}],"replies":[{"embeddable":true,"href":"https:\/\/lfsportevents.pl\/ligafutsalu2021\/wp-json\/wp\/v2\/comments?post=10964"}],"version-history":[{"count":2,"href":"https:\/\/lfsportevents.pl\/ligafutsalu2021\/wp-json\/wp\/v2\/pages\/10964\/revisions"}],"predecessor-version":[{"id":22335,"href":"https:\/\/lfsportevents.pl\/ligafutsalu2021\/wp-json\/wp\/v2\/pages\/10964\/revisions\/22335"}],"wp:attachment":[{"href":"https:\/\/lfsportevents.pl\/ligafutsalu2021\/wp-json\/wp\/v2\/media?parent=10964"}],"curies":[{"name":"wp","href":"https:\/\/api.w.org\/{rel}","templated":true}]}}