{"id":8407,"date":"2017-10-19T21:57:52","date_gmt":"2017-10-19T19:57:52","guid":{"rendered":"https:\/\/lfsportevents.pl\/ligafutsalu2018\/?page_id=8407"},"modified":"2018-11-14T01:17:31","modified_gmt":"2018-11-14T00:17:31","slug":"ranking-wszechczasow","status":"publish","type":"page","link":"https:\/\/lfsportevents.pl\/ligafutsalu2018\/ranking-wszechczasow\/","title":{"rendered":"Ranking wszechczas\u00f3w"},"content":{"rendered":"<header class=\"entry-header\">\n<h1 class=\"entry-title\"><\/h1>\n<\/header>\n<div class=\"entry-content\">\n<div class=\"legenda\">\n<p>Legenda:<\/p>\n<div class=\"item\"><\/div>\n<div class=\"info\">\n<p style=\"text-align: justify;\"><span style=\"color: #993300;\">Ranking wszechczas\u00f3w tworzony jest na podstawie zdobyczy punktowych lidze w ca\u0142ym sezonie we wszystkich sezonach rozegranych przez dan\u0105 dru\u017cyn\u0119. Punktacja jest taka jak w rozgrywkach, (zwyci\u0119stwo 3 pkt, remis 1 pkt i pora\u017cka 0 pkt). Ka\u017cdy mecz jest liczony i punktowany, wi\u0119c ranking odzwierciedla najlepsze dru\u017cyny, kt\u00f3re zdobywaj\u0105 najwi\u0119cej punkt\u00f3w. Ranking uwzgl\u0119dnia tylko mecze ligowe.<\/span><\/p>\n<\/div>\n<\/div>\n<\/div>\n<div class=\"sportspress\"><div class=\"sp-template sp-template-league-table\">\n\t<h4 class=\"sp-table-caption\">Ranking Wszechczas\u00f3w<\/h4><div class=\"sp-table-wrapper\"><table class=\"sp-league-table sp-data-table sp-sortable-table sp-scrollable-table sp-paginated-table\" data-sp-rows=\"50\"><thead><tr><th class=\"data-rank\">Pozycja<\/th><th class=\"data-name\">Klub<\/th><th class=\"data-p\">M<\/th><th class=\"data-pts\">Pkt<\/th><th class=\"data-w\">Z<\/th><th class=\"data-d\">R<\/th><th class=\"data-l\">P<\/th><\/tr><\/thead><tbody><tr class=\"odd sp-row-no-0\"><td class=\"data-rank\" data-label=\"Pozycja\">1<\/td><td class=\"data-name\" data-label=\"Klub\"><a href=\"https:\/\/lfsportevents.pl\/ligafutsalu2018\/team\/q-graf\/\">Tylicz Ski<\/a><\/td><td class=\"data-p\" data-label=\"M\">38<\/td><td class=\"data-pts\" data-label=\"Pkt\">90<\/td><td class=\"data-w\" data-label=\"Z\">29<\/td><td class=\"data-d\" data-label=\"R\">3<\/td><td class=\"data-l\" data-label=\"P\">6<\/td><\/tr><tr class=\"even sp-row-no-1\"><td class=\"data-rank\" data-label=\"Pozycja\">2<\/td><td class=\"data-name\" data-label=\"Klub\"><a href=\"https:\/\/lfsportevents.pl\/ligafutsalu2018\/team\/gold-team\/\">Gold Team\/Meble Lorek<\/a><\/td><td class=\"data-p\" data-label=\"M\">38<\/td><td class=\"data-pts\" data-label=\"Pkt\">74<\/td><td class=\"data-w\" data-label=\"Z\">24<\/td><td class=\"data-d\" data-label=\"R\">2<\/td><td class=\"data-l\" data-label=\"P\">12<\/td><\/tr><tr class=\"odd sp-row-no-2\"><td class=\"data-rank\" data-label=\"Pozycja\">3<\/td><td class=\"data-name\" data-label=\"Klub\"><a href=\"https:\/\/lfsportevents.pl\/ligafutsalu2018\/team\/kamex\/\">Dom Weselny Sylwia<\/a><\/td><td class=\"data-p\" data-label=\"M\">38<\/td><td class=\"data-pts\" data-label=\"Pkt\">73<\/td><td class=\"data-w\" data-label=\"Z\">24<\/td><td class=\"data-d\" data-label=\"R\">1<\/td><td class=\"data-l\" data-label=\"P\">13<\/td><\/tr><tr class=\"even sp-row-no-3\"><td class=\"data-rank\" data-label=\"Pozycja\">4<\/td><td class=\"data-name\" data-label=\"Klub\"><a href=\"https:\/\/lfsportevents.pl\/ligafutsalu2018\/team\/the-reds\/\">The Reds Inter-Jack<\/a><\/td><td class=\"data-p\" data-label=\"M\">38<\/td><td class=\"data-pts\" data-label=\"Pkt\">60<\/td><td class=\"data-w\" data-label=\"Z\">19<\/td><td class=\"data-d\" data-label=\"R\">3<\/td><td class=\"data-l\" data-label=\"P\">16<\/td><\/tr><tr class=\"odd sp-row-no-4\"><td class=\"data-rank\" data-label=\"Pozycja\">5<\/td><td class=\"data-name\" data-label=\"Klub\"><a href=\"https:\/\/lfsportevents.pl\/ligafutsalu2018\/team\/dom-kredytowy-notus\/\">Notus Finanse<\/a><\/td><td class=\"data-p\" data-label=\"M\">38<\/td><td class=\"data-pts\" data-label=\"Pkt\">57<\/td><td class=\"data-w\" data-label=\"Z\">18<\/td><td class=\"data-d\" data-label=\"R\">3<\/td><td class=\"data-l\" data-label=\"P\">17<\/td><\/tr><tr class=\"even sp-row-no-5\"><td class=\"data-rank\" data-label=\"Pozycja\">6<\/td><td class=\"data-name\" data-label=\"Klub\"><a href=\"https:\/\/lfsportevents.pl\/ligafutsalu2018\/team\/wisniowski\/\">Wi\u015bniowski<\/a><\/td><td class=\"data-p\" data-label=\"M\">38<\/td><td class=\"data-pts\" data-label=\"Pkt\">55<\/td><td class=\"data-w\" data-label=\"Z\">18<\/td><td class=\"data-d\" data-label=\"R\">1<\/td><td class=\"data-l\" data-label=\"P\">19<\/td><\/tr><tr class=\"odd sp-row-no-6\"><td class=\"data-rank\" data-label=\"Pozycja\">7<\/td><td class=\"data-name\" data-label=\"Klub\"><a href=\"https:\/\/lfsportevents.pl\/ligafutsalu2018\/team\/baz-pal\/\">Baz Pal<\/a><\/td><td class=\"data-p\" data-label=\"M\">38<\/td><td class=\"data-pts\" data-label=\"Pkt\">55<\/td><td class=\"data-w\" data-label=\"Z\">17<\/td><td class=\"data-d\" data-label=\"R\">4<\/td><td class=\"data-l\" data-label=\"P\">17<\/td><\/tr><tr class=\"even sp-row-no-7\"><td class=\"data-rank\" data-label=\"Pozycja\">8<\/td><td class=\"data-name\" data-label=\"Klub\"><a href=\"https:\/\/lfsportevents.pl\/ligafutsalu2018\/team\/gadzet-team\/\">Gad\u017cet Team<\/a><\/td><td class=\"data-p\" data-label=\"M\">38<\/td><td class=\"data-pts\" data-label=\"Pkt\">53<\/td><td class=\"data-w\" data-label=\"Z\">17<\/td><td class=\"data-d\" data-label=\"R\">2<\/td><td class=\"data-l\" data-label=\"P\">19<\/td><\/tr><tr class=\"odd sp-row-no-8\"><td class=\"data-rank\" data-label=\"Pozycja\">9<\/td><td class=\"data-name\" data-label=\"Klub\"><a href=\"https:\/\/lfsportevents.pl\/ligafutsalu2018\/team\/brzezna\/\">Brzezna<\/a><\/td><td class=\"data-p\" data-label=\"M\">38<\/td><td class=\"data-pts\" data-label=\"Pkt\">53<\/td><td class=\"data-w\" data-label=\"Z\">17<\/td><td class=\"data-d\" data-label=\"R\">2<\/td><td class=\"data-l\" data-label=\"P\">19<\/td><\/tr><tr class=\"even sp-row-no-9\"><td class=\"data-rank\" data-label=\"Pozycja\">10<\/td><td class=\"data-name\" data-label=\"Klub\"><a href=\"https:\/\/lfsportevents.pl\/ligafutsalu2018\/team\/podmuch-palestyna\/\">Ibis Styles N.S.<\/a><\/td><td class=\"data-p\" data-label=\"M\">38<\/td><td class=\"data-pts\" data-label=\"Pkt\">52<\/td><td class=\"data-w\" data-label=\"Z\">17<\/td><td class=\"data-d\" data-label=\"R\">1<\/td><td class=\"data-l\" data-label=\"P\">20<\/td><\/tr><tr class=\"odd sp-row-no-10\"><td class=\"data-rank\" data-label=\"Pozycja\">11<\/td><td class=\"data-name\" data-label=\"Klub\"><a href=\"https:\/\/lfsportevents.pl\/ligafutsalu2018\/team\/sonycarforum\/\">Sony Centre<\/a><\/td><td class=\"data-p\" data-label=\"M\">34<\/td><td class=\"data-pts\" data-label=\"Pkt\">48<\/td><td class=\"data-w\" data-label=\"Z\">14<\/td><td class=\"data-d\" data-label=\"R\">6<\/td><td class=\"data-l\" data-label=\"P\">14<\/td><\/tr><tr class=\"even sp-row-no-11\"><td class=\"data-rank\" data-label=\"Pozycja\">12<\/td><td class=\"data-name\" data-label=\"Klub\"><a href=\"https:\/\/lfsportevents.pl\/ligafutsalu2018\/team\/konspol-holding\/\">Konspol Holding<\/a><\/td><td class=\"data-p\" data-label=\"M\">37<\/td><td class=\"data-pts\" data-label=\"Pkt\">45<\/td><td class=\"data-w\" data-label=\"Z\">14<\/td><td class=\"data-d\" data-label=\"R\">3<\/td><td class=\"data-l\" data-label=\"P\">20<\/td><\/tr><tr class=\"odd sp-row-no-12\"><td class=\"data-rank\" data-label=\"Pozycja\">13<\/td><td class=\"data-name\" data-label=\"Klub\"><a href=\"https:\/\/lfsportevents.pl\/ligafutsalu2018\/team\/dukat-antykwariat\/\">Bruk-Ogr\u00f3d-Nowak<\/a><\/td><td class=\"data-p\" data-label=\"M\">26<\/td><td class=\"data-pts\" data-label=\"Pkt\">44<\/td><td class=\"data-w\" data-label=\"Z\">14<\/td><td class=\"data-d\" data-label=\"R\">2<\/td><td class=\"data-l\" data-label=\"P\">10<\/td><\/tr><tr class=\"even sp-row-no-13\"><td class=\"data-rank\" data-label=\"Pozycja\">14<\/td><td class=\"data-name\" data-label=\"Klub\"><a href=\"https:\/\/lfsportevents.pl\/ligafutsalu2018\/team\/sandecja-old-boys\/\">Sandecja Old Boys<\/a><\/td><td class=\"data-p\" data-label=\"M\">26<\/td><td class=\"data-pts\" data-label=\"Pkt\">44<\/td><td class=\"data-w\" data-label=\"Z\">14<\/td><td class=\"data-d\" data-label=\"R\">2<\/td><td class=\"data-l\" data-label=\"P\">10<\/td><\/tr><tr class=\"odd sp-row-no-14\"><td class=\"data-rank\" data-label=\"Pozycja\">15<\/td><td class=\"data-name\" data-label=\"Klub\"><a href=\"https:\/\/lfsportevents.pl\/ligafutsalu2018\/team\/tradycja-fabryka-okien\/\">Tradycja Fabryka Okien<\/a><\/td><td class=\"data-p\" data-label=\"M\">38<\/td><td class=\"data-pts\" data-label=\"Pkt\">42<\/td><td class=\"data-w\" data-label=\"Z\">13<\/td><td class=\"data-d\" data-label=\"R\">3<\/td><td class=\"data-l\" data-label=\"P\">22<\/td><\/tr><tr class=\"even sp-row-no-15\"><td class=\"data-rank\" data-label=\"Pozycja\">16<\/td><td class=\"data-name\" data-label=\"Klub\"><a href=\"https:\/\/lfsportevents.pl\/ligafutsalu2018\/team\/walczyk-optyk\/\">Walczyk Optyk<\/a><\/td><td class=\"data-p\" data-label=\"M\">26<\/td><td class=\"data-pts\" data-label=\"Pkt\">33<\/td><td class=\"data-w\" data-label=\"Z\">11<\/td><td class=\"data-d\" data-label=\"R\">0<\/td><td class=\"data-l\" data-label=\"P\">15<\/td><\/tr><tr class=\"odd sp-row-no-16\"><td class=\"data-rank\" data-label=\"Pozycja\">17<\/td><td class=\"data-name\" data-label=\"Klub\"><a href=\"https:\/\/lfsportevents.pl\/ligafutsalu2018\/team\/greenpowerns\/\">Greenpowerns<\/a><\/td><td class=\"data-p\" data-label=\"M\">13<\/td><td class=\"data-pts\" data-label=\"Pkt\">31<\/td><td class=\"data-w\" data-label=\"Z\">10<\/td><td class=\"data-d\" data-label=\"R\">1<\/td><td class=\"data-l\" data-label=\"P\">2<\/td><\/tr><tr class=\"even sp-row-no-17\"><td class=\"data-rank\" data-label=\"Pozycja\">18<\/td><td class=\"data-name\" data-label=\"Klub\"><a href=\"https:\/\/lfsportevents.pl\/ligafutsalu2018\/team\/stowarzyszenie-dla-miasta\/\">Stowarzyszenie Dla Miasta<\/a><\/td><td class=\"data-p\" data-label=\"M\">25<\/td><td class=\"data-pts\" data-label=\"Pkt\">29<\/td><td class=\"data-w\" data-label=\"Z\">9<\/td><td class=\"data-d\" data-label=\"R\">2<\/td><td class=\"data-l\" data-label=\"P\">14<\/td><\/tr><tr class=\"odd sp-row-no-18\"><td class=\"data-rank\" data-label=\"Pozycja\">19<\/td><td class=\"data-name\" data-label=\"Klub\"><a href=\"https:\/\/lfsportevents.pl\/ligafutsalu2018\/team\/meble-kocemba-frb-wozniak\/\">Meble Kocemba\/FRB Wo\u017aniak<\/a><\/td><td class=\"data-p\" data-label=\"M\">13<\/td><td class=\"data-pts\" data-label=\"Pkt\">28<\/td><td class=\"data-w\" data-label=\"Z\">8<\/td><td class=\"data-d\" data-label=\"R\">4<\/td><td class=\"data-l\" data-label=\"P\">1<\/td><\/tr><tr class=\"even sp-row-no-19\"><td class=\"data-rank\" data-label=\"Pozycja\">20<\/td><td class=\"data-name\" data-label=\"Klub\"><a href=\"https:\/\/lfsportevents.pl\/ligafutsalu2018\/team\/baz-pal-ii\/\">Baz Pal II<\/a><\/td><td class=\"data-p\" data-label=\"M\">13<\/td><td class=\"data-pts\" data-label=\"Pkt\">22<\/td><td class=\"data-w\" data-label=\"Z\">6<\/td><td class=\"data-d\" data-label=\"R\">4<\/td><td class=\"data-l\" data-label=\"P\">3<\/td><\/tr><tr class=\"odd sp-row-no-20\"><td class=\"data-rank\" data-label=\"Pozycja\">21<\/td><td class=\"data-name\" data-label=\"Klub\"><a href=\"https:\/\/lfsportevents.pl\/ligafutsalu2018\/team\/newag\/\">Newag<\/a><\/td><td class=\"data-p\" data-label=\"M\">13<\/td><td class=\"data-pts\" data-label=\"Pkt\">22<\/td><td class=\"data-w\" data-label=\"Z\">7<\/td><td class=\"data-d\" data-label=\"R\">1<\/td><td class=\"data-l\" data-label=\"P\">5<\/td><\/tr><tr class=\"even sp-row-no-21\"><td class=\"data-rank\" data-label=\"Pozycja\">22<\/td><td class=\"data-name\" data-label=\"Klub\"><a href=\"https:\/\/lfsportevents.pl\/ligafutsalu2018\/team\/gosdrob\/\">Gosdrob<\/a><\/td><td class=\"data-p\" data-label=\"M\">13<\/td><td class=\"data-pts\" data-label=\"Pkt\">21<\/td><td class=\"data-w\" data-label=\"Z\">7<\/td><td class=\"data-d\" data-label=\"R\">0<\/td><td class=\"data-l\" data-label=\"P\">6<\/td><\/tr><tr class=\"odd sp-row-no-22\"><td class=\"data-rank\" data-label=\"Pozycja\">23<\/td><td class=\"data-name\" data-label=\"Klub\"><a href=\"https:\/\/lfsportevents.pl\/ligafutsalu2018\/team\/batimowcy\/\">Batimowcy<\/a><\/td><td class=\"data-p\" data-label=\"M\">25<\/td><td class=\"data-pts\" data-label=\"Pkt\">20<\/td><td class=\"data-w\" data-label=\"Z\">5<\/td><td class=\"data-d\" data-label=\"R\">5<\/td><td class=\"data-l\" data-label=\"P\">15<\/td><\/tr><tr class=\"even sp-row-no-23\"><td class=\"data-rank\" data-label=\"Pozycja\">24<\/td><td class=\"data-name\" data-label=\"Klub\"><a href=\"https:\/\/lfsportevents.pl\/ligafutsalu2018\/team\/zbd\/\">ZBD<\/a><\/td><td class=\"data-p\" data-label=\"M\">13<\/td><td class=\"data-pts\" data-label=\"Pkt\">18<\/td><td class=\"data-w\" data-label=\"Z\">5<\/td><td class=\"data-d\" data-label=\"R\">3<\/td><td class=\"data-l\" data-label=\"P\">5<\/td><\/tr><tr class=\"odd sp-row-no-24\"><td class=\"data-rank\" data-label=\"Pozycja\">25<\/td><td class=\"data-name\" data-label=\"Klub\"><a href=\"https:\/\/lfsportevents.pl\/ligafutsalu2018\/team\/stal-bud-nawojowa\/\">Stal-Bud Nawojowa<\/a><\/td><td class=\"data-p\" data-label=\"M\">13<\/td><td class=\"data-pts\" data-label=\"Pkt\">18<\/td><td class=\"data-w\" data-label=\"Z\">6<\/td><td class=\"data-d\" data-label=\"R\">0<\/td><td class=\"data-l\" data-label=\"P\">7<\/td><\/tr><tr class=\"even sp-row-no-25\"><td class=\"data-rank\" data-label=\"Pozycja\">26<\/td><td class=\"data-name\" data-label=\"Klub\"><a href=\"https:\/\/lfsportevents.pl\/ligafutsalu2018\/team\/instalservice\/\">Instalservice<\/a><\/td><td class=\"data-p\" data-label=\"M\">13<\/td><td class=\"data-pts\" data-label=\"Pkt\">16<\/td><td class=\"data-w\" data-label=\"Z\">5<\/td><td class=\"data-d\" data-label=\"R\">1<\/td><td class=\"data-l\" data-label=\"P\">7<\/td><\/tr><tr class=\"odd sp-row-no-26\"><td class=\"data-rank\" data-label=\"Pozycja\">27<\/td><td class=\"data-name\" data-label=\"Klub\"><a href=\"https:\/\/lfsportevents.pl\/ligafutsalu2018\/team\/wisniowski-ii\/\">Wi\u015bniowski II<\/a><\/td><td class=\"data-p\" data-label=\"M\">12<\/td><td class=\"data-pts\" data-label=\"Pkt\">15<\/td><td class=\"data-w\" data-label=\"Z\">5<\/td><td class=\"data-d\" data-label=\"R\">0<\/td><td class=\"data-l\" data-label=\"P\">7<\/td><\/tr><tr class=\"even sp-row-no-27\"><td class=\"data-rank\" data-label=\"Pozycja\">28<\/td><td class=\"data-name\" data-label=\"Klub\"><a href=\"https:\/\/lfsportevents.pl\/ligafutsalu2018\/team\/casablanca-niskowa\/\">Casablanca Niskowa<\/a><\/td><td class=\"data-p\" data-label=\"M\">13<\/td><td class=\"data-pts\" data-label=\"Pkt\">11<\/td><td class=\"data-w\" data-label=\"Z\">3<\/td><td class=\"data-d\" data-label=\"R\">2<\/td><td class=\"data-l\" data-label=\"P\">8<\/td><\/tr><tr class=\"odd sp-row-no-28\"><td class=\"data-rank\" data-label=\"Pozycja\">29<\/td><td class=\"data-name\" data-label=\"Klub\"><a href=\"https:\/\/lfsportevents.pl\/ligafutsalu2018\/team\/prehybianie\/\">ZSR Prehybianie<\/a><\/td><td class=\"data-p\" data-label=\"M\">13<\/td><td class=\"data-pts\" data-label=\"Pkt\">10<\/td><td class=\"data-w\" data-label=\"Z\">3<\/td><td class=\"data-d\" data-label=\"R\">1<\/td><td class=\"data-l\" data-label=\"P\">9<\/td><\/tr><tr class=\"even sp-row-no-29\"><td class=\"data-rank\" data-label=\"Pozycja\">30<\/td><td class=\"data-name\" data-label=\"Klub\"><a href=\"https:\/\/lfsportevents.pl\/ligafutsalu2018\/team\/akademia-goal\/\">Akademia Goal<\/a><\/td><td class=\"data-p\" data-label=\"M\">13<\/td><td class=\"data-pts\" data-label=\"Pkt\">10<\/td><td class=\"data-w\" data-label=\"Z\">2<\/td><td class=\"data-d\" data-label=\"R\">4<\/td><td class=\"data-l\" data-label=\"P\">7<\/td><\/tr><tr class=\"odd sp-row-no-30\"><td class=\"data-rank\" data-label=\"Pozycja\">31<\/td><td class=\"data-name\" data-label=\"Klub\"><a href=\"https:\/\/lfsportevents.pl\/ligafutsalu2018\/team\/el-kag-team\/\">El-Kag Team<\/a><\/td><td class=\"data-p\" data-label=\"M\">13<\/td><td class=\"data-pts\" data-label=\"Pkt\">8<\/td><td class=\"data-w\" data-label=\"Z\">2<\/td><td class=\"data-d\" data-label=\"R\">2<\/td><td class=\"data-l\" data-label=\"P\">9<\/td><\/tr><tr class=\"even sp-row-no-31\"><td class=\"data-rank\" data-label=\"Pozycja\">32<\/td><td class=\"data-name\" data-label=\"Klub\"><a href=\"https:\/\/lfsportevents.pl\/ligafutsalu2018\/team\/trendy-team\/\">Trendy Team<\/a><\/td><td class=\"data-p\" data-label=\"M\">13<\/td><td class=\"data-pts\" data-label=\"Pkt\">6<\/td><td class=\"data-w\" data-label=\"Z\">2<\/td><td class=\"data-d\" data-label=\"R\">0<\/td><td class=\"data-l\" data-label=\"P\">11<\/td><\/tr><\/tbody><\/table><\/div><\/div>\n<\/div>\n","protected":false},"excerpt":{"rendered":"<p>Legenda: Ranking wszechczas\u00f3w tworzony jest na podstawie zdobyczy punktowych lidze w ca\u0142ym sezonie we wszystkich sezonach rozegranych przez dan\u0105 dru\u017cyn\u0119. Punktacja jest taka jak w rozgrywkach, (zwyci\u0119stwo 3 pkt, remis 1 pkt i pora\u017cka 0 pkt). Ka\u017cdy mecz jest liczony i punktowany, wi\u0119c ranking odzwierciedla najlepsze dru\u017cyny, kt\u00f3re zdobywaj\u0105 najwi\u0119cej punkt\u00f3w. Ranking uwzgl\u0119dnia tylko mecze [&hellip;]<\/p>\n","protected":false},"author":1,"featured_media":0,"parent":0,"menu_order":0,"comment_status":"closed","ping_status":"closed","template":"","meta":{"footnotes":""},"_links":{"self":[{"href":"https:\/\/lfsportevents.pl\/ligafutsalu2018\/wp-json\/wp\/v2\/pages\/8407"}],"collection":[{"href":"https:\/\/lfsportevents.pl\/ligafutsalu2018\/wp-json\/wp\/v2\/pages"}],"about":[{"href":"https:\/\/lfsportevents.pl\/ligafutsalu2018\/wp-json\/wp\/v2\/types\/page"}],"author":[{"embeddable":true,"href":"https:\/\/lfsportevents.pl\/ligafutsalu2018\/wp-json\/wp\/v2\/users\/1"}],"replies":[{"embeddable":true,"href":"https:\/\/lfsportevents.pl\/ligafutsalu2018\/wp-json\/wp\/v2\/comments?post=8407"}],"version-history":[{"count":2,"href":"https:\/\/lfsportevents.pl\/ligafutsalu2018\/wp-json\/wp\/v2\/pages\/8407\/revisions"}],"predecessor-version":[{"id":14957,"href":"https:\/\/lfsportevents.pl\/ligafutsalu2018\/wp-json\/wp\/v2\/pages\/8407\/revisions\/14957"}],"wp:attachment":[{"href":"https:\/\/lfsportevents.pl\/ligafutsalu2018\/wp-json\/wp\/v2\/media?parent=8407"}],"curies":[{"name":"wp","href":"https:\/\/api.w.org\/{rel}","templated":true}]}}