{"id":8248,"date":"2017-09-20T10:53:24","date_gmt":"2017-09-20T08:53:24","guid":{"rendered":"https:\/\/lfsportevents.pl\/ligafutsalu2018\/?page_id=8248"},"modified":"2019-10-01T23:33:23","modified_gmt":"2019-10-01T21:33:23","slug":"medalisci","status":"publish","type":"page","link":"https:\/\/lfsportevents.pl\/ligafutsalu2018\/medalisci\/","title":{"rendered":"Medali\u015bci"},"content":{"rendered":"<h2>Medali\u015bci Ligi Futsalu<\/h2>\n<table width=\"747\">\n<tbody>\n<tr>\n<td width=\"174\">\n<p style=\"text-align: center;\"><strong><span style=\"color: #993300;\">NAZWA LIGI<\/span><\/strong><\/p>\n<\/td>\n<td style=\"text-align: center;\" width=\"144\"><span style=\"color: #993300;\"><strong>SEZON<\/strong><\/span><\/p>\n<h5 style=\"text-align: center;\"><\/h5>\n<\/td>\n<td style=\"text-align: center;\" width=\"143\"><span style=\"color: #993300;\"><strong>Z\u0141OTY<\/strong><strong><img loading=\"lazy\" decoding=\"async\" class=\"wp-image-5187 aligncenter\" src=\"https:\/\/lfsportevents.pl\/ligaorlika\/wp-content\/uploads\/2017\/03\/z\u0142oty.jpg\" alt=\"\" width=\"25\" height=\"26\" \/><\/strong><\/span><\/td>\n<td style=\"text-align: center;\" width=\"144\"><span style=\"color: #993300;\"><strong>SREBRNY <\/strong><strong><br \/>\n<img loading=\"lazy\" decoding=\"async\" class=\"wp-image-5188 aligncenter\" src=\"https:\/\/lfsportevents.pl\/ligaorlika\/wp-content\/uploads\/2017\/03\/srebnry.jpg\" alt=\"\" width=\"26\" height=\"26\" \/><\/strong><\/span><\/td>\n<td width=\"142\">\n<p style=\"text-align: center;\"><span style=\"color: #993300;\"><strong>BR\u0104ZOWY <\/strong><strong><br \/>\n<img loading=\"lazy\" decoding=\"async\" class=\" wp-image-5189 aligncenter\" src=\"https:\/\/lfsportevents.pl\/ligaorlika\/wp-content\/uploads\/2017\/03\/br\u0105z.jpg\" alt=\"\" width=\"25\" height=\"25\" \/><\/strong><\/span><\/p>\n<\/td>\n<\/tr>\n<tr>\n<td width=\"174\"><span style=\"color: #993300;\"><b>NOWOS\u0104DECKA LIGA FUTSALU<\/b><strong>\u00a0<\/strong><\/span><\/td>\n<td width=\"144\"><strong><span style=\"color: #993300;\">2016\/17<\/span><\/strong><\/td>\n<td width=\"143\"><b>Q-GRAF<\/b><\/td>\n<td width=\"144\"><strong> GOLD TEAM <\/strong><\/td>\n<td width=\"142\"><strong> KAMEX <\/strong><\/td>\n<\/tr>\n<tr>\n<td width=\"174\"><span style=\"color: #993300;\"><strong>NOWOS\u0104DECKA LIGA FUTSALU<\/strong><\/span><\/td>\n<td width=\"144\"><span style=\"color: #993300;\"><strong>2017\/18<\/strong><\/span><\/td>\n<td width=\"143\"><b>Q-GRAF<\/b><\/td>\n<td width=\"144\"><b>GOLD TEAM<\/b><\/td>\n<td width=\"142\"><b>SANDECJA OLD BOYS<\/b><\/td>\n<\/tr>\n<tr>\n<td width=\"174\"><span style=\"color: #993300;\"><b>EL-KAG LIGA FUTSALU<\/b><\/span><\/td>\n<td width=\"144\"><strong><span style=\"color: #993300;\">2018\/19<\/span><\/strong><\/td>\n<td width=\"143\"><b>TYLICZ.SKI<\/b><\/td>\n<td width=\"144\"><strong> DOM WESELNY SYLWIA<\/strong><\/td>\n<td width=\"142\"><strong> SANDECJA OLD BOYS<\/strong><\/td>\n<\/tr>\n<\/tbody>\n<\/table>\n<h2>Medali\u015bci Pucharu Ligi<\/h2>\n<table width=\"747\">\n<tbody>\n<tr>\n<td width=\"174\">\n<p style=\"text-align: center;\"><strong><span style=\"color: #993300;\">NAZWA LIGI<\/span><\/strong><\/p>\n<\/td>\n<td style=\"text-align: center;\" width=\"144\"><span style=\"color: #993300;\"><strong>SEZON<\/strong><\/span><\/p>\n<h5 style=\"text-align: center;\"><\/h5>\n<\/td>\n<td style=\"text-align: center;\" width=\"143\"><span style=\"color: #993300;\"><strong>Z\u0141OTY<\/strong><strong><img loading=\"lazy\" decoding=\"async\" class=\"wp-image-5187 aligncenter\" src=\"https:\/\/lfsportevents.pl\/ligaorlika\/wp-content\/uploads\/2017\/03\/z\u0142oty.jpg\" alt=\"\" width=\"25\" height=\"26\" \/><\/strong><\/span><\/td>\n<td style=\"text-align: center;\" width=\"144\"><span style=\"color: #993300;\"><strong>SREBRNY <\/strong><strong><br \/>\n<img loading=\"lazy\" decoding=\"async\" class=\"wp-image-5188 aligncenter\" src=\"https:\/\/lfsportevents.pl\/ligaorlika\/wp-content\/uploads\/2017\/03\/srebnry.jpg\" alt=\"\" width=\"26\" height=\"26\" \/><\/strong><\/span><\/td>\n<\/tr>\n<tr>\n<td width=\"174\"><strong><span style=\"color: #993300;\">PUCHAR LIGI<\/span><\/strong><\/td>\n<td width=\"144\"><strong><span style=\"color: #993300;\">2017\/18<\/span><\/strong><\/td>\n<td width=\"143\"><b>WI\u015aNIOWSKI<\/b><\/td>\n<td width=\"144\"><b>GOLD TEAM\/MEBLE LOREK<\/b><\/td>\n<\/tr>\n<tr>\n<td width=\"174\"><strong><span style=\"color: #993300;\">PUCHAR LIGI<\/span><\/strong><\/td>\n<td width=\"144\"><strong><span style=\"color: #993300;\">2018\/19<\/span><\/strong><\/td>\n<td width=\"143\"><b>GOLD TEAM\/MEBLE LOREK<\/b><\/td>\n<td width=\"144\"><strong>NOTUS FINANSE<\/strong><\/td>\n<\/tr>\n<\/tbody>\n<\/table>\n<h2>Medali\u015bci SuperPucharu Ligi<\/h2>\n<table width=\"747\">\n<tbody>\n<tr>\n<td width=\"174\">\n<p style=\"text-align: center;\"><strong><span style=\"color: #993300;\">NAZWA LIGI<\/span><\/strong><\/p>\n<\/td>\n<td style=\"text-align: center;\" width=\"144\"><span style=\"color: #993300;\"><strong>SEZON<\/strong><\/span><\/p>\n<h5 style=\"text-align: center;\"><\/h5>\n<\/td>\n<td style=\"text-align: center;\" width=\"143\"><span style=\"color: #993300;\"><strong>Z\u0141OTY<\/strong><strong><img loading=\"lazy\" decoding=\"async\" class=\"wp-image-5187 aligncenter\" src=\"https:\/\/lfsportevents.pl\/ligaorlika\/wp-content\/uploads\/2017\/03\/z\u0142oty.jpg\" alt=\"\" width=\"25\" height=\"26\" \/><\/strong><\/span><\/td>\n<td style=\"text-align: center;\" width=\"144\"><span style=\"color: #993300;\"><strong>SREBRNY <\/strong><strong><br \/>\n<img loading=\"lazy\" decoding=\"async\" class=\"wp-image-5188 aligncenter\" src=\"https:\/\/lfsportevents.pl\/ligaorlika\/wp-content\/uploads\/2017\/03\/srebnry.jpg\" alt=\"\" width=\"26\" height=\"26\" \/><\/strong><\/span><\/td>\n<\/tr>\n<tr>\n<td width=\"174\"><strong><span style=\"color: #993300;\">SUPERPUCHAR LIGI<\/span><\/strong><\/td>\n<td width=\"144\"><strong><span style=\"color: #993300;\">2018\/19<\/span><\/strong><\/td>\n<td width=\"143\"><strong>TYLICZ SKI\u00a0<\/strong><\/td>\n<td width=\"144\"><strong>WI\u015aNIOWSKI<\/strong><\/td>\n<\/tr>\n<\/tbody>\n<\/table>\n","protected":false},"excerpt":{"rendered":"<p>Medali\u015bci Ligi Futsalu NAZWA LIGI SEZON Z\u0141OTY SREBRNY BR\u0104ZOWY NOWOS\u0104DECKA LIGA FUTSALU\u00a0 2016\/17 Q-GRAF GOLD TEAM KAMEX NOWOS\u0104DECKA LIGA FUTSALU 2017\/18 Q-GRAF GOLD TEAM SANDECJA OLD BOYS EL-KAG LIGA FUTSALU 2018\/19 TYLICZ.SKI DOM WESELNY SYLWIA SANDECJA OLD BOYS Medali\u015bci Pucharu Ligi NAZWA LIGI SEZON Z\u0141OTY SREBRNY PUCHAR LIGI 2017\/18 WI\u015aNIOWSKI GOLD TEAM\/MEBLE LOREK PUCHAR LIGI [&hellip;]<\/p>\n","protected":false},"author":1,"featured_media":0,"parent":0,"menu_order":0,"comment_status":"closed","ping_status":"closed","template":"","meta":{"footnotes":""},"_links":{"self":[{"href":"https:\/\/lfsportevents.pl\/ligafutsalu2018\/wp-json\/wp\/v2\/pages\/8248"}],"collection":[{"href":"https:\/\/lfsportevents.pl\/ligafutsalu2018\/wp-json\/wp\/v2\/pages"}],"about":[{"href":"https:\/\/lfsportevents.pl\/ligafutsalu2018\/wp-json\/wp\/v2\/types\/page"}],"author":[{"embeddable":true,"href":"https:\/\/lfsportevents.pl\/ligafutsalu2018\/wp-json\/wp\/v2\/users\/1"}],"replies":[{"embeddable":true,"href":"https:\/\/lfsportevents.pl\/ligafutsalu2018\/wp-json\/wp\/v2\/comments?post=8248"}],"version-history":[{"count":2,"href":"https:\/\/lfsportevents.pl\/ligafutsalu2018\/wp-json\/wp\/v2\/pages\/8248\/revisions"}],"predecessor-version":[{"id":16911,"href":"https:\/\/lfsportevents.pl\/ligafutsalu2018\/wp-json\/wp\/v2\/pages\/8248\/revisions\/16911"}],"wp:attachment":[{"href":"https:\/\/lfsportevents.pl\/ligafutsalu2018\/wp-json\/wp\/v2\/media?parent=8248"}],"curies":[{"name":"wp","href":"https:\/\/api.w.org\/{rel}","templated":true}]}}