{"id":8174,"date":"2017-09-20T10:07:10","date_gmt":"2017-09-20T08:07:10","guid":{"rendered":"https:\/\/lfsportevents.pl\/ligafutsalu2018\/?page_id=8174"},"modified":"2019-03-21T12:28:53","modified_gmt":"2019-03-21T11:28:53","slug":"galeria","status":"publish","type":"page","link":"https:\/\/lfsportevents.pl\/ligafutsalu2018\/puchar-ligi\/galeria\/","title":{"rendered":"Galeria"},"content":{"rendered":"<h2><span style=\"color: #993300;\"><a style=\"color: #993300;\" href=\"https:\/\/www.facebook.com\/pg\/lfsportevents\/photos\/?tab=album&amp;album_id=2166606236725009\" target=\"_blank\" rel=\"noopener\">PUCHAR LIGI \u2013 1 RUNDA (28,29 listopad 2018)<\/a><\/span><\/h2>\n<h2><span style=\"color: #993300;\"><a style=\"color: #993300;\" href=\"https:\/\/www.facebook.com\/pg\/lfsportevents\/photos\/?tab=album&amp;album_id=2216737988378500\" target=\"_blank\" rel=\"noopener\">PUCHAR LIGI \u2013 2 RUNDA (2,3 stycze\u0144 2019)<\/a><\/span><\/h2>\n<h2><a href=\"https:\/\/www.facebook.com\/pg\/lfsportevents\/photos\/?tab=album&amp;album_id=2247818181937147&amp;__xts__%5B0%5D=68.ARDl5vkoM140I4UZnhIhV1VQYbhVQx8gawr3IzLOW6Bk7Dz71UWYEBS0fkLe5PLsMVeurpDz3bTx9Td0fSirGhH2FydNazDLYuzdc8KBGRNqN1TIewlFCNsUQtir_g_O3mSMNAZxK3WE3ycERSt6Rg59eYqfeL55qVsRNvVtNt3KcZ3Pe0G9hkeudPGXe0XM0rqjEmKHmqJDbLRCZktZpj3zCbWc0vj6ppssg2_UPrYLKBu4ShUdfH4UGP6LEh5tW2xcSzi7POdSA2RBHkJiDyr419kQ9rt81chWGLu4H0FrI8TdZmbBhBx8sJsutlbvpYbBfFVjdyzBuFw5n9i_W4T12w738Cgg8Z3LfNFIRIojCvD7bea5e-A4yak-a6HUS6-YxrdcO3C6h05-BZFYo9MAOhYLITuoWUAq80262ZedDTNLxEFOeFKzMBiL7hfb3_uPg9qNCXFcLOcuaIbhxTnZGA&amp;__tn__=-UC-R\" target=\"_blank\" rel=\"noopener\"><span style=\"color: #993300;\">PUCHAR LIGI \u2013 3 RUNDA (23,24 stycze\u0144 2019)<\/span><\/a><\/h2>\n<h2><a href=\"https:\/\/www.facebook.com\/pg\/lfsportevents\/photos\/?tab=album&amp;album_id=2278816482170650\" target=\"_blank\" rel=\"noopener\"><span style=\"color: #993300;\">PUCHAR LIGI \u2013 \u0107wier\u0107fina\u0142y (9,10 luty 2019)<\/span><\/a><\/h2>\n<h2><a href=\"https:\/\/www.facebook.com\/pg\/lfsportevents\/photos\/?tab=album&amp;album_id=2280655351986763\" target=\"_blank\" rel=\"noopener\"><span style=\"color: #993300;\">PUCHAR LIGI \u2013 p\u00f3\u0142fina\u0142y (12,14 luty 2019)<\/span><\/a><\/h2>\n","protected":false},"excerpt":{"rendered":"<p>PUCHAR LIGI \u2013 1 RUNDA (28,29 listopad 2018) PUCHAR LIGI \u2013 2 RUNDA (2,3 stycze\u0144 2019) PUCHAR LIGI \u2013 3 RUNDA (23,24 stycze\u0144 2019) PUCHAR LIGI \u2013 \u0107wier\u0107fina\u0142y (9,10 luty 2019) PUCHAR LIGI \u2013 p\u00f3\u0142fina\u0142y (12,14 luty 2019)<\/p>\n","protected":false},"author":1,"featured_media":0,"parent":219,"menu_order":0,"comment_status":"closed","ping_status":"closed","template":"","meta":{"footnotes":""},"_links":{"self":[{"href":"https:\/\/lfsportevents.pl\/ligafutsalu2018\/wp-json\/wp\/v2\/pages\/8174"}],"collection":[{"href":"https:\/\/lfsportevents.pl\/ligafutsalu2018\/wp-json\/wp\/v2\/pages"}],"about":[{"href":"https:\/\/lfsportevents.pl\/ligafutsalu2018\/wp-json\/wp\/v2\/types\/page"}],"author":[{"embeddable":true,"href":"https:\/\/lfsportevents.pl\/ligafutsalu2018\/wp-json\/wp\/v2\/users\/1"}],"replies":[{"embeddable":true,"href":"https:\/\/lfsportevents.pl\/ligafutsalu2018\/wp-json\/wp\/v2\/comments?post=8174"}],"version-history":[{"count":3,"href":"https:\/\/lfsportevents.pl\/ligafutsalu2018\/wp-json\/wp\/v2\/pages\/8174\/revisions"}],"predecessor-version":[{"id":16869,"href":"https:\/\/lfsportevents.pl\/ligafutsalu2018\/wp-json\/wp\/v2\/pages\/8174\/revisions\/16869"}],"up":[{"embeddable":true,"href":"https:\/\/lfsportevents.pl\/ligafutsalu2018\/wp-json\/wp\/v2\/pages\/219"}],"wp:attachment":[{"href":"https:\/\/lfsportevents.pl\/ligafutsalu2018\/wp-json\/wp\/v2\/media?parent=8174"}],"curies":[{"name":"wp","href":"https:\/\/api.w.org\/{rel}","templated":true}]}}