{"id":8156,"date":"2017-09-20T10:04:09","date_gmt":"2017-09-20T08:04:09","guid":{"rendered":"https:\/\/lfsportevents.pl\/ligafutsalu2018\/?page_id=8156"},"modified":"2019-03-20T09:23:00","modified_gmt":"2019-03-20T08:23:00","slug":"tabela","status":"publish","type":"page","link":"https:\/\/lfsportevents.pl\/ligafutsalu2018\/ekstraklasa\/tabela\/","title":{"rendered":"Tabela"},"content":{"rendered":"<div class=\"legenda\">\n<p>Legenda:<\/p>\n<div class=\"item\"><b>M<\/b> = Mecze Rozegrane<\/div>\n<div class=\"item\"><b> Pkt<\/b> = Punkty<\/div>\n<div class=\"item\"><b> Z<\/b> = Zwyci\u0119stwa<\/div>\n<div class=\"item\"><b> R<\/b> = Remisy<\/div>\n<div class=\"item\"><b> P<\/b> = Pora\u017cki<\/div>\n<div class=\"item\"><b> BZ<\/b> = Bramki zdobyte<\/div>\n<div class=\"item\"><b> BS<\/b> = Bramki stracone<\/div>\n<div class=\"item\"><b> +\/-<\/b> = R\u00f3\u017cnica bramek<\/div>\n<div class=\"item\"><span style=\"color: #00ccff;\"><strong>Miejsca 1-5<\/strong> (grupa mistrzowska)<\/span><\/div>\n<div class=\"item\"><span style=\"color: #ff99cc;\"><strong>Miejsca 6-10<\/strong> (grupa spadkowa)<\/span><\/div>\n<div class=\"item\"><span style=\"color: #b0769b;\"><strong>Miejsce 8<\/strong> (bara\u017c z 3 dru\u017cn\u0105 I Ligi, o pozostanie w Ekstraklasie)<\/span><\/div>\n<div class=\"item\"><span style=\"color: #ff0000;\"><strong>Miejsca 9-10<\/strong> (bezpo\u015bredni spadek do I Ligi)<\/span><\/div>\n<\/div>\n<h2>TABELA PO 1 RUNDZIE<\/h2>\n<p><img loading=\"lazy\" decoding=\"async\" class=\"alignnone size-full wp-image-16386\" src=\"https:\/\/lfsportevents.pl\/ligafutsalu2018\/wp-content\/uploads\/2019\/01\/Tabela_\u2013-Ekstraklasa.png\" alt=\"\" width=\"855\" height=\"485\" srcset=\"https:\/\/lfsportevents.pl\/ligafutsalu2018\/wp-content\/uploads\/2019\/01\/Tabela_\u2013-Ekstraklasa.png 855w, https:\/\/lfsportevents.pl\/ligafutsalu2018\/wp-content\/uploads\/2019\/01\/Tabela_\u2013-Ekstraklasa-300x170.png 300w, https:\/\/lfsportevents.pl\/ligafutsalu2018\/wp-content\/uploads\/2019\/01\/Tabela_\u2013-Ekstraklasa-768x436.png 768w, https:\/\/lfsportevents.pl\/ligafutsalu2018\/wp-content\/uploads\/2019\/01\/Tabela_\u2013-Ekstraklasa-128x73.png 128w, https:\/\/lfsportevents.pl\/ligafutsalu2018\/wp-content\/uploads\/2019\/01\/Tabela_\u2013-Ekstraklasa-32x18.png 32w, https:\/\/lfsportevents.pl\/ligafutsalu2018\/wp-content\/uploads\/2019\/01\/Tabela_\u2013-Ekstraklasa-550x312.png 550w\" sizes=\"(max-width: 855px) 100vw, 855px\" \/><\/p>\n<h2>TABELA 2 RUNDY Z PODZIA\u0141EM NA GRUPY<\/h2>\n<div class=\"sportspress\"><div class=\"sp-template sp-template-league-table\">\n\t<h4 class=\"sp-table-caption\">Ekstraklasa - Grupa Mistrzowska<\/h4><div class=\"sp-table-wrapper\"><table class=\"sp-league-table sp-data-table sp-sortable-table sp-scrollable-table sp-paginated-table\" data-sp-rows=\"16\"><thead><tr><th class=\"data-rank\">Pozycja<\/th><th class=\"data-name\">Klub<\/th><th class=\"data-p\">M<\/th><th class=\"data-pts\">Pkt<\/th><th class=\"data-w\">Z<\/th><th class=\"data-d\">R<\/th><th class=\"data-l\">P<\/th><th class=\"data-f\">BZ<\/th><th class=\"data-a\">BS<\/th><th class=\"data-gd\">+\/-<\/th><\/tr><\/thead><tbody><tr class=\"odd sp-row-no-0\"><td class=\"data-rank\" data-label=\"Pozycja\">1<\/td><td class=\"data-name\" data-label=\"Klub\"><a href=\"https:\/\/lfsportevents.pl\/ligafutsalu2018\/team\/q-graf\/\">Tylicz Ski<\/a><\/td><td class=\"data-p\" data-label=\"M\">13<\/td><td class=\"data-pts\" data-label=\"Pkt\">31<\/td><td class=\"data-w\" data-label=\"Z\">10<\/td><td class=\"data-d\" data-label=\"R\">1<\/td><td class=\"data-l\" data-label=\"P\">2<\/td><td class=\"data-f\" data-label=\"BZ\">74<\/td><td class=\"data-a\" data-label=\"BS\">41<\/td><td class=\"data-gd\" data-label=\"+\/-\">33<\/td><\/tr><tr class=\"even sp-row-no-1\"><td class=\"data-rank\" data-label=\"Pozycja\">2<\/td><td class=\"data-name\" data-label=\"Klub\"><a href=\"https:\/\/lfsportevents.pl\/ligafutsalu2018\/team\/kamex\/\">Dom Weselny Sylwia<\/a><\/td><td class=\"data-p\" data-label=\"M\">13<\/td><td class=\"data-pts\" data-label=\"Pkt\">25<\/td><td class=\"data-w\" data-label=\"Z\">8<\/td><td class=\"data-d\" data-label=\"R\">1<\/td><td class=\"data-l\" data-label=\"P\">4<\/td><td class=\"data-f\" data-label=\"BZ\">51<\/td><td class=\"data-a\" data-label=\"BS\">34<\/td><td class=\"data-gd\" data-label=\"+\/-\">17<\/td><\/tr><tr class=\"odd sp-row-no-2\"><td class=\"data-rank\" data-label=\"Pozycja\">3<\/td><td class=\"data-name\" data-label=\"Klub\"><a href=\"https:\/\/lfsportevents.pl\/ligafutsalu2018\/team\/sandecja-old-boys\/\">Sandecja Old Boys<\/a><\/td><td class=\"data-p\" data-label=\"M\">13<\/td><td class=\"data-pts\" data-label=\"Pkt\">22<\/td><td class=\"data-w\" data-label=\"Z\">7<\/td><td class=\"data-d\" data-label=\"R\">1<\/td><td class=\"data-l\" data-label=\"P\">5<\/td><td class=\"data-f\" data-label=\"BZ\">64<\/td><td class=\"data-a\" data-label=\"BS\">48<\/td><td class=\"data-gd\" data-label=\"+\/-\">16<\/td><\/tr><tr class=\"even sp-row-no-3\"><td class=\"data-rank\" data-label=\"Pozycja\">4<\/td><td class=\"data-name\" data-label=\"Klub\"><a href=\"https:\/\/lfsportevents.pl\/ligafutsalu2018\/team\/gold-team\/\">Gold Team\/Meble Lorek<\/a><\/td><td class=\"data-p\" data-label=\"M\">13<\/td><td class=\"data-pts\" data-label=\"Pkt\">22<\/td><td class=\"data-w\" data-label=\"Z\">7<\/td><td class=\"data-d\" data-label=\"R\">1<\/td><td class=\"data-l\" data-label=\"P\">5<\/td><td class=\"data-f\" data-label=\"BZ\">45<\/td><td class=\"data-a\" data-label=\"BS\">34<\/td><td class=\"data-gd\" data-label=\"+\/-\">11<\/td><\/tr><tr class=\"odd sp-row-no-4\"><td class=\"data-rank\" data-label=\"Pozycja\">5<\/td><td class=\"data-name\" data-label=\"Klub\"><a href=\"https:\/\/lfsportevents.pl\/ligafutsalu2018\/team\/the-reds\/\">The Reds Inter-Jack<\/a><\/td><td class=\"data-p\" data-label=\"M\">13<\/td><td class=\"data-pts\" data-label=\"Pkt\">21<\/td><td class=\"data-w\" data-label=\"Z\">7<\/td><td class=\"data-d\" data-label=\"R\">0<\/td><td class=\"data-l\" data-label=\"P\">6<\/td><td class=\"data-f\" data-label=\"BZ\">45<\/td><td class=\"data-a\" data-label=\"BS\">42<\/td><td class=\"data-gd\" data-label=\"+\/-\">3<\/td><\/tr><\/tbody><\/table><\/div><\/div>\n<\/div>\n<div class=\"sportspress\"><div class=\"sp-template sp-template-league-table\">\n\t<h4 class=\"sp-table-caption\">Ekstraklasa - Grupa Spadkowa<\/h4><div class=\"sp-table-wrapper\"><table class=\"sp-league-table sp-data-table sp-sortable-table sp-scrollable-table sp-paginated-table\" data-sp-rows=\"16\"><thead><tr><th class=\"data-rank\">Pozycja<\/th><th class=\"data-name\">Klub<\/th><th class=\"data-p\">M<\/th><th class=\"data-pts\">Pkt<\/th><th class=\"data-w\">Z<\/th><th class=\"data-d\">R<\/th><th class=\"data-l\">P<\/th><th class=\"data-f\">BZ<\/th><th class=\"data-a\">BS<\/th><th class=\"data-gd\">+\/-<\/th><\/tr><\/thead><tbody><tr class=\"odd sp-row-no-0\"><td class=\"data-rank\" data-label=\"Pozycja\">1<\/td><td class=\"data-name\" data-label=\"Klub\"><a href=\"https:\/\/lfsportevents.pl\/ligafutsalu2018\/team\/dom-kredytowy-notus\/\">Notus Finanse<\/a><\/td><td class=\"data-p\" data-label=\"M\">13<\/td><td class=\"data-pts\" data-label=\"Pkt\">21<\/td><td class=\"data-w\" data-label=\"Z\">7<\/td><td class=\"data-d\" data-label=\"R\">0<\/td><td class=\"data-l\" data-label=\"P\">6<\/td><td class=\"data-f\" data-label=\"BZ\">48<\/td><td class=\"data-a\" data-label=\"BS\">34<\/td><td class=\"data-gd\" data-label=\"+\/-\">14<\/td><\/tr><tr class=\"even sp-row-no-1\"><td class=\"data-rank\" data-label=\"Pozycja\">2<\/td><td class=\"data-name\" data-label=\"Klub\"><a href=\"https:\/\/lfsportevents.pl\/ligafutsalu2018\/team\/wisniowski\/\">Wi\u015bniowski<\/a><\/td><td class=\"data-p\" data-label=\"M\">13<\/td><td class=\"data-pts\" data-label=\"Pkt\">18<\/td><td class=\"data-w\" data-label=\"Z\">6<\/td><td class=\"data-d\" data-label=\"R\">0<\/td><td class=\"data-l\" data-label=\"P\">7<\/td><td class=\"data-f\" data-label=\"BZ\">57<\/td><td class=\"data-a\" data-label=\"BS\">49<\/td><td class=\"data-gd\" data-label=\"+\/-\">8<\/td><\/tr><tr class=\"odd sp-row-no-2\"><td class=\"data-rank\" data-label=\"Pozycja\">3<\/td><td class=\"data-name\" data-label=\"Klub\"><a href=\"https:\/\/lfsportevents.pl\/ligafutsalu2018\/team\/baz-pal\/\">Baz Pal<\/a><\/td><td class=\"data-p\" data-label=\"M\">13<\/td><td class=\"data-pts\" data-label=\"Pkt\">12<\/td><td class=\"data-w\" data-label=\"Z\">4<\/td><td class=\"data-d\" data-label=\"R\">0<\/td><td class=\"data-l\" data-label=\"P\">9<\/td><td class=\"data-f\" data-label=\"BZ\">43<\/td><td class=\"data-a\" data-label=\"BS\">57<\/td><td class=\"data-gd\" data-label=\"+\/-\">-14<\/td><\/tr><tr class=\"even sp-row-no-3\"><td class=\"data-rank\" data-label=\"Pozycja\">4<\/td><td class=\"data-name\" data-label=\"Klub\"><a href=\"https:\/\/lfsportevents.pl\/ligafutsalu2018\/team\/brzezna\/\">Brzezna<\/a><\/td><td class=\"data-p\" data-label=\"M\">13<\/td><td class=\"data-pts\" data-label=\"Pkt\">11<\/td><td class=\"data-w\" data-label=\"Z\">4<\/td><td class=\"data-d\" data-label=\"R\">0<\/td><td class=\"data-l\" data-label=\"P\">9<\/td><td class=\"data-f\" data-label=\"BZ\">40<\/td><td class=\"data-a\" data-label=\"BS\">78<\/td><td class=\"data-gd\" data-label=\"+\/-\">-38<\/td><\/tr><tr class=\"odd sp-row-no-4\"><td class=\"data-rank\" data-label=\"Pozycja\">5<\/td><td class=\"data-name\" data-label=\"Klub\"><a href=\"https:\/\/lfsportevents.pl\/ligafutsalu2018\/team\/podmuch-palestyna\/\">Ibis Styles N.S.<\/a><\/td><td class=\"data-p\" data-label=\"M\">13<\/td><td class=\"data-pts\" data-label=\"Pkt\">9<\/td><td class=\"data-w\" data-label=\"Z\">3<\/td><td class=\"data-d\" data-label=\"R\">0<\/td><td class=\"data-l\" data-label=\"P\">10<\/td><td class=\"data-f\" data-label=\"BZ\">40<\/td><td class=\"data-a\" data-label=\"BS\">90<\/td><td class=\"data-gd\" data-label=\"+\/-\">-50<\/td><\/tr><\/tbody><\/table><\/div><\/div>\n<\/div>\n<p>&nbsp;<\/p>\n","protected":false},"excerpt":{"rendered":"<p>Legenda: M = Mecze Rozegrane Pkt = Punkty Z = Zwyci\u0119stwa R = Remisy P = Pora\u017cki BZ = Bramki zdobyte BS = Bramki stracone +\/- = R\u00f3\u017cnica bramek Miejsca 1-5 (grupa mistrzowska) Miejsca 6-10 (grupa spadkowa) Miejsce 8 (bara\u017c z 3 dru\u017cn\u0105 I Ligi, o pozostanie w Ekstraklasie) Miejsca 9-10 (bezpo\u015bredni spadek do I [&hellip;]<\/p>\n","protected":false},"author":1,"featured_media":0,"parent":8132,"menu_order":0,"comment_status":"closed","ping_status":"closed","template":"","meta":{"footnotes":""},"_links":{"self":[{"href":"https:\/\/lfsportevents.pl\/ligafutsalu2018\/wp-json\/wp\/v2\/pages\/8156"}],"collection":[{"href":"https:\/\/lfsportevents.pl\/ligafutsalu2018\/wp-json\/wp\/v2\/pages"}],"about":[{"href":"https:\/\/lfsportevents.pl\/ligafutsalu2018\/wp-json\/wp\/v2\/types\/page"}],"author":[{"embeddable":true,"href":"https:\/\/lfsportevents.pl\/ligafutsalu2018\/wp-json\/wp\/v2\/users\/1"}],"replies":[{"embeddable":true,"href":"https:\/\/lfsportevents.pl\/ligafutsalu2018\/wp-json\/wp\/v2\/comments?post=8156"}],"version-history":[{"count":3,"href":"https:\/\/lfsportevents.pl\/ligafutsalu2018\/wp-json\/wp\/v2\/pages\/8156\/revisions"}],"predecessor-version":[{"id":16793,"href":"https:\/\/lfsportevents.pl\/ligafutsalu2018\/wp-json\/wp\/v2\/pages\/8156\/revisions\/16793"}],"up":[{"embeddable":true,"href":"https:\/\/lfsportevents.pl\/ligafutsalu2018\/wp-json\/wp\/v2\/pages\/8132"}],"wp:attachment":[{"href":"https:\/\/lfsportevents.pl\/ligafutsalu2018\/wp-json\/wp\/v2\/media?parent=8156"}],"curies":[{"name":"wp","href":"https:\/\/api.w.org\/{rel}","templated":true}]}}