{"id":8152,"date":"2017-09-20T10:03:47","date_gmt":"2017-09-20T08:03:47","guid":{"rendered":"https:\/\/lfsportevents.pl\/ligafutsalu2018\/?page_id=8152"},"modified":"2019-03-20T09:39:37","modified_gmt":"2019-03-20T08:39:37","slug":"stat-kolejki","status":"publish","type":"page","link":"https:\/\/lfsportevents.pl\/ligafutsalu2018\/ekstraklasa\/stat-kolejki\/","title":{"rendered":"Stat. kolejki"},"content":{"rendered":"<h1><span style=\"color: #993300;\">I KOLEJKA (8 listopad 2018)<\/span><\/h1>\n<p><strong>Liczba meczy:<\/strong><strong>\u00a0<span style=\"color: #993300;\">5<\/span><\/strong><br \/>\n<strong>Liczba goli:<\/strong><strong>\u00a0<span style=\"color: #993300;\">38<\/span><\/strong><br \/>\n<strong>\u015arednia ilo\u015b\u0107 goli na mecz:<\/strong><strong>\u00a0<span style=\"color: #993300;\">7,6<\/span><\/strong><br \/>\n<strong>Wygrane:<\/strong><strong>\u00a0<span style=\"color: #993300;\">5<\/span><\/strong><br \/>\n<strong>Remisy:<\/strong><strong>\u00a0<span style=\"color: #993300;\">0<\/span><\/strong><br \/>\n<strong>Walkowery:<\/strong><strong>\u00a0<\/strong><span style=\"color: #993300;\"><strong>0<\/strong><\/span><br \/>\n<strong>Najwi\u0119cej goli strzelonych w meczu:<\/strong><strong>\u00a0<span style=\"color: #993300;\">11 goli<\/span>\u00a0(Sandecja Old Boys &#8211; Baz Pal 9:2)\u00a0<\/strong><br \/>\n<strong>Najwy\u017csza wygrana:<\/strong><strong>\u00a0<span style=\"color: #993300;\">9:2<\/span> (Sandecja Old Boys &#8211; Baz Pal)<\/strong><br \/>\n<strong>Ilo\u015b\u0107 \u017c\u00f3\u0142tych kartek:<\/strong><strong>\u00a0<span style=\"color: #993300;\">5<\/span><\/strong><br \/>\n<strong>Ilo\u015b\u0107 czerwonych kartek:<\/strong><strong>\u00a0<span style=\"color: #993300;\">0<\/span><\/strong><\/p>\n<h1><span style=\"color: #993300;\">Ii KOLEJKA (15 listopad 2018)<\/span><\/h1>\n<p><strong>Liczba meczy:<\/strong><strong>\u00a0<span style=\"color: #993300;\">5<\/span><\/strong><br \/>\n<strong>Liczba goli:<\/strong><strong>\u00a0<span style=\"color: #993300;\">45<\/span><\/strong><br \/>\n<strong>\u015arednia ilo\u015b\u0107 goli na mecz:<\/strong><strong>\u00a0<span style=\"color: #993300;\">9,0<\/span><\/strong><br \/>\n<strong>Wygrane:<\/strong><strong>\u00a0<span style=\"color: #993300;\">5<\/span><\/strong><br \/>\n<strong>Remisy:<\/strong><strong>\u00a0<span style=\"color: #993300;\">0<\/span><\/strong><br \/>\n<strong>Walkowery:<\/strong><strong>\u00a0<\/strong><span style=\"color: #993300;\"><strong>0<\/strong><\/span><br \/>\n<strong>Najwi\u0119cej goli strzelonych w meczu:<\/strong><strong>\u00a0<span style=\"color: #993300;\">13 goli<\/span>\u00a0(Brzezna &#8211; Gold Team\/Meble Lorek 3:10)\u00a0<\/strong><br \/>\n<strong>Najwy\u017csza wygrana:<\/strong><strong>\u00a0<span style=\"color: #993300;\">3:10<\/span>\u00a0(Brzezna &#8211; Gold Team\/Meble Lorek)<\/strong><br \/>\n<strong>Ilo\u015b\u0107 \u017c\u00f3\u0142tych kartek:<\/strong><strong>\u00a0<span style=\"color: #993300;\">9<\/span><\/strong><br \/>\n<strong>Ilo\u015b\u0107 czerwonych kartek:<\/strong><strong>\u00a0<span style=\"color: #993300;\">0<\/span><\/strong><\/p>\n<h1><span style=\"color: #993300;\">Iii KOLEJKA (22 listopad 2018)<\/span><\/h1>\n<p><strong>Liczba meczy:<\/strong><strong>\u00a0<span style=\"color: #993300;\">5<\/span><\/strong><br \/>\n<strong>Liczba goli:<\/strong><strong>\u00a0<span style=\"color: #993300;\">45<\/span><\/strong><br \/>\n<strong>\u015arednia ilo\u015b\u0107 goli na mecz:<\/strong><strong>\u00a0<span style=\"color: #993300;\">9,0<\/span><\/strong><br \/>\n<strong>Wygrane:<\/strong><strong>\u00a0<span style=\"color: #993300;\">5<\/span><\/strong><br \/>\n<strong>Remisy:<\/strong><strong>\u00a0<span style=\"color: #993300;\">0<\/span><\/strong><br \/>\n<strong>Walkowery:<\/strong><strong>\u00a0<\/strong><span style=\"color: #993300;\"><strong>0<\/strong><\/span><br \/>\n<strong>Najwi\u0119cej goli strzelonych w meczu:<\/strong><strong>\u00a0<span style=\"color: #993300;\">14 goli<\/span>\u00a0(Brzezna &#8211; Ibis Styles N.S. 8:6)\u00a0<\/strong><br \/>\n<strong>Najwy\u017csza wygrana:<\/strong><strong>\u00a0<span style=\"color: #993300;\">2:5<\/span>\u00a0(Tylicz Ski &#8211; Notus Finanse)<\/strong><br \/>\n<strong>Ilo\u015b\u0107 \u017c\u00f3\u0142tych kartek:<\/strong><strong>\u00a0<span style=\"color: #993300;\">8<\/span><\/strong><br \/>\n<strong>Ilo\u015b\u0107 czerwonych kartek:<\/strong><strong>\u00a0<span style=\"color: #993300;\">0<\/span><\/strong><\/p>\n<h1><span style=\"color: #993300;\">IV KOLEJKA (6 grudzie\u0144 2018)<\/span><\/h1>\n<p><strong>Liczba meczy:<\/strong><strong>\u00a0<span style=\"color: #993300;\">5<\/span><\/strong><br \/>\n<strong>Liczba goli:<\/strong><strong>\u00a0<span style=\"color: #993300;\">39<\/span><\/strong><br \/>\n<strong>\u015arednia ilo\u015b\u0107 goli na mecz:<\/strong><strong>\u00a0<span style=\"color: #993300;\">7,8<\/span><\/strong><br \/>\n<strong>Wygrane:<\/strong><strong>\u00a0<span style=\"color: #993300;\">5<\/span><\/strong><br \/>\n<strong>Remisy:<\/strong><strong>\u00a0<span style=\"color: #993300;\">0<\/span><\/strong><br \/>\n<strong>Walkowery:<\/strong><strong>\u00a0<\/strong><span style=\"color: #993300;\"><strong>0<\/strong><\/span><br \/>\n<strong>Najwi\u0119cej goli strzelonych w meczu:<\/strong><strong>\u00a0<span style=\"color: #993300;\">10 goli<\/span>\u00a0(The Reds Inter-Jack &#8211; Brzezna 7:3), oraz (Dom Weselny Sylwia &#8211; Tylicz Ski 7:3)\u00a0<\/strong><br \/>\n<strong>Najwy\u017csza wygrana:<\/strong><strong>\u00a0<span style=\"color: #993300;\">7:0<\/span>\u00a0(Sandecja Old Boys &#8211; Wi\u015bniowski)<\/strong><br \/>\n<strong>Ilo\u015b\u0107 \u017c\u00f3\u0142tych kartek:<\/strong><strong>\u00a0<span style=\"color: #993300;\">5<\/span><\/strong><br \/>\n<strong>Ilo\u015b\u0107 czerwonych kartek:<\/strong><strong>\u00a0<span style=\"color: #993300;\">0<\/span><\/strong><\/p>\n<h1><span style=\"color: #993300;\">V KOLEJKA (13 grudzie\u0144 2018)<\/span><\/h1>\n<p><strong>Liczba meczy:<\/strong><strong>\u00a0<span style=\"color: #993300;\">5<\/span><\/strong><br \/>\n<strong>Liczba goli:<\/strong><strong>\u00a0<span style=\"color: #993300;\">33<\/span><\/strong><br \/>\n<strong>\u015arednia ilo\u015b\u0107 goli na mecz:<\/strong><strong>\u00a0<span style=\"color: #993300;\">6,6<\/span><\/strong><br \/>\n<strong>Wygrane:<\/strong><strong>\u00a0<span style=\"color: #993300;\">5<\/span><\/strong><br \/>\n<strong>Remisy:<\/strong><strong>\u00a0<span style=\"color: #993300;\">0<\/span><\/strong><br \/>\n<strong>Walkowery:<\/strong><strong>\u00a0<\/strong><span style=\"color: #993300;\"><strong>0<\/strong><\/span><br \/>\n<strong>Najwi\u0119cej goli strzelonych w meczu:<\/strong><strong>\u00a0<span style=\"color: #993300;\">13 goli<\/span>\u00a0(Tylicz Ski &#8211; Ibis Styles N.S. 9:4)\u00a0<\/strong><br \/>\n<strong>Najwy\u017csza wygrana:<\/strong><strong>\u00a0<span style=\"color: #993300;\">9:4<\/span>\u00a0(Tylicz Ski &#8211; Ibis Styles N.S.)<\/strong><br \/>\n<strong>Ilo\u015b\u0107 \u017c\u00f3\u0142tych kartek:<\/strong><strong>\u00a0<span style=\"color: #993300;\">1<\/span><\/strong><br \/>\n<strong>Ilo\u015b\u0107 czerwonych kartek:<\/strong><strong>\u00a0<span style=\"color: #993300;\">0<\/span><\/strong><\/p>\n<h1><span style=\"color: #993300;\">Vi KOLEJKA (20 grudzie\u0144 2018)<\/span><\/h1>\n<p><strong>Liczba meczy:<\/strong><strong>\u00a0<span style=\"color: #993300;\">5<\/span><\/strong><br \/>\n<strong>Liczba goli:<\/strong><strong>\u00a0<span style=\"color: #993300;\">40<\/span><\/strong><br \/>\n<strong>\u015arednia ilo\u015b\u0107 goli na mecz:<\/strong><strong>\u00a0<span style=\"color: #993300;\">8<\/span><\/strong><br \/>\n<strong>Wygrane:<\/strong><strong>\u00a0<span style=\"color: #993300;\">5<\/span><\/strong><br \/>\n<strong>Remisy:<\/strong><strong>\u00a0<span style=\"color: #993300;\">0<\/span><\/strong><br \/>\n<strong>Walkowery:<\/strong><strong>\u00a0<\/strong><span style=\"color: #993300;\"><strong>0<\/strong><\/span><br \/>\n<strong>Najwi\u0119cej goli strzelonych w meczu:<\/strong><strong>\u00a0<span style=\"color: #993300;\">10 goli<\/span>\u00a0(Dom Weselny Sylwia &#8211; Brzezna 8:2)\u00a0<\/strong><br \/>\n<strong>Najwy\u017csza wygrana:<\/strong><strong>\u00a0<span style=\"color: #993300;\">9:0\u00a0<\/span>(Tylicz Ski &#8211; Wi\u015bniowski)<\/strong><br \/>\n<strong>Ilo\u015b\u0107 \u017c\u00f3\u0142tych kartek:<\/strong><strong>\u00a0<span style=\"color: #993300;\">4<\/span><\/strong><br \/>\n<strong>Ilo\u015b\u0107 czerwonych kartek:<\/strong><strong>\u00a0<span style=\"color: #993300;\">0<\/span><\/strong><\/p>\n<h1><span style=\"color: #993300;\">ViI KOLEJKA (10 stycze\u0144 2019)<\/span><\/h1>\n<p><strong>Liczba meczy:<\/strong><strong>\u00a0<span style=\"color: #993300;\">5<\/span><\/strong><br \/>\n<strong>Liczba goli:<\/strong><strong>\u00a0<span style=\"color: #993300;\">31<\/span><\/strong><br \/>\n<strong>\u015arednia ilo\u015b\u0107 goli na mecz:<\/strong><strong>\u00a0<span style=\"color: #993300;\">6,2<\/span><\/strong><br \/>\n<strong>Wygrane:<\/strong><strong>\u00a0<span style=\"color: #993300;\">5<\/span><\/strong><br \/>\n<strong>Remisy:<\/strong><strong>\u00a0<span style=\"color: #993300;\">0<\/span><\/strong><br \/>\n<strong>Walkowery:<\/strong><strong>\u00a0<\/strong><span style=\"color: #993300;\"><strong>0<\/strong><\/span><br \/>\n<strong>Najwi\u0119cej goli strzelonych w meczu:<\/strong><strong>\u00a0<span style=\"color: #993300;\">8 goli<\/span>\u00a0(Notus Finanse &#8211; Sandecja Old Boys 2:6)\u00a0<\/strong><br \/>\n<strong>Najwy\u017csza wygrana:<\/strong><strong>\u00a0<span style=\"color: #993300;\">1:6\u00a0<\/span>(Ibis Styles N.S. &#8211; Gold Team\/Meble Lorek)<\/strong><br \/>\n<strong>Ilo\u015b\u0107 \u017c\u00f3\u0142tych kartek:<\/strong><strong>\u00a0<span style=\"color: #993300;\">5<\/span><\/strong><br \/>\n<strong>Ilo\u015b\u0107 czerwonych kartek:<\/strong><strong>\u00a0<span style=\"color: #993300;\">1<\/span><\/strong><\/p>\n<h1><span style=\"color: #993300;\">ViII KOLEJKA (13 stycze\u0144 2019)<\/span><\/h1>\n<p><strong>Liczba meczy:<\/strong><strong>\u00a0<span style=\"color: #993300;\">5<\/span><\/strong><br \/>\n<strong>Liczba goli:<\/strong><strong>\u00a0<span style=\"color: #993300;\">35<\/span><\/strong><br \/>\n<strong>\u015arednia ilo\u015b\u0107 goli na mecz:<\/strong><strong>\u00a0<span style=\"color: #993300;\">7<\/span><\/strong><br \/>\n<strong>Wygrane:<\/strong><strong>\u00a0<span style=\"color: #993300;\">5<\/span><\/strong><br \/>\n<strong>Remisy:<\/strong><strong>\u00a0<span style=\"color: #993300;\">0<\/span><\/strong><br \/>\n<strong>Walkowery:<\/strong><strong>\u00a0<\/strong><span style=\"color: #993300;\"><strong>0<\/strong><\/span><br \/>\n<strong>Najwi\u0119cej goli strzelonych w meczu:<\/strong><strong>\u00a0<span style=\"color: #993300;\">12 goli<\/span>\u00a0(Tylicz Ski &#8211; Sandecja Old Boys 8:4)\u00a0<\/strong><br \/>\n<strong>Najwy\u017csza wygrana:<\/strong><strong>\u00a0<span style=\"color: #993300;\">7:2\u00a0<\/span>(Wi\u015bniowski &#8211; Ibis Styles N.S.)<\/strong><br \/>\n<strong>Ilo\u015b\u0107 \u017c\u00f3\u0142tych kartek:<\/strong><strong>\u00a0<span style=\"color: #993300;\">2<\/span><\/strong><br \/>\n<strong>Ilo\u015b\u0107 czerwonych kartek:<\/strong><strong>\u00a0<span style=\"color: #993300;\">0<\/span><\/strong><\/p>\n<h1><span style=\"color: #993300;\">IX KOLEJKA (17 stycze\u0144 2019)<\/span><\/h1>\n<p><strong>Liczba meczy:<\/strong><strong>\u00a0<span style=\"color: #993300;\">5<\/span><\/strong><br \/>\n<strong>Liczba goli:<\/strong><strong>\u00a0<span style=\"color: #993300;\">41<\/span><\/strong><br \/>\n<strong>\u015arednia ilo\u015b\u0107 goli na mecz:<\/strong><strong>\u00a0<span style=\"color: #993300;\">8,2<\/span><\/strong><br \/>\n<strong>Wygrane:<\/strong><strong>\u00a0<span style=\"color: #993300;\">5<\/span><\/strong><br \/>\n<strong>Remisy:<\/strong><strong>\u00a0<span style=\"color: #993300;\">0<\/span><\/strong><br \/>\n<strong>Walkowery:<\/strong><strong>\u00a0<\/strong><span style=\"color: #993300;\"><strong>0<\/strong><\/span><br \/>\n<strong>Najwi\u0119cej goli strzelonych w meczu:<\/strong><strong>\u00a0<span style=\"color: #993300;\">10 goli<\/span>\u00a0(Brzezna &#8211; Sandecja Old Boys 2:8)\u00a0<\/strong><br \/>\n<strong>Najwy\u017csza wygrana:<\/strong><strong>\u00a0<span style=\"color: #993300;\">2:8\u00a0<\/span>(Brzezna &#8211; Sandecja Old Boys)<\/strong><br \/>\n<strong>Ilo\u015b\u0107 \u017c\u00f3\u0142tych kartek:<\/strong><strong>\u00a0<span style=\"color: #993300;\">4<\/span><\/strong><br \/>\n<strong>Ilo\u015b\u0107 czerwonych kartek:<\/strong><strong>\u00a0<span style=\"color: #993300;\">0<\/span><\/strong><\/p>\n<h1><span style=\"color: #993300;\">X KOLEJKA (31 stycznia 2019)<\/span><\/h1>\n<p><strong>Liczba meczy:<\/strong><strong>\u00a0<span style=\"color: #993300;\">4<\/span><\/strong><br \/>\n<strong>Liczba goli:<\/strong><strong>\u00a0<span style=\"color: #993300;\">32<\/span><\/strong><br \/>\n<strong>\u015arednia ilo\u015b\u0107 goli na mecz:<\/strong><strong>\u00a0<span style=\"color: #993300;\">8<\/span><\/strong><br \/>\n<strong>Wygrane:<\/strong><strong>\u00a0<span style=\"color: #993300;\">3<\/span><\/strong><br \/>\n<strong>Remisy:<\/strong><strong>\u00a0<span style=\"color: #993300;\">1<\/span><\/strong><br \/>\n<strong>Walkowery:<\/strong><strong>\u00a0<\/strong><span style=\"color: #993300;\"><strong>0<\/strong><\/span><br \/>\n<strong>Najwi\u0119cej goli strzelonych w meczu:<\/strong><strong>\u00a0<span style=\"color: #993300;\">14 goli\u00a0<\/span>(Brzezna &#8211; Ibis Styles N.S. 5:9)\u00a0<\/strong><br \/>\n<strong>Najwy\u017csza wygrana:<\/strong><strong>\u00a0<span style=\"color: #993300;\">5:9<\/span>\u00a0(Brzezna &#8211; Ibis Styles N.S.)<\/strong><br \/>\n<strong>Ilo\u015b\u0107 \u017c\u00f3\u0142tych kartek:<\/strong><strong>\u00a0<span style=\"color: #993300;\">2<\/span><\/strong><br \/>\n<strong>Ilo\u015b\u0107 czerwonych kartek:<\/strong><strong>\u00a0<span style=\"color: #993300;\">0<\/span><\/strong><\/p>\n<h1><span style=\"color: #993300;\">Xi KOLEJKA (7 luty 2019)<\/span><\/h1>\n<p><strong>Liczba meczy:<\/strong><strong>\u00a0<span style=\"color: #993300;\">4<\/span><\/strong><br \/>\n<strong>Liczba goli:<\/strong><strong>\u00a0<span style=\"color: #993300;\">21<\/span><\/strong><br \/>\n<strong>\u015arednia ilo\u015b\u0107 goli na mecz:<\/strong><strong>\u00a0<span style=\"color: #993300;\">5,25<\/span><\/strong><br \/>\n<strong>Wygrane:<\/strong><strong>\u00a0<span style=\"color: #993300;\">3<\/span><\/strong><br \/>\n<strong>Remisy:<\/strong><strong>\u00a0<span style=\"color: #993300;\">1<\/span><\/strong><br \/>\n<strong>Walkowery:<\/strong><strong>\u00a0<\/strong><span style=\"color: #993300;\"><strong>0<\/strong><\/span><br \/>\n<strong>Najwi\u0119cej goli strzelonych w meczu:<\/strong><strong>\u00a0<span style=\"color: #993300;\">10 goli\u00a0<\/span>(Baz Pal &#8211; Ibis Styles N.S. 9:1)\u00a0<\/strong><br \/>\n<strong>Najwy\u017csza wygrana:<\/strong><strong>\u00a0<span style=\"color: #993300;\">9:1<\/span>\u00a0(Baz Pal &#8211; Ibis Styles N.S.)<\/strong><br \/>\n<strong>Ilo\u015b\u0107 \u017c\u00f3\u0142tych kartek:<\/strong><strong>\u00a0<span style=\"color: #993300;\">4<\/span><\/strong><br \/>\n<strong>Ilo\u015b\u0107 czerwonych kartek:<\/strong><strong>\u00a0<span style=\"color: #993300;\">1<\/span><\/strong><\/p>\n<h1><span style=\"color: #993300;\">XiI KOLEJKA (21 luty 2019)<\/span><\/h1>\n<p><strong>Liczba meczy:<\/strong><strong>\u00a0<span style=\"color: #993300;\">4<\/span><\/strong><br \/>\n<strong>Liczba goli:<\/strong><strong>\u00a0<span style=\"color: #993300;\">35<\/span><\/strong><br \/>\n<strong>\u015arednia ilo\u015b\u0107 goli na mecz:<\/strong><strong>\u00a0<span style=\"color: #993300;\">8,75<\/span><\/strong><br \/>\n<strong>Wygrane:<\/strong><strong>\u00a0<span style=\"color: #993300;\">3<\/span><\/strong><br \/>\n<strong>Remisy:<\/strong><strong>\u00a0<span style=\"color: #993300;\">0<\/span><\/strong><br \/>\n<strong>Walkowery:<\/strong><strong>\u00a0<\/strong><span style=\"color: #993300;\"><strong>1<\/strong><\/span><br \/>\n<strong>Najwi\u0119cej goli strzelonych w meczu:<\/strong><strong>\u00a0<span style=\"color: #993300;\">15 goli\u00a0<\/span>(Tylicz Ski &#8211; Sandecja 10:5)\u00a0<\/strong><br \/>\n<strong>Najwy\u017csza wygrana:<\/strong><strong><span style=\"color: #993300;\">\u00a08:0<\/span>\u00a0(Wi\u015bniowski &#8211; Brzezna)<\/strong><br \/>\n<strong>Ilo\u015b\u0107 \u017c\u00f3\u0142tych kartek:<\/strong><strong>\u00a0<span style=\"color: #993300;\">3<\/span><\/strong><br \/>\n<strong>Ilo\u015b\u0107 czerwonych kartek:<\/strong><strong>\u00a0<span style=\"color: #993300;\">0<\/span><\/strong><\/p>\n<h1><span style=\"color: #993300;\">XiII KOLEJKA (28 luty 2019)<\/span><\/h1>\n<p><strong>Liczba meczy:<\/strong><strong>\u00a0<span style=\"color: #993300;\">4<\/span><\/strong><br \/>\n<strong>Liczba goli:<\/strong><strong>\u00a0<span style=\"color: #993300;\">39<\/span><\/strong><br \/>\n<strong>\u015arednia ilo\u015b\u0107 goli na mecz:<\/strong><strong>\u00a0<span style=\"color: #993300;\">9,75<\/span><\/strong><br \/>\n<strong>Wygrane:<\/strong><strong>\u00a0<span style=\"color: #993300;\">4<\/span><\/strong><br \/>\n<strong>Remisy:<\/strong><strong>\u00a0<span style=\"color: #993300;\">0<\/span><\/strong><br \/>\n<strong>Walkowery:<\/strong><strong>\u00a0<\/strong><span style=\"color: #993300;\"><strong>0<\/strong><\/span><br \/>\n<strong>Najwi\u0119cej goli strzelonych w meczu:<\/strong><strong>\u00a0<span style=\"color: #993300;\">17 goli\u00a0<\/span>(Ibis Styles N.S. &#8211; Wi\u015bniowski 2:15)\u00a0<\/strong><br \/>\n<strong>Najwy\u017csza wygrana:<\/strong><strong><span style=\"color: #993300;\">\u00a02:15<\/span>\u00a0(Ibis Styles N.S. &#8211; Wi\u015bniowski)<\/strong><br \/>\n<strong>Ilo\u015b\u0107 \u017c\u00f3\u0142tych kartek:<\/strong><strong>\u00a0<span style=\"color: #993300;\">1<\/span><\/strong><br \/>\n<strong>Ilo\u015b\u0107 czerwonych kartek:<\/strong><strong>\u00a0<span style=\"color: #993300;\">0<\/span><\/strong><\/p>\n<h1><span style=\"color: #993300;\">XiV KOLEJKA (7 marzec 2019)<\/span><\/h1>\n<p><strong>Liczba meczy:<\/strong><strong>\u00a0<span style=\"color: #993300;\">4<\/span><\/strong><br \/>\n<strong>Liczba goli:<\/strong><strong>\u00a0<span style=\"color: #993300;\">34<\/span><\/strong><br \/>\n<strong>\u015arednia ilo\u015b\u0107 goli na mecz:<\/strong><strong>\u00a0<span style=\"color: #993300;\">8,5<\/span><\/strong><br \/>\n<strong>Wygrane:<\/strong><strong>\u00a0<span style=\"color: #993300;\">4<\/span><\/strong><br \/>\n<strong>Remisy:<\/strong><strong>\u00a0<span style=\"color: #993300;\">0<\/span><\/strong><br \/>\n<strong>Walkowery:<\/strong><strong>\u00a0<\/strong><span style=\"color: #993300;\"><strong>0<\/strong><\/span><br \/>\n<strong>Najwi\u0119cej goli strzelonych w meczu:<\/strong><strong>\u00a0<span style=\"color: #993300;\">11 goli\u00a0<\/span>(Baz Pal &#8211; Brzezna 5:6)\u00a0<\/strong><br \/>\n<strong>Najwy\u017csza wygrana:<\/strong><strong><span style=\"color: #993300;\">\u00a02:6<\/span>\u00a0(Gold Team\/Meble Lorek &#8211; Sandecja Old Boys)<\/strong><br \/>\n<strong>Ilo\u015b\u0107 \u017c\u00f3\u0142tych kartek:<\/strong><strong>\u00a0<span style=\"color: #993300;\">3<\/span><\/strong><br \/>\n<strong>Ilo\u015b\u0107 czerwonych kartek:<\/strong><strong>\u00a0<span style=\"color: #993300;\">0<\/span><\/strong><\/p>\n","protected":false},"excerpt":{"rendered":"<p>I KOLEJKA (8 listopad 2018) Liczba meczy:\u00a05 Liczba goli:\u00a038 \u015arednia ilo\u015b\u0107 goli na mecz:\u00a07,6 Wygrane:\u00a05 Remisy:\u00a00 Walkowery:\u00a00 Najwi\u0119cej goli strzelonych w meczu:\u00a011 goli\u00a0(Sandecja Old Boys &#8211; Baz Pal 9:2)\u00a0 Najwy\u017csza wygrana:\u00a09:2 (Sandecja Old Boys &#8211; Baz Pal) Ilo\u015b\u0107 \u017c\u00f3\u0142tych kartek:\u00a05 Ilo\u015b\u0107 czerwonych kartek:\u00a00 Ii KOLEJKA (15 listopad 2018) Liczba meczy:\u00a05 Liczba goli:\u00a045 \u015arednia ilo\u015b\u0107 goli [&hellip;]<\/p>\n","protected":false},"author":1,"featured_media":0,"parent":8132,"menu_order":0,"comment_status":"closed","ping_status":"closed","template":"","meta":{"footnotes":""},"_links":{"self":[{"href":"https:\/\/lfsportevents.pl\/ligafutsalu2018\/wp-json\/wp\/v2\/pages\/8152"}],"collection":[{"href":"https:\/\/lfsportevents.pl\/ligafutsalu2018\/wp-json\/wp\/v2\/pages"}],"about":[{"href":"https:\/\/lfsportevents.pl\/ligafutsalu2018\/wp-json\/wp\/v2\/types\/page"}],"author":[{"embeddable":true,"href":"https:\/\/lfsportevents.pl\/ligafutsalu2018\/wp-json\/wp\/v2\/users\/1"}],"replies":[{"embeddable":true,"href":"https:\/\/lfsportevents.pl\/ligafutsalu2018\/wp-json\/wp\/v2\/comments?post=8152"}],"version-history":[{"count":2,"href":"https:\/\/lfsportevents.pl\/ligafutsalu2018\/wp-json\/wp\/v2\/pages\/8152\/revisions"}],"predecessor-version":[{"id":16795,"href":"https:\/\/lfsportevents.pl\/ligafutsalu2018\/wp-json\/wp\/v2\/pages\/8152\/revisions\/16795"}],"up":[{"embeddable":true,"href":"https:\/\/lfsportevents.pl\/ligafutsalu2018\/wp-json\/wp\/v2\/pages\/8132"}],"wp:attachment":[{"href":"https:\/\/lfsportevents.pl\/ligafutsalu2018\/wp-json\/wp\/v2\/media?parent=8152"}],"curies":[{"name":"wp","href":"https:\/\/api.w.org\/{rel}","templated":true}]}}