{"id":5050,"date":"2016-10-10T20:29:42","date_gmt":"2016-10-10T18:29:42","guid":{"rendered":"https:\/\/lfsportevents.pl\/ligafutsalu2018\/?page_id=5050"},"modified":"2018-11-27T01:00:54","modified_gmt":"2018-11-27T00:00:54","slug":"regulamin-liga-typera","status":"publish","type":"page","link":"https:\/\/lfsportevents.pl\/ligafutsalu2018\/regulamin-liga-typera\/","title":{"rendered":"Regulamin &#8211; Liga Typera"},"content":{"rendered":"<h1 style=\"text-align: center;\"><\/h1>\n<h1 style=\"text-align: center;\"><strong><span style=\"color: #993300;\">Regulamin LIGI TYPERA<\/span><\/strong><\/h1>\n<h1 style=\"text-align: center;\"><strong><span style=\"color: #993300;\">EL-KAG LIGI FUTSALU 2018\/19<\/span><\/strong><\/h1>\n<div class=\"regulamin\">\n<h4><strong><span style=\"color: #993300;\">I. Postanowienia wst\u0119pne<\/span><\/strong><\/h4>\n<ol>\n<li>Organizatorem zabawy polegaj\u0105cej na typowaniu wynik\u00f3w mecz\u00f3w pi\u0142karskich jest firma <span style=\"color: #993300;\"><strong>\u0141F SPORT EVENTS<\/strong><\/span><\/li>\n<li>Zabawa prowadzona b\u0119dzie na stronie internetowej, prowadzonej przez Organizatora pod adresem<em><strong><span style=\"color: #993300;\"> www.lfsportevents.pl\/ligafutsalu\/<\/span><\/strong><\/em> w zak\u0142adce Liga Typera.<\/li>\n<li>Organizator jest wy\u0142\u0105cznie odpowiedzialny za przeprowadzenie zabawy, udost\u0119pnianie strony internetowej, na kt\u00f3rej przeprowadzane jest typowanie, wy\u0142onienie zwyci\u0119zc\u00f3w oraz realizacj\u0119 nagr\u00f3d na rzecz zwyci\u0119zc\u00f3w.<\/li>\n<li>Fundatorem nagr\u00f3d jest Organizator.<\/li>\n<\/ol>\n<\/div>\n<div class=\"regulamin\">\n<h4><strong><span style=\"color: #993300;\">II. Udzia\u0142 w zabawie<\/span><\/strong><\/h4>\n<ol>\n<li>Lig\u0119 Typera rozpoczynamy od 1 Rundy Pucharu Ligi Futsalu a nast\u0119pnie 4 kolejki El-Kag Ligi Futsalu.<\/li>\n<li>W zabawie mog\u0105 wzi\u0105\u0107 udzia\u0142 osoby, kt\u00f3re w ca\u0142o\u015bci wype\u0142ni\u0105 formularz rejestracyjny. Nie ograniczamy dost\u0119pu tylko dla uczestnik\u00f3w, dlatego w zabawie mo\u017ce bra\u0107 udzia\u0142 ka\u017cdy opr\u00f3cz zapiski w punkcie II.3<\/li>\n<li>Z udzia\u0142u w zabawie wykluczony jest Organizator oraz arbitrzy s\u0119dziuj\u0105cy spotkania El-Kag Ligi Futsalu.<\/li>\n<li>Zadaniem graczy jest prawid\u0142owe wytypowanie jak najwi\u0119kszej liczby rozgrywanych w rzeczywisto\u015bci mecz\u00f3w pi\u0142karskich i zgromadzenie jak najwi\u0119kszej liczby punkt\u00f3w.<\/li>\n<li>Udzia\u0142 w Lidze Typera, odbywa si\u0119 na profesjonalnych zasadach bukmacherskich, jednak\u017ce podkre\u015blamy, \u017ce jest to tylko i wy\u0142\u0105cznie <strong><span style=\"color: #993300;\">ZABAWA<\/span><\/strong>, kt\u00f3rej nie towarzyszy gra za prawdziwe pieni\u0105dze.\u00a0W lidze typera nie gra si\u0119 na got\u00f3wk\u0119, nie wygrywa si\u0119 pieni\u0119dzy, nie ma tutaj element\u00f3w kojarzonych z hazardem. Bawimy si\u0119 z mi\u0142o\u015bci do pi\u0142ki, by jeszcze bardziej uatrakcyjni\u0107 rozgrywki.<\/li>\n<li>Typujemy tylko i wy\u0142\u0105cznie mecze w El-Kag Lidze Futsalu oraz Pucharze Ligi Futsalu, podane przez Organizatora<\/li>\n<li>Typowa\u0107 mo\u017cna osobno ka\u017cd\u0105 z lig i puchar b\u0105d\u017a razem. Mo\u017cna \u0142\u0105czy\u0107 na jednym kuponie mecze z r\u00f3\u017cnych klas rozgrywkowych.<\/li>\n<li>Korzystanie z serwisu jest ca\u0142kowicie bezp\u0142atne i oznacza bezwzgl\u0119dn\u0105 akceptacj\u0119 regulaminu<\/li>\n<li>Typy b\u0119d\u0105 podawane przed dan\u0105 kolejk\u0105, a ko\u0144czy\u0107 si\u0119 b\u0119d\u0105 wraz z rozpocz\u0119ciem meczu.<\/li>\n<li>Organizator ma prawo do wgl\u0105du autentyczno\u015bci zak\u0142ad\u00f3w uczestnik\u00f3w. Brak zgody wi\u0105\u017ce si\u0119 z usuni\u0119ciem uczestnika z zabawy.<\/li>\n<\/ol>\n<\/div>\n<div class=\"regulamin\">\n<h4><strong><span style=\"color: #993300;\">III. Rejestracja<\/span><\/strong><\/h4>\n<ol>\n<li>W zabawie mo\u017ce wzi\u0105\u0107 udzia\u0142 ka\u017cdy, niezale\u017cnie od wieku, opr\u00f3cz punktu II.3 \u00a0podaj\u0105c przy rejestracji <span style=\"color: #993300;\"><strong>prawdziwy<\/strong><\/span> adres e-mail. Podanie b\u0142\u0119dnego lub nieistniej\u0105cego adresu pocztowego uniemo\u017cliwi wzi\u0119cie udzia\u0142u w zabawie.<\/li>\n<li>Ka\u017cda osoba mo\u017ce posiada\u0107 tylko jedno konto u\u017cytkownika. W przypadku wykrycia faktu, \u017ce jedna osoba posiada kilka kont, powy\u017csza osoba otrzymuje ban i serwis staje si\u0119 dla niej niedost\u0119pny, jest r\u00f3wnie\u017c automatycznie usuni\u0119ta z zabawy w Lig\u0119 Typera.<\/li>\n<li>Nie mo\u017cna tworzy\u0107 wielu kont gracza z tego samego adresu e-mail.<\/li>\n<li>Do udzia\u0142u w konkursie przyst\u0105pi\u0107 mo\u017cna w ka\u017cdym momencie jego trwania.<\/li>\n<li style=\"text-align: justify;\">Po zako\u0144czeniu typowania i wy\u0142onieniu zwyci\u0119zc\u00f3w, Organizator b\u0119dzie wymaga\u0142 potwierdzenia to\u017csamo\u015bci gracza. W przypadku stwierdzenia, \u017ce zwyci\u0119zca poda\u0142 b\u0142\u0119dne dane osobowe, traci on prawo do otrzymania nagrody. Wtedy to zwyci\u0119zc\u0105 zostanie kolejna w rankingu osoba.<\/li>\n<li>W przypadku stwierdzenia jakichkolwiek nadu\u017cy\u0107 przez u\u017cytkownika serwisu, Administrator ma prawo zamkn\u0105\u0107 konto i tym samym wykluczy\u0107 gracza z listy typuj\u0105cych.<\/li>\n<\/ol>\n<\/div>\n<div class=\"regulamin\">\n<h4><strong><span style=\"color: #993300;\">IV. Nagrody<\/span><\/strong><\/h4>\n<ol>\n<li>Po zako\u0144czeniu zabawy, Organizator skontaktuje si\u0119 ze zwyci\u0119zcami w celu sprawdzenia to\u017csamo\u015bci graczy oraz ustalenia szczeg\u00f3\u0142\u00f3w wr\u0119czenia nagrody.<\/li>\n<li>I miejsce &#8211; bon o warto\u015bci 300 z\u0142, II miejsce &#8211; bon o warto\u015bci 200 z\u0142, III miejsce &#8211; bon o warto\u015bci 100 z\u0142<\/li>\n<li>Nie ma mo\u017cliwo\u015bci wymiany nagr\u00f3d na inne lub got\u00f3wk\u0119.<\/li>\n<li>Na odpowied\u017a laureata czekamy 3 dni. Po tym czasie nagroda przepada i tym samym nie przechodzi na kolejn\u0105 osob\u0119 w klasyfikacji.<\/li>\n<li>Organizator zabawy zastrzega sobie prawo wykorzystania danych osobowych i zdj\u0119\u0107 zwyci\u0119zc\u00f3w w celach marketingowych.<\/li>\n<\/ol>\n<\/div>\n<div class=\"regulamin\">\n<h4><strong><span style=\"color: #993300;\">V.\u00a0jak gra\u0107 ?<\/span><\/strong><\/h4>\n<ol>\n<li>Gramy na zasadach jak u prawdziwych bukmacher\u00f3w. Bawimy si\u0119 w wirtualne pieni\u0105dze, w tym przypadku zamienne na punkty.<\/li>\n<li>Ka\u017cdy u\u017cytkownik zaczyna z 1000 punkt\u00f3w na koncie i tak\u0105 sum\u0105 mo\u017ce obraca\u0107 na zak\u0142adach. Zupe\u0142nie jak w rzeczywisto\u015bci, jakby\u015bmy wprowadzili prawdziwe pieni\u0105dze i poprzez ich wykorzystanie mogli obstawia\u0107.<\/li>\n<li>By ograniczy\u0107 wygranie Ligi Typera np jednym trafnym losem &#8222;vabank&#8221; za maksymaln\u0105 stawk\u0119 1000 punkt\u00f3w, organizator wprowadzi\u0142 limit stawki na jeden pojedynczy lub kombinacyjny zak\u0142ad do 300 punt\u00f3w maksymalnie. Czyli mo\u017cna obstawia\u0107 zak\u0142ady za minimaln\u0105 stawk\u0119 1 punkt lub maksymaln\u0105 300 punkt\u00f3w<\/li>\n<li>Ale po kolei. Najpierw wejd\u017a w zak\u0142adk\u0119 &#8222;<span style=\"color: #993300;\"><strong>Liga Typera&#8221;<\/strong><\/span> a nast\u0119pnie zaloguj si\u0119 do serwisu, podaj\u0105c swoj\u0105 nazw\u0119 u\u017cytkownika i has\u0142o. W kolejnym kroku wejd\u017a w zak\u0142adk\u0119 <strong><span style=\"color: #993300;\">&#8222;Zak\u0142ady&#8221;<\/span><\/strong>\u00a0i wybierz z naszej oferty jeden lub kilka zak\u0142ad\u00f3w i kliknij wynik spotkania, jakim wed\u0142ug Ciebie si\u0119 ono zako\u0144czy. Oddany przez Ciebie typ zostanie przeniesiony na kupon zak\u0142adu pokazany po prawej stronie strony. Nast\u0119pnie wybierz <strong><span style=\"color: #993300;\">&#8222;Stawk\u0119&#8221;<\/span><\/strong>, jak\u0105 chcesz wnie\u015b\u0107 na ten zak\u0142ad i kliknij przycisk <strong><span style=\"color: #993300;\">\u201eWy\u015blij\u201d<\/span><\/strong>. Nale\u017cy pami\u0119ta\u0107, \u017ce zgodnie z og\u00f3lnymi warunkami gry, wniesiony zak\u0142ad nie mo\u017ce zosta\u0107 anulowany. Po wys\u0142aniu zak\u0142adu, punkty jakie dysponujesz zostanie pomniejszone o stawk\u0119 kt\u00f3r\u0105 postawi\u0142e\u015b. Zanim jednak we\u017amiesz si\u0119 za gr\u0119 w poni\u017cszych punktach (5 i 6) zapoznaj si\u0119 czym s\u0105 zak\u0142ady pojedyncze i kombinacyjne<\/li>\n<li><span style=\"color: #993300;\"><strong>Zak\u0142ad pojedynczy<\/strong><\/span> &#8211; jak sama nazwa m\u00f3wi, to taki zak\u0142ad gdzie z po\u015br\u00f3d wielu typ\u00f3w wybierasz tylko jeden i na niego stawiasz stawk\u0119. Zak\u0142ad pojedynczy jest naj\u0142atwiejsz\u0105 form\u0105 zak\u0142ad\u00f3w \u2014 wybierz wynik, na kt\u00f3ry chcesz postawi\u0107, podaj stawk\u0119 i wnie\u015b zak\u0142ad. Je\u015bli wynik b\u0119dzie taki, jak przewidywa\u0142e\u015b, wygrywasz zak\u0142ad. Wygrana obliczana jest poprzez pomno\u017cenie kursu przez Twoj\u0105 stawk\u0119.\u00a0<em><strong><span style=\"color: #993300;\">Liczymy to\u00a0na przyk\u0142adzie:\u00a0Kurs jednego meczu np: 1,80 x stawka (np. 10 pkt) = przewidywana wygrana (18 pkt)<\/span><\/strong><\/em><\/li>\n<li><span style=\"color: #993300;\"><strong>Zak\u0142ad kombinacyjny<\/strong><\/span> &#8211; to typowanie dw\u00f3ch lub wi\u0119cej spotka\u0144 (np. dw\u00f3ch lub wiecej r\u00f3\u017cnych meczy pi\u0142karskich). Daje on mo\u017cliwo\u015b\u0107 typowania kilku lub nawet kilkunastu mecz\u00f3w na jednym kuponie. Zwi\u0119ksza ryzyko lecz mo\u017cna wi\u0119cej wygra\u0107. Kurs og\u00f3lny jest wynikiem mno\u017cenia kurs\u00f3w wszystkich pojedynczych typ\u00f3w. Bardzo wa\u017cne&#8230;Nale\u017cy pami\u0119ta\u0107, \u017ce wygran\u0105 zak\u0142adu kombinacyjnego otrzymasz tylko wtedy, gdy prawid\u0142owo wytypowa\u0142e\u015b wszystkie wyniki, kt\u00f3re w nim wyst\u0119puj\u0105. Je\u017celi z podanych typ\u00f3w chocia\u017c jeden ci nie siad\u0142, to nie wygrywasz nic. Przyk\u0142adem, je\u015bli postawi\u0142e\u015b 5 mecz\u00f3w, to aby wygra\u0107 wniesiony zak\u0142ad, musi by\u0107 pi\u0119\u0107 trafnych wynik\u00f3w. Jeden b\u0142\u0119dny to pora\u017cka ca\u0142ego zak\u0142adu. <strong><em><span style=\"color: #993300;\">Liczymy to na przyk\u0142adzie: Wybieram 5 mecz\u00f3w i mno\u017c\u0119 przyk\u0142adowe stawki. 1,20 x 2,10 x 1,50 x 2,05 x 1,40 = og\u00f3lny kurs po mno\u017ceniu 10,85. Nast\u0119pnie og\u00f3lny kurs mno\u017cymy razy postawion\u0105 stawk\u0119 (np. 15 pkt) co daj\u0119 nam mo\u017cliw\u0105 wygran\u0105 162,75 punkta<\/span><\/em><\/strong>. Je\u017celi wszystkie 5 typ\u00f3w uda\u0142o si\u0119 wytypowa\u0107 poprawnie wygrywamy stawk\u0119 162,75 punkt\u00f3w, jednak\u017ce gdyby chocia\u017c jeden mecz z podanych pi\u0119ciu nie siad\u0142, to nie wygrywamy nic.<\/li>\n<li>Zak\u0142ady polegaj\u0105 na typowaniu:\u00a0<span style=\"color: #993300;\"><em><strong>1 &#8211; wygraj\u0105 gospodarze, X &#8211; b\u0119dzie remis, 2 &#8211; wygraj\u0105 go\u015bcie\u00a0<\/strong><\/em><\/span><\/li>\n<li>Przyk\u0142ady liczenia podajemy tylko i wy\u0142\u0105cznie dla wiadomo\u015bci, w jaki spos\u00f3b jest to liczone. Nie ma obowi\u0105zku tego przelicza\u0107, poniewa\u017c ka\u017cdy ma swoj\u0105 dowoln\u0105 taktyk\u0119 zabawy w tej grze.<\/li>\n<li>Mo\u017cna typowa\u0107 jedn\u0105 dru\u017cyn\u0119 kilkakrotnie, jednak\u017ce w ka\u017cdym innym zak\u0142adzie. Dwa razy na jednym zak\u0142adzie jest niedozwolone.<\/li>\n<li>Po wys\u0142aniu zak\u0142adu, b\u0119dzie on zarejestrowany w systemie, wraz z dat\u0105 i godzin\u0105 wp\u0142yni\u0119cia<\/li>\n<li>Ka\u017cdy wprowadzony do systemu zak\u0142ad mo\u017cna \u015bledzi\u0107 na swoim koncie w zak\u0142adce <strong><span style=\"color: #993300;\">&#8222;Moje zak\u0142ady&#8221;<\/span><\/strong><\/li>\n<li>W zak\u0142adce <strong><span style=\"color: #993300;\">&#8222;Ranking najlepszych typer\u00f3w&#8221;<\/span><\/strong> b\u0119d\u0105 znajdowa\u0107 si\u0119 wyniki wszystkich uczestnik\u00f3w naszej zabawy.<\/li>\n<li>Wyniki mo\u017cna typowa\u0107 od momentu pojawienia si\u0119 kursu (w czwartki ko\u0144czymy dane kolejki) do momentu rozpocz\u0119cia poszczeg\u00f3lnego meczu spotkania, zgodnie z dat\u0105 i godzin\u0105 umieszczon\u0105 przy ka\u017cdym meczu.<\/li>\n<li>W przypadku b\u0142\u0119dnej daty\/godziny rozegrania spotkania, Administrator ma prawo usun\u0105\u0107 dany mecz z zestawu par i tym samym anulowa\u0107 wszystkie typy.<\/li>\n<li>Walkower traktowany jest jako mecz nie odbyty, co wi\u0105\u017ce si\u0119 z anulowaniem kuponu i zwrotem postawionych punkt\u00f3w.<\/li>\n<li>Zwyci\u0119zc\u0105 zostaje osoba, kt\u00f3ra na koniec zabawy zgromadzi najwi\u0119cej punkt\u00f3w. W przypadku, gdy dw\u00f3ch graczy zgromadzi tak\u0105 sam\u0105 liczb\u0119 punkt\u00f3w o kolejno\u015bci decyduje: 1) liczba typowanych mecz\u00f3w, 2) liczba poprawnych trafie\u0144,<\/li>\n<\/ol>\n<\/div>\n<div class=\"regulamin\">\n<h4><strong><span style=\"color: #993300;\">VI. Jak interpretowa\u0107 wyniki<\/span><\/strong><\/h4>\n<ol>\n<li>\u00a0Wyniki zawsze liczymy bez dogrywki i rzut\u00f3w karnych. tzn: za wynik Twojego kuponu uznajemy wynik w podstawowym czasie gry. Przyk\u0142ad. Je\u017celi postawi\u0142e\u015b \u017ce wygra 1 czyli gospodarz i w podstawowym czasie gry b\u0119dzie remis, gdzie s\u0119dzia zarz\u0105dzi dogrywk\u0119 nie liczy si\u0119 ju\u017c ta dogrywka. Nawet gdyby po dodatkowym czasie wygra\u0142 zesp\u00f3\u0142 1, liczy si\u0119 tylko i wy\u0142\u0105cznie czas podstawowy.<\/li>\n<\/ol>\n<\/div>\n<div class=\"regulamin\">\n<h4><strong><span style=\"color: #993300;\">VII. Ochrona danych osobowych<\/span><\/strong><\/h4>\n<ol>\n<li>Uczestnicy zabawy wyra\u017caj\u0105 zgod\u0119 na przetwarzanie danych osobowych w rozumieniu ustawy z dnia 29. sierpnia 1997 r. o ochronie danych osobowych (Dz. U. Nr 133, poz. 833) przez Organizatora w celach prowadzenia typowania, wy\u0142aniania zwyci\u0119zc\u00f3w i przyznawania nagr\u00f3d.<\/li>\n<li>Przetwarzanie, o kt\u00f3rym mowa w pkt. 1 powy\u017cej obejmuje tak\u017ce publikacj\u0119 imienia i nazwiska uczestnika wraz z nazw\u0105 miejscowo\u015bci, w kt\u00f3rej zamieszkuje, i punktacj\u0105.<\/li>\n<li>Uczestnik ma prawo do wgl\u0105du do swoich danych oraz ich poprawiania.<\/li>\n<li>Podanie danych adresowych jest dobrowolne, lecz ich niepodanie uniemo\u017cliwia uzyskanie prawa do nagrody.<\/li>\n<\/ol>\n<\/div>\n<div class=\"regulamin\">\n<h4><strong><span style=\"color: #993300;\">VIII. Post\u0119powanie reklamacyjne<\/span><\/strong><\/h4>\n<ol>\n<li>Reklamacje dotycz\u0105ce spraw zwi\u0105zanych z zabaw\u0105 nale\u017cy sk\u0142ada\u0107 drog\u0105 mailow\u0105 wraz z uzasadnieniem na adres biuro@lfsportevents.pl, w terminie 7 dni od daty opublikowania listy zwyci\u0119zc\u00f3w.<\/li>\n<li>Reklamacje przes\u0142ane po up\u0142ywie powy\u017cszego terminu nie b\u0119d\u0105 rozpatrywane.<\/li>\n<li>Opisane wy\u017cej reklamacje b\u0119d\u0105 rozpatrywane przez Organizatora.<\/li>\n<li>Decyzja Organizatora w sprawie reklamacji b\u0119dzie ostateczna.<\/li>\n<\/ol>\n<\/div>\n<div class=\"regulamin\">\n<h4><strong><span style=\"color: #993300;\">X. Przepisy ko\u0144cowe<\/span><\/strong><\/h4>\n<ol>\n<li>W przypadku odwo\u0142ania lub uniewa\u017cnienia meczu oraz w innych sytuacjach nie uwzgl\u0119dnionych w tym Regulaminie decyzj\u0119 o tym, jak przyznawane s\u0105 punkty i kt\u00f3rych klasyfikacji dotycz\u0105, podejmuje Organizator.<\/li>\n<li>Organizator konkursu zastrzega sobie prawo do zmiany Regulaminu lub zaprzestania prowadzenia konkursu bez podania konkretnego powodu z uprzednim poinformowaniem o tym fakcie uczestnik\u00f3w.<\/li>\n<li>Przyst\u0119puj\u0105c do zabawy i tym samym akceptuj\u0105c Regulamin, ka\u017cdy z u\u017cytkownik\u00f3w zgadza si\u0119 na powy\u017csze wytyczne co do zabawy&#8230;<\/li>\n<li>Kursy podawane przy poszczeg\u00f3lnych dru\u017cynach w danym meczu, s\u0105 pogl\u0105dowe, podawane przez organizatora<\/li>\n<\/ol>\n<\/div>\n","protected":false},"excerpt":{"rendered":"<p>Regulamin LIGI TYPERA EL-KAG LIGI FUTSALU 2018\/19 I. Postanowienia wst\u0119pne Organizatorem zabawy polegaj\u0105cej na typowaniu wynik\u00f3w mecz\u00f3w pi\u0142karskich jest firma \u0141F SPORT EVENTS Zabawa prowadzona b\u0119dzie na stronie internetowej, prowadzonej przez Organizatora pod adresem www.lfsportevents.pl\/ligafutsalu\/ w zak\u0142adce Liga Typera. Organizator jest wy\u0142\u0105cznie odpowiedzialny za przeprowadzenie zabawy, udost\u0119pnianie strony internetowej, na kt\u00f3rej przeprowadzane jest typowanie, wy\u0142onienie [&hellip;]<\/p>\n","protected":false},"author":1,"featured_media":0,"parent":0,"menu_order":0,"comment_status":"closed","ping_status":"closed","template":"","meta":{"footnotes":""},"_links":{"self":[{"href":"https:\/\/lfsportevents.pl\/ligafutsalu2018\/wp-json\/wp\/v2\/pages\/5050"}],"collection":[{"href":"https:\/\/lfsportevents.pl\/ligafutsalu2018\/wp-json\/wp\/v2\/pages"}],"about":[{"href":"https:\/\/lfsportevents.pl\/ligafutsalu2018\/wp-json\/wp\/v2\/types\/page"}],"author":[{"embeddable":true,"href":"https:\/\/lfsportevents.pl\/ligafutsalu2018\/wp-json\/wp\/v2\/users\/1"}],"replies":[{"embeddable":true,"href":"https:\/\/lfsportevents.pl\/ligafutsalu2018\/wp-json\/wp\/v2\/comments?post=5050"}],"version-history":[{"count":2,"href":"https:\/\/lfsportevents.pl\/ligafutsalu2018\/wp-json\/wp\/v2\/pages\/5050\/revisions"}],"predecessor-version":[{"id":15867,"href":"https:\/\/lfsportevents.pl\/ligafutsalu2018\/wp-json\/wp\/v2\/pages\/5050\/revisions\/15867"}],"wp:attachment":[{"href":"https:\/\/lfsportevents.pl\/ligafutsalu2018\/wp-json\/wp\/v2\/media?parent=5050"}],"curies":[{"name":"wp","href":"https:\/\/api.w.org\/{rel}","templated":true}]}}