{"id":4887,"date":"2017-02-01T15:38:40","date_gmt":"2017-02-01T14:38:40","guid":{"rendered":"https:\/\/lfsportevents.pl\/ligafutsalu2018\/?page_id=4887"},"modified":"2019-07-16T22:13:03","modified_gmt":"2019-07-16T20:13:03","slug":"https-www-facebook-com-pg-lfsportevents-photos-tabalbumalbum-id2333332763385688","status":"publish","type":"page","link":"https:\/\/lfsportevents.pl\/ligafutsalu2018\/https-www-facebook-com-pg-lfsportevents-photos-tabalbumalbum-id2333332763385688\/","title":{"rendered":"GALA"},"content":{"rendered":"<h1><a href=\"https:\/\/www.facebook.com\/pg\/lfsportevents\/photos\/?tab=album&amp;album_id=2333332763385688\" target=\"_blank\" rel=\"noopener noreferrer\"><span style=\"color: #993300;\">GALERIA &#8211; CZ.1 WR\u0118CZENIE NAGR\u00d3D<\/span><\/a><\/h1>\n<h1><a href=\"https:\/\/www.facebook.com\/pg\/lfsportevents\/photos\/?tab=album&amp;album_id=2334770723241892\" target=\"_blank\" rel=\"noopener noreferrer\"><span style=\"color: #993300;\">GALERIA &#8211; CZ.2 ZABAWA<\/span><\/a><\/h1>\n<h1><span style=\"color: #993300;\"><a style=\"color: #993300;\" href=\"https:\/\/www.facebook.com\/lfsportevents\/videos\/356919288277726\/\" target=\"_blank\" rel=\"noopener noreferrer\">FILM Z GALI ZAKO\u0143CZENIA<\/a><\/span><\/h1>\n<p>&nbsp;<\/p>\n","protected":false},"excerpt":{"rendered":"<p>GALERIA &#8211; CZ.1 WR\u0118CZENIE NAGR\u00d3D GALERIA &#8211; CZ.2 ZABAWA FILM Z GALI ZAKO\u0143CZENIA &nbsp;<\/p>\n","protected":false},"author":1,"featured_media":0,"parent":0,"menu_order":0,"comment_status":"closed","ping_status":"closed","template":"","meta":{"footnotes":""},"_links":{"self":[{"href":"https:\/\/lfsportevents.pl\/ligafutsalu2018\/wp-json\/wp\/v2\/pages\/4887"}],"collection":[{"href":"https:\/\/lfsportevents.pl\/ligafutsalu2018\/wp-json\/wp\/v2\/pages"}],"about":[{"href":"https:\/\/lfsportevents.pl\/ligafutsalu2018\/wp-json\/wp\/v2\/types\/page"}],"author":[{"embeddable":true,"href":"https:\/\/lfsportevents.pl\/ligafutsalu2018\/wp-json\/wp\/v2\/users\/1"}],"replies":[{"embeddable":true,"href":"https:\/\/lfsportevents.pl\/ligafutsalu2018\/wp-json\/wp\/v2\/comments?post=4887"}],"version-history":[{"count":3,"href":"https:\/\/lfsportevents.pl\/ligafutsalu2018\/wp-json\/wp\/v2\/pages\/4887\/revisions"}],"predecessor-version":[{"id":16900,"href":"https:\/\/lfsportevents.pl\/ligafutsalu2018\/wp-json\/wp\/v2\/pages\/4887\/revisions\/16900"}],"wp:attachment":[{"href":"https:\/\/lfsportevents.pl\/ligafutsalu2018\/wp-json\/wp\/v2\/media?parent=4887"}],"curies":[{"name":"wp","href":"https:\/\/api.w.org\/{rel}","templated":true}]}}