{"id":13740,"date":"2018-09-20T09:52:34","date_gmt":"2018-09-20T07:52:34","guid":{"rendered":"https:\/\/lfsportevents.pl\/ligafutsalu2018\/puchar-ligi\/kary-copy\/"},"modified":"2019-01-04T00:53:22","modified_gmt":"2019-01-03T23:53:22","slug":"grupy","status":"publish","type":"page","link":"https:\/\/lfsportevents.pl\/ligafutsalu2018\/puchar-ligi\/grupy\/","title":{"rendered":"Grupy"},"content":{"rendered":"<div class=\"legenda\">\n<p>Legenda:<\/p>\n<div class=\"item\"><span style=\"color: #993300;\"><b>M<\/b><\/span> = Mecze Rozegrane<\/div>\n<div class=\"item\"><span style=\"color: #993300;\"><b> Pkt<\/b><\/span> = Punkty<\/div>\n<div class=\"item\"><span style=\"color: #993300;\"><b> Z<\/b><\/span> = Zwyci\u0119stwa<\/div>\n<div class=\"item\"><span style=\"color: #993300;\"><b> R<\/b><\/span> = Remisy<\/div>\n<div class=\"item\"><span style=\"color: #993300;\"><b> P<\/b><\/span> = Pora\u017cki<\/div>\n<div class=\"item\"><span style=\"color: #993300;\"><b> BZ<\/b><\/span> = Bramki zdobyte<\/div>\n<div class=\"item\"><span style=\"color: #993300;\"><b> BS<\/b><\/span> = Bramki stracone<\/div>\n<div class=\"item\"><span style=\"color: #993300;\"><b> +\/-<\/b> <\/span>= R\u00f3\u017cnica bramek<\/div>\n<div class=\"item\"><span style=\"color: #2abd69;\"><strong>Miejsce 1<\/strong>\u00a0(bezpo\u015bredni awans do 4 Rundy &#8211; \u0107wier\u0107fina\u0142y)<\/span><\/div>\n<div class=\"item\"><span style=\"color: #5de887;\"><strong>Miejsce 2<\/strong>\u00a0(trzy dru\u017cyny z najlepszym bilansem z miejsca 2 uzyskaj\u0105 awans do 4 Rundy &#8211; \u0107wier\u0107fina\u0142y)<\/span><\/div>\n<\/div>\n<div class=\"sportspress\"><div class=\"sp-template sp-template-league-table\">\n\t<h4 class=\"sp-table-caption\">Puchar Ligi Futsalu &#8211; Gr. A<\/h4><div class=\"sp-table-wrapper\"><table class=\"sp-league-table sp-data-table sp-sortable-table sp-scrollable-table sp-paginated-table\" data-sp-rows=\"16\"><thead><tr><th class=\"data-rank\">Pozycja<\/th><th class=\"data-name\">Klub<\/th><th class=\"data-p\">M<\/th><th class=\"data-pts\">Pkt<\/th><th class=\"data-w\">Z<\/th><th class=\"data-d\">R<\/th><th class=\"data-l\">P<\/th><th class=\"data-f\">BZ<\/th><th class=\"data-a\">BS<\/th><th class=\"data-gd\">+\/-<\/th><\/tr><\/thead><tbody><tr class=\"odd sp-row-no-0\"><td class=\"data-rank\" data-label=\"Pozycja\">1<\/td><td class=\"data-name\" data-label=\"Klub\"><a href=\"https:\/\/lfsportevents.pl\/ligafutsalu2018\/team\/wisniowski\/\">Wi\u015bniowski<\/a><\/td><td class=\"data-p\" data-label=\"M\">5<\/td><td class=\"data-pts\" data-label=\"Pkt\">12<\/td><td class=\"data-w\" data-label=\"Z\">4<\/td><td class=\"data-d\" data-label=\"R\">0<\/td><td class=\"data-l\" data-label=\"P\">1<\/td><td class=\"data-f\" data-label=\"BZ\">29<\/td><td class=\"data-a\" data-label=\"BS\">19<\/td><td class=\"data-gd\" data-label=\"+\/-\">10<\/td><\/tr><tr class=\"even sp-row-no-1\"><td class=\"data-rank\" data-label=\"Pozycja\">2<\/td><td class=\"data-name\" data-label=\"Klub\"><a href=\"https:\/\/lfsportevents.pl\/ligafutsalu2018\/team\/wisniowski-ii\/\">Wi\u015bniowski II<\/a><\/td><td class=\"data-p\" data-label=\"M\">5<\/td><td class=\"data-pts\" data-label=\"Pkt\">6<\/td><td class=\"data-w\" data-label=\"Z\">2<\/td><td class=\"data-d\" data-label=\"R\">0<\/td><td class=\"data-l\" data-label=\"P\">3<\/td><td class=\"data-f\" data-label=\"BZ\">14<\/td><td class=\"data-a\" data-label=\"BS\">18<\/td><td class=\"data-gd\" data-label=\"+\/-\">-4<\/td><\/tr><tr class=\"odd sp-row-no-2\"><td class=\"data-rank\" data-label=\"Pozycja\">3<\/td><td class=\"data-name\" data-label=\"Klub\"><a href=\"https:\/\/lfsportevents.pl\/ligafutsalu2018\/team\/instalservice\/\">Instalservice<\/a><\/td><td class=\"data-p\" data-label=\"M\">3<\/td><td class=\"data-pts\" data-label=\"Pkt\">3<\/td><td class=\"data-w\" data-label=\"Z\">1<\/td><td class=\"data-d\" data-label=\"R\">0<\/td><td class=\"data-l\" data-label=\"P\">2<\/td><td class=\"data-f\" data-label=\"BZ\">10<\/td><td class=\"data-a\" data-label=\"BS\">12<\/td><td class=\"data-gd\" data-label=\"+\/-\">-2<\/td><\/tr><tr class=\"even sp-row-no-3\"><td class=\"data-rank\" data-label=\"Pozycja\">4<\/td><td class=\"data-name\" data-label=\"Klub\"><a href=\"https:\/\/lfsportevents.pl\/ligafutsalu2018\/team\/brzezna\/\">Brzezna<\/a><\/td><td class=\"data-p\" data-label=\"M\">3<\/td><td class=\"data-pts\" data-label=\"Pkt\">0<\/td><td class=\"data-w\" data-label=\"Z\">0<\/td><td class=\"data-d\" data-label=\"R\">0<\/td><td class=\"data-l\" data-label=\"P\">3<\/td><td class=\"data-f\" data-label=\"BZ\">9<\/td><td class=\"data-a\" data-label=\"BS\">24<\/td><td class=\"data-gd\" data-label=\"+\/-\">-15<\/td><\/tr><\/tbody><\/table><\/div><\/div>\n<\/div>\n<div class=\"sportspress\"><div class=\"sp-template sp-template-league-table\">\n\t<h4 class=\"sp-table-caption\">Puchar Ligi Futsalu &#8211; Gr. B<\/h4><div class=\"sp-table-wrapper\"><table class=\"sp-league-table sp-data-table sp-sortable-table sp-scrollable-table sp-paginated-table\" data-sp-rows=\"16\"><thead><tr><th class=\"data-rank\">Pozycja<\/th><th class=\"data-name\">Klub<\/th><th class=\"data-p\">M<\/th><th class=\"data-pts\">Pkt<\/th><th class=\"data-w\">Z<\/th><th class=\"data-d\">R<\/th><th class=\"data-l\">P<\/th><th class=\"data-f\">BZ<\/th><th class=\"data-a\">BS<\/th><th class=\"data-gd\">+\/-<\/th><\/tr><\/thead><tbody><tr class=\"odd sp-row-no-0\"><td class=\"data-rank\" data-label=\"Pozycja\">1<\/td><td class=\"data-name\" data-label=\"Klub\"><a href=\"https:\/\/lfsportevents.pl\/ligafutsalu2018\/team\/kamex\/\">Dom Weselny Sylwia<\/a><\/td><td class=\"data-p\" data-label=\"M\">5<\/td><td class=\"data-pts\" data-label=\"Pkt\">10<\/td><td class=\"data-w\" data-label=\"Z\">3<\/td><td class=\"data-d\" data-label=\"R\">1<\/td><td class=\"data-l\" data-label=\"P\">1<\/td><td class=\"data-f\" data-label=\"BZ\">19<\/td><td class=\"data-a\" data-label=\"BS\">12<\/td><td class=\"data-gd\" data-label=\"+\/-\">7<\/td><\/tr><tr class=\"even sp-row-no-1\"><td class=\"data-rank\" data-label=\"Pozycja\">2<\/td><td class=\"data-name\" data-label=\"Klub\"><a href=\"https:\/\/lfsportevents.pl\/ligafutsalu2018\/team\/the-reds\/\">The Reds Inter-Jack<\/a><\/td><td class=\"data-p\" data-label=\"M\">3<\/td><td class=\"data-pts\" data-label=\"Pkt\">6<\/td><td class=\"data-w\" data-label=\"Z\">2<\/td><td class=\"data-d\" data-label=\"R\">0<\/td><td class=\"data-l\" data-label=\"P\">1<\/td><td class=\"data-f\" data-label=\"BZ\">10<\/td><td class=\"data-a\" data-label=\"BS\">13<\/td><td class=\"data-gd\" data-label=\"+\/-\">-3<\/td><\/tr><tr class=\"odd sp-row-no-2\"><td class=\"data-rank\" data-label=\"Pozycja\">3<\/td><td class=\"data-name\" data-label=\"Klub\"><a href=\"https:\/\/lfsportevents.pl\/ligafutsalu2018\/team\/baz-pal\/\">Baz Pal<\/a><\/td><td class=\"data-p\" data-label=\"M\">3<\/td><td class=\"data-pts\" data-label=\"Pkt\">3<\/td><td class=\"data-w\" data-label=\"Z\">1<\/td><td class=\"data-d\" data-label=\"R\">0<\/td><td class=\"data-l\" data-label=\"P\">2<\/td><td class=\"data-f\" data-label=\"BZ\">16<\/td><td class=\"data-a\" data-label=\"BS\">9<\/td><td class=\"data-gd\" data-label=\"+\/-\">7<\/td><\/tr><tr class=\"even sp-row-no-3\"><td class=\"data-rank\" data-label=\"Pozycja\">4<\/td><td class=\"data-name\" data-label=\"Klub\"><a href=\"https:\/\/lfsportevents.pl\/ligafutsalu2018\/team\/zbd\/\">ZBD<\/a><\/td><td class=\"data-p\" data-label=\"M\">3<\/td><td class=\"data-pts\" data-label=\"Pkt\">-1<\/td><td class=\"data-w\" data-label=\"Z\">0<\/td><td class=\"data-d\" data-label=\"R\">0<\/td><td class=\"data-l\" data-label=\"P\">3<\/td><td class=\"data-f\" data-label=\"BZ\">8<\/td><td class=\"data-a\" data-label=\"BS\">23<\/td><td class=\"data-gd\" data-label=\"+\/-\">-15<\/td><\/tr><\/tbody><\/table><\/div><\/div>\n<\/div>\n<p><b><span style=\"color: #ff0000;\">ZBD<\/span>\u00a0<\/b>\u2013 1 Pkt za walkower z 2 Rundy, z dnia 03.01.2019<\/p>\n<div class=\"sportspress\"><div class=\"sp-template sp-template-league-table\">\n\t<h4 class=\"sp-table-caption\">Puchar Ligi Futsalu &#8211; Gr. C<\/h4><div class=\"sp-table-wrapper\"><table class=\"sp-league-table sp-data-table sp-sortable-table sp-scrollable-table sp-paginated-table\" data-sp-rows=\"16\"><thead><tr><th class=\"data-rank\">Pozycja<\/th><th class=\"data-name\">Klub<\/th><th class=\"data-p\">M<\/th><th class=\"data-pts\">Pkt<\/th><th class=\"data-w\">Z<\/th><th class=\"data-d\">R<\/th><th class=\"data-l\">P<\/th><th class=\"data-f\">BZ<\/th><th class=\"data-a\">BS<\/th><th class=\"data-gd\">+\/-<\/th><\/tr><\/thead><tbody><tr class=\"odd sp-row-no-0\"><td class=\"data-rank\" data-label=\"Pozycja\">1<\/td><td class=\"data-name\" data-label=\"Klub\"><a href=\"https:\/\/lfsportevents.pl\/ligafutsalu2018\/team\/gold-team\/\">Gold Team\/Meble Lorek<\/a><\/td><td class=\"data-p\" data-label=\"M\">8<\/td><td class=\"data-pts\" data-label=\"Pkt\">19<\/td><td class=\"data-w\" data-label=\"Z\">6<\/td><td class=\"data-d\" data-label=\"R\">1<\/td><td class=\"data-l\" data-label=\"P\">1<\/td><td class=\"data-f\" data-label=\"BZ\">44<\/td><td class=\"data-a\" data-label=\"BS\">16<\/td><td class=\"data-gd\" data-label=\"+\/-\">28<\/td><\/tr><tr class=\"even sp-row-no-1\"><td class=\"data-rank\" data-label=\"Pozycja\">2<\/td><td class=\"data-name\" data-label=\"Klub\"><a href=\"https:\/\/lfsportevents.pl\/ligafutsalu2018\/team\/greenpowerns\/\">Greenpowerns<\/a><\/td><td class=\"data-p\" data-label=\"M\">3<\/td><td class=\"data-pts\" data-label=\"Pkt\">6<\/td><td class=\"data-w\" data-label=\"Z\">2<\/td><td class=\"data-d\" data-label=\"R\">0<\/td><td class=\"data-l\" data-label=\"P\">1<\/td><td class=\"data-f\" data-label=\"BZ\">5<\/td><td class=\"data-a\" data-label=\"BS\">6<\/td><td class=\"data-gd\" data-label=\"+\/-\">-1<\/td><\/tr><tr class=\"odd sp-row-no-2\"><td class=\"data-rank\" data-label=\"Pozycja\">3<\/td><td class=\"data-name\" data-label=\"Klub\"><a href=\"https:\/\/lfsportevents.pl\/ligafutsalu2018\/team\/casablanca-niskowa\/\">Casablanca Niskowa<\/a><\/td><td class=\"data-p\" data-label=\"M\">3<\/td><td class=\"data-pts\" data-label=\"Pkt\">3<\/td><td class=\"data-w\" data-label=\"Z\">1<\/td><td class=\"data-d\" data-label=\"R\">0<\/td><td class=\"data-l\" data-label=\"P\">2<\/td><td class=\"data-f\" data-label=\"BZ\">10<\/td><td class=\"data-a\" data-label=\"BS\">8<\/td><td class=\"data-gd\" data-label=\"+\/-\">2<\/td><\/tr><tr class=\"even sp-row-no-3\"><td class=\"data-rank\" data-label=\"Pozycja\">4<\/td><td class=\"data-name\" data-label=\"Klub\"><a href=\"https:\/\/lfsportevents.pl\/ligafutsalu2018\/team\/batimowcy\/\">Batimowcy<\/a><\/td><td class=\"data-p\" data-label=\"M\">3<\/td><td class=\"data-pts\" data-label=\"Pkt\">0<\/td><td class=\"data-w\" data-label=\"Z\">0<\/td><td class=\"data-d\" data-label=\"R\">0<\/td><td class=\"data-l\" data-label=\"P\">3<\/td><td class=\"data-f\" data-label=\"BZ\">2<\/td><td class=\"data-a\" data-label=\"BS\">21<\/td><td class=\"data-gd\" data-label=\"+\/-\">-19<\/td><\/tr><\/tbody><\/table><\/div><\/div>\n<\/div>\n<div class=\"sportspress\"><div class=\"sp-template sp-template-league-table\">\n\t<h4 class=\"sp-table-caption\">Puchar Ligi Futsalu &#8211; Gr. D<\/h4><div class=\"sp-table-wrapper\"><table class=\"sp-league-table sp-data-table sp-sortable-table sp-scrollable-table sp-paginated-table\" data-sp-rows=\"16\"><thead><tr><th class=\"data-rank\">Pozycja<\/th><th class=\"data-name\">Klub<\/th><th class=\"data-p\">M<\/th><th class=\"data-pts\">Pkt<\/th><th class=\"data-w\">Z<\/th><th class=\"data-d\">R<\/th><th class=\"data-l\">P<\/th><th class=\"data-f\">BZ<\/th><th class=\"data-a\">BS<\/th><th class=\"data-gd\">+\/-<\/th><\/tr><\/thead><tbody><tr class=\"odd sp-row-no-0\"><td class=\"data-rank\" data-label=\"Pozycja\">1<\/td><td class=\"data-name\" data-label=\"Klub\"><a href=\"https:\/\/lfsportevents.pl\/ligafutsalu2018\/team\/q-graf\/\">Tylicz Ski<\/a><\/td><td class=\"data-p\" data-label=\"M\">7<\/td><td class=\"data-pts\" data-label=\"Pkt\">15<\/td><td class=\"data-w\" data-label=\"Z\">5<\/td><td class=\"data-d\" data-label=\"R\">0<\/td><td class=\"data-l\" data-label=\"P\">2<\/td><td class=\"data-f\" data-label=\"BZ\">40<\/td><td class=\"data-a\" data-label=\"BS\">18<\/td><td class=\"data-gd\" data-label=\"+\/-\">22<\/td><\/tr><tr class=\"even sp-row-no-1\"><td class=\"data-rank\" data-label=\"Pozycja\">2<\/td><td class=\"data-name\" data-label=\"Klub\"><a href=\"https:\/\/lfsportevents.pl\/ligafutsalu2018\/team\/meble-kocemba-frb-wozniak\/\">Meble Kocemba\/FRB Wo\u017aniak<\/a><\/td><td class=\"data-p\" data-label=\"M\">7<\/td><td class=\"data-pts\" data-label=\"Pkt\">12<\/td><td class=\"data-w\" data-label=\"Z\">4<\/td><td class=\"data-d\" data-label=\"R\">0<\/td><td class=\"data-l\" data-label=\"P\">3<\/td><td class=\"data-f\" data-label=\"BZ\">25<\/td><td class=\"data-a\" data-label=\"BS\">21<\/td><td class=\"data-gd\" data-label=\"+\/-\">4<\/td><\/tr><tr class=\"odd sp-row-no-2\"><td class=\"data-rank\" data-label=\"Pozycja\">3<\/td><td class=\"data-name\" data-label=\"Klub\"><a href=\"https:\/\/lfsportevents.pl\/ligafutsalu2018\/team\/dukat-antykwariat\/\">Bruk-Ogr\u00f3d-Nowak<\/a><\/td><td class=\"data-p\" data-label=\"M\">3<\/td><td class=\"data-pts\" data-label=\"Pkt\">3<\/td><td class=\"data-w\" data-label=\"Z\">1<\/td><td class=\"data-d\" data-label=\"R\">0<\/td><td class=\"data-l\" data-label=\"P\">2<\/td><td class=\"data-f\" data-label=\"BZ\">11<\/td><td class=\"data-a\" data-label=\"BS\">14<\/td><td class=\"data-gd\" data-label=\"+\/-\">-3<\/td><\/tr><tr class=\"even sp-row-no-3\"><td class=\"data-rank\" data-label=\"Pozycja\">4<\/td><td class=\"data-name\" data-label=\"Klub\"><a href=\"https:\/\/lfsportevents.pl\/ligafutsalu2018\/team\/podmuch-palestyna\/\">Ibis Styles N.S.<\/a><\/td><td class=\"data-p\" data-label=\"M\">3<\/td><td class=\"data-pts\" data-label=\"Pkt\">0<\/td><td class=\"data-w\" data-label=\"Z\">0<\/td><td class=\"data-d\" data-label=\"R\">0<\/td><td class=\"data-l\" data-label=\"P\">3<\/td><td class=\"data-f\" data-label=\"BZ\">4<\/td><td class=\"data-a\" data-label=\"BS\">17<\/td><td class=\"data-gd\" data-label=\"+\/-\">-13<\/td><\/tr><\/tbody><\/table><\/div><\/div>\n<\/div>\n<div class=\"sportspress\"><div class=\"sp-template sp-template-league-table\">\n\t<h4 class=\"sp-table-caption\">Puchar Ligi Futsalu &#8211; Gr. E<\/h4><div class=\"sp-table-wrapper\"><table class=\"sp-league-table sp-data-table sp-sortable-table sp-scrollable-table sp-paginated-table\" data-sp-rows=\"16\"><thead><tr><th class=\"data-rank\">Pozycja<\/th><th class=\"data-name\">Klub<\/th><th class=\"data-p\">M<\/th><th class=\"data-pts\">Pkt<\/th><th class=\"data-w\">Z<\/th><th class=\"data-d\">R<\/th><th class=\"data-l\">P<\/th><th class=\"data-f\">BZ<\/th><th class=\"data-a\">BS<\/th><th class=\"data-gd\">+\/-<\/th><\/tr><\/thead><tbody><tr class=\"odd sp-row-no-0\"><td class=\"data-rank\" data-label=\"Pozycja\">1<\/td><td class=\"data-name\" data-label=\"Klub\"><a href=\"https:\/\/lfsportevents.pl\/ligafutsalu2018\/team\/dom-kredytowy-notus\/\">Notus Finanse<\/a><\/td><td class=\"data-p\" data-label=\"M\">8<\/td><td class=\"data-pts\" data-label=\"Pkt\">15<\/td><td class=\"data-w\" data-label=\"Z\">5<\/td><td class=\"data-d\" data-label=\"R\">0<\/td><td class=\"data-l\" data-label=\"P\">3<\/td><td class=\"data-f\" data-label=\"BZ\">35<\/td><td class=\"data-a\" data-label=\"BS\">20<\/td><td class=\"data-gd\" data-label=\"+\/-\">15<\/td><\/tr><tr class=\"even sp-row-no-1\"><td class=\"data-rank\" data-label=\"Pozycja\">2<\/td><td class=\"data-name\" data-label=\"Klub\"><a href=\"https:\/\/lfsportevents.pl\/ligafutsalu2018\/team\/sonycarforum\/\">Sony Centre<\/a><\/td><td class=\"data-p\" data-label=\"M\">5<\/td><td class=\"data-pts\" data-label=\"Pkt\">12<\/td><td class=\"data-w\" data-label=\"Z\">4<\/td><td class=\"data-d\" data-label=\"R\">0<\/td><td class=\"data-l\" data-label=\"P\">1<\/td><td class=\"data-f\" data-label=\"BZ\">22<\/td><td class=\"data-a\" data-label=\"BS\">18<\/td><td class=\"data-gd\" data-label=\"+\/-\">4<\/td><\/tr><tr class=\"odd sp-row-no-2\"><td class=\"data-rank\" data-label=\"Pozycja\">3<\/td><td class=\"data-name\" data-label=\"Klub\"><a href=\"https:\/\/lfsportevents.pl\/ligafutsalu2018\/team\/walczyk-optyk\/\">Walczyk Optyk<\/a><\/td><td class=\"data-p\" data-label=\"M\">3<\/td><td class=\"data-pts\" data-label=\"Pkt\">3<\/td><td class=\"data-w\" data-label=\"Z\">1<\/td><td class=\"data-d\" data-label=\"R\">0<\/td><td class=\"data-l\" data-label=\"P\">2<\/td><td class=\"data-f\" data-label=\"BZ\">14<\/td><td class=\"data-a\" data-label=\"BS\">17<\/td><td class=\"data-gd\" data-label=\"+\/-\">-3<\/td><\/tr><tr class=\"even sp-row-no-3\"><td class=\"data-rank\" data-label=\"Pozycja\">4<\/td><td class=\"data-name\" data-label=\"Klub\"><a href=\"https:\/\/lfsportevents.pl\/ligafutsalu2018\/team\/tradycja-fabryka-okien\/\">Tradycja Fabryka Okien<\/a><\/td><td class=\"data-p\" data-label=\"M\">3<\/td><td class=\"data-pts\" data-label=\"Pkt\">0<\/td><td class=\"data-w\" data-label=\"Z\">0<\/td><td class=\"data-d\" data-label=\"R\">0<\/td><td class=\"data-l\" data-label=\"P\">3<\/td><td class=\"data-f\" data-label=\"BZ\">3<\/td><td class=\"data-a\" data-label=\"BS\">24<\/td><td class=\"data-gd\" data-label=\"+\/-\">-21<\/td><\/tr><\/tbody><\/table><\/div><\/div>\n<\/div>\n","protected":false},"excerpt":{"rendered":"<p>Legenda: M = Mecze Rozegrane Pkt = Punkty Z = Zwyci\u0119stwa R = Remisy P = Pora\u017cki BZ = Bramki zdobyte BS = Bramki stracone +\/- = R\u00f3\u017cnica bramek Miejsce 1\u00a0(bezpo\u015bredni awans do 4 Rundy &#8211; \u0107wier\u0107fina\u0142y) Miejsce 2\u00a0(trzy dru\u017cyny z najlepszym bilansem z miejsca 2 uzyskaj\u0105 awans do 4 Rundy &#8211; \u0107wier\u0107fina\u0142y) ZBD\u00a0\u2013 1 [&hellip;]<\/p>\n","protected":false},"author":1,"featured_media":0,"parent":219,"menu_order":0,"comment_status":"closed","ping_status":"closed","template":"","meta":{"footnotes":""},"_links":{"self":[{"href":"https:\/\/lfsportevents.pl\/ligafutsalu2018\/wp-json\/wp\/v2\/pages\/13740"}],"collection":[{"href":"https:\/\/lfsportevents.pl\/ligafutsalu2018\/wp-json\/wp\/v2\/pages"}],"about":[{"href":"https:\/\/lfsportevents.pl\/ligafutsalu2018\/wp-json\/wp\/v2\/types\/page"}],"author":[{"embeddable":true,"href":"https:\/\/lfsportevents.pl\/ligafutsalu2018\/wp-json\/wp\/v2\/users\/1"}],"replies":[{"embeddable":true,"href":"https:\/\/lfsportevents.pl\/ligafutsalu2018\/wp-json\/wp\/v2\/comments?post=13740"}],"version-history":[{"count":2,"href":"https:\/\/lfsportevents.pl\/ligafutsalu2018\/wp-json\/wp\/v2\/pages\/13740\/revisions"}],"predecessor-version":[{"id":16278,"href":"https:\/\/lfsportevents.pl\/ligafutsalu2018\/wp-json\/wp\/v2\/pages\/13740\/revisions\/16278"}],"up":[{"embeddable":true,"href":"https:\/\/lfsportevents.pl\/ligafutsalu2018\/wp-json\/wp\/v2\/pages\/219"}],"wp:attachment":[{"href":"https:\/\/lfsportevents.pl\/ligafutsalu2018\/wp-json\/wp\/v2\/media?parent=13740"}],"curies":[{"name":"wp","href":"https:\/\/api.w.org\/{rel}","templated":true}]}}