{"id":13708,"date":"2018-09-19T23:45:09","date_gmt":"2018-09-19T21:45:09","guid":{"rendered":"https:\/\/lfsportevents.pl\/ligafutsalu2018\/i-liga\/tabela-copy\/"},"modified":"2019-02-06T08:53:46","modified_gmt":"2019-02-06T07:53:46","slug":"tabela","status":"publish","type":"page","link":"https:\/\/lfsportevents.pl\/ligafutsalu2018\/ii-liga\/tabela\/","title":{"rendered":"Tabela"},"content":{"rendered":"<div class=\"legenda\">\n<p>Legenda:<\/p>\n<div class=\"item\"><b>M<\/b>\u00a0= Mecze Rozegrane<\/div>\n<div class=\"item\"><b>Pkt<\/b>\u00a0= Punkty<\/div>\n<div class=\"item\"><b>Z<\/b>\u00a0= Zwyci\u0119stwa<\/div>\n<div class=\"item\"><b>R<\/b>\u00a0= Remisy<\/div>\n<div class=\"item\"><b>P<\/b>\u00a0= Pora\u017cki<\/div>\n<div class=\"item\"><b>BZ<\/b>\u00a0= Bramki zdobyte<\/div>\n<div class=\"item\"><b>BS<\/b>\u00a0= Bramki stracone<\/div>\n<div class=\"item\"><b>+\/-<\/b>\u00a0= R\u00f3\u017cnica bramek<\/div>\n<div class=\"item\"><strong style=\"color: #00ccff;\">Miejsca 1-5<\/strong><span style=\"color: #00ccff;\"> (grupa mistrzowska)<\/span><\/div>\n<div class=\"item\"><span style=\"color: #ff99cc;\"><strong>Miejsca 6-10<\/strong> (grupa spadkowa)<\/span><\/div>\n<div class=\"item\"><span style=\"color: #1dcc54;\"><strong>Miejsce 1-2<\/strong>\u00a0(bezpo\u015bredni awans do I Ligi)<\/span><\/div>\n<div class=\"item\"><span style=\"color: #38e890;\"><strong>Miejsce 3<\/strong>\u00a0(bara\u017c z 8 dru\u017cyn\u0105 I Ligi)<\/span><\/div>\n<div class=\"item\"><span style=\"color: #ff0000;\"><strong>Miejsce 8-10<\/strong> (ewentualny spadek III Ligi)<\/span><\/div>\n<\/div>\n<div><\/div>\n<div>\n<h2>TABELA PO 1 RUNDZIE<\/h2>\n<\/div>\n<p><img loading=\"lazy\" decoding=\"async\" class=\"alignnone size-full wp-image-16389\" src=\"https:\/\/lfsportevents.pl\/ligafutsalu2018\/wp-content\/uploads\/2019\/01\/Tabela_\u2013_2liga.png\" alt=\"\" width=\"854\" height=\"484\" srcset=\"https:\/\/lfsportevents.pl\/ligafutsalu2018\/wp-content\/uploads\/2019\/01\/Tabela_\u2013_2liga.png 854w, https:\/\/lfsportevents.pl\/ligafutsalu2018\/wp-content\/uploads\/2019\/01\/Tabela_\u2013_2liga-300x170.png 300w, https:\/\/lfsportevents.pl\/ligafutsalu2018\/wp-content\/uploads\/2019\/01\/Tabela_\u2013_2liga-768x435.png 768w, https:\/\/lfsportevents.pl\/ligafutsalu2018\/wp-content\/uploads\/2019\/01\/Tabela_\u2013_2liga-128x73.png 128w, https:\/\/lfsportevents.pl\/ligafutsalu2018\/wp-content\/uploads\/2019\/01\/Tabela_\u2013_2liga-32x18.png 32w, https:\/\/lfsportevents.pl\/ligafutsalu2018\/wp-content\/uploads\/2019\/01\/Tabela_\u2013_2liga-550x312.png 550w\" sizes=\"(max-width: 854px) 100vw, 854px\" \/><br \/>\n<span style=\"color: #ff0000;\"><b>ZBD\u00a0<\/b><\/span>\u2013 1 Pkt za walkower z 3 kolejki, z dnia 20.11.2018<\/p>\n<h2>TABELA 2 RUNDY Z PODZIA\u0141EM NA GRUPY<\/h2>\n<div class=\"sportspress\"><div class=\"sp-template sp-template-league-table\">\n\t<h4 class=\"sp-table-caption\">II Liga - Grupa Mistrzowska<\/h4><div class=\"sp-table-wrapper\"><table class=\"sp-league-table sp-data-table sp-sortable-table sp-scrollable-table sp-paginated-table\" data-sp-rows=\"16\"><thead><tr><th class=\"data-rank\">Pozycja<\/th><th class=\"data-name\">Klub<\/th><th class=\"data-p\">M<\/th><th class=\"data-pts\">Pkt<\/th><th class=\"data-w\">Z<\/th><th class=\"data-d\">R<\/th><th class=\"data-l\">P<\/th><th class=\"data-f\">BZ<\/th><th class=\"data-a\">BS<\/th><th class=\"data-gd\">+\/-<\/th><\/tr><\/thead><tbody><tr class=\"odd sp-row-no-0\"><td class=\"data-rank\" data-label=\"Pozycja\">1<\/td><td class=\"data-name\" data-label=\"Klub\"><a href=\"https:\/\/lfsportevents.pl\/ligafutsalu2018\/team\/greenpowerns\/\">Greenpowerns<\/a><\/td><td class=\"data-p\" data-label=\"M\">13<\/td><td class=\"data-pts\" data-label=\"Pkt\">31<\/td><td class=\"data-w\" data-label=\"Z\">10<\/td><td class=\"data-d\" data-label=\"R\">1<\/td><td class=\"data-l\" data-label=\"P\">2<\/td><td class=\"data-f\" data-label=\"BZ\">70<\/td><td class=\"data-a\" data-label=\"BS\">29<\/td><td class=\"data-gd\" data-label=\"+\/-\">41<\/td><\/tr><tr class=\"even sp-row-no-1\"><td class=\"data-rank\" data-label=\"Pozycja\">2<\/td><td class=\"data-name\" data-label=\"Klub\"><a href=\"https:\/\/lfsportevents.pl\/ligafutsalu2018\/team\/walczyk-optyk\/\">Walczyk Optyk<\/a><\/td><td class=\"data-p\" data-label=\"M\">13<\/td><td class=\"data-pts\" data-label=\"Pkt\">27<\/td><td class=\"data-w\" data-label=\"Z\">9<\/td><td class=\"data-d\" data-label=\"R\">0<\/td><td class=\"data-l\" data-label=\"P\">4<\/td><td class=\"data-f\" data-label=\"BZ\">99<\/td><td class=\"data-a\" data-label=\"BS\">64<\/td><td class=\"data-gd\" data-label=\"+\/-\">35<\/td><\/tr><tr class=\"odd sp-row-no-2\"><td class=\"data-rank\" data-label=\"Pozycja\">3<\/td><td class=\"data-name\" data-label=\"Klub\"><a href=\"https:\/\/lfsportevents.pl\/ligafutsalu2018\/team\/newag\/\">Newag<\/a><\/td><td class=\"data-p\" data-label=\"M\">13<\/td><td class=\"data-pts\" data-label=\"Pkt\">22<\/td><td class=\"data-w\" data-label=\"Z\">7<\/td><td class=\"data-d\" data-label=\"R\">1<\/td><td class=\"data-l\" data-label=\"P\">5<\/td><td class=\"data-f\" data-label=\"BZ\">59<\/td><td class=\"data-a\" data-label=\"BS\">52<\/td><td class=\"data-gd\" data-label=\"+\/-\">7<\/td><\/tr><tr class=\"even sp-row-no-3\"><td class=\"data-rank\" data-label=\"Pozycja\">4<\/td><td class=\"data-name\" data-label=\"Klub\"><a href=\"https:\/\/lfsportevents.pl\/ligafutsalu2018\/team\/gosdrob\/\">Gosdrob<\/a><\/td><td class=\"data-p\" data-label=\"M\">13<\/td><td class=\"data-pts\" data-label=\"Pkt\">21<\/td><td class=\"data-w\" data-label=\"Z\">7<\/td><td class=\"data-d\" data-label=\"R\">0<\/td><td class=\"data-l\" data-label=\"P\">6<\/td><td class=\"data-f\" data-label=\"BZ\">61<\/td><td class=\"data-a\" data-label=\"BS\">63<\/td><td class=\"data-gd\" data-label=\"+\/-\">-2<\/td><\/tr><tr class=\"odd sp-row-no-4\"><td class=\"data-rank\" data-label=\"Pozycja\">5<\/td><td class=\"data-name\" data-label=\"Klub\"><a href=\"https:\/\/lfsportevents.pl\/ligafutsalu2018\/team\/instalservice\/\">Instalservice<\/a><\/td><td class=\"data-p\" data-label=\"M\">13<\/td><td class=\"data-pts\" data-label=\"Pkt\">16<\/td><td class=\"data-w\" data-label=\"Z\">5<\/td><td class=\"data-d\" data-label=\"R\">1<\/td><td class=\"data-l\" data-label=\"P\">7<\/td><td class=\"data-f\" data-label=\"BZ\">40<\/td><td class=\"data-a\" data-label=\"BS\">47<\/td><td class=\"data-gd\" data-label=\"+\/-\">-7<\/td><\/tr><\/tbody><\/table><\/div><\/div>\n<\/div>\n<div class=\"sportspress\"><div class=\"sp-template sp-template-league-table\">\n\t<h4 class=\"sp-table-caption\">II Liga - Grupa Spadkowa<\/h4><div class=\"sp-table-wrapper\"><table class=\"sp-league-table sp-data-table sp-sortable-table sp-scrollable-table sp-paginated-table\" data-sp-rows=\"16\"><thead><tr><th class=\"data-rank\">Pozycja<\/th><th class=\"data-name\">Klub<\/th><th class=\"data-p\">M<\/th><th class=\"data-pts\">Pkt<\/th><th class=\"data-w\">Z<\/th><th class=\"data-d\">R<\/th><th class=\"data-l\">P<\/th><th class=\"data-f\">BZ<\/th><th class=\"data-a\">BS<\/th><th class=\"data-gd\">+\/-<\/th><\/tr><\/thead><tbody><tr class=\"odd sp-row-no-0\"><td class=\"data-rank\" data-label=\"Pozycja\">1<\/td><td class=\"data-name\" data-label=\"Klub\"><a href=\"https:\/\/lfsportevents.pl\/ligafutsalu2018\/team\/baz-pal-ii\/\">Baz Pal II<\/a><\/td><td class=\"data-p\" data-label=\"M\">13<\/td><td class=\"data-pts\" data-label=\"Pkt\">22<\/td><td class=\"data-w\" data-label=\"Z\">6<\/td><td class=\"data-d\" data-label=\"R\">4<\/td><td class=\"data-l\" data-label=\"P\">3<\/td><td class=\"data-f\" data-label=\"BZ\">79<\/td><td class=\"data-a\" data-label=\"BS\">67<\/td><td class=\"data-gd\" data-label=\"+\/-\">12<\/td><\/tr><tr class=\"even sp-row-no-1\"><td class=\"data-rank\" data-label=\"Pozycja\">2<\/td><td class=\"data-name\" data-label=\"Klub\"><a href=\"https:\/\/lfsportevents.pl\/ligafutsalu2018\/team\/zbd\/\">ZBD<\/a><\/td><td class=\"data-p\" data-label=\"M\">13<\/td><td class=\"data-pts\" data-label=\"Pkt\">17<\/td><td class=\"data-w\" data-label=\"Z\">5<\/td><td class=\"data-d\" data-label=\"R\">3<\/td><td class=\"data-l\" data-label=\"P\">5<\/td><td class=\"data-f\" data-label=\"BZ\">71<\/td><td class=\"data-a\" data-label=\"BS\">69<\/td><td class=\"data-gd\" data-label=\"+\/-\">2<\/td><\/tr><tr class=\"odd sp-row-no-2\"><td class=\"data-rank\" data-label=\"Pozycja\">3<\/td><td class=\"data-name\" data-label=\"Klub\"><a href=\"https:\/\/lfsportevents.pl\/ligafutsalu2018\/team\/casablanca-niskowa\/\">Casablanca Niskowa<\/a><\/td><td class=\"data-p\" data-label=\"M\">13<\/td><td class=\"data-pts\" data-label=\"Pkt\">11<\/td><td class=\"data-w\" data-label=\"Z\">3<\/td><td class=\"data-d\" data-label=\"R\">2<\/td><td class=\"data-l\" data-label=\"P\">8<\/td><td class=\"data-f\" data-label=\"BZ\">55<\/td><td class=\"data-a\" data-label=\"BS\">75<\/td><td class=\"data-gd\" data-label=\"+\/-\">-20<\/td><\/tr><tr class=\"even sp-row-no-3\"><td class=\"data-rank\" data-label=\"Pozycja\">4<\/td><td class=\"data-name\" data-label=\"Klub\"><a href=\"https:\/\/lfsportevents.pl\/ligafutsalu2018\/team\/akademia-goal\/\">Akademia Goal<\/a><\/td><td class=\"data-p\" data-label=\"M\">13<\/td><td class=\"data-pts\" data-label=\"Pkt\">9<\/td><td class=\"data-w\" data-label=\"Z\">2<\/td><td class=\"data-d\" data-label=\"R\">4<\/td><td class=\"data-l\" data-label=\"P\">7<\/td><td class=\"data-f\" data-label=\"BZ\">35<\/td><td class=\"data-a\" data-label=\"BS\">62<\/td><td class=\"data-gd\" data-label=\"+\/-\">-27<\/td><\/tr><tr class=\"odd sp-row-no-4\"><td class=\"data-rank\" data-label=\"Pozycja\">5<\/td><td class=\"data-name\" data-label=\"Klub\"><a href=\"https:\/\/lfsportevents.pl\/ligafutsalu2018\/team\/el-kag-team\/\">El-Kag Team<\/a><\/td><td class=\"data-p\" data-label=\"M\">13<\/td><td class=\"data-pts\" data-label=\"Pkt\">8<\/td><td class=\"data-w\" data-label=\"Z\">2<\/td><td class=\"data-d\" data-label=\"R\">2<\/td><td class=\"data-l\" data-label=\"P\">9<\/td><td class=\"data-f\" data-label=\"BZ\">41<\/td><td class=\"data-a\" data-label=\"BS\">82<\/td><td class=\"data-gd\" data-label=\"+\/-\">-41<\/td><\/tr><\/tbody><\/table><\/div><\/div>\n<\/div>\n<p><span style=\"color: #ff0000;\"><b>Akademia Goal\u00a0<\/b><\/span>\u2013 1 Pkt za walkower z 11 kolejki, z dnia 05.02.2019<\/p>\n","protected":false},"excerpt":{"rendered":"<p>Legenda: M\u00a0= Mecze Rozegrane Pkt\u00a0= Punkty Z\u00a0= Zwyci\u0119stwa R\u00a0= Remisy P\u00a0= Pora\u017cki BZ\u00a0= Bramki zdobyte BS\u00a0= Bramki stracone +\/-\u00a0= R\u00f3\u017cnica bramek Miejsca 1-5 (grupa mistrzowska) Miejsca 6-10 (grupa spadkowa) Miejsce 1-2\u00a0(bezpo\u015bredni awans do I Ligi) Miejsce 3\u00a0(bara\u017c z 8 dru\u017cyn\u0105 I Ligi) Miejsce 8-10 (ewentualny spadek III Ligi) TABELA PO 1 RUNDZIE ZBD\u00a0\u2013 1 Pkt [&hellip;]<\/p>\n","protected":false},"author":1,"featured_media":0,"parent":13689,"menu_order":0,"comment_status":"closed","ping_status":"closed","template":"","meta":{"footnotes":""},"_links":{"self":[{"href":"https:\/\/lfsportevents.pl\/ligafutsalu2018\/wp-json\/wp\/v2\/pages\/13708"}],"collection":[{"href":"https:\/\/lfsportevents.pl\/ligafutsalu2018\/wp-json\/wp\/v2\/pages"}],"about":[{"href":"https:\/\/lfsportevents.pl\/ligafutsalu2018\/wp-json\/wp\/v2\/types\/page"}],"author":[{"embeddable":true,"href":"https:\/\/lfsportevents.pl\/ligafutsalu2018\/wp-json\/wp\/v2\/users\/1"}],"replies":[{"embeddable":true,"href":"https:\/\/lfsportevents.pl\/ligafutsalu2018\/wp-json\/wp\/v2\/comments?post=13708"}],"version-history":[{"count":3,"href":"https:\/\/lfsportevents.pl\/ligafutsalu2018\/wp-json\/wp\/v2\/pages\/13708\/revisions"}],"predecessor-version":[{"id":16568,"href":"https:\/\/lfsportevents.pl\/ligafutsalu2018\/wp-json\/wp\/v2\/pages\/13708\/revisions\/16568"}],"up":[{"embeddable":true,"href":"https:\/\/lfsportevents.pl\/ligafutsalu2018\/wp-json\/wp\/v2\/pages\/13689"}],"wp:attachment":[{"href":"https:\/\/lfsportevents.pl\/ligafutsalu2018\/wp-json\/wp\/v2\/media?parent=13708"}],"curies":[{"name":"wp","href":"https:\/\/api.w.org\/{rel}","templated":true}]}}