{"id":10964,"date":"2017-12-22T22:29:00","date_gmt":"2017-12-22T21:29:00","guid":{"rendered":"https:\/\/lfsportevents.pl\/ligafutsalu2018\/?page_id=10964"},"modified":"2019-01-15T15:07:23","modified_gmt":"2019-01-15T14:07:23","slug":"okienko-transferowe","status":"publish","type":"page","link":"https:\/\/lfsportevents.pl\/ligafutsalu2018\/okienko-transferowe\/","title":{"rendered":"Okienko transferowe"},"content":{"rendered":"<h1 style=\"text-align: center;\"><span style=\"color: #993300;\">OKIENKO TRANSFEROWE <span style=\"color: #339966;\">otwarte<\/span><\/span><\/h1>\n<h1 style=\"text-align: center;\"><strong><span style=\"color: #339966;\">24.12.2018<\/span> &#8211; <span style=\"color: #ff0000;\">14.01.2019<\/span><\/strong><\/h1>\n<p><strong>STOWARZYSZENIE DLA MIASTA \u2013\u00a0<span style=\"color: #ff0000;\">ODSZED\u0141\u00a0<\/span>\u2013\u00a0MATEUSZ ROLA<\/strong><\/p>\n<p><strong>STOWARZYSZENIE DLA MIASTA \u2013\u00a0<span style=\"color: #339966;\">PRZYSZED\u0141<\/span><span style=\"color: #339966;\">\u00a0<\/span>\u2013\u00a0SZYMON GROCHOLEWSKI<\/strong><\/p>\n<p><strong>BATIMOWCY &#8211; <span style=\"color: #339966;\">PRZYSZED\u0141<\/span> &#8211; MICHA\u0141 ZARYCH<\/strong><\/p>\n<p><strong>TRADYCJA FABRYKA OKIEN &#8211; <span style=\"color: #339966;\">PRZYSZED\u0141<\/span> &#8211; KAMIL RAJSKI<\/strong><\/p>\n<p><strong>MEBLE KOCEMBA\/FRB WO\u0179NIAK &#8211; <span style=\"color: #ff0000;\">ODSZED\u0141<\/span>\u00a0&#8211; AMADEUSZ BUDAJ<\/strong><\/p>\n<p><strong>MEBLE KOCEMBA\/FRB WO\u0179NIAK &#8211; <span style=\"color: #339966;\">PRZYSZED\u0141<\/span> &#8211; MICHA\u0141 K\u0141\u0118BCZYK<\/strong><\/p>\n<p><strong>IBIS STYLES N.S. &#8211; <span style=\"color: #339966;\">PRYSZED\u0141<\/span> &#8211; MIKO\u0141AJ WAJNERT<\/strong><\/p>\n<p><strong>BAZ PAL &#8211; <span style=\"color: #ff0000;\">ODSZED\u0141<\/span>\u00a0&#8211; MACIEJ WALIG\u00d3RA<\/strong><\/p>\n<p><strong>BAZ PAL &#8211; <span style=\"color: #339966;\">PRZYSZED\u0141<\/span> &#8211; ARKADIUSZ ZAWI\u015aLAN<\/strong><\/p>\n<p><strong>BRZEZNA &#8211; <span style=\"color: #339966;\">PRZYSZED\u0141<\/span>\u00a0&#8211; HUBERT SAMEK<\/strong><\/p>\n<p><strong>INSTALSERVICE &#8211;<span style=\"color: #ff0000;\"> ODSZED\u0141<\/span> &#8211; PRZEMYS\u0141AW KUNICKI<\/strong><\/p>\n<p><strong>INSTALSERVICE &#8211; <span style=\"color: #339966;\">PRZYSZED\u0141<\/span> &#8211; KRZYSZTOF MIREK<\/strong><\/p>\n<p><strong>INSTALSERVICE &#8211; <span style=\"color: #ff0000;\">ODSZED\u0141<\/span> &#8211; STANIS\u0141AW JAWORSKI<\/strong><\/p>\n<p><strong>INSTALSERVICE &#8211; <span style=\"color: #339966;\">PRZYSZED\u0141<\/span> &#8211; PIOTR BANIA<\/strong><\/p>\n<p><strong>BAZ PAL II &#8211;<span style=\"color: #339966;\"> PRZYSZED\u0141<\/span> &#8211; JAN ROSIEK\u00a0<\/strong><\/p>\n<p><strong>GAD\u017bET TEAM &#8211; <span style=\"color: #339966;\">PRZYSZED\u0141<\/span> &#8211; KAMIL KOGUT<\/strong><\/p>\n<p><strong>STAL-BUD NAWOJOWA &#8211; <span style=\"color: #339966;\">PRZYSZED\u0141<\/span> &#8211; MATEUSZ KR\u00d3L<\/strong><\/p>\n<p><strong>STAL-BUD NAWOJOWA &#8211; <span style=\"color: #339966;\">PRZYSZED\u0141<\/span> OSKAR GRABSKI<\/strong><\/p>\n<p><strong>STOWARZYSZENIE DLA MIASTA &#8211; <span style=\"color: #339966;\">PRZYSZED\u0141<\/span> &#8211; RAFA\u0141 PAJ\u0104K<\/strong><\/p>\n<p><strong>MEBLE KOCEMBA\/FRB WO\u0179NIAK &#8211; <span style=\"color: #339966;\">PRZYSZED\u0141<\/span> &#8211; JAKUB NOSAL<\/strong><\/p>\n<p><strong>TRADYCJA FABRYKA OKIEN &#8211; <span style=\"color: #339966;\">PRZYSZED\u0141<\/span> &#8211; MARIUSZ KROK<\/strong><\/p>\n<p><strong>TRADYCJA FABRYKA OKIEN &#8211; <span style=\"color: #ff0000;\">ODSZED\u0141<\/span> &#8211; MICHA\u0141 BUGAJSKI<\/strong><\/p>\n<p><strong>WI\u015aNIOWSKI II &#8211; <span style=\"color: #ff0000;\">ODSZED\u0141<\/span> &#8211; SEBASTIAN GARDO\u0143<\/strong><\/p>\n<p><strong>WI\u015aNIOWSKI II &#8211; <span style=\"color: #339966;\">PRZYSZED\u0141<\/span> &#8211; MARCIN ORZECHOWSKI<\/strong><\/p>\n<p><strong>KONSPOL HOLDING &#8211; <span style=\"color: #ff0000;\">ODSZED\u0141<\/span> &#8211; DAWID KOS<\/strong><\/p>\n<p><strong>KONSPOL HOLDING &#8211; <span style=\"color: #339966;\">PRZYSZED\u0141<\/span> &#8211; DOMINIK SIEDLARZ\u00a0<\/strong><\/p>\n<p><strong>ZBD &#8211; <span style=\"color: #ff0000;\">ODSZED\u0141<\/span> &#8211; MATEUSZ KO\u017bUCH<\/strong><\/p>\n<p><strong>ZBD &#8211; <span style=\"color: #339966;\">PRZYSZED\u0141<\/span> &#8211; \u0141UKASZ LE\u015aNIAK<\/strong><\/p>\n<p><strong>ZBD &#8211; <span style=\"color: #ff0000;\">ODSZED\u0141<\/span> &#8211; SEBASTIAN NOWAK<\/strong><\/p>\n<p><strong>ZBD &#8211; <span style=\"color: #339966;\">PRZYSZED\u0141<\/span> &#8211; STANIS\u0141AW HOROWSKI<\/strong><\/p>\n<p><strong>EL-KAG TEAM &#8211;<span style=\"color: #ff0000;\"> ODSZED\u0141<\/span> &#8211; ALAN GAWRON<\/strong><\/p>\n<p><strong>EL-KAG TEAM &#8211; <span style=\"color: #339966;\">PRZYSZED\u0141<\/span> &#8211; BARTOSZ KOZAK<\/strong><\/p>\n<p><strong>AKADEMIA GOAL &#8211; <span style=\"color: #339966;\">PRZYSZED\u0141<\/span> &#8211; S\u0141AWOMIR GA\u0141DA<\/strong><\/p>\n<p><strong>AKADEMIA GOAL &#8211; <span style=\"color: #339966;\">PRZYSZED\u0141<\/span> &#8211; KACPER REJTANOWICZ<\/strong><\/p>\n<p><strong>SONY CENTRE &#8211; <span style=\"color: #ff0000;\">ODSZED\u0141<\/span> &#8211; PIOTR TOMSIK<\/strong><\/p>\n<p><strong>SONY CENTRE &#8211; <span style=\"color: #339966;\">PRZYSZED\u0141<\/span> &#8211; SYLWESTER TOKARZ<\/strong><\/p>\n<p><strong>WI\u015aNIOWSKI &#8211; <span style=\"color: #ff0000;\">ODSZED\u0141<\/span> &#8211; KRYSTIAN KOIS<\/strong><\/p>\n<p><strong>WI\u015aNIOWSKI II- <span style=\"color: #339966;\">PRZYSZED\u0141<\/span> &#8211; KRYSTIAN KOIS<\/strong><\/p>\n<p><strong>WI\u015aNIOWSKI &#8211; <span style=\"color: #ff0000;\">ODSZED\u0141<\/span> &#8211; HUBERT OPOKA<\/strong><\/p>\n<p><strong>WI\u015aNIOWSKI II &#8211; <span style=\"color: #339966;\">PRZYSZED\u0141<\/span> &#8211; HUBERT OPOKA<\/strong><\/p>\n<p><b>WI\u015aNIOWSKI &#8211; <span style=\"color: #ff0000;\">ODSZED\u0141<\/span> &#8211; PAWE\u0141 KOCIO\u0141EK<\/b><\/p>\n<p><strong>WI\u015aNIOWSKI &#8211; <span style=\"color: #339966;\">PRZYSZED\u0141<\/span> &#8211; PRZEMYS\u0141AW RZESZUTO<\/strong><\/p>\n<p>&nbsp;<\/p>\n<p>&nbsp;<\/p>\n<p>&nbsp;<\/p>\n<h3><strong>LISTA TRANSFEROWA:<\/strong><\/h3>\n<p>&nbsp;<\/p>\n<div id=\"primary\" class=\"content-area\">\n<article id=\"post-11156\" class=\"post-11156 page type-page status-publish hentry article-hover\">\n<div class=\"entry-content\">\n<p><strong>Regulamin Okienka Transferowego.<\/strong><\/p>\n<ul>\n<li>Mo\u017cliwe jest dopisanie 3 zawodnik\u00f3w do listy, maksymalnie do 18 os\u00f3b<\/li>\n<li>Je\u015bli dru\u017cyna posiada pe\u0142n\u0105 list\u0119 18 os\u00f3b, mo\u017cna skre\u015bli\u0107 pi\u0142karzy nieaktywnych i w zamian za ich miejsce zakontraktowa\u0107 nowych.<\/li>\n<li>Mo\u017cna zrobi\u0107 3 transfery mi\u0119dzy dru\u017cynami.<\/li>\n<li>Nale\u017cy pami\u0119ta\u0107 by nie przekroczy\u0107 limit zawodnik\u00f3w czynnych.<\/li>\n<li>Mo\u017cna dopisa\u0107 lub wymieni\u0107 zawodnika amatora i czynnego, zgodnie z regulaminem<\/li>\n<li><strong>Amator\u00f3w mo\u017cna wymieni\u0107 dowolnie, czynnych dw\u00f3ch<\/strong><\/li>\n<li>Ch\u0119\u0107 skorzystania z okienka transferowego, nale\u017cy zg\u0142osi\u0107 tylko i wy\u0142\u0105cznie w formie pisemnej na adres mailowy:\u00a0biuro@lfsportevents.pl lub w razie pyta\u0144 prosimy dzwoni\u0107 na nr tel: 500-758-968<\/li>\n<li>Na stronie www.lfsportevents.pl pojawi\u0142a si\u0119 zak\u0142adka\u00a0<strong>OKIENKO TRANSFEROWE<\/strong>\u00a0gdzie b\u0119d\u0105 podawane informacje o nowych zawodnikach i transferach.<\/li>\n<\/ul>\n<\/div>\n<\/article>\n<\/div>\n<div id=\"secondary\" class=\"widget-area\" role=\"complementary\">\n<div class=\"sp-widget-align-none\">\n<div id=\"sportspress-countdown-3\" class=\"all-devices widget widget_sportspress widget_countdown widget_sp_countdown\"><\/div>\n<\/div>\n<div id=\"text-17\" class=\"all-devices sponsor widget widget_text\"><\/div>\n<div id=\"text-10\" class=\"all-devices sponsor widget widget_text\">\n<div class=\"textwidget\"><\/div>\n<\/div>\n<\/div>\n","protected":false},"excerpt":{"rendered":"<p>OKIENKO TRANSFEROWE otwarte 24.12.2018 &#8211; 14.01.2019 STOWARZYSZENIE DLA MIASTA \u2013\u00a0ODSZED\u0141\u00a0\u2013\u00a0MATEUSZ ROLA STOWARZYSZENIE DLA MIASTA \u2013\u00a0PRZYSZED\u0141\u00a0\u2013\u00a0SZYMON GROCHOLEWSKI BATIMOWCY &#8211; PRZYSZED\u0141 &#8211; MICHA\u0141 ZARYCH TRADYCJA FABRYKA OKIEN &#8211; PRZYSZED\u0141 &#8211; KAMIL RAJSKI MEBLE KOCEMBA\/FRB WO\u0179NIAK &#8211; ODSZED\u0141\u00a0&#8211; AMADEUSZ BUDAJ MEBLE KOCEMBA\/FRB WO\u0179NIAK &#8211; PRZYSZED\u0141 &#8211; MICHA\u0141 K\u0141\u0118BCZYK IBIS STYLES N.S. &#8211; PRYSZED\u0141 &#8211; MIKO\u0141AJ WAJNERT BAZ PAL [&hellip;]<\/p>\n","protected":false},"author":1,"featured_media":0,"parent":0,"menu_order":0,"comment_status":"closed","ping_status":"closed","template":"","meta":{"footnotes":""},"_links":{"self":[{"href":"https:\/\/lfsportevents.pl\/ligafutsalu2018\/wp-json\/wp\/v2\/pages\/10964"}],"collection":[{"href":"https:\/\/lfsportevents.pl\/ligafutsalu2018\/wp-json\/wp\/v2\/pages"}],"about":[{"href":"https:\/\/lfsportevents.pl\/ligafutsalu2018\/wp-json\/wp\/v2\/types\/page"}],"author":[{"embeddable":true,"href":"https:\/\/lfsportevents.pl\/ligafutsalu2018\/wp-json\/wp\/v2\/users\/1"}],"replies":[{"embeddable":true,"href":"https:\/\/lfsportevents.pl\/ligafutsalu2018\/wp-json\/wp\/v2\/comments?post=10964"}],"version-history":[{"count":2,"href":"https:\/\/lfsportevents.pl\/ligafutsalu2018\/wp-json\/wp\/v2\/pages\/10964\/revisions"}],"predecessor-version":[{"id":16369,"href":"https:\/\/lfsportevents.pl\/ligafutsalu2018\/wp-json\/wp\/v2\/pages\/10964\/revisions\/16369"}],"wp:attachment":[{"href":"https:\/\/lfsportevents.pl\/ligafutsalu2018\/wp-json\/wp\/v2\/media?parent=10964"}],"curies":[{"name":"wp","href":"https:\/\/api.w.org\/{rel}","templated":true}]}}