{"id":8190,"date":"2017-09-20T10:09:09","date_gmt":"2017-09-20T08:09:09","guid":{"rendered":"https:\/\/lfsportevents.pl\/ligafutsalu\/?page_id=8190"},"modified":"2025-11-03T17:55:17","modified_gmt":"2025-11-03T16:55:17","slug":"zolte-k","status":"publish","type":"page","link":"https:\/\/lfsportevents.pl\/ligafutsalu\/puchar-ligi\/zolte-k\/","title":{"rendered":"Z\u00f3\u0142te k."},"content":{"rendered":"<div class=\"sportspress\"><h4 class=\"sp-table-caption\">\u017b\u00f3\u0142te kartki \u2013 Puchar Ligi Futsalu<\/h4><div class=\"sp-template sp-template-player-list\"><div class=\"sp-table-wrapper\"><table class=\"sp-player-list sp-data-table sp-sortable-table sp-scrollable-table sp-paginated-table\" data-sp-rows=\"80\"><thead><tr><th class=\"data-rank\">Ranga<\/th><th class=\"data-name\">Zawodnik<\/th><th class=\"data-team\">Klub<\/th><th class=\"data-yellowcards\">\u017b\u00f3\u0142te kartki<\/th><\/tr><\/thead><tbody><tr class=\"odd\"><td class=\"data-rank\" data-label=\"#\">1<\/td><td class=\"data-name has-photo\" data-label=\"Zawodnik\"><a href=\"https:\/\/lfsportevents.pl\/ligafutsalu\/player\/jakub-biel\/\"><span class=\"player-photo\"><img loading=\"lazy\" decoding=\"async\" width=\"96\" height=\"128\" src=\"https:\/\/lfsportevents.pl\/ligafutsalu\/wp-content\/uploads\/1992\/11\/Jakub-Biel-1-96x128.jpg\" class=\"attachment-sportspress-fit-icon size-sportspress-fit-icon wp-post-image\" alt=\"\" \/><\/span>Jakub Biel<\/a><\/td><td class=\"data-team\" data-label=\"Klub\"><a href=\"https:\/\/lfsportevents.pl\/ligafutsalu\/team\/essa-decore\/\">Essa Decore<\/a><\/td><td class=\"data-yellowcards\" data-label=\"\u017b\u00f3\u0142te kartki\">3<\/td><\/tr><tr class=\"even\"><td class=\"data-rank\" data-label=\"#\">2<\/td><td class=\"data-name has-photo\" data-label=\"Zawodnik\"><a href=\"https:\/\/lfsportevents.pl\/ligafutsalu\/player\/mateusz-borzecki\/\"><span class=\"player-photo\"><img loading=\"lazy\" decoding=\"async\" width=\"96\" height=\"128\" src=\"https:\/\/lfsportevents.pl\/ligafutsalu\/wp-content\/uploads\/1992\/07\/Mateusz-Borzecki-96x128.jpg\" class=\"attachment-sportspress-fit-icon size-sportspress-fit-icon wp-post-image\" alt=\"\" \/><\/span>Mateusz Borz\u0119cki<\/a><\/td><td class=\"data-team\" data-label=\"Klub\"><a href=\"https:\/\/lfsportevents.pl\/ligafutsalu\/team\/mak-bud\/\">Mak-Bud<\/a><\/td><td class=\"data-yellowcards\" data-label=\"\u017b\u00f3\u0142te kartki\">2<\/td><\/tr><tr class=\"odd\"><td class=\"data-rank\" data-label=\"#\">3<\/td><td class=\"data-name has-photo\" data-label=\"Zawodnik\"><a href=\"https:\/\/lfsportevents.pl\/ligafutsalu\/player\/hubert-samek\/\"><span class=\"player-photo\"><img loading=\"lazy\" decoding=\"async\" width=\"96\" height=\"128\" src=\"https:\/\/lfsportevents.pl\/ligafutsalu\/wp-content\/uploads\/1997\/07\/Hubert-Samek-96x128.jpg\" class=\"attachment-sportspress-fit-icon size-sportspress-fit-icon wp-post-image\" alt=\"\" \/><\/span>Hubert Samek<\/a><\/td><td class=\"data-team\" data-label=\"Klub\"><a href=\"https:\/\/lfsportevents.pl\/ligafutsalu\/team\/brzezna\/\">Brzezna<\/a><\/td><td class=\"data-yellowcards\" data-label=\"\u017b\u00f3\u0142te kartki\">2<\/td><\/tr><tr class=\"even\"><td class=\"data-rank\" data-label=\"#\">4<\/td><td class=\"data-name has-photo\" data-label=\"Zawodnik\"><a href=\"https:\/\/lfsportevents.pl\/ligafutsalu\/player\/slawomir-rutkowski\/\"><span class=\"player-photo\"><img loading=\"lazy\" decoding=\"async\" width=\"96\" height=\"128\" src=\"https:\/\/lfsportevents.pl\/ligafutsalu\/wp-content\/uploads\/2024\/11\/Slawomir-Rutkowski-96x128.jpg\" class=\"attachment-sportspress-fit-icon size-sportspress-fit-icon wp-post-image\" alt=\"\" \/><\/span>S\u0142awomir Rutkowski<\/a><\/td><td class=\"data-team\" data-label=\"Klub\"><a href=\"https:\/\/lfsportevents.pl\/ligafutsalu\/team\/libella-truck-fc-2\/\">Libella Truck FC<\/a><\/td><td class=\"data-yellowcards\" data-label=\"\u017b\u00f3\u0142te kartki\">2<\/td><\/tr><tr class=\"odd\"><td class=\"data-rank\" data-label=\"#\">5<\/td><td class=\"data-name has-photo\" data-label=\"Zawodnik\"><a href=\"https:\/\/lfsportevents.pl\/ligafutsalu\/player\/tomasz-olszak\/\"><span class=\"player-photo\"><img loading=\"lazy\" decoding=\"async\" width=\"96\" height=\"128\" src=\"https:\/\/lfsportevents.pl\/ligafutsalu\/wp-content\/uploads\/1998\/07\/Tomasz-Olszak-96x128.jpg\" class=\"attachment-sportspress-fit-icon size-sportspress-fit-icon wp-post-image\" alt=\"\" \/><\/span>Tomasz Olszak<\/a><\/td><td class=\"data-team\" data-label=\"Klub\"><a href=\"https:\/\/lfsportevents.pl\/ligafutsalu\/team\/pabud\/\">Pabud<\/a><\/td><td class=\"data-yellowcards\" data-label=\"\u017b\u00f3\u0142te kartki\">1<\/td><\/tr><tr class=\"even\"><td class=\"data-rank\" data-label=\"#\">6<\/td><td class=\"data-name has-photo\" data-label=\"Zawodnik\"><a href=\"https:\/\/lfsportevents.pl\/ligafutsalu\/player\/slawomir-dadal\/\"><span class=\"player-photo\"><img loading=\"lazy\" decoding=\"async\" width=\"96\" height=\"128\" src=\"https:\/\/lfsportevents.pl\/ligafutsalu\/wp-content\/uploads\/1994\/07\/Slawomir-Dadal-96x128.jpg\" class=\"attachment-sportspress-fit-icon size-sportspress-fit-icon wp-post-image\" alt=\"\" \/><\/span>S\u0142awomir Dada\u0142<\/a><\/td><td class=\"data-team\" data-label=\"Klub\"><a href=\"https:\/\/lfsportevents.pl\/ligafutsalu\/team\/baz-pal\/\">Baz Pal<\/a><\/td><td class=\"data-yellowcards\" data-label=\"\u017b\u00f3\u0142te kartki\">1<\/td><\/tr><tr class=\"odd\"><td class=\"data-rank\" data-label=\"#\">7<\/td><td class=\"data-name has-photo\" data-label=\"Zawodnik\"><a href=\"https:\/\/lfsportevents.pl\/ligafutsalu\/player\/andrzej-plata\/\"><span class=\"player-photo\"><img loading=\"lazy\" decoding=\"async\" width=\"96\" height=\"128\" src=\"https:\/\/lfsportevents.pl\/ligafutsalu\/wp-content\/uploads\/1983\/11\/Andrzej-Plata-96x128.jpg\" class=\"attachment-sportspress-fit-icon size-sportspress-fit-icon wp-post-image\" alt=\"\" \/><\/span>Andrzej Plata<\/a><\/td><td class=\"data-team\" data-label=\"Klub\"><a href=\"https:\/\/lfsportevents.pl\/ligafutsalu\/team\/q-graf\/\">Tylicz.Ski<\/a><\/td><td class=\"data-yellowcards\" data-label=\"\u017b\u00f3\u0142te kartki\">1<\/td><\/tr><tr class=\"even\"><td class=\"data-rank\" data-label=\"#\">8<\/td><td class=\"data-name has-photo\" data-label=\"Zawodnik\"><a href=\"https:\/\/lfsportevents.pl\/ligafutsalu\/player\/kacper-pasiut\/\"><span class=\"player-photo\"><img loading=\"lazy\" decoding=\"async\" width=\"96\" height=\"128\" src=\"https:\/\/lfsportevents.pl\/ligafutsalu\/wp-content\/uploads\/1998\/07\/Kacper-Pasiut-96x128.jpg\" class=\"attachment-sportspress-fit-icon size-sportspress-fit-icon wp-post-image\" alt=\"\" \/><\/span>Kacper Pasiut<\/a><\/td><td class=\"data-team\" data-label=\"Klub\"><a href=\"https:\/\/lfsportevents.pl\/ligafutsalu\/team\/pabud\/\">Pabud<\/a><\/td><td class=\"data-yellowcards\" data-label=\"\u017b\u00f3\u0142te kartki\">1<\/td><\/tr><tr class=\"odd\"><td class=\"data-rank\" data-label=\"#\">9<\/td><td class=\"data-name has-photo\" data-label=\"Zawodnik\"><a href=\"https:\/\/lfsportevents.pl\/ligafutsalu\/player\/jakub-grinski\/\"><span class=\"player-photo\"><img loading=\"lazy\" decoding=\"async\" width=\"96\" height=\"128\" src=\"https:\/\/lfsportevents.pl\/ligafutsalu\/wp-content\/uploads\/1982\/11\/Jakub-Gri\u0144ski-96x128.jpg\" class=\"attachment-sportspress-fit-icon size-sportspress-fit-icon wp-post-image\" alt=\"\" \/><\/span>Jakub Gri\u0144ski<\/a><\/td><td class=\"data-team\" data-label=\"Klub\"><a href=\"https:\/\/lfsportevents.pl\/ligafutsalu\/team\/q-graf\/\">Tylicz.Ski<\/a><\/td><td class=\"data-yellowcards\" data-label=\"\u017b\u00f3\u0142te kartki\">1<\/td><\/tr><tr class=\"even\"><td class=\"data-rank\" data-label=\"#\">10<\/td><td class=\"data-name has-photo\" data-label=\"Zawodnik\"><a href=\"https:\/\/lfsportevents.pl\/ligafutsalu\/player\/rafal-plata\/\"><span class=\"player-photo\"><img loading=\"lazy\" decoding=\"async\" width=\"96\" height=\"128\" src=\"https:\/\/lfsportevents.pl\/ligafutsalu\/wp-content\/uploads\/1995\/10\/20181108_212128-96x128.jpg\" class=\"attachment-sportspress-fit-icon size-sportspress-fit-icon wp-post-image\" alt=\"\" \/><\/span>Rafa\u0142 Plata<\/a><\/td><td class=\"data-team\" data-label=\"Klub\"><a href=\"https:\/\/lfsportevents.pl\/ligafutsalu\/team\/gold-team\/\">Gold Team\/Meble Lorek<\/a><\/td><td class=\"data-yellowcards\" data-label=\"\u017b\u00f3\u0142te kartki\">1<\/td><\/tr><tr class=\"odd\"><td class=\"data-rank\" data-label=\"#\">11<\/td><td class=\"data-name has-photo\" data-label=\"Zawodnik\"><a href=\"https:\/\/lfsportevents.pl\/ligafutsalu\/player\/przemyslaw-golonka\/\"><span class=\"player-photo\"><img loading=\"lazy\" decoding=\"async\" width=\"96\" height=\"128\" src=\"https:\/\/lfsportevents.pl\/ligafutsalu\/wp-content\/uploads\/1995\/07\/Przemyslaw-Golonka-96x128.jpg\" class=\"attachment-sportspress-fit-icon size-sportspress-fit-icon wp-post-image\" alt=\"\" \/><\/span>Przemys\u0142aw Golonka<\/a><\/td><td class=\"data-team\" data-label=\"Klub\"><a href=\"https:\/\/lfsportevents.pl\/ligafutsalu\/team\/brzezna\/\">Brzezna<\/a><\/td><td class=\"data-yellowcards\" data-label=\"\u017b\u00f3\u0142te kartki\">1<\/td><\/tr><tr class=\"even\"><td class=\"data-rank\" data-label=\"#\">12<\/td><td class=\"data-name has-photo\" data-label=\"Zawodnik\"><a href=\"https:\/\/lfsportevents.pl\/ligafutsalu\/player\/jakub-olchawa\/\"><span class=\"player-photo\"><img loading=\"lazy\" decoding=\"async\" width=\"96\" height=\"128\" src=\"https:\/\/lfsportevents.pl\/ligafutsalu\/wp-content\/uploads\/1998\/12\/Jakub-Olchawa-96x128.jpg\" class=\"attachment-sportspress-fit-icon size-sportspress-fit-icon wp-post-image\" alt=\"\" \/><\/span>Jakub Olchawa<\/a><\/td><td class=\"data-team\" data-label=\"Klub\"><a href=\"https:\/\/lfsportevents.pl\/ligafutsalu\/team\/prestige-house\/\">Prestige House<\/a><\/td><td class=\"data-yellowcards\" data-label=\"\u017b\u00f3\u0142te kartki\">1<\/td><\/tr><tr class=\"odd\"><td class=\"data-rank\" data-label=\"#\">13<\/td><td class=\"data-name has-photo\" data-label=\"Zawodnik\"><a href=\"https:\/\/lfsportevents.pl\/ligafutsalu\/player\/mateusz-krol\/\"><span class=\"player-photo\"><img loading=\"lazy\" decoding=\"async\" width=\"96\" height=\"128\" src=\"https:\/\/lfsportevents.pl\/ligafutsalu\/wp-content\/uploads\/1972\/02\/Mateusz-Krol-96x128.jpg\" class=\"attachment-sportspress-fit-icon size-sportspress-fit-icon wp-post-image\" alt=\"\" \/><\/span>Mateusz Kr\u00f3l<\/a><\/td><td class=\"data-team\" data-label=\"Klub\"><a href=\"https:\/\/lfsportevents.pl\/ligafutsalu\/team\/greenpowerns\/\">Auto Spa Greenpowerns<\/a><\/td><td class=\"data-yellowcards\" data-label=\"\u017b\u00f3\u0142te kartki\">1<\/td><\/tr><tr class=\"even\"><td class=\"data-rank\" data-label=\"#\">14<\/td><td class=\"data-name has-photo\" data-label=\"Zawodnik\"><a href=\"https:\/\/lfsportevents.pl\/ligafutsalu\/player\/bartosz-basiaga\/\"><span class=\"player-photo\"><img loading=\"lazy\" decoding=\"async\" width=\"96\" height=\"128\" src=\"https:\/\/lfsportevents.pl\/ligafutsalu\/wp-content\/uploads\/2007\/04\/Bartosz-Basiaga-96x128.jpg\" class=\"attachment-sportspress-fit-icon size-sportspress-fit-icon wp-post-image\" alt=\"\" \/><\/span>Bartosz Basiaga<\/a><\/td><td class=\"data-team\" data-label=\"Klub\"><a href=\"https:\/\/lfsportevents.pl\/ligafutsalu\/team\/stal-bud-nawojowa\/\">Stal-Bud Nawojowa<\/a><\/td><td class=\"data-yellowcards\" data-label=\"\u017b\u00f3\u0142te kartki\">1<\/td><\/tr><tr class=\"odd\"><td class=\"data-rank\" data-label=\"#\">15<\/td><td class=\"data-name has-photo\" data-label=\"Zawodnik\"><a href=\"https:\/\/lfsportevents.pl\/ligafutsalu\/player\/dominik-michalik\/\"><span class=\"player-photo\"><img loading=\"lazy\" decoding=\"async\" width=\"96\" height=\"128\" src=\"https:\/\/lfsportevents.pl\/ligafutsalu\/wp-content\/uploads\/2001\/08\/Dominik-Michalik-96x128.jpg\" class=\"attachment-sportspress-fit-icon size-sportspress-fit-icon wp-post-image\" alt=\"\" \/><\/span>Dominik Michalik<\/a><\/td><td class=\"data-team\" data-label=\"Klub\"><a href=\"https:\/\/lfsportevents.pl\/ligafutsalu\/team\/stal-bud-nawojowa\/\">Stal-Bud Nawojowa<\/a><\/td><td class=\"data-yellowcards\" data-label=\"\u017b\u00f3\u0142te kartki\">1<\/td><\/tr><tr class=\"even\"><td class=\"data-rank\" data-label=\"#\">16<\/td><td class=\"data-name has-photo\" data-label=\"Zawodnik\"><a href=\"https:\/\/lfsportevents.pl\/ligafutsalu\/player\/tomasz-przetacznik\/\"><span class=\"player-photo\"><img loading=\"lazy\" decoding=\"async\" width=\"96\" height=\"128\" src=\"https:\/\/lfsportevents.pl\/ligafutsalu\/wp-content\/uploads\/1991\/01\/Tomasz-Przetacznik-96x128.jpg\" class=\"attachment-sportspress-fit-icon size-sportspress-fit-icon wp-post-image\" alt=\"\" \/><\/span>Tomasz Przetacznik<\/a><\/td><td class=\"data-team\" data-label=\"Klub\"><a href=\"https:\/\/lfsportevents.pl\/ligafutsalu\/team\/essa-decore\/\">Essa Decore<\/a><\/td><td class=\"data-yellowcards\" data-label=\"\u017b\u00f3\u0142te kartki\">1<\/td><\/tr><tr class=\"odd\"><td class=\"data-rank\" data-label=\"#\">17<\/td><td class=\"data-name has-photo\" data-label=\"Zawodnik\"><a href=\"https:\/\/lfsportevents.pl\/ligafutsalu\/player\/kamil-aleksander\/\"><span class=\"player-photo\"><img loading=\"lazy\" decoding=\"async\" width=\"96\" height=\"128\" src=\"https:\/\/lfsportevents.pl\/ligafutsalu\/wp-content\/uploads\/2024\/11\/Kamil-Aleksander-96x128.jpg\" class=\"attachment-sportspress-fit-icon size-sportspress-fit-icon wp-post-image\" alt=\"\" \/><\/span>Kamil Aleksander<\/a><\/td><td class=\"data-team\" data-label=\"Klub\"><a href=\"https:\/\/lfsportevents.pl\/ligafutsalu\/team\/libella-truck-fc-2\/\">Libella Truck FC<\/a><\/td><td class=\"data-yellowcards\" data-label=\"\u017b\u00f3\u0142te kartki\">1<\/td><\/tr><tr class=\"even\"><td class=\"data-rank\" data-label=\"#\">18<\/td><td class=\"data-name has-photo\" data-label=\"Zawodnik\"><a href=\"https:\/\/lfsportevents.pl\/ligafutsalu\/player\/marcin-bugajski\/\"><span class=\"player-photo\"><img loading=\"lazy\" decoding=\"async\" width=\"96\" height=\"128\" src=\"https:\/\/lfsportevents.pl\/ligafutsalu\/wp-content\/uploads\/1990\/01\/Marcin-Bugajski-1-96x128.jpg\" class=\"attachment-sportspress-fit-icon size-sportspress-fit-icon wp-post-image\" alt=\"\" \/><\/span>Marcin Bugajski<\/a><\/td><td class=\"data-team\" data-label=\"Klub\"><a href=\"https:\/\/lfsportevents.pl\/ligafutsalu\/team\/brzezna\/\">Brzezna<\/a><\/td><td class=\"data-yellowcards\" data-label=\"\u017b\u00f3\u0142te kartki\">1<\/td><\/tr><tr class=\"odd\"><td class=\"data-rank\" data-label=\"#\">19<\/td><td class=\"data-name has-photo\" data-label=\"Zawodnik\"><a href=\"https:\/\/lfsportevents.pl\/ligafutsalu\/player\/adam-kocemba\/\"><span class=\"player-photo\"><img loading=\"lazy\" decoding=\"async\" width=\"96\" height=\"128\" src=\"https:\/\/lfsportevents.pl\/ligafutsalu\/wp-content\/uploads\/2001\/12\/Adam-Kocemba-1-96x128.jpg\" class=\"attachment-sportspress-fit-icon size-sportspress-fit-icon wp-post-image\" alt=\"\" \/><\/span>Adam Kocemba<\/a><\/td><td class=\"data-team\" data-label=\"Klub\"><a href=\"https:\/\/lfsportevents.pl\/ligafutsalu\/team\/galacticos-team\/\">Galacticos\/Bogda\u0144ski<\/a><\/td><td class=\"data-yellowcards\" data-label=\"\u017b\u00f3\u0142te kartki\">1<\/td><\/tr><tr class=\"even\"><td class=\"data-rank\" data-label=\"#\">20<\/td><td class=\"data-name has-photo\" data-label=\"Zawodnik\"><a href=\"https:\/\/lfsportevents.pl\/ligafutsalu\/player\/kamil-lesniak-2\/\"><span class=\"player-photo\"><img loading=\"lazy\" decoding=\"async\" width=\"96\" height=\"128\" src=\"https:\/\/lfsportevents.pl\/ligafutsalu\/wp-content\/uploads\/2005\/09\/Kamil-Lesniak-96x128.jpg\" class=\"attachment-sportspress-fit-icon size-sportspress-fit-icon wp-post-image\" alt=\"\" \/><\/span>Kamil Le\u015bniak<\/a><\/td><td class=\"data-team\" data-label=\"Klub\"><a href=\"https:\/\/lfsportevents.pl\/ligafutsalu\/team\/stal-bud-nawojowa\/\">Stal-Bud Nawojowa<\/a><\/td><td class=\"data-yellowcards\" data-label=\"\u017b\u00f3\u0142te kartki\">1<\/td><\/tr><tr class=\"odd\"><td class=\"data-rank\" data-label=\"#\">21<\/td><td class=\"data-name has-photo\" data-label=\"Zawodnik\"><a href=\"https:\/\/lfsportevents.pl\/ligafutsalu\/player\/szymon-bieryt\/\"><span class=\"player-photo\"><img loading=\"lazy\" decoding=\"async\" width=\"96\" height=\"128\" src=\"https:\/\/lfsportevents.pl\/ligafutsalu\/wp-content\/uploads\/2024\/11\/Szymon-Bieryt-1-96x128.jpg\" class=\"attachment-sportspress-fit-icon size-sportspress-fit-icon wp-post-image\" alt=\"\" \/><\/span>Szymon Bieryt<\/a><\/td><td class=\"data-team\" data-label=\"Klub\"><a href=\"https:\/\/lfsportevents.pl\/ligafutsalu\/team\/libella-truck-fc-2\/\">Libella Truck FC<\/a><\/td><td class=\"data-yellowcards\" data-label=\"\u017b\u00f3\u0142te kartki\">1<\/td><\/tr><tr class=\"even\"><td class=\"data-rank\" data-label=\"#\">22<\/td><td class=\"data-name has-photo\" data-label=\"Zawodnik\"><a href=\"https:\/\/lfsportevents.pl\/ligafutsalu\/player\/michal-szeliga\/\"><span class=\"player-photo\"><img loading=\"lazy\" decoding=\"async\" width=\"96\" height=\"128\" src=\"https:\/\/lfsportevents.pl\/ligafutsalu\/wp-content\/uploads\/1999\/11\/Michal-Szeliga-96x128.jpg\" class=\"attachment-sportspress-fit-icon size-sportspress-fit-icon wp-post-image\" alt=\"\" \/><\/span>Micha\u0142 Szeliga<\/a><\/td><td class=\"data-team\" data-label=\"Klub\"><a href=\"https:\/\/lfsportevents.pl\/ligafutsalu\/team\/galacticos-team\/\">Galacticos\/Bogda\u0144ski<\/a><\/td><td class=\"data-yellowcards\" data-label=\"\u017b\u00f3\u0142te kartki\">1<\/td><\/tr><tr class=\"odd\"><td class=\"data-rank\" data-label=\"#\">23<\/td><td class=\"data-name has-photo\" data-label=\"Zawodnik\"><a href=\"https:\/\/lfsportevents.pl\/ligafutsalu\/player\/dominik-biel\/\"><span class=\"player-photo\"><img loading=\"lazy\" decoding=\"async\" width=\"96\" height=\"128\" src=\"https:\/\/lfsportevents.pl\/ligafutsalu\/wp-content\/uploads\/2000\/11\/Dominik-Biel-96x128.jpg\" class=\"attachment-sportspress-fit-icon size-sportspress-fit-icon wp-post-image\" alt=\"\" \/><\/span>Dominik Biel<\/a><\/td><td class=\"data-team\" data-label=\"Klub\"><a href=\"https:\/\/lfsportevents.pl\/ligafutsalu\/team\/gotoma\/\">Gotoma<\/a><\/td><td class=\"data-yellowcards\" data-label=\"\u017b\u00f3\u0142te kartki\">1<\/td><\/tr><tr class=\"even\"><td class=\"data-rank\" data-label=\"#\">24<\/td><td class=\"data-name has-photo\" data-label=\"Zawodnik\"><a href=\"https:\/\/lfsportevents.pl\/ligafutsalu\/player\/patryk-gorka\/\"><span class=\"player-photo\"><img loading=\"lazy\" decoding=\"async\" width=\"96\" height=\"128\" src=\"https:\/\/lfsportevents.pl\/ligafutsalu\/wp-content\/uploads\/1994\/06\/Patryk-Gorka-96x128.jpg\" class=\"attachment-sportspress-fit-icon size-sportspress-fit-icon wp-post-image\" alt=\"\" \/><\/span>Patryk G\u00f3rka<\/a><\/td><td class=\"data-team\" data-label=\"Klub\"><a href=\"https:\/\/lfsportevents.pl\/ligafutsalu\/team\/galacticos-team\/\">Galacticos\/Bogda\u0144ski<\/a><\/td><td class=\"data-yellowcards\" data-label=\"\u017b\u00f3\u0142te kartki\">1<\/td><\/tr><tr class=\"odd\"><td class=\"data-rank\" data-label=\"#\">25<\/td><td class=\"data-name has-photo\" data-label=\"Zawodnik\"><a href=\"https:\/\/lfsportevents.pl\/ligafutsalu\/player\/dariusz-lukasik\/\"><span class=\"player-photo\"><img loading=\"lazy\" decoding=\"async\" width=\"96\" height=\"128\" src=\"https:\/\/lfsportevents.pl\/ligafutsalu\/wp-content\/uploads\/1995\/03\/Dariusz-Lukasik-96x128.jpg\" class=\"attachment-sportspress-fit-icon size-sportspress-fit-icon wp-post-image\" alt=\"\" \/><\/span>Dariusz \u0141ukasik<\/a><\/td><td class=\"data-team\" data-label=\"Klub\"><a href=\"https:\/\/lfsportevents.pl\/ligafutsalu\/team\/galacticos-team\/\">Galacticos\/Bogda\u0144ski<\/a><\/td><td class=\"data-yellowcards\" data-label=\"\u017b\u00f3\u0142te kartki\">1<\/td><\/tr><tr class=\"even\"><td class=\"data-rank\" data-label=\"#\">26<\/td><td class=\"data-name has-photo\" data-label=\"Zawodnik\"><a href=\"https:\/\/lfsportevents.pl\/ligafutsalu\/player\/konrad-palka\/\"><span class=\"player-photo\"><img loading=\"lazy\" decoding=\"async\" width=\"96\" height=\"128\" src=\"https:\/\/lfsportevents.pl\/ligafutsalu\/wp-content\/uploads\/1999\/01\/Konrad-Palka-96x128.jpg\" class=\"attachment-sportspress-fit-icon size-sportspress-fit-icon wp-post-image\" alt=\"\" \/><\/span>Konrad Pa\u0142ka<\/a><\/td><td class=\"data-team\" data-label=\"Klub\"><a href=\"https:\/\/lfsportevents.pl\/ligafutsalu\/team\/mak-bud\/\">Mak-Bud<\/a><\/td><td class=\"data-yellowcards\" data-label=\"\u017b\u00f3\u0142te kartki\">1<\/td><\/tr><tr class=\"odd\"><td class=\"data-rank\" data-label=\"#\">27<\/td><td class=\"data-name has-photo\" data-label=\"Zawodnik\"><a href=\"https:\/\/lfsportevents.pl\/ligafutsalu\/player\/krzysztof-krol\/\"><span class=\"player-photo\"><img loading=\"lazy\" decoding=\"async\" width=\"96\" height=\"128\" src=\"https:\/\/lfsportevents.pl\/ligafutsalu\/wp-content\/uploads\/1972\/02\/Krzysztof-Krol-96x128.jpg\" class=\"attachment-sportspress-fit-icon size-sportspress-fit-icon wp-post-image\" alt=\"\" \/><\/span>Krzysztof Kr\u00f3l<\/a><\/td><td class=\"data-team\" data-label=\"Klub\"><a href=\"https:\/\/lfsportevents.pl\/ligafutsalu\/team\/greenpowerns\/\">Auto Spa Greenpowerns<\/a><\/td><td class=\"data-yellowcards\" data-label=\"\u017b\u00f3\u0142te kartki\">1<\/td><\/tr><tr class=\"even\"><td class=\"data-rank\" data-label=\"#\">28<\/td><td class=\"data-name has-photo\" data-label=\"Zawodnik\"><a href=\"https:\/\/lfsportevents.pl\/ligafutsalu\/player\/mateusz-wilk\/\"><span class=\"player-photo\"><img loading=\"lazy\" decoding=\"async\" width=\"96\" height=\"128\" src=\"https:\/\/lfsportevents.pl\/ligafutsalu\/wp-content\/uploads\/2025\/11\/Mateusz-Wilk-96x128.jpg\" class=\"attachment-sportspress-fit-icon size-sportspress-fit-icon wp-post-image\" alt=\"\" \/><\/span>Mateusz Wilk<\/a><\/td><td class=\"data-team\" data-label=\"Klub\"><a href=\"https:\/\/lfsportevents.pl\/ligafutsalu\/team\/z44-clinic\/\">Z44 Clinic<\/a><\/td><td class=\"data-yellowcards\" data-label=\"\u017b\u00f3\u0142te kartki\">1<\/td><\/tr><tr class=\"odd\"><td class=\"data-rank\" data-label=\"#\">29<\/td><td class=\"data-name has-photo\" data-label=\"Zawodnik\"><a href=\"https:\/\/lfsportevents.pl\/ligafutsalu\/player\/emanuel-kluza\/\"><span class=\"player-photo\"><img loading=\"lazy\" decoding=\"async\" width=\"96\" height=\"128\" src=\"https:\/\/lfsportevents.pl\/ligafutsalu\/wp-content\/uploads\/2002\/05\/Emanuel-Kluza-96x128.jpg\" class=\"attachment-sportspress-fit-icon size-sportspress-fit-icon wp-post-image\" alt=\"\" \/><\/span>Emanuel Kluza<\/a><\/td><td class=\"data-team\" data-label=\"Klub\"><a href=\"https:\/\/lfsportevents.pl\/ligafutsalu\/team\/kks-stava\/\">KKS Stava<\/a><\/td><td class=\"data-yellowcards\" data-label=\"\u017b\u00f3\u0142te kartki\">1<\/td><\/tr><tr class=\"even\"><td class=\"data-rank\" data-label=\"#\">30<\/td><td class=\"data-name has-photo\" data-label=\"Zawodnik\"><a href=\"https:\/\/lfsportevents.pl\/ligafutsalu\/player\/pawel-zygmunt\/\"><span class=\"player-photo\"><img loading=\"lazy\" decoding=\"async\" width=\"96\" height=\"128\" src=\"https:\/\/lfsportevents.pl\/ligafutsalu\/wp-content\/uploads\/2005\/06\/Pawel-Zygmunt-96x128.jpg\" class=\"attachment-sportspress-fit-icon size-sportspress-fit-icon wp-post-image\" alt=\"\" \/><\/span>Pawe\u0142 Zygmunt<\/a><\/td><td class=\"data-team\" data-label=\"Klub\"><a href=\"https:\/\/lfsportevents.pl\/ligafutsalu\/team\/sebbet-kostka-brukowa\/\">DripShop &#038; Pakersi<\/a><\/td><td class=\"data-yellowcards\" data-label=\"\u017b\u00f3\u0142te kartki\">1<\/td><\/tr><\/tbody><\/table><\/div><\/div><\/div>\n","protected":false},"excerpt":{"rendered":"","protected":false},"author":1,"featured_media":0,"parent":219,"menu_order":0,"comment_status":"closed","ping_status":"closed","template":"","meta":{"footnotes":""},"_links":{"self":[{"href":"https:\/\/lfsportevents.pl\/ligafutsalu\/wp-json\/wp\/v2\/pages\/8190"}],"collection":[{"href":"https:\/\/lfsportevents.pl\/ligafutsalu\/wp-json\/wp\/v2\/pages"}],"about":[{"href":"https:\/\/lfsportevents.pl\/ligafutsalu\/wp-json\/wp\/v2\/types\/page"}],"author":[{"embeddable":true,"href":"https:\/\/lfsportevents.pl\/ligafutsalu\/wp-json\/wp\/v2\/users\/1"}],"replies":[{"embeddable":true,"href":"https:\/\/lfsportevents.pl\/ligafutsalu\/wp-json\/wp\/v2\/comments?post=8190"}],"version-history":[{"count":3,"href":"https:\/\/lfsportevents.pl\/ligafutsalu\/wp-json\/wp\/v2\/pages\/8190\/revisions"}],"predecessor-version":[{"id":28394,"href":"https:\/\/lfsportevents.pl\/ligafutsalu\/wp-json\/wp\/v2\/pages\/8190\/revisions\/28394"}],"up":[{"embeddable":true,"href":"https:\/\/lfsportevents.pl\/ligafutsalu\/wp-json\/wp\/v2\/pages\/219"}],"wp:attachment":[{"href":"https:\/\/lfsportevents.pl\/ligafutsalu\/wp-json\/wp\/v2\/media?parent=8190"}],"curies":[{"name":"wp","href":"https:\/\/api.w.org\/{rel}","templated":true}]}}