{"id":8180,"date":"2017-09-20T10:07:50","date_gmt":"2017-09-20T08:07:50","guid":{"rendered":"https:\/\/lfsportevents.pl\/ligafutsalu\/?page_id=8180"},"modified":"2025-12-30T10:49:33","modified_gmt":"2025-12-30T09:49:33","slug":"stat-rundy","status":"publish","type":"page","link":"https:\/\/lfsportevents.pl\/ligafutsalu\/puchar-ligi\/stat-rundy\/","title":{"rendered":"Stat. rundy"},"content":{"rendered":"<h1><span style=\"color: #993300;\">1 RUNDA (27-28 pa\u017adziernik 2025)<\/span><\/h1>\n<p><strong>Liczba meczy:<\/strong><strong>\u00a0<span style=\"color: #993300;\">10<\/span><\/strong><br \/>\n<strong>Liczba goli:<\/strong><strong>\u00a0<span style=\"color: #993300;\">111<\/span><\/strong><br \/>\n<strong>\u015arednia ilo\u015b\u0107 goli na mecz:\u00a0<span style=\"color: #993300;\">11,1<\/span><\/strong><br \/>\n<strong>Wygrane:<\/strong><strong>\u00a0<span style=\"color: #993300;\">10<\/span><\/strong><br \/>\n<strong>Remisy:\u00a0<\/strong><span style=\"color: #993300;\"><strong>0<\/strong><\/span><br \/>\n<strong>Walkowery:<\/strong><strong>\u00a0<\/strong><span style=\"color: #993300;\"><strong>0<\/strong><\/span><br \/>\n<strong>Najwi\u0119cej goli strzelonych w meczu:\u00a0<span style=\"color: #993300;\">17 goli<\/span><\/strong><strong> (Tylicz.Ski : KKS Stava 10:7)\u00a0<\/strong><br \/>\n<strong>Najwy\u017csza wygrana:<\/strong><strong>\u00a0<span style=\"color: #993300;\">14:2<\/span> (DripShop &amp; Pakersi : Batimowcy)<\/strong><br \/>\n<strong>Ilo\u015b\u0107 \u017c\u00f3\u0142tych kartek:\u00a0<\/strong><span style=\"color: #993300;\"><strong>12<\/strong><\/span><br \/>\n<strong>Ilo\u015b\u0107 czerwonych kartek:<\/strong><strong>\u00a0<span style=\"color: #993300;\">1<\/span><\/strong><\/p>\n<h1><span style=\"color: #993300;\">2 RUNDA (29-30 pa\u017adziernik 2025)<\/span><\/h1>\n<p><strong>Liczba meczy:<\/strong><strong>\u00a0<span style=\"color: #993300;\">10<\/span><\/strong><br \/>\n<strong>Liczba goli:<\/strong><strong>\u00a0<span style=\"color: #993300;\">80<\/span><\/strong><br \/>\n<strong>\u015arednia ilo\u015b\u0107 goli na mecz:\u00a0<span style=\"color: #993300;\">8,00<\/span><\/strong><br \/>\n<strong>Wygrane:<\/strong><strong>\u00a0<span style=\"color: #993300;\">10<\/span><\/strong><br \/>\n<strong>Remisy:\u00a0<\/strong><span style=\"color: #993300;\"><strong>0<\/strong><\/span><br \/>\n<strong>Walkowery:<\/strong><strong>\u00a0<\/strong><span style=\"color: #993300;\"><strong>0<\/strong><\/span><br \/>\n<strong>Najwi\u0119cej goli strzelonych w meczu:\u00a0<span style=\"color: #993300;\">13 goli<\/span><\/strong><strong> (Prestige House : Gotoma 10:3)\u00a0<\/strong><br \/>\n<strong>Najwy\u017csza wygrana:<\/strong><strong>\u00a0<span style=\"color: #993300;\">7:1 <\/span>(Bastek Garnitury : Z44 Clinic)<\/strong><br \/>\n<strong>Ilo\u015b\u0107 \u017c\u00f3\u0142tych kartek:\u00a0<\/strong><span style=\"color: #993300;\"><strong>9<\/strong><\/span><br \/>\n<strong>Ilo\u015b\u0107 czerwonych kartek:<\/strong><span style=\"color: #993300;\"><strong> 2<\/strong><\/span><\/p>\n<h1><span style=\"color: #993300;\">3 RUNDA (12-13 LISTOPAD 2025)<\/span><\/h1>\n<p><strong>Liczba meczy:<\/strong><strong>\u00a0<span style=\"color: #993300;\">10<\/span><\/strong><br \/>\n<strong>Liczba goli:<\/strong><strong>\u00a0<span style=\"color: #993300;\">105<\/span><\/strong><br \/>\n<strong>\u015arednia ilo\u015b\u0107 goli na mecz:\u00a0<span style=\"color: #993300;\">10,50<\/span><\/strong><br \/>\n<strong>Wygrane:<\/strong><strong>\u00a0<span style=\"color: #993300;\">10<\/span><\/strong><br \/>\n<strong>Remisy:\u00a0<\/strong><span style=\"color: #993300;\"><strong>0<\/strong><\/span><br \/>\n<strong>Walkowery:<\/strong><strong>\u00a0<\/strong><span style=\"color: #993300;\"><strong>0<\/strong><\/span><br \/>\n<strong>Najwi\u0119cej goli strzelonych w meczu:\u00a0<span style=\"color: #993300;\">18 goli<\/span><\/strong><strong> (Z44 Clinic : Gotoma 11:7)\u00a0<\/strong><br \/>\n<strong>Najwy\u017csza wygrana:<\/strong><strong>\u00a0<span style=\"color: #993300;\">13:3 <\/span>(Gold Team\/meble Lorek : Baz Pal)<\/strong><br \/>\n<strong>Ilo\u015b\u0107 \u017c\u00f3\u0142tych kartek:\u00a0<\/strong><span style=\"color: #993300;\"><strong>11<\/strong><\/span><br \/>\n<strong>Ilo\u015b\u0107 czerwonych kartek:<\/strong><span style=\"color: #993300;\"><strong> 1<\/strong><\/span><\/p>\n<h1><span style=\"color: #993300;\">4 RUNDA (23 GRUDZIE\u0143 2025)<\/span><\/h1>\n<p><strong>Liczba meczy:<\/strong><strong>\u00a0<span style=\"color: #993300;\">4<\/span><\/strong><br \/>\n<strong>Liczba goli:<\/strong><strong>\u00a0<span style=\"color: #993300;\">36<\/span><\/strong><br \/>\n<strong>\u015arednia ilo\u015b\u0107 goli na mecz:\u00a0<span style=\"color: #993300;\">9,00<\/span><\/strong><br \/>\n<strong>Wygrane:<\/strong><strong>\u00a0<span style=\"color: #993300;\">4<\/span><\/strong><br \/>\n<strong>Remisy:\u00a0<\/strong><span style=\"color: #993300;\"><strong>0<\/strong><\/span><br \/>\n<strong>Walkowery:<\/strong><strong>\u00a0<\/strong><span style=\"color: #993300;\"><strong>0<\/strong><\/span><br \/>\n<strong>Najwi\u0119cej goli strzelonych w meczu:\u00a0<span style=\"color: #993300;\">11 goli<\/span><\/strong><strong> (Galacticos\/Bogda\u0144ski : Bastek Garnitury 9:2)\u00a0<\/strong><br \/>\n<strong>Najwy\u017csza wygrana:<\/strong><strong>\u00a0<span style=\"color: #993300;\">9:2 <\/span>(Galacticos\/Bogda\u0144ski : Bastek Garnitury)<\/strong><br \/>\n<strong>Ilo\u015b\u0107 \u017c\u00f3\u0142tych kartek:\u00a0<\/strong><span style=\"color: #993300;\"><strong>1<\/strong><\/span><br \/>\n<strong>Ilo\u015b\u0107 czerwonych kartek:<\/strong><span style=\"color: #993300;\"><strong> 0<\/strong><\/span><\/p>\n<h1><span style=\"color: #993300;\">5 RUNDA (29 GRUDZIE\u0143 2025)<\/span><\/h1>\n<p><strong>Liczba meczy:<\/strong><strong>\u00a0<span style=\"color: #993300;\">2<\/span><\/strong><br \/>\n<strong>Liczba goli:<\/strong><strong>\u00a0<span style=\"color: #993300;\">15<\/span><\/strong><br \/>\n<strong>\u015arednia ilo\u015b\u0107 goli na mecz:\u00a0<span style=\"color: #993300;\">7,50<\/span><\/strong><br \/>\n<strong>Wygrane:<\/strong><strong>\u00a0<span style=\"color: #993300;\">2<\/span><\/strong><br \/>\n<strong>Remisy:\u00a0<\/strong><span style=\"color: #993300;\"><strong>0<\/strong><\/span><br \/>\n<strong>Walkowery:<\/strong><strong>\u00a0<\/strong><span style=\"color: #993300;\"><strong>0<\/strong><\/span><br \/>\n<strong>Najwi\u0119cej goli strzelonych w meczu:\u00a0<span style=\"color: #993300;\">9 goli<\/span><\/strong><strong> (Galacticos\/Bogda\u0144ski : DripShop &amp; Pakersi 5:4)\u00a0<\/strong><br \/>\n<strong>Najwy\u017csza wygrana:<\/strong><strong>\u00a0<span style=\"color: #993300;\">5:1 <\/span>(Mak-Bud : Tylicz.Ski)<\/strong><br \/>\n<strong>Ilo\u015b\u0107 \u017c\u00f3\u0142tych kartek:\u00a0<\/strong><span style=\"color: #993300;\"><strong>3<\/strong><\/span><br \/>\n<strong>Ilo\u015b\u0107 czerwonych kartek:<\/strong><span style=\"color: #993300;\"><strong> 0<\/strong><\/span><\/p>\n","protected":false},"excerpt":{"rendered":"<p>1 RUNDA (27-28 pa\u017adziernik 2025) Liczba meczy:\u00a010 Liczba goli:\u00a0111 \u015arednia ilo\u015b\u0107 goli na mecz:\u00a011,1 Wygrane:\u00a010 Remisy:\u00a00 Walkowery:\u00a00 Najwi\u0119cej goli strzelonych w meczu:\u00a017 goli (Tylicz.Ski : KKS Stava 10:7)\u00a0 Najwy\u017csza wygrana:\u00a014:2 (DripShop &amp; Pakersi : Batimowcy) Ilo\u015b\u0107 \u017c\u00f3\u0142tych kartek:\u00a012 Ilo\u015b\u0107 czerwonych kartek:\u00a01 2 RUNDA (29-30 pa\u017adziernik 2025) Liczba meczy:\u00a010 Liczba goli:\u00a080 \u015arednia ilo\u015b\u0107 goli na mecz:\u00a08,00 [&hellip;]<\/p>\n","protected":false},"author":1,"featured_media":0,"parent":219,"menu_order":0,"comment_status":"closed","ping_status":"closed","template":"","meta":{"footnotes":""},"_links":{"self":[{"href":"https:\/\/lfsportevents.pl\/ligafutsalu\/wp-json\/wp\/v2\/pages\/8180"}],"collection":[{"href":"https:\/\/lfsportevents.pl\/ligafutsalu\/wp-json\/wp\/v2\/pages"}],"about":[{"href":"https:\/\/lfsportevents.pl\/ligafutsalu\/wp-json\/wp\/v2\/types\/page"}],"author":[{"embeddable":true,"href":"https:\/\/lfsportevents.pl\/ligafutsalu\/wp-json\/wp\/v2\/users\/1"}],"replies":[{"embeddable":true,"href":"https:\/\/lfsportevents.pl\/ligafutsalu\/wp-json\/wp\/v2\/comments?post=8180"}],"version-history":[{"count":2,"href":"https:\/\/lfsportevents.pl\/ligafutsalu\/wp-json\/wp\/v2\/pages\/8180\/revisions"}],"predecessor-version":[{"id":29380,"href":"https:\/\/lfsportevents.pl\/ligafutsalu\/wp-json\/wp\/v2\/pages\/8180\/revisions\/29380"}],"up":[{"embeddable":true,"href":"https:\/\/lfsportevents.pl\/ligafutsalu\/wp-json\/wp\/v2\/pages\/219"}],"wp:attachment":[{"href":"https:\/\/lfsportevents.pl\/ligafutsalu\/wp-json\/wp\/v2\/media?parent=8180"}],"curies":[{"name":"wp","href":"https:\/\/api.w.org\/{rel}","templated":true}]}}