{"id":8162,"date":"2017-09-20T10:05:13","date_gmt":"2017-09-20T08:05:13","guid":{"rendered":"https:\/\/lfsportevents.pl\/ligafutsalu\/?page_id=8162"},"modified":"2026-02-27T21:30:11","modified_gmt":"2026-02-27T20:30:11","slug":"video","status":"publish","type":"page","link":"https:\/\/lfsportevents.pl\/ligafutsalu\/ekstraklasa\/video\/","title":{"rendered":"Video"},"content":{"rendered":"<p><iframe loading=\"lazy\" title=\"Mak-Bud - Mistrz El-Kag Ekstraklasy 2025\/26\" width=\"620\" height=\"349\" src=\"https:\/\/www.youtube.com\/embed\/HDD_FPMzFSo?feature=oembed\" frameborder=\"0\" allow=\"accelerometer; autoplay; clipboard-write; encrypted-media; gyroscope; picture-in-picture; web-share\" referrerpolicy=\"strict-origin-when-cross-origin\" allowfullscreen><\/iframe><\/p>\n<p><iframe loading=\"lazy\" title=\"Andrzej Plata (Tylicz.Ski)\" width=\"620\" height=\"349\" src=\"https:\/\/www.youtube.com\/embed\/SEoKkW_lHk4?feature=oembed\" frameborder=\"0\" allow=\"accelerometer; autoplay; clipboard-write; encrypted-media; gyroscope; picture-in-picture; web-share\" referrerpolicy=\"strict-origin-when-cross-origin\" allowfullscreen><\/iframe><\/p>\n<p><iframe loading=\"lazy\" title=\"Szymon Olchawa (Preatige House)\" width=\"620\" height=\"349\" src=\"https:\/\/www.youtube.com\/embed\/uE5tHi7reQg?feature=oembed\" frameborder=\"0\" allow=\"accelerometer; autoplay; clipboard-write; encrypted-media; gyroscope; picture-in-picture; web-share\" referrerpolicy=\"strict-origin-when-cross-origin\" allowfullscreen><\/iframe><\/p>\n<p><iframe loading=\"lazy\" title=\"Krystian Skocze\u0144 (Trade)\" width=\"620\" height=\"349\" src=\"https:\/\/www.youtube.com\/embed\/xHt_nj-SM2g?feature=oembed\" frameborder=\"0\" allow=\"accelerometer; autoplay; clipboard-write; encrypted-media; gyroscope; picture-in-picture; web-share\" referrerpolicy=\"strict-origin-when-cross-origin\" allowfullscreen><\/iframe><\/p>\n<p><iframe loading=\"lazy\" title=\"Marcin \u0141atka (Bastek Garnitury)\" width=\"620\" height=\"349\" src=\"https:\/\/www.youtube.com\/embed\/e4UPponRj4I?feature=oembed\" frameborder=\"0\" allow=\"accelerometer; autoplay; clipboard-write; encrypted-media; gyroscope; picture-in-picture; web-share\" referrerpolicy=\"strict-origin-when-cross-origin\" allowfullscreen><\/iframe><\/p>\n<p><iframe loading=\"lazy\" title=\"Przemys\u0142aw Gr\u0119bski (S\u0105czersi)\" width=\"620\" height=\"349\" src=\"https:\/\/www.youtube.com\/embed\/BwQYqVNkpgU?feature=oembed\" frameborder=\"0\" allow=\"accelerometer; autoplay; clipboard-write; encrypted-media; gyroscope; picture-in-picture; web-share\" referrerpolicy=\"strict-origin-when-cross-origin\" allowfullscreen><\/iframe><\/p>\n<p><iframe loading=\"lazy\" title=\"Jakub Gri\u0144ski (Tylicz.Ski)\" width=\"620\" height=\"349\" src=\"https:\/\/www.youtube.com\/embed\/zT0v2cHPkq4?feature=oembed\" frameborder=\"0\" allow=\"accelerometer; autoplay; clipboard-write; encrypted-media; gyroscope; picture-in-picture; web-share\" referrerpolicy=\"strict-origin-when-cross-origin\" allowfullscreen><\/iframe><\/p>\n<p><iframe loading=\"lazy\" title=\"Mariusz Plata (Gold Team\/Meble Lorek)\" width=\"620\" height=\"349\" src=\"https:\/\/www.youtube.com\/embed\/u0ddysoHbfY?feature=oembed\" frameborder=\"0\" allow=\"accelerometer; autoplay; clipboard-write; encrypted-media; gyroscope; picture-in-picture; web-share\" referrerpolicy=\"strict-origin-when-cross-origin\" allowfullscreen><\/iframe><\/p>\n<p><iframe loading=\"lazy\" title=\"Maciej Rucha\u0142a (S\u0105czersi)\" width=\"620\" height=\"349\" src=\"https:\/\/www.youtube.com\/embed\/X5D9M5QhQXY?feature=oembed\" frameborder=\"0\" allow=\"accelerometer; autoplay; clipboard-write; encrypted-media; gyroscope; picture-in-picture; web-share\" referrerpolicy=\"strict-origin-when-cross-origin\" allowfullscreen><\/iframe><\/p>\n<p><iframe loading=\"lazy\" title=\"Pawe\u0142 Zygmunt (DripShop &amp; Pakersi)\" width=\"620\" height=\"349\" src=\"https:\/\/www.youtube.com\/embed\/mlGrmcRaLic?feature=oembed\" frameborder=\"0\" allow=\"accelerometer; autoplay; clipboard-write; encrypted-media; gyroscope; picture-in-picture; web-share\" referrerpolicy=\"strict-origin-when-cross-origin\" allowfullscreen><\/iframe><\/p>\n<p><iframe loading=\"lazy\" title=\"Filip Brdej (Mak-Bud)\" width=\"620\" height=\"349\" src=\"https:\/\/www.youtube.com\/embed\/ZDyEutVIm40?feature=oembed\" frameborder=\"0\" allow=\"accelerometer; autoplay; clipboard-write; encrypted-media; gyroscope; picture-in-picture; web-share\" referrerpolicy=\"strict-origin-when-cross-origin\" allowfullscreen><\/iframe><\/p>\n<p><iframe loading=\"lazy\" title=\"Adam Grabczyk (Bastek Garnitury)\" width=\"620\" height=\"349\" src=\"https:\/\/www.youtube.com\/embed\/URdyoTwft_g?feature=oembed\" frameborder=\"0\" allow=\"accelerometer; autoplay; clipboard-write; encrypted-media; gyroscope; picture-in-picture; web-share\" referrerpolicy=\"strict-origin-when-cross-origin\" allowfullscreen><\/iframe><\/p>\n<p><iframe loading=\"lazy\" title=\"Przemys\u0142aw Gr\u0119bski (S\u0105czersi)\" width=\"620\" height=\"349\" src=\"https:\/\/www.youtube.com\/embed\/VlzsBBLf2kE?feature=oembed\" frameborder=\"0\" allow=\"accelerometer; autoplay; clipboard-write; encrypted-media; gyroscope; picture-in-picture; web-share\" referrerpolicy=\"strict-origin-when-cross-origin\" allowfullscreen><\/iframe><\/p>\n<p><iframe loading=\"lazy\" title=\"Jakub Niemas (Gold Team\/Meble Lorek)\" width=\"620\" height=\"349\" src=\"https:\/\/www.youtube.com\/embed\/MXC3oMvd7mM?feature=oembed\" frameborder=\"0\" allow=\"accelerometer; autoplay; clipboard-write; encrypted-media; gyroscope; picture-in-picture; web-share\" referrerpolicy=\"strict-origin-when-cross-origin\" allowfullscreen><\/iframe><\/p>\n<p><iframe loading=\"lazy\" title=\"Emanuel Kluza (KKS Stava)\" width=\"620\" height=\"349\" src=\"https:\/\/www.youtube.com\/embed\/O9wPEzENDdU?feature=oembed\" frameborder=\"0\" allow=\"accelerometer; autoplay; clipboard-write; encrypted-media; gyroscope; picture-in-picture; web-share\" referrerpolicy=\"strict-origin-when-cross-origin\" allowfullscreen><\/iframe><\/p>\n<p><iframe loading=\"lazy\" title=\"Patryk Filip (Bastek Garnitury)\" width=\"620\" height=\"349\" src=\"https:\/\/www.youtube.com\/embed\/gRq6jneumVc?feature=oembed\" frameborder=\"0\" allow=\"accelerometer; autoplay; clipboard-write; encrypted-media; gyroscope; picture-in-picture; web-share\" referrerpolicy=\"strict-origin-when-cross-origin\" allowfullscreen><\/iframe><\/p>\n<p><iframe loading=\"lazy\" title=\"Krystian Konopka (DripShop &amp; Pakersi)\" width=\"620\" height=\"349\" src=\"https:\/\/www.youtube.com\/embed\/YrCHnbJ2PxQ?feature=oembed\" frameborder=\"0\" allow=\"accelerometer; autoplay; clipboard-write; encrypted-media; gyroscope; picture-in-picture; web-share\" referrerpolicy=\"strict-origin-when-cross-origin\" allowfullscreen><\/iframe><\/p>\n<p><iframe loading=\"lazy\" title=\"\u0141ukasz Krupa (Tylicz.Ski)\" width=\"620\" height=\"349\" src=\"https:\/\/www.youtube.com\/embed\/3V4MwrRMOfU?feature=oembed\" frameborder=\"0\" allow=\"accelerometer; autoplay; clipboard-write; encrypted-media; gyroscope; picture-in-picture; web-share\" referrerpolicy=\"strict-origin-when-cross-origin\" allowfullscreen><\/iframe><\/p>\n<p><iframe loading=\"lazy\" title=\"Mariusz Pasiut (Prestige House)\" width=\"620\" height=\"349\" src=\"https:\/\/www.youtube.com\/embed\/ga61HsVyKig?feature=oembed\" frameborder=\"0\" allow=\"accelerometer; autoplay; clipboard-write; encrypted-media; gyroscope; picture-in-picture; web-share\" referrerpolicy=\"strict-origin-when-cross-origin\" allowfullscreen><\/iframe><\/p>\n<p><iframe loading=\"lazy\" title=\"Mariusz Mr\u00f3z (S\u0105czersi)\" width=\"620\" height=\"349\" src=\"https:\/\/www.youtube.com\/embed\/OxU54zTAUDc?feature=oembed\" frameborder=\"0\" allow=\"accelerometer; autoplay; clipboard-write; encrypted-media; gyroscope; picture-in-picture; web-share\" referrerpolicy=\"strict-origin-when-cross-origin\" allowfullscreen><\/iframe><\/p>\n<p><iframe loading=\"lazy\" title=\"Patryk Twardowski (Gold Team\/Meble Lorek)\" width=\"620\" height=\"349\" src=\"https:\/\/www.youtube.com\/embed\/u5Ihs8Bddpc?feature=oembed\" frameborder=\"0\" allow=\"accelerometer; autoplay; clipboard-write; encrypted-media; gyroscope; picture-in-picture; web-share\" referrerpolicy=\"strict-origin-when-cross-origin\" allowfullscreen><\/iframe><\/p>\n<p><iframe loading=\"lazy\" title=\"Jakub Szczurek (Galacticos\/Bogda\u0144ski)\" width=\"620\" height=\"349\" src=\"https:\/\/www.youtube.com\/embed\/2j0tlmalAgA?feature=oembed\" frameborder=\"0\" allow=\"accelerometer; autoplay; clipboard-write; encrypted-media; gyroscope; picture-in-picture; web-share\" referrerpolicy=\"strict-origin-when-cross-origin\" allowfullscreen><\/iframe><\/p>\n<p><iframe loading=\"lazy\" title=\"Konrad Pa\u0142ka (Mak-Bud)\" width=\"620\" height=\"349\" src=\"https:\/\/www.youtube.com\/embed\/kPB0wfhBcBk?feature=oembed\" frameborder=\"0\" allow=\"accelerometer; autoplay; clipboard-write; encrypted-media; gyroscope; picture-in-picture; web-share\" referrerpolicy=\"strict-origin-when-cross-origin\" allowfullscreen><\/iframe><\/p>\n<p><iframe loading=\"lazy\" title=\"Daniel Filipek (Prestige House)\" width=\"620\" height=\"349\" src=\"https:\/\/www.youtube.com\/embed\/JJFRDciYCvo?feature=oembed\" frameborder=\"0\" allow=\"accelerometer; autoplay; clipboard-write; encrypted-media; gyroscope; picture-in-picture; web-share\" referrerpolicy=\"strict-origin-when-cross-origin\" allowfullscreen><\/iframe><\/p>\n<p><iframe loading=\"lazy\" title=\"Pawe\u0142 Zygmunt (DripShop &amp; Pakersi)\" width=\"620\" height=\"349\" src=\"https:\/\/www.youtube.com\/embed\/dgtwDo2LmMQ?feature=oembed\" frameborder=\"0\" allow=\"accelerometer; autoplay; clipboard-write; encrypted-media; gyroscope; picture-in-picture; web-share\" referrerpolicy=\"strict-origin-when-cross-origin\" allowfullscreen><\/iframe><\/p>\n<p><iframe loading=\"lazy\" title=\"Patryk Rzepka (KKS Stava)\" width=\"620\" height=\"349\" src=\"https:\/\/www.youtube.com\/embed\/FrvXpSwKghM?feature=oembed\" frameborder=\"0\" allow=\"accelerometer; autoplay; clipboard-write; encrypted-media; gyroscope; picture-in-picture; web-share\" referrerpolicy=\"strict-origin-when-cross-origin\" allowfullscreen><\/iframe><\/p>\n<p><iframe loading=\"lazy\" title=\"Filip Ormia\u0144ski (Trade)\" width=\"620\" height=\"349\" src=\"https:\/\/www.youtube.com\/embed\/NdKrLpn33co?feature=oembed\" frameborder=\"0\" allow=\"accelerometer; autoplay; clipboard-write; encrypted-media; gyroscope; picture-in-picture; web-share\" referrerpolicy=\"strict-origin-when-cross-origin\" allowfullscreen><\/iframe><\/p>\n<p><iframe loading=\"lazy\" title=\"Fabian Konar (KKS Stava)\" width=\"620\" height=\"349\" src=\"https:\/\/www.youtube.com\/embed\/2829OKTfAtU?feature=oembed\" frameborder=\"0\" allow=\"accelerometer; autoplay; clipboard-write; encrypted-media; gyroscope; picture-in-picture; web-share\" referrerpolicy=\"strict-origin-when-cross-origin\" allowfullscreen><\/iframe><\/p>\n<p><iframe loading=\"lazy\" title=\"Jakub Gri\u0144ski (Tylicz.Ski)\" width=\"620\" height=\"349\" src=\"https:\/\/www.youtube.com\/embed\/rLKeVQc65l8?feature=oembed\" frameborder=\"0\" allow=\"accelerometer; autoplay; clipboard-write; encrypted-media; gyroscope; picture-in-picture; web-share\" referrerpolicy=\"strict-origin-when-cross-origin\" allowfullscreen><\/iframe><\/p>\n<p><iframe loading=\"lazy\" title=\"Przemys\u0142aw Kumor (Gold Team\/Meble Lorek)\" width=\"620\" height=\"349\" src=\"https:\/\/www.youtube.com\/embed\/2p0Jvw96TOk?feature=oembed\" frameborder=\"0\" allow=\"accelerometer; autoplay; clipboard-write; encrypted-media; gyroscope; picture-in-picture; web-share\" referrerpolicy=\"strict-origin-when-cross-origin\" allowfullscreen><\/iframe><\/p>\n<p><iframe loading=\"lazy\" title=\"Adrian Jawor (Mak-Bud)\" width=\"620\" height=\"349\" src=\"https:\/\/www.youtube.com\/embed\/wbo4m6vH8xQ?feature=oembed\" frameborder=\"0\" allow=\"accelerometer; autoplay; clipboard-write; encrypted-media; gyroscope; picture-in-picture; web-share\" referrerpolicy=\"strict-origin-when-cross-origin\" allowfullscreen><\/iframe><\/p>\n<p><iframe loading=\"lazy\" title=\"Jan Zieli\u0144ski (Tylicz.Ski)\" width=\"620\" height=\"349\" src=\"https:\/\/www.youtube.com\/embed\/ieYVoDL9I6Y?feature=oembed\" frameborder=\"0\" allow=\"accelerometer; autoplay; clipboard-write; encrypted-media; gyroscope; picture-in-picture; web-share\" referrerpolicy=\"strict-origin-when-cross-origin\" allowfullscreen><\/iframe><\/p>\n<p><iframe loading=\"lazy\" title=\"Adam Kocemba (Galacticos\/Bogda\u0144ski)\" width=\"620\" height=\"349\" src=\"https:\/\/www.youtube.com\/embed\/OFaN5Vpo9y0?feature=oembed\" frameborder=\"0\" allow=\"accelerometer; autoplay; clipboard-write; encrypted-media; gyroscope; picture-in-picture; web-share\" referrerpolicy=\"strict-origin-when-cross-origin\" allowfullscreen><\/iframe><\/p>\n<p><iframe loading=\"lazy\" title=\"Piotr Zi\u0119ba (DripShop &amp; Pakersi)\" width=\"620\" height=\"349\" src=\"https:\/\/www.youtube.com\/embed\/LUtuQ0Hml0k?feature=oembed\" frameborder=\"0\" allow=\"accelerometer; autoplay; clipboard-write; encrypted-media; gyroscope; picture-in-picture; web-share\" referrerpolicy=\"strict-origin-when-cross-origin\" allowfullscreen><\/iframe><\/p>\n<p><iframe loading=\"lazy\" title=\"Mariusz Mirek (Galacticos\/Bogda\u0144ski)\" width=\"620\" height=\"349\" src=\"https:\/\/www.youtube.com\/embed\/-10JiVBdm0k?feature=oembed\" frameborder=\"0\" allow=\"accelerometer; autoplay; clipboard-write; encrypted-media; gyroscope; picture-in-picture; web-share\" referrerpolicy=\"strict-origin-when-cross-origin\" allowfullscreen><\/iframe><\/p>\n<p><iframe loading=\"lazy\" title=\"Przemys\u0142aw Marsza\u0142ek (Trade)\" width=\"620\" height=\"349\" src=\"https:\/\/www.youtube.com\/embed\/X2PeNiXwlJE?feature=oembed\" frameborder=\"0\" allow=\"accelerometer; autoplay; clipboard-write; encrypted-media; gyroscope; picture-in-picture; web-share\" referrerpolicy=\"strict-origin-when-cross-origin\" allowfullscreen><\/iframe><\/p>\n<p><iframe loading=\"lazy\" title=\"Jakub Olchawa (Prestige House)\" width=\"620\" height=\"349\" src=\"https:\/\/www.youtube.com\/embed\/xditocxnX2E?feature=oembed\" frameborder=\"0\" allow=\"accelerometer; autoplay; clipboard-write; encrypted-media; gyroscope; picture-in-picture; web-share\" referrerpolicy=\"strict-origin-when-cross-origin\" allowfullscreen><\/iframe><\/p>\n<p><iframe loading=\"lazy\" title=\"Andrzej Grabczyk (Bastek Garnitury)\" width=\"620\" height=\"349\" src=\"https:\/\/www.youtube.com\/embed\/FJWYASUV1KQ?feature=oembed\" frameborder=\"0\" allow=\"accelerometer; autoplay; clipboard-write; encrypted-media; gyroscope; picture-in-picture; web-share\" referrerpolicy=\"strict-origin-when-cross-origin\" allowfullscreen><\/iframe><\/p>\n<p><iframe loading=\"lazy\" title=\"Hubert Kowalik (KKS Stava)\" width=\"620\" height=\"349\" src=\"https:\/\/www.youtube.com\/embed\/l0kCPikKoBA?feature=oembed\" frameborder=\"0\" allow=\"accelerometer; autoplay; clipboard-write; encrypted-media; gyroscope; picture-in-picture; web-share\" referrerpolicy=\"strict-origin-when-cross-origin\" allowfullscreen><\/iframe><\/p>\n<p><iframe loading=\"lazy\" title=\"Roman Sobieraj (S\u0105czersi)\" width=\"620\" height=\"349\" src=\"https:\/\/www.youtube.com\/embed\/OtUwuprYm80?feature=oembed\" frameborder=\"0\" allow=\"accelerometer; autoplay; clipboard-write; encrypted-media; gyroscope; picture-in-picture; web-share\" referrerpolicy=\"strict-origin-when-cross-origin\" allowfullscreen><\/iframe><\/p>\n<p><iframe loading=\"lazy\" title=\"Jakub Kowalski (Mak-Bud)\" width=\"620\" height=\"349\" src=\"https:\/\/www.youtube.com\/embed\/wlxHUDAYl6M?feature=oembed\" frameborder=\"0\" allow=\"accelerometer; autoplay; clipboard-write; encrypted-media; gyroscope; picture-in-picture; web-share\" referrerpolicy=\"strict-origin-when-cross-origin\" allowfullscreen><\/iframe><\/p>\n<p><iframe loading=\"lazy\" title=\"Rafa\u0142 Plata (Gold Team\/Meble Lorek)\" width=\"620\" height=\"349\" src=\"https:\/\/www.youtube.com\/embed\/KlAsdo_tlQE?feature=oembed\" frameborder=\"0\" allow=\"accelerometer; autoplay; clipboard-write; encrypted-media; gyroscope; picture-in-picture; web-share\" referrerpolicy=\"strict-origin-when-cross-origin\" allowfullscreen><\/iframe><\/p>\n<p><iframe loading=\"lazy\" title=\"Dariusz B\u0105ba (Trade)\" width=\"620\" height=\"349\" src=\"https:\/\/www.youtube.com\/embed\/hQ6IlZ6vgro?feature=oembed\" frameborder=\"0\" allow=\"accelerometer; autoplay; clipboard-write; encrypted-media; gyroscope; picture-in-picture; web-share\" referrerpolicy=\"strict-origin-when-cross-origin\" allowfullscreen><\/iframe><\/p>\n<p><iframe loading=\"lazy\" title=\"Pawe\u0142 Zygmunt (DripShop &amp; Pakersi)\" width=\"620\" height=\"349\" src=\"https:\/\/www.youtube.com\/embed\/-IF7SELFbpE?feature=oembed\" frameborder=\"0\" allow=\"accelerometer; autoplay; clipboard-write; encrypted-media; gyroscope; picture-in-picture; web-share\" referrerpolicy=\"strict-origin-when-cross-origin\" allowfullscreen><\/iframe><\/p>\n<p><iframe loading=\"lazy\" title=\"Karol Seku\u0142a (Gold Team\/Meble Lorek)\" width=\"620\" height=\"349\" src=\"https:\/\/www.youtube.com\/embed\/kIlYRI9Gws4?feature=oembed\" frameborder=\"0\" allow=\"accelerometer; autoplay; clipboard-write; encrypted-media; gyroscope; picture-in-picture; web-share\" referrerpolicy=\"strict-origin-when-cross-origin\" allowfullscreen><\/iframe><\/p>\n<p><iframe loading=\"lazy\" title=\"Waldemar Nowak (Prestige House)\" width=\"620\" height=\"349\" src=\"https:\/\/www.youtube.com\/embed\/tWsS-kfgBnM?feature=oembed\" frameborder=\"0\" allow=\"accelerometer; autoplay; clipboard-write; encrypted-media; gyroscope; picture-in-picture; web-share\" referrerpolicy=\"strict-origin-when-cross-origin\" allowfullscreen><\/iframe><\/p>\n<p><iframe loading=\"lazy\" title=\"\u0141ukasz Krupa (Tylicz.Ski)\" width=\"620\" height=\"349\" src=\"https:\/\/www.youtube.com\/embed\/6a4E_MosDM8?feature=oembed\" frameborder=\"0\" allow=\"accelerometer; autoplay; clipboard-write; encrypted-media; gyroscope; picture-in-picture; web-share\" referrerpolicy=\"strict-origin-when-cross-origin\" allowfullscreen><\/iframe><\/p>\n<p><iframe loading=\"lazy\" title=\"Kamil Gr\u00f3dek (S\u0105czersi)\" width=\"620\" height=\"349\" src=\"https:\/\/www.youtube.com\/embed\/2kLN-gFyr1k?feature=oembed\" frameborder=\"0\" allow=\"accelerometer; autoplay; clipboard-write; encrypted-media; gyroscope; picture-in-picture; web-share\" referrerpolicy=\"strict-origin-when-cross-origin\" allowfullscreen><\/iframe><\/p>\n<p><iframe loading=\"lazy\" title=\"Dawid \u015awiderski (Galacticos\/Bogda\u0144ski)\" width=\"620\" height=\"349\" src=\"https:\/\/www.youtube.com\/embed\/vOVET0TOpzQ?feature=oembed\" frameborder=\"0\" allow=\"accelerometer; autoplay; clipboard-write; encrypted-media; gyroscope; picture-in-picture; web-share\" referrerpolicy=\"strict-origin-when-cross-origin\" allowfullscreen><\/iframe><\/p>\n<p><iframe loading=\"lazy\" title=\"Szymon Por\u0119ba (Tylicz.Ski)\" width=\"620\" height=\"349\" src=\"https:\/\/www.youtube.com\/embed\/AxZgoTcO8YM?feature=oembed\" frameborder=\"0\" allow=\"accelerometer; autoplay; clipboard-write; encrypted-media; gyroscope; picture-in-picture; web-share\" referrerpolicy=\"strict-origin-when-cross-origin\" allowfullscreen><\/iframe><\/p>\n<p><iframe loading=\"lazy\" title=\"Filip Brdej (Mak-Bud)\" width=\"620\" height=\"349\" src=\"https:\/\/www.youtube.com\/embed\/ZNWdPTXLz0w?feature=oembed\" frameborder=\"0\" allow=\"accelerometer; autoplay; clipboard-write; encrypted-media; gyroscope; picture-in-picture; web-share\" referrerpolicy=\"strict-origin-when-cross-origin\" allowfullscreen><\/iframe><\/p>\n<p><iframe loading=\"lazy\" title=\"Jakub Lach (Gold Team\/Meble Lorek)\" width=\"620\" height=\"349\" src=\"https:\/\/www.youtube.com\/embed\/a968eHMy-U4?feature=oembed\" frameborder=\"0\" allow=\"accelerometer; autoplay; clipboard-write; encrypted-media; gyroscope; picture-in-picture; web-share\" referrerpolicy=\"strict-origin-when-cross-origin\" allowfullscreen><\/iframe><\/p>\n<p><iframe loading=\"lazy\" title=\"Jakub Szczurek (Galacticos\/Bogda\u0144ski)\" width=\"620\" height=\"349\" src=\"https:\/\/www.youtube.com\/embed\/QrGA3OP5xoM?feature=oembed\" frameborder=\"0\" allow=\"accelerometer; autoplay; clipboard-write; encrypted-media; gyroscope; picture-in-picture; web-share\" referrerpolicy=\"strict-origin-when-cross-origin\" allowfullscreen><\/iframe><\/p>\n<p><iframe loading=\"lazy\" title=\"Karol \u0141atka (DripShop &amp; Pakersi)\" width=\"620\" height=\"349\" src=\"https:\/\/www.youtube.com\/embed\/G3_VDdV4dDs?feature=oembed\" frameborder=\"0\" allow=\"accelerometer; autoplay; clipboard-write; encrypted-media; gyroscope; picture-in-picture; web-share\" referrerpolicy=\"strict-origin-when-cross-origin\" allowfullscreen><\/iframe><\/p>\n<p><iframe loading=\"lazy\" title=\"Adam Grabczyk (Bastek Garnitury)\" width=\"620\" height=\"349\" src=\"https:\/\/www.youtube.com\/embed\/ZmNCnOyxYIg?feature=oembed\" frameborder=\"0\" allow=\"accelerometer; autoplay; clipboard-write; encrypted-media; gyroscope; picture-in-picture; web-share\" referrerpolicy=\"strict-origin-when-cross-origin\" allowfullscreen><\/iframe><\/p>\n<p><iframe loading=\"lazy\" title=\"Krystian Skocze\u0144 (Trade)\" width=\"620\" height=\"349\" src=\"https:\/\/www.youtube.com\/embed\/bI-q2xsJGss?feature=oembed\" frameborder=\"0\" allow=\"accelerometer; autoplay; clipboard-write; encrypted-media; gyroscope; picture-in-picture; web-share\" referrerpolicy=\"strict-origin-when-cross-origin\" allowfullscreen><\/iframe><\/p>\n<p><iframe loading=\"lazy\" title=\"Patryk Rzepka (KKS Stava)\" width=\"620\" height=\"349\" src=\"https:\/\/www.youtube.com\/embed\/I55Pui6ilKI?feature=oembed\" frameborder=\"0\" allow=\"accelerometer; autoplay; clipboard-write; encrypted-media; gyroscope; picture-in-picture; web-share\" referrerpolicy=\"strict-origin-when-cross-origin\" allowfullscreen><\/iframe><\/p>\n<p><iframe loading=\"lazy\" title=\"Fabian Kie\u0142basa (Prestige House)\" width=\"620\" height=\"349\" src=\"https:\/\/www.youtube.com\/embed\/YDnvt06fSU0?feature=oembed\" frameborder=\"0\" allow=\"accelerometer; autoplay; clipboard-write; encrypted-media; gyroscope; picture-in-picture; web-share\" referrerpolicy=\"strict-origin-when-cross-origin\" allowfullscreen><\/iframe><\/p>\n<p><iframe loading=\"lazy\" title=\"\u0141ukasz Biernacki (S\u0105czersi)\" width=\"620\" height=\"349\" src=\"https:\/\/www.youtube.com\/embed\/uyGKB9OpuuA?feature=oembed\" frameborder=\"0\" allow=\"accelerometer; autoplay; clipboard-write; encrypted-media; gyroscope; picture-in-picture; web-share\" referrerpolicy=\"strict-origin-when-cross-origin\" allowfullscreen><\/iframe><\/p>\n","protected":false},"excerpt":{"rendered":"","protected":false},"author":1,"featured_media":0,"parent":8132,"menu_order":0,"comment_status":"closed","ping_status":"closed","template":"","meta":{"footnotes":""},"_links":{"self":[{"href":"https:\/\/lfsportevents.pl\/ligafutsalu\/wp-json\/wp\/v2\/pages\/8162"}],"collection":[{"href":"https:\/\/lfsportevents.pl\/ligafutsalu\/wp-json\/wp\/v2\/pages"}],"about":[{"href":"https:\/\/lfsportevents.pl\/ligafutsalu\/wp-json\/wp\/v2\/types\/page"}],"author":[{"embeddable":true,"href":"https:\/\/lfsportevents.pl\/ligafutsalu\/wp-json\/wp\/v2\/users\/1"}],"replies":[{"embeddable":true,"href":"https:\/\/lfsportevents.pl\/ligafutsalu\/wp-json\/wp\/v2\/comments?post=8162"}],"version-history":[{"count":2,"href":"https:\/\/lfsportevents.pl\/ligafutsalu\/wp-json\/wp\/v2\/pages\/8162\/revisions"}],"predecessor-version":[{"id":29808,"href":"https:\/\/lfsportevents.pl\/ligafutsalu\/wp-json\/wp\/v2\/pages\/8162\/revisions\/29808"}],"up":[{"embeddable":true,"href":"https:\/\/lfsportevents.pl\/ligafutsalu\/wp-json\/wp\/v2\/pages\/8132"}],"wp:attachment":[{"href":"https:\/\/lfsportevents.pl\/ligafutsalu\/wp-json\/wp\/v2\/media?parent=8162"}],"curies":[{"name":"wp","href":"https:\/\/api.w.org\/{rel}","templated":true}]}}