{"id":8156,"date":"2017-09-20T10:04:09","date_gmt":"2017-09-20T08:04:09","guid":{"rendered":"https:\/\/lfsportevents.pl\/ligafutsalu\/?page_id=8156"},"modified":"2026-01-29T20:14:57","modified_gmt":"2026-01-29T19:14:57","slug":"tabela","status":"publish","type":"page","link":"https:\/\/lfsportevents.pl\/ligafutsalu\/ekstraklasa\/tabela\/","title":{"rendered":"Tabela"},"content":{"rendered":"<div class=\"legenda\">\n<p>Legenda:<\/p>\n<div class=\"item\"><b>M<\/b> = Mecze Rozegrane<\/div>\n<div class=\"item\"><b> Pkt<\/b> = Punkty<\/div>\n<div class=\"item\"><b> Z<\/b> = Zwyci\u0119stwa<\/div>\n<div class=\"item\"><b> R<\/b> = Remisy<\/div>\n<div class=\"item\"><b> P<\/b> = Pora\u017cki<\/div>\n<div class=\"item\"><b> BZ<\/b> = Bramki zdobyte<\/div>\n<div class=\"item\"><b> BS<\/b> = Bramki stracone<\/div>\n<div class=\"item\"><b> +\/-<\/b> = R\u00f3\u017cnica bramek<\/div>\n<div class=\"item\"><span style=\"color: #00ccff;\"><strong>Miejsca 1-5<\/strong> (grupa mistrzowska)<\/span><\/div>\n<div class=\"item\"><span style=\"color: #ff99cc;\"><strong>Miejsca 6-10<\/strong> (grupa spadkowa)<\/span><\/div>\n<div class=\"item\"><span style=\"color: #b0769b;\"><strong>Miejsce 8<\/strong> (bara\u017c z 3 dru\u017cyn\u0105 I Ligi, o pozostanie w Ekstraklasie)<\/span><\/div>\n<div class=\"item\"><span style=\"color: #ff0000;\"><strong>Miejsca 9-10<\/strong> (bezpo\u015bredni spadek do I Ligi)<\/span><\/div>\n<\/div>\n<h2><span style=\"color: #993300;\"><strong>TABELA 2 RUNDY Z PODZIA\u0141EM NA GRUPY<\/strong><\/span><\/h2>\n<div class=\"sportspress\"><div class=\"sp-template sp-template-league-table\">\n\t<h4 class=\"sp-table-caption\">Tabela Ekstraklasa &#8211; Grupa Mistrzowska<\/h4><div class=\"sp-table-wrapper\"><table class=\"sp-league-table sp-data-table sp-sortable-table sp-scrollable-table sp-paginated-table\" data-sp-rows=\"16\"><thead><tr><th class=\"data-rank\">Pozycja<\/th><th class=\"data-name\">Klub<\/th><th class=\"data-p\">M<\/th><th class=\"data-pts\">Pkt<\/th><th class=\"data-w\">Z<\/th><th class=\"data-d\">R<\/th><th class=\"data-l\">P<\/th><th class=\"data-f\">BZ<\/th><th class=\"data-a\">BS<\/th><th class=\"data-gd\">+\/-<\/th><\/tr><\/thead><tbody><tr class=\"odd sp-row-no-0\"><td class=\"data-rank\" data-label=\"Pozycja\">1<\/td><td class=\"data-name has-logo\" data-label=\"Klub\"><a href=\"https:\/\/lfsportevents.pl\/ligafutsalu\/team\/mak-bud\/\"><span class=\"team-logo\"><img loading=\"lazy\" decoding=\"async\" width=\"128\" height=\"103\" src=\"https:\/\/lfsportevents.pl\/ligafutsalu\/wp-content\/uploads\/2022\/11\/Mak-Bud_nowe2-removebg-preview-128x103.png\" class=\"attachment-sportspress-fit-icon size-sportspress-fit-icon wp-post-image\" alt=\"\" \/><\/span>Mak-Bud<\/a><\/td><td class=\"data-p\" data-label=\"M\">13<\/td><td class=\"data-pts\" data-label=\"Pkt\">34<\/td><td class=\"data-w\" data-label=\"Z\">11<\/td><td class=\"data-d\" data-label=\"R\">1<\/td><td class=\"data-l\" data-label=\"P\">1<\/td><td class=\"data-f\" data-label=\"BZ\">64<\/td><td class=\"data-a\" data-label=\"BS\">27<\/td><td class=\"data-gd\" data-label=\"+\/-\">37<\/td><\/tr><tr class=\"even sp-row-no-1\"><td class=\"data-rank\" data-label=\"Pozycja\">2<\/td><td class=\"data-name has-logo\" data-label=\"Klub\"><a href=\"https:\/\/lfsportevents.pl\/ligafutsalu\/team\/sebbet-kostka-brukowa\/\"><span class=\"team-logo\"><img loading=\"lazy\" decoding=\"async\" width=\"112\" height=\"128\" src=\"https:\/\/lfsportevents.pl\/ligafutsalu\/wp-content\/uploads\/2019\/11\/Drip-Shop-112x128.png\" class=\"attachment-sportspress-fit-icon size-sportspress-fit-icon wp-post-image\" alt=\"\" \/><\/span>DripShop &#038; Pakersi<\/a><\/td><td class=\"data-p\" data-label=\"M\">13<\/td><td class=\"data-pts\" data-label=\"Pkt\">33<\/td><td class=\"data-w\" data-label=\"Z\">11<\/td><td class=\"data-d\" data-label=\"R\">0<\/td><td class=\"data-l\" data-label=\"P\">2<\/td><td class=\"data-f\" data-label=\"BZ\">68<\/td><td class=\"data-a\" data-label=\"BS\">35<\/td><td class=\"data-gd\" data-label=\"+\/-\">33<\/td><\/tr><tr class=\"odd sp-row-no-2\"><td class=\"data-rank\" data-label=\"Pozycja\">3<\/td><td class=\"data-name has-logo\" data-label=\"Klub\"><a href=\"https:\/\/lfsportevents.pl\/ligafutsalu\/team\/q-graf\/\"><span class=\"team-logo\"><img loading=\"lazy\" decoding=\"async\" width=\"128\" height=\"66\" src=\"https:\/\/lfsportevents.pl\/ligafutsalu\/wp-content\/uploads\/2016\/11\/Tylicz-Ski-1-128x66.png\" class=\"attachment-sportspress-fit-icon size-sportspress-fit-icon wp-post-image\" alt=\"\" \/><\/span>Tylicz.Ski<\/a><\/td><td class=\"data-p\" data-label=\"M\">13<\/td><td class=\"data-pts\" data-label=\"Pkt\">22<\/td><td class=\"data-w\" data-label=\"Z\">7<\/td><td class=\"data-d\" data-label=\"R\">1<\/td><td class=\"data-l\" data-label=\"P\">5<\/td><td class=\"data-f\" data-label=\"BZ\">50<\/td><td class=\"data-a\" data-label=\"BS\">43<\/td><td class=\"data-gd\" data-label=\"+\/-\">7<\/td><\/tr><tr class=\"even sp-row-no-3\"><td class=\"data-rank\" data-label=\"Pozycja\">4<\/td><td class=\"data-name has-logo\" data-label=\"Klub\"><a href=\"https:\/\/lfsportevents.pl\/ligafutsalu\/team\/prestige-house\/\"><span class=\"team-logo\"><img loading=\"lazy\" decoding=\"async\" width=\"128\" height=\"128\" src=\"https:\/\/lfsportevents.pl\/ligafutsalu\/wp-content\/uploads\/2022\/11\/Prestige-House-128x128.jpg\" class=\"attachment-sportspress-fit-icon size-sportspress-fit-icon wp-post-image\" alt=\"\" \/><\/span>Prestige House<\/a><\/td><td class=\"data-p\" data-label=\"M\">13<\/td><td class=\"data-pts\" data-label=\"Pkt\">15<\/td><td class=\"data-w\" data-label=\"Z\">5<\/td><td class=\"data-d\" data-label=\"R\">0<\/td><td class=\"data-l\" data-label=\"P\">8<\/td><td class=\"data-f\" data-label=\"BZ\">50<\/td><td class=\"data-a\" data-label=\"BS\">64<\/td><td class=\"data-gd\" data-label=\"+\/-\">-14<\/td><\/tr><tr class=\"odd sp-row-no-4\"><td class=\"data-rank\" data-label=\"Pozycja\">5<\/td><td class=\"data-name has-logo\" data-label=\"Klub\"><a href=\"https:\/\/lfsportevents.pl\/ligafutsalu\/team\/galacticos-team\/\"><span class=\"team-logo\"><img loading=\"lazy\" decoding=\"async\" width=\"128\" height=\"128\" src=\"https:\/\/lfsportevents.pl\/ligafutsalu\/wp-content\/uploads\/2023\/10\/Galacticos-Team-128x128.png\" class=\"attachment-sportspress-fit-icon size-sportspress-fit-icon wp-post-image\" alt=\"\" \/><\/span>Galacticos\/Bogda\u0144ski<\/a><\/td><td class=\"data-p\" data-label=\"M\">13<\/td><td class=\"data-pts\" data-label=\"Pkt\">13<\/td><td class=\"data-w\" data-label=\"Z\">4<\/td><td class=\"data-d\" data-label=\"R\">1<\/td><td class=\"data-l\" data-label=\"P\">8<\/td><td class=\"data-f\" data-label=\"BZ\">41<\/td><td class=\"data-a\" data-label=\"BS\">54<\/td><td class=\"data-gd\" data-label=\"+\/-\">-13<\/td><\/tr><\/tbody><\/table><\/div><\/div>\n<\/div>\n<div class=\"sportspress\"><div class=\"sp-template sp-template-league-table\">\n\t<h4 class=\"sp-table-caption\">Tabela Ekstraklasa &#8211; Grupa Spadkowa<\/h4><div class=\"sp-table-wrapper\"><table class=\"sp-league-table sp-data-table sp-sortable-table sp-scrollable-table sp-paginated-table\" data-sp-rows=\"16\"><thead><tr><th class=\"data-rank\">Pozycja<\/th><th class=\"data-name\">Klub<\/th><th class=\"data-p\">M<\/th><th class=\"data-pts\">Pkt<\/th><th class=\"data-w\">Z<\/th><th class=\"data-d\">R<\/th><th class=\"data-l\">P<\/th><th class=\"data-f\">BZ<\/th><th class=\"data-a\">BS<\/th><th class=\"data-gd\">+\/-<\/th><\/tr><\/thead><tbody><tr class=\"odd sp-row-no-0\"><td class=\"data-rank\" data-label=\"Pozycja\">1<\/td><td class=\"data-name has-logo\" data-label=\"Klub\"><a href=\"https:\/\/lfsportevents.pl\/ligafutsalu\/team\/gold-team\/\"><span class=\"team-logo\"><img loading=\"lazy\" decoding=\"async\" width=\"128\" height=\"42\" src=\"https:\/\/lfsportevents.pl\/ligafutsalu\/wp-content\/uploads\/2016\/11\/Meble-Lorek-128x42.png\" class=\"attachment-sportspress-fit-icon size-sportspress-fit-icon wp-post-image\" alt=\"\" \/><\/span>Gold Team\/Meble Lorek<\/a><\/td><td class=\"data-p\" data-label=\"M\">13<\/td><td class=\"data-pts\" data-label=\"Pkt\">21<\/td><td class=\"data-w\" data-label=\"Z\">7<\/td><td class=\"data-d\" data-label=\"R\">0<\/td><td class=\"data-l\" data-label=\"P\">6<\/td><td class=\"data-f\" data-label=\"BZ\">62<\/td><td class=\"data-a\" data-label=\"BS\">44<\/td><td class=\"data-gd\" data-label=\"+\/-\">18<\/td><\/tr><tr class=\"even sp-row-no-1\"><td class=\"data-rank\" data-label=\"Pozycja\">2<\/td><td class=\"data-name has-logo\" data-label=\"Klub\"><a href=\"https:\/\/lfsportevents.pl\/ligafutsalu\/team\/bastek-niskowa\/\"><span class=\"team-logo\"><img loading=\"lazy\" decoding=\"async\" width=\"128\" height=\"34\" src=\"https:\/\/lfsportevents.pl\/ligafutsalu\/wp-content\/uploads\/2019\/11\/Bastek-Garnitury-128x34.png\" class=\"attachment-sportspress-fit-icon size-sportspress-fit-icon wp-post-image\" alt=\"\" \/><\/span>Bastek Garnitury<\/a><\/td><td class=\"data-p\" data-label=\"M\">13<\/td><td class=\"data-pts\" data-label=\"Pkt\">18<\/td><td class=\"data-w\" data-label=\"Z\">6<\/td><td class=\"data-d\" data-label=\"R\">0<\/td><td class=\"data-l\" data-label=\"P\">7<\/td><td class=\"data-f\" data-label=\"BZ\">49<\/td><td class=\"data-a\" data-label=\"BS\">49<\/td><td class=\"data-gd\" data-label=\"+\/-\">0<\/td><\/tr><tr class=\"odd sp-row-no-2\"><td class=\"data-rank\" data-label=\"Pozycja\">3<\/td><td class=\"data-name has-logo\" data-label=\"Klub\"><a href=\"https:\/\/lfsportevents.pl\/ligafutsalu\/team\/saczersi\/\"><span class=\"team-logo\"><img loading=\"lazy\" decoding=\"async\" width=\"126\" height=\"128\" src=\"https:\/\/lfsportevents.pl\/ligafutsalu\/wp-content\/uploads\/2019\/11\/S\u0105czersi-126x128.png\" class=\"attachment-sportspress-fit-icon size-sportspress-fit-icon wp-post-image\" alt=\"\" \/><\/span>S\u0105czersi<\/a><\/td><td class=\"data-p\" data-label=\"M\">13<\/td><td class=\"data-pts\" data-label=\"Pkt\">15<\/td><td class=\"data-w\" data-label=\"Z\">5<\/td><td class=\"data-d\" data-label=\"R\">0<\/td><td class=\"data-l\" data-label=\"P\">8<\/td><td class=\"data-f\" data-label=\"BZ\">55<\/td><td class=\"data-a\" data-label=\"BS\">68<\/td><td class=\"data-gd\" data-label=\"+\/-\">-13<\/td><\/tr><tr class=\"even sp-row-no-3\"><td class=\"data-rank\" data-label=\"Pozycja\">4<\/td><td class=\"data-name has-logo\" data-label=\"Klub\"><a href=\"https:\/\/lfsportevents.pl\/ligafutsalu\/team\/trade\/\"><span class=\"team-logo\"><img loading=\"lazy\" decoding=\"async\" width=\"128\" height=\"81\" src=\"https:\/\/lfsportevents.pl\/ligafutsalu\/wp-content\/uploads\/2020\/10\/TRADE-logo-128x81.png\" class=\"attachment-sportspress-fit-icon size-sportspress-fit-icon wp-post-image\" alt=\"\" \/><\/span>Trade<\/a><\/td><td class=\"data-p\" data-label=\"M\">13<\/td><td class=\"data-pts\" data-label=\"Pkt\">13<\/td><td class=\"data-w\" data-label=\"Z\">4<\/td><td class=\"data-d\" data-label=\"R\">1<\/td><td class=\"data-l\" data-label=\"P\">8<\/td><td class=\"data-f\" data-label=\"BZ\">40<\/td><td class=\"data-a\" data-label=\"BS\">55<\/td><td class=\"data-gd\" data-label=\"+\/-\">-15<\/td><\/tr><tr class=\"odd sp-row-no-4\"><td class=\"data-rank\" data-label=\"Pozycja\">5<\/td><td class=\"data-name has-logo\" data-label=\"Klub\"><a href=\"https:\/\/lfsportevents.pl\/ligafutsalu\/team\/kks-stava\/\"><span class=\"team-logo\"><img loading=\"lazy\" decoding=\"async\" width=\"128\" height=\"26\" src=\"https:\/\/lfsportevents.pl\/ligafutsalu\/wp-content\/uploads\/2025\/11\/KKS-Stava-128x26.png\" class=\"attachment-sportspress-fit-icon size-sportspress-fit-icon wp-post-image\" alt=\"\" \/><\/span>KKS Stava<\/a><\/td><td class=\"data-p\" data-label=\"M\">13<\/td><td class=\"data-pts\" data-label=\"Pkt\">9<\/td><td class=\"data-w\" data-label=\"Z\">3<\/td><td class=\"data-d\" data-label=\"R\">0<\/td><td class=\"data-l\" data-label=\"P\">10<\/td><td class=\"data-f\" data-label=\"BZ\">31<\/td><td class=\"data-a\" data-label=\"BS\">71<\/td><td class=\"data-gd\" data-label=\"+\/-\">-40<\/td><\/tr><\/tbody><\/table><\/div><\/div>\n<\/div>\n<h2><span style=\"color: #993300;\"><strong>TABELA po 1 rundzie<\/strong><\/span><\/h2>\n<p><a href=\"https:\/\/lfsportevents.pl\/ligafutsalu\/wp-content\/uploads\/2026\/01\/Tabela-Ekstraklasa.png\"><img loading=\"lazy\" decoding=\"async\" class=\"alignnone wp-image-29554 size-full\" src=\"https:\/\/lfsportevents.pl\/ligafutsalu\/wp-content\/uploads\/2026\/01\/Tabela-Ekstraklasa.png\" alt=\"\" width=\"960\" height=\"638\" srcset=\"https:\/\/lfsportevents.pl\/ligafutsalu\/wp-content\/uploads\/2026\/01\/Tabela-Ekstraklasa.png 960w, https:\/\/lfsportevents.pl\/ligafutsalu\/wp-content\/uploads\/2026\/01\/Tabela-Ekstraklasa-300x199.png 300w, https:\/\/lfsportevents.pl\/ligafutsalu\/wp-content\/uploads\/2026\/01\/Tabela-Ekstraklasa-768x510.png 768w, https:\/\/lfsportevents.pl\/ligafutsalu\/wp-content\/uploads\/2026\/01\/Tabela-Ekstraklasa-128x85.png 128w, https:\/\/lfsportevents.pl\/ligafutsalu\/wp-content\/uploads\/2026\/01\/Tabela-Ekstraklasa-32x21.png 32w, https:\/\/lfsportevents.pl\/ligafutsalu\/wp-content\/uploads\/2026\/01\/Tabela-Ekstraklasa-550x366.png 550w\" sizes=\"(max-width: 960px) 100vw, 960px\" \/><\/a><\/p>\n","protected":false},"excerpt":{"rendered":"<p>Legenda: M = Mecze Rozegrane Pkt = Punkty Z = Zwyci\u0119stwa R = Remisy P = Pora\u017cki BZ = Bramki zdobyte BS = Bramki stracone +\/- = R\u00f3\u017cnica bramek Miejsca 1-5 (grupa mistrzowska) Miejsca 6-10 (grupa spadkowa) Miejsce 8 (bara\u017c z 3 dru\u017cyn\u0105 I Ligi, o pozostanie w Ekstraklasie) Miejsca 9-10 (bezpo\u015bredni spadek do I [&hellip;]<\/p>\n","protected":false},"author":1,"featured_media":0,"parent":8132,"menu_order":0,"comment_status":"closed","ping_status":"closed","template":"","meta":{"footnotes":""},"_links":{"self":[{"href":"https:\/\/lfsportevents.pl\/ligafutsalu\/wp-json\/wp\/v2\/pages\/8156"}],"collection":[{"href":"https:\/\/lfsportevents.pl\/ligafutsalu\/wp-json\/wp\/v2\/pages"}],"about":[{"href":"https:\/\/lfsportevents.pl\/ligafutsalu\/wp-json\/wp\/v2\/types\/page"}],"author":[{"embeddable":true,"href":"https:\/\/lfsportevents.pl\/ligafutsalu\/wp-json\/wp\/v2\/users\/1"}],"replies":[{"embeddable":true,"href":"https:\/\/lfsportevents.pl\/ligafutsalu\/wp-json\/wp\/v2\/comments?post=8156"}],"version-history":[{"count":2,"href":"https:\/\/lfsportevents.pl\/ligafutsalu\/wp-json\/wp\/v2\/pages\/8156\/revisions"}],"predecessor-version":[{"id":29616,"href":"https:\/\/lfsportevents.pl\/ligafutsalu\/wp-json\/wp\/v2\/pages\/8156\/revisions\/29616"}],"up":[{"embeddable":true,"href":"https:\/\/lfsportevents.pl\/ligafutsalu\/wp-json\/wp\/v2\/pages\/8132"}],"wp:attachment":[{"href":"https:\/\/lfsportevents.pl\/ligafutsalu\/wp-json\/wp\/v2\/media?parent=8156"}],"curies":[{"name":"wp","href":"https:\/\/api.w.org\/{rel}","templated":true}]}}