{"id":8144,"date":"2017-09-20T10:02:59","date_gmt":"2017-09-20T08:02:59","guid":{"rendered":"https:\/\/lfsportevents.pl\/ligafutsalu\/?page_id=8144"},"modified":"2026-02-27T21:16:17","modified_gmt":"2026-02-27T20:16:17","slug":"kary","status":"publish","type":"page","link":"https:\/\/lfsportevents.pl\/ligafutsalu\/ekstraklasa\/kary\/","title":{"rendered":"Kary"},"content":{"rendered":"<h1 style=\"text-align: center;\"><strong><span style=\"color: #993300;\">KARY ZAWIESZENIA ZA \u017b\u00d3\u0141TE I CZERWONE KARTKI<\/span><\/strong><\/h1>\n<h1 style=\"text-align: center;\"><strong><span style=\"color: #993300;\">KARY DRU\u017bYNOWE<\/span><\/strong><\/h1>\n<h1 style=\"text-align: center;\"><strong><span style=\"color: #993300;\">KARY DYSCYPLINARNE<\/span><\/strong><\/h1>\n<p>W przypadku du\u017cego nadu\u017cycia regulaminu, lub w sytuacjach gdzie potrzebny jest \u015bwiadek, kary dyscyplinarne mo\u017ce podejmowa\u0107 Komisja dyscyplinarna.<\/p>\n<p style=\"text-align: justify;\"><strong><span style=\"color: #993300;\">Komisja dyscyplinarna &#8211;<\/span><\/strong>\u00a0to organ kt\u00f3ry posiada w swoim sk\u0142adzie osoby decyduj\u0105ce o wysoko\u015bci kary dla dru\u017cyny, zawodnika oraz kibic\u00f3w. Komisja mo\u017ce zadecydowa\u0107 o karze indywidualnej, ale tak\u017ce zbiorowej czy te\u017c usuni\u0119ciem z rozgrywek. Cz\u0142onkowie reprezentuj\u0105cy komisj\u0119 zostali wybrani poprzez g\u0142osowanie kapitan\u00f3w. W przypadku naruszenia regulaminu b\u0105d\u017a sytuacji wyj\u0105tkowo trudnej do oceny, komisja zwo\u0142uje spotkanie by ustali\u0107 przyczyny zaistnia\u0142ej sytuacji oraz wymierzy\u0107 kar\u0119 stosown\u0105 do winy. Na og\u00f3\u0142 decyzje podejmuje organizator, lecz ewentualnie mo\u017ce wesprze\u0107 si\u0119 pomoc\u0105 komisji dyscyplinarn\u0105<\/p>\n<p><span style=\"color: #993300;\"><strong>Komisja sta\u0142a:<\/strong><\/span><\/p>\n<ol>\n<li>Organizator \u2013 \u0141ukasz Fr\u0105czek<\/li>\n<li>Komisarz Ligi \u2013 Mateusz M\u00f3l<\/li>\n<\/ol>\n<p><span style=\"color: #993300;\"><strong>Komisja powo\u0142ana jako \u015bwiadek (w razie potrzeby)<\/strong><\/span><\/p>\n<ol>\n<li>S\u0119dzia b\u0105d\u017a s\u0119dziowie danego spotkania<\/li>\n<li>Gospodarz obiektu MOSiR<\/li>\n<\/ol>\n","protected":false},"excerpt":{"rendered":"<p>KARY ZAWIESZENIA ZA \u017b\u00d3\u0141TE I CZERWONE KARTKI KARY DRU\u017bYNOWE KARY DYSCYPLINARNE W przypadku du\u017cego nadu\u017cycia regulaminu, lub w sytuacjach gdzie potrzebny jest \u015bwiadek, kary dyscyplinarne mo\u017ce podejmowa\u0107 Komisja dyscyplinarna. Komisja dyscyplinarna &#8211;\u00a0to organ kt\u00f3ry posiada w swoim sk\u0142adzie osoby decyduj\u0105ce o wysoko\u015bci kary dla dru\u017cyny, zawodnika oraz kibic\u00f3w. Komisja mo\u017ce zadecydowa\u0107 o karze indywidualnej, ale [&hellip;]<\/p>\n","protected":false},"author":1,"featured_media":0,"parent":8132,"menu_order":0,"comment_status":"closed","ping_status":"closed","template":"","meta":{"footnotes":""},"_links":{"self":[{"href":"https:\/\/lfsportevents.pl\/ligafutsalu\/wp-json\/wp\/v2\/pages\/8144"}],"collection":[{"href":"https:\/\/lfsportevents.pl\/ligafutsalu\/wp-json\/wp\/v2\/pages"}],"about":[{"href":"https:\/\/lfsportevents.pl\/ligafutsalu\/wp-json\/wp\/v2\/types\/page"}],"author":[{"embeddable":true,"href":"https:\/\/lfsportevents.pl\/ligafutsalu\/wp-json\/wp\/v2\/users\/1"}],"replies":[{"embeddable":true,"href":"https:\/\/lfsportevents.pl\/ligafutsalu\/wp-json\/wp\/v2\/comments?post=8144"}],"version-history":[{"count":3,"href":"https:\/\/lfsportevents.pl\/ligafutsalu\/wp-json\/wp\/v2\/pages\/8144\/revisions"}],"predecessor-version":[{"id":29804,"href":"https:\/\/lfsportevents.pl\/ligafutsalu\/wp-json\/wp\/v2\/pages\/8144\/revisions\/29804"}],"up":[{"embeddable":true,"href":"https:\/\/lfsportevents.pl\/ligafutsalu\/wp-json\/wp\/v2\/pages\/8132"}],"wp:attachment":[{"href":"https:\/\/lfsportevents.pl\/ligafutsalu\/wp-json\/wp\/v2\/media?parent=8144"}],"curies":[{"name":"wp","href":"https:\/\/api.w.org\/{rel}","templated":true}]}}