{"id":8128,"date":"2017-09-20T10:00:59","date_gmt":"2017-09-20T08:00:59","guid":{"rendered":"https:\/\/lfsportevents.pl\/ligafutsalu\/?page_id=8128"},"modified":"2026-02-27T21:36:09","modified_gmt":"2026-02-27T20:36:09","slug":"video","status":"publish","type":"page","link":"https:\/\/lfsportevents.pl\/ligafutsalu\/i-liga\/video\/","title":{"rendered":"Video"},"content":{"rendered":"<p><iframe loading=\"lazy\" title=\"Bruk Ogr\u00f3d Nowak - Mistrz El-Kag I Ligi Futsalu 2025\/26\" width=\"620\" height=\"349\" src=\"https:\/\/www.youtube.com\/embed\/tIggSdQHshc?feature=oembed\" frameborder=\"0\" allow=\"accelerometer; autoplay; clipboard-write; encrypted-media; gyroscope; picture-in-picture; web-share\" referrerpolicy=\"strict-origin-when-cross-origin\" allowfullscreen><\/iframe><\/p>\n<p><iframe loading=\"lazy\" title=\"Maciej Kowalski (Z44 Clinic)\" width=\"620\" height=\"349\" src=\"https:\/\/www.youtube.com\/embed\/IdqieneIyYU?feature=oembed\" frameborder=\"0\" allow=\"accelerometer; autoplay; clipboard-write; encrypted-media; gyroscope; picture-in-picture; web-share\" referrerpolicy=\"strict-origin-when-cross-origin\" allowfullscreen><\/iframe><\/p>\n<p><iframe loading=\"lazy\" title=\"\u0141ukasz Ojrzanowski (Auto Spa Greenpowerns)\" width=\"620\" height=\"349\" src=\"https:\/\/www.youtube.com\/embed\/OcNPa-2CSqI?feature=oembed\" frameborder=\"0\" allow=\"accelerometer; autoplay; clipboard-write; encrypted-media; gyroscope; picture-in-picture; web-share\" referrerpolicy=\"strict-origin-when-cross-origin\" allowfullscreen><\/iframe><\/p>\n<p><iframe loading=\"lazy\" title=\"Szymon Kmiecik (Essa Decore)\" width=\"620\" height=\"349\" src=\"https:\/\/www.youtube.com\/embed\/PSCNtDz2sP0?feature=oembed\" frameborder=\"0\" allow=\"accelerometer; autoplay; clipboard-write; encrypted-media; gyroscope; picture-in-picture; web-share\" referrerpolicy=\"strict-origin-when-cross-origin\" allowfullscreen><\/iframe><\/p>\n<p><iframe loading=\"lazy\" title=\"Pawe\u0142 Wi\u0119c\u0142awek (Gotoma)\" width=\"620\" height=\"349\" src=\"https:\/\/www.youtube.com\/embed\/eEeaqMHY8qE?feature=oembed\" frameborder=\"0\" allow=\"accelerometer; autoplay; clipboard-write; encrypted-media; gyroscope; picture-in-picture; web-share\" referrerpolicy=\"strict-origin-when-cross-origin\" allowfullscreen><\/iframe><\/p>\n<p><iframe loading=\"lazy\" title=\"Maciej Mateja (Batimowcy)\" width=\"620\" height=\"349\" src=\"https:\/\/www.youtube.com\/embed\/zDFhxL5e4KE?feature=oembed\" frameborder=\"0\" allow=\"accelerometer; autoplay; clipboard-write; encrypted-media; gyroscope; picture-in-picture; web-share\" referrerpolicy=\"strict-origin-when-cross-origin\" allowfullscreen><\/iframe><\/p>\n<p><iframe loading=\"lazy\" title=\"B\u0142a\u017cej Ko\u017cuch (Inter-Styl)\" width=\"620\" height=\"349\" src=\"https:\/\/www.youtube.com\/embed\/KHtbKknSp7w?feature=oembed\" frameborder=\"0\" allow=\"accelerometer; autoplay; clipboard-write; encrypted-media; gyroscope; picture-in-picture; web-share\" referrerpolicy=\"strict-origin-when-cross-origin\" allowfullscreen><\/iframe><\/p>\n<p><iframe loading=\"lazy\" title=\"Szymon Kmiecik (Essa Decore)\" width=\"620\" height=\"349\" src=\"https:\/\/www.youtube.com\/embed\/ciB4rdwgpbI?feature=oembed\" frameborder=\"0\" allow=\"accelerometer; autoplay; clipboard-write; encrypted-media; gyroscope; picture-in-picture; web-share\" referrerpolicy=\"strict-origin-when-cross-origin\" allowfullscreen><\/iframe><\/p>\n<p><iframe loading=\"lazy\" title=\"Jakub Jendrusik (Ibis Styles N.S.)\" width=\"620\" height=\"349\" src=\"https:\/\/www.youtube.com\/embed\/iZVZ59TJruo?feature=oembed\" frameborder=\"0\" allow=\"accelerometer; autoplay; clipboard-write; encrypted-media; gyroscope; picture-in-picture; web-share\" referrerpolicy=\"strict-origin-when-cross-origin\" allowfullscreen><\/iframe><\/p>\n<p><iframe loading=\"lazy\" title=\"Szymon Studzi\u0144ski (Gotoma)\" width=\"620\" height=\"349\" src=\"https:\/\/www.youtube.com\/embed\/CNPcdDCNdfI?feature=oembed\" frameborder=\"0\" allow=\"accelerometer; autoplay; clipboard-write; encrypted-media; gyroscope; picture-in-picture; web-share\" referrerpolicy=\"strict-origin-when-cross-origin\" allowfullscreen><\/iframe><\/p>\n<p><iframe loading=\"lazy\" title=\"Damian N\u0119dza (Batimowcy)\" width=\"620\" height=\"349\" src=\"https:\/\/www.youtube.com\/embed\/sqv6CLhMAZU?feature=oembed\" frameborder=\"0\" allow=\"accelerometer; autoplay; clipboard-write; encrypted-media; gyroscope; picture-in-picture; web-share\" referrerpolicy=\"strict-origin-when-cross-origin\" allowfullscreen><\/iframe><\/p>\n<p><iframe loading=\"lazy\" title=\"Konrad Krzanowski (Baz Pal)\" width=\"620\" height=\"349\" src=\"https:\/\/www.youtube.com\/embed\/QEL5vwJfi7E?feature=oembed\" frameborder=\"0\" allow=\"accelerometer; autoplay; clipboard-write; encrypted-media; gyroscope; picture-in-picture; web-share\" referrerpolicy=\"strict-origin-when-cross-origin\" allowfullscreen><\/iframe><\/p>\n<p><iframe loading=\"lazy\" title=\"Adam Pi\u0119tka (Z44 Clinic)\" width=\"620\" height=\"349\" src=\"https:\/\/www.youtube.com\/embed\/dO9uEMAvPJ4?feature=oembed\" frameborder=\"0\" allow=\"accelerometer; autoplay; clipboard-write; encrypted-media; gyroscope; picture-in-picture; web-share\" referrerpolicy=\"strict-origin-when-cross-origin\" allowfullscreen><\/iframe><\/p>\n<p><iframe loading=\"lazy\" title=\"Kamil Aleksander (Libella Truck FC)\" width=\"620\" height=\"349\" src=\"https:\/\/www.youtube.com\/embed\/TiiaUoOFgXE?feature=oembed\" frameborder=\"0\" allow=\"accelerometer; autoplay; clipboard-write; encrypted-media; gyroscope; picture-in-picture; web-share\" referrerpolicy=\"strict-origin-when-cross-origin\" allowfullscreen><\/iframe><\/p>\n<p><iframe loading=\"lazy\" title=\"Wojciech Le\u015bniak (Auto Spa Greenpowerns)\" width=\"620\" height=\"349\" src=\"https:\/\/www.youtube.com\/embed\/bn09kZl4t_k?feature=oembed\" frameborder=\"0\" allow=\"accelerometer; autoplay; clipboard-write; encrypted-media; gyroscope; picture-in-picture; web-share\" referrerpolicy=\"strict-origin-when-cross-origin\" allowfullscreen><\/iframe><\/p>\n<p><iframe loading=\"lazy\" title=\"Mateusz Kr\u00f3l (Bruk Ogr\u00f3d Nowak)\" width=\"620\" height=\"349\" src=\"https:\/\/www.youtube.com\/embed\/yMFCfQRa1qw?feature=oembed\" frameborder=\"0\" allow=\"accelerometer; autoplay; clipboard-write; encrypted-media; gyroscope; picture-in-picture; web-share\" referrerpolicy=\"strict-origin-when-cross-origin\" allowfullscreen><\/iframe><\/p>\n<p><iframe loading=\"lazy\" title=\"Sebastian Po\u0142e\u0107 (Z44 Clinic)\" width=\"620\" height=\"349\" src=\"https:\/\/www.youtube.com\/embed\/mJ_0V-Jw2DM?feature=oembed\" frameborder=\"0\" allow=\"accelerometer; autoplay; clipboard-write; encrypted-media; gyroscope; picture-in-picture; web-share\" referrerpolicy=\"strict-origin-when-cross-origin\" allowfullscreen><\/iframe><\/p>\n<p><iframe loading=\"lazy\" title=\"Damian Mr\u00f3z (Essa Decore)\" width=\"620\" height=\"349\" src=\"https:\/\/www.youtube.com\/embed\/iw3pJVq6TJw?feature=oembed\" frameborder=\"0\" allow=\"accelerometer; autoplay; clipboard-write; encrypted-media; gyroscope; picture-in-picture; web-share\" referrerpolicy=\"strict-origin-when-cross-origin\" allowfullscreen><\/iframe><\/p>\n<p><iframe loading=\"lazy\" title=\"Piotr Che\u0142mecki (Baz Pal)\" width=\"620\" height=\"349\" src=\"https:\/\/www.youtube.com\/embed\/WPkf4Thbbjc?feature=oembed\" frameborder=\"0\" allow=\"accelerometer; autoplay; clipboard-write; encrypted-media; gyroscope; picture-in-picture; web-share\" referrerpolicy=\"strict-origin-when-cross-origin\" allowfullscreen><\/iframe><\/p>\n<p><iframe loading=\"lazy\" title=\"Wojciech Cebula (Libella Truck FC)\" width=\"620\" height=\"349\" src=\"https:\/\/www.youtube.com\/embed\/rNzi2xzJMXc?feature=oembed\" frameborder=\"0\" allow=\"accelerometer; autoplay; clipboard-write; encrypted-media; gyroscope; picture-in-picture; web-share\" referrerpolicy=\"strict-origin-when-cross-origin\" allowfullscreen><\/iframe><\/p>\n<p><iframe loading=\"lazy\" title=\"Konrad Copka Miko\u0142ajczyk (Stal-Bud Nawojowa)\" width=\"620\" height=\"349\" src=\"https:\/\/www.youtube.com\/embed\/Oq00yj0g1-Q?feature=oembed\" frameborder=\"0\" allow=\"accelerometer; autoplay; clipboard-write; encrypted-media; gyroscope; picture-in-picture; web-share\" referrerpolicy=\"strict-origin-when-cross-origin\" allowfullscreen><\/iframe><\/p>\n<p><iframe loading=\"lazy\" title=\"Karol Michalik (Gotoma)\" width=\"620\" height=\"349\" src=\"https:\/\/www.youtube.com\/embed\/nfnNuUf_0ec?feature=oembed\" frameborder=\"0\" allow=\"accelerometer; autoplay; clipboard-write; encrypted-media; gyroscope; picture-in-picture; web-share\" referrerpolicy=\"strict-origin-when-cross-origin\" allowfullscreen><\/iframe><\/p>\n<p><iframe loading=\"lazy\" title=\"Maciej Mateja (Batimowcy)\" width=\"620\" height=\"349\" src=\"https:\/\/www.youtube.com\/embed\/Ik7QIQRyrKE?feature=oembed\" frameborder=\"0\" allow=\"accelerometer; autoplay; clipboard-write; encrypted-media; gyroscope; picture-in-picture; web-share\" referrerpolicy=\"strict-origin-when-cross-origin\" allowfullscreen><\/iframe><\/p>\n<p><iframe loading=\"lazy\" title=\"Oskar Plata (Iron Team)\" width=\"620\" height=\"349\" src=\"https:\/\/www.youtube.com\/embed\/0yaf4aMQsGw?feature=oembed\" frameborder=\"0\" allow=\"accelerometer; autoplay; clipboard-write; encrypted-media; gyroscope; picture-in-picture; web-share\" referrerpolicy=\"strict-origin-when-cross-origin\" allowfullscreen><\/iframe><\/p>\n<p><iframe loading=\"lazy\" title=\"Piotr Gromala (Auto Spa Greenpowerns)\" width=\"620\" height=\"349\" src=\"https:\/\/www.youtube.com\/embed\/XBykBQJUl5Q?feature=oembed\" frameborder=\"0\" allow=\"accelerometer; autoplay; clipboard-write; encrypted-media; gyroscope; picture-in-picture; web-share\" referrerpolicy=\"strict-origin-when-cross-origin\" allowfullscreen><\/iframe><\/p>\n<p><iframe loading=\"lazy\" title=\"Mateusz \u0141agosz (Bruk Ogr\u00f3d Nowak)\" width=\"620\" height=\"349\" src=\"https:\/\/www.youtube.com\/embed\/waLeN5-_n40?feature=oembed\" frameborder=\"0\" allow=\"accelerometer; autoplay; clipboard-write; encrypted-media; gyroscope; picture-in-picture; web-share\" referrerpolicy=\"strict-origin-when-cross-origin\" allowfullscreen><\/iframe><\/p>\n<p><iframe loading=\"lazy\" title=\"Piotr Witkowski (Essa Decore)\" width=\"620\" height=\"349\" src=\"https:\/\/www.youtube.com\/embed\/7wmvtisDKy8?feature=oembed\" frameborder=\"0\" allow=\"accelerometer; autoplay; clipboard-write; encrypted-media; gyroscope; picture-in-picture; web-share\" referrerpolicy=\"strict-origin-when-cross-origin\" allowfullscreen><\/iframe><\/p>\n<p><iframe loading=\"lazy\" title=\"Krzysztof Nowakowski (Auto Spa Greenpowerns)\" width=\"620\" height=\"349\" src=\"https:\/\/www.youtube.com\/embed\/Xi_G76k5poQ?feature=oembed\" frameborder=\"0\" allow=\"accelerometer; autoplay; clipboard-write; encrypted-media; gyroscope; picture-in-picture; web-share\" referrerpolicy=\"strict-origin-when-cross-origin\" allowfullscreen><\/iframe><\/p>\n<p><iframe loading=\"lazy\" title=\"Szymon Bieryt (Libella Truck FC)\" width=\"620\" height=\"349\" src=\"https:\/\/www.youtube.com\/embed\/ONidqon7aQQ?feature=oembed\" frameborder=\"0\" allow=\"accelerometer; autoplay; clipboard-write; encrypted-media; gyroscope; picture-in-picture; web-share\" referrerpolicy=\"strict-origin-when-cross-origin\" allowfullscreen><\/iframe><\/p>\n<p><iframe loading=\"lazy\" title=\"Damian Bu\u017aniak (Stal-Bud Nawojowa)\" width=\"620\" height=\"349\" src=\"https:\/\/www.youtube.com\/embed\/-dZftsoBnQo?feature=oembed\" frameborder=\"0\" allow=\"accelerometer; autoplay; clipboard-write; encrypted-media; gyroscope; picture-in-picture; web-share\" referrerpolicy=\"strict-origin-when-cross-origin\" allowfullscreen><\/iframe><\/p>\n<p><iframe loading=\"lazy\" title=\"Adam Tumidaj (Z44 Clinic)\" width=\"620\" height=\"349\" src=\"https:\/\/www.youtube.com\/embed\/i-6028REeFU?feature=oembed\" frameborder=\"0\" allow=\"accelerometer; autoplay; clipboard-write; encrypted-media; gyroscope; picture-in-picture; web-share\" referrerpolicy=\"strict-origin-when-cross-origin\" allowfullscreen><\/iframe><\/p>\n<p><iframe loading=\"lazy\" title=\"Damian N\u0119dza (Batimowcy)\" width=\"620\" height=\"349\" src=\"https:\/\/www.youtube.com\/embed\/v8NkpCBffgE?feature=oembed\" frameborder=\"0\" allow=\"accelerometer; autoplay; clipboard-write; encrypted-media; gyroscope; picture-in-picture; web-share\" referrerpolicy=\"strict-origin-when-cross-origin\" allowfullscreen><\/iframe><\/p>\n<p><iframe loading=\"lazy\" title=\"Piotr Wo\u017aniak (Baz Pal)\" width=\"620\" height=\"349\" src=\"https:\/\/www.youtube.com\/embed\/KqTRRUx2mG0?feature=oembed\" frameborder=\"0\" allow=\"accelerometer; autoplay; clipboard-write; encrypted-media; gyroscope; picture-in-picture; web-share\" referrerpolicy=\"strict-origin-when-cross-origin\" allowfullscreen><\/iframe><\/p>\n<p><iframe loading=\"lazy\" title=\"Dawid Paj\u0105k (Smolnik M\u0119cina)\" width=\"620\" height=\"349\" src=\"https:\/\/www.youtube.com\/embed\/mzf_lHPCM8w?feature=oembed\" frameborder=\"0\" allow=\"accelerometer; autoplay; clipboard-write; encrypted-media; gyroscope; picture-in-picture; web-share\" referrerpolicy=\"strict-origin-when-cross-origin\" allowfullscreen><\/iframe><\/p>\n<p><iframe loading=\"lazy\" title=\"Tomasz Kocio\u0142ek (Protel)\" width=\"620\" height=\"349\" src=\"https:\/\/www.youtube.com\/embed\/woLSr_WWqaY?feature=oembed\" frameborder=\"0\" allow=\"accelerometer; autoplay; clipboard-write; encrypted-media; gyroscope; picture-in-picture; web-share\" referrerpolicy=\"strict-origin-when-cross-origin\" allowfullscreen><\/iframe><\/p>\n<p><iframe loading=\"lazy\" title=\"Przemys\u0142aw G\u0142uchowski (Gotoma)\" width=\"620\" height=\"349\" src=\"https:\/\/www.youtube.com\/embed\/01b2oFFel1w?feature=oembed\" frameborder=\"0\" allow=\"accelerometer; autoplay; clipboard-write; encrypted-media; gyroscope; picture-in-picture; web-share\" referrerpolicy=\"strict-origin-when-cross-origin\" allowfullscreen><\/iframe><\/p>\n<p><iframe loading=\"lazy\" title=\"Nikodem Sikora (Baz Pal)\" width=\"620\" height=\"349\" src=\"https:\/\/www.youtube.com\/embed\/r9GUJQIFvt0?feature=oembed\" frameborder=\"0\" allow=\"accelerometer; autoplay; clipboard-write; encrypted-media; gyroscope; picture-in-picture; web-share\" referrerpolicy=\"strict-origin-when-cross-origin\" allowfullscreen><\/iframe><\/p>\n<p><iframe loading=\"lazy\" title=\"Rafa\u0142 Burchel (Smolnik M\u0119cina)\" width=\"620\" height=\"349\" src=\"https:\/\/www.youtube.com\/embed\/9uOwlgZbh8M?feature=oembed\" frameborder=\"0\" allow=\"accelerometer; autoplay; clipboard-write; encrypted-media; gyroscope; picture-in-picture; web-share\" referrerpolicy=\"strict-origin-when-cross-origin\" allowfullscreen><\/iframe><\/p>\n<p><iframe loading=\"lazy\" title=\"Mateusz Kr\u00f3l (Auto Spa Greenpowerns)\" width=\"620\" height=\"349\" src=\"https:\/\/www.youtube.com\/embed\/2rHWoFPE21c?feature=oembed\" frameborder=\"0\" allow=\"accelerometer; autoplay; clipboard-write; encrypted-media; gyroscope; picture-in-picture; web-share\" referrerpolicy=\"strict-origin-when-cross-origin\" allowfullscreen><\/iframe><\/p>\n<p><iframe loading=\"lazy\" title=\"Kamil Czernecki (Essa Decore)\" width=\"620\" height=\"349\" src=\"https:\/\/www.youtube.com\/embed\/OEZEumQaX7E?feature=oembed\" frameborder=\"0\" allow=\"accelerometer; autoplay; clipboard-write; encrypted-media; gyroscope; picture-in-picture; web-share\" referrerpolicy=\"strict-origin-when-cross-origin\" allowfullscreen><\/iframe><\/p>\n<p><iframe loading=\"lazy\" title=\"Jakub Legutko (Gotoma)\" width=\"620\" height=\"349\" src=\"https:\/\/www.youtube.com\/embed\/SR0svwzZ5lQ?feature=oembed\" frameborder=\"0\" allow=\"accelerometer; autoplay; clipboard-write; encrypted-media; gyroscope; picture-in-picture; web-share\" referrerpolicy=\"strict-origin-when-cross-origin\" allowfullscreen><\/iframe><\/p>\n<p><iframe loading=\"lazy\" title=\"Rados\u0142aw Paw\u0142owski (Libella Truck FC)\" width=\"620\" height=\"349\" src=\"https:\/\/www.youtube.com\/embed\/ZWohKk5MjLY?feature=oembed\" frameborder=\"0\" allow=\"accelerometer; autoplay; clipboard-write; encrypted-media; gyroscope; picture-in-picture; web-share\" referrerpolicy=\"strict-origin-when-cross-origin\" allowfullscreen><\/iframe><\/p>\n<p><iframe loading=\"lazy\" title=\"Wiktor Dada\u0142 (Inter-Styl)\" width=\"620\" height=\"349\" src=\"https:\/\/www.youtube.com\/embed\/cJ8oZQgBJbo?feature=oembed\" frameborder=\"0\" allow=\"accelerometer; autoplay; clipboard-write; encrypted-media; gyroscope; picture-in-picture; web-share\" referrerpolicy=\"strict-origin-when-cross-origin\" allowfullscreen><\/iframe><\/p>\n<p><iframe loading=\"lazy\" title=\"Micha\u0142 Rymarczyk (Stal-Bud Nawojowa)\" width=\"620\" height=\"349\" src=\"https:\/\/www.youtube.com\/embed\/a9G_Lu8MqiQ?feature=oembed\" frameborder=\"0\" allow=\"accelerometer; autoplay; clipboard-write; encrypted-media; gyroscope; picture-in-picture; web-share\" referrerpolicy=\"strict-origin-when-cross-origin\" allowfullscreen><\/iframe><\/p>\n<p><iframe loading=\"lazy\" title=\"Hubert Gro\u0144 (Batimowcy)\" width=\"620\" height=\"349\" src=\"https:\/\/www.youtube.com\/embed\/PElwFp09cIY?feature=oembed\" frameborder=\"0\" allow=\"accelerometer; autoplay; clipboard-write; encrypted-media; gyroscope; picture-in-picture; web-share\" referrerpolicy=\"strict-origin-when-cross-origin\" allowfullscreen><\/iframe><\/p>\n<p><iframe loading=\"lazy\" title=\"Jakub Szkaradek (Protel)\" width=\"620\" height=\"349\" src=\"https:\/\/www.youtube.com\/embed\/rTYdLaDUdoQ?feature=oembed\" frameborder=\"0\" allow=\"accelerometer; autoplay; clipboard-write; encrypted-media; gyroscope; picture-in-picture; web-share\" referrerpolicy=\"strict-origin-when-cross-origin\" allowfullscreen><\/iframe><\/p>\n<p><iframe loading=\"lazy\" title=\"Konrad &quot;Copka&quot; Miko\u0142ajczyk\" width=\"620\" height=\"349\" src=\"https:\/\/www.youtube.com\/embed\/4WmWvmF5YH4?feature=oembed\" frameborder=\"0\" allow=\"accelerometer; autoplay; clipboard-write; encrypted-media; gyroscope; picture-in-picture; web-share\" referrerpolicy=\"strict-origin-when-cross-origin\" allowfullscreen><\/iframe><\/p>\n<p><iframe loading=\"lazy\" title=\"Karol Pierzcha\u0142a (Libella Truck FC)\" width=\"620\" height=\"349\" src=\"https:\/\/www.youtube.com\/embed\/4i4WCJtX8fw?feature=oembed\" frameborder=\"0\" allow=\"accelerometer; autoplay; clipboard-write; encrypted-media; gyroscope; picture-in-picture; web-share\" referrerpolicy=\"strict-origin-when-cross-origin\" allowfullscreen><\/iframe><\/p>\n<p><iframe loading=\"lazy\" title=\"Jakub Bodziony (Essa Decore)\" width=\"620\" height=\"349\" src=\"https:\/\/www.youtube.com\/embed\/aWq9L6XAvUo?feature=oembed\" frameborder=\"0\" allow=\"accelerometer; autoplay; clipboard-write; encrypted-media; gyroscope; picture-in-picture; web-share\" referrerpolicy=\"strict-origin-when-cross-origin\" allowfullscreen><\/iframe><\/p>\n<p><iframe loading=\"lazy\" title=\"Patryk Lorek (Inter-Styl)\" width=\"620\" height=\"349\" src=\"https:\/\/www.youtube.com\/embed\/Q6J2wicTkYo?feature=oembed\" frameborder=\"0\" allow=\"accelerometer; autoplay; clipboard-write; encrypted-media; gyroscope; picture-in-picture; web-share\" referrerpolicy=\"strict-origin-when-cross-origin\" allowfullscreen><\/iframe><\/p>\n<p><iframe loading=\"lazy\" title=\"Kacper \u017buchowicz (Ibis Styles N.S.)\" width=\"620\" height=\"349\" src=\"https:\/\/www.youtube.com\/embed\/AqzDzEDkl2M?feature=oembed\" frameborder=\"0\" allow=\"accelerometer; autoplay; clipboard-write; encrypted-media; gyroscope; picture-in-picture; web-share\" referrerpolicy=\"strict-origin-when-cross-origin\" allowfullscreen><\/iframe><\/p>\n<p><iframe loading=\"lazy\" title=\"Szymon Witek (Gotoma)\" width=\"620\" height=\"349\" src=\"https:\/\/www.youtube.com\/embed\/-99K09jXi_0?feature=oembed\" frameborder=\"0\" allow=\"accelerometer; autoplay; clipboard-write; encrypted-media; gyroscope; picture-in-picture; web-share\" referrerpolicy=\"strict-origin-when-cross-origin\" allowfullscreen><\/iframe><\/p>\n<p><iframe loading=\"lazy\" title=\"Mateusz Ry\u015b (Auto Spa Greenpowerns)\" width=\"620\" height=\"349\" src=\"https:\/\/www.youtube.com\/embed\/MCuWLEy-9CU?feature=oembed\" frameborder=\"0\" allow=\"accelerometer; autoplay; clipboard-write; encrypted-media; gyroscope; picture-in-picture; web-share\" referrerpolicy=\"strict-origin-when-cross-origin\" allowfullscreen><\/iframe><\/p>\n","protected":false},"excerpt":{"rendered":"","protected":false},"author":1,"featured_media":0,"parent":8100,"menu_order":0,"comment_status":"closed","ping_status":"closed","template":"","meta":{"footnotes":""},"_links":{"self":[{"href":"https:\/\/lfsportevents.pl\/ligafutsalu\/wp-json\/wp\/v2\/pages\/8128"}],"collection":[{"href":"https:\/\/lfsportevents.pl\/ligafutsalu\/wp-json\/wp\/v2\/pages"}],"about":[{"href":"https:\/\/lfsportevents.pl\/ligafutsalu\/wp-json\/wp\/v2\/types\/page"}],"author":[{"embeddable":true,"href":"https:\/\/lfsportevents.pl\/ligafutsalu\/wp-json\/wp\/v2\/users\/1"}],"replies":[{"embeddable":true,"href":"https:\/\/lfsportevents.pl\/ligafutsalu\/wp-json\/wp\/v2\/comments?post=8128"}],"version-history":[{"count":2,"href":"https:\/\/lfsportevents.pl\/ligafutsalu\/wp-json\/wp\/v2\/pages\/8128\/revisions"}],"predecessor-version":[{"id":29810,"href":"https:\/\/lfsportevents.pl\/ligafutsalu\/wp-json\/wp\/v2\/pages\/8128\/revisions\/29810"}],"up":[{"embeddable":true,"href":"https:\/\/lfsportevents.pl\/ligafutsalu\/wp-json\/wp\/v2\/pages\/8100"}],"wp:attachment":[{"href":"https:\/\/lfsportevents.pl\/ligafutsalu\/wp-json\/wp\/v2\/media?parent=8128"}],"curies":[{"name":"wp","href":"https:\/\/api.w.org\/{rel}","templated":true}]}}