{"id":8124,"date":"2017-09-20T10:00:28","date_gmt":"2017-09-20T08:00:28","guid":{"rendered":"https:\/\/lfsportevents.pl\/ligafutsalu\/?page_id=8124"},"modified":"2026-02-27T22:41:36","modified_gmt":"2026-02-27T21:41:36","slug":"tabela","status":"publish","type":"page","link":"https:\/\/lfsportevents.pl\/ligafutsalu\/i-liga\/tabela\/","title":{"rendered":"Tabela"},"content":{"rendered":"<div class=\"legenda\">\n<p>Legenda:<\/p>\n<div class=\"item\"><b>M<\/b> = Mecze Rozegrane<\/div>\n<div class=\"item\"><b>Pkt<\/b> = Punkty<\/div>\n<div class=\"item\"><b>Z<\/b> = Zwyci\u0119stwa<\/div>\n<div class=\"item\"><b>R<\/b> = Remisy<\/div>\n<div class=\"item\"><b>P<\/b> = Pora\u017cki<\/div>\n<div class=\"item\"><b>BZ<\/b> = Bramki zdobyte<\/div>\n<div class=\"item\"><b>BS<\/b> = Bramki stracone<\/div>\n<div class=\"item\"><b>+\/-<\/b> = R\u00f3\u017cnica bramek<\/div>\n<div class=\"item\">\n<div><span style=\"color: #1dcc54;\"><strong>Miejsce 1\u20132<\/strong> (bezpo\u015bredni awans do Ekstraklasy)<\/span><\/div>\n<div><span style=\"color: #38e890;\"><strong>Miejsce 3<\/strong> (bara\u017c z 8 dru\u017cyn\u0105 Ekstraklasy)<\/span><\/div>\n<div><span style=\"color: #800080;\"><strong>Miejsce 8<\/strong> (bara\u017c z 3 dru\u017cyn\u0105 II Ligi)<\/span><\/div>\n<div><span style=\"color: #ff0000;\"><strong>Miejsce 8\u201314<\/strong> (w przypadku reorganizacji ligi, mo\u017cliwy spadek do II Ligi)<\/span><\/div>\n<\/div>\n<\/div>\n<p><a href=\"https:\/\/lfsportevents.pl\/ligafutsalu\/wp-content\/uploads\/2026\/02\/Tabela-I-Liga.png\"><img loading=\"lazy\" decoding=\"async\" class=\"alignnone wp-image-29813 size-full\" src=\"https:\/\/lfsportevents.pl\/ligafutsalu\/wp-content\/uploads\/2026\/02\/Tabela-I-Liga.png\" alt=\"\" width=\"960\" height=\"851\" srcset=\"https:\/\/lfsportevents.pl\/ligafutsalu\/wp-content\/uploads\/2026\/02\/Tabela-I-Liga.png 960w, https:\/\/lfsportevents.pl\/ligafutsalu\/wp-content\/uploads\/2026\/02\/Tabela-I-Liga-300x266.png 300w, https:\/\/lfsportevents.pl\/ligafutsalu\/wp-content\/uploads\/2026\/02\/Tabela-I-Liga-768x681.png 768w, https:\/\/lfsportevents.pl\/ligafutsalu\/wp-content\/uploads\/2026\/02\/Tabela-I-Liga-128x113.png 128w, https:\/\/lfsportevents.pl\/ligafutsalu\/wp-content\/uploads\/2026\/02\/Tabela-I-Liga-32x28.png 32w, https:\/\/lfsportevents.pl\/ligafutsalu\/wp-content\/uploads\/2026\/02\/Tabela-I-Liga-550x488.png 550w\" sizes=\"(max-width: 960px) 100vw, 960px\" \/><\/a><\/p>\n<p>Smolnik M\u0119cina &#8211; 1 pkt w tabeli za walkower z dnia 01.12.2025<br \/>\nSmolnik M\u0119cina &#8211; 1 pkt w tabeli za walkower z dnia 17.12.2025<br \/>\ninter Styl &#8211; 1 pkt w tabeli za walkower z dnia 12.02.2026<br \/>\nSmolnik M\u0119cina &#8211; 1 pkt w tabeli za walkower z dnia 25.02.2026<\/p>\n","protected":false},"excerpt":{"rendered":"<p>Legenda: M = Mecze Rozegrane Pkt = Punkty Z = Zwyci\u0119stwa R = Remisy P = Pora\u017cki BZ = Bramki zdobyte BS = Bramki stracone +\/- = R\u00f3\u017cnica bramek Miejsce 1\u20132 (bezpo\u015bredni awans do Ekstraklasy) Miejsce 3 (bara\u017c z 8 dru\u017cyn\u0105 Ekstraklasy) Miejsce 8 (bara\u017c z 3 dru\u017cyn\u0105 II Ligi) Miejsce 8\u201314 (w przypadku reorganizacji [&hellip;]<\/p>\n","protected":false},"author":1,"featured_media":0,"parent":8100,"menu_order":0,"comment_status":"closed","ping_status":"closed","template":"","meta":{"footnotes":""},"_links":{"self":[{"href":"https:\/\/lfsportevents.pl\/ligafutsalu\/wp-json\/wp\/v2\/pages\/8124"}],"collection":[{"href":"https:\/\/lfsportevents.pl\/ligafutsalu\/wp-json\/wp\/v2\/pages"}],"about":[{"href":"https:\/\/lfsportevents.pl\/ligafutsalu\/wp-json\/wp\/v2\/types\/page"}],"author":[{"embeddable":true,"href":"https:\/\/lfsportevents.pl\/ligafutsalu\/wp-json\/wp\/v2\/users\/1"}],"replies":[{"embeddable":true,"href":"https:\/\/lfsportevents.pl\/ligafutsalu\/wp-json\/wp\/v2\/comments?post=8124"}],"version-history":[{"count":3,"href":"https:\/\/lfsportevents.pl\/ligafutsalu\/wp-json\/wp\/v2\/pages\/8124\/revisions"}],"predecessor-version":[{"id":29814,"href":"https:\/\/lfsportevents.pl\/ligafutsalu\/wp-json\/wp\/v2\/pages\/8124\/revisions\/29814"}],"up":[{"embeddable":true,"href":"https:\/\/lfsportevents.pl\/ligafutsalu\/wp-json\/wp\/v2\/pages\/8100"}],"wp:attachment":[{"href":"https:\/\/lfsportevents.pl\/ligafutsalu\/wp-json\/wp\/v2\/media?parent=8124"}],"curies":[{"name":"wp","href":"https:\/\/api.w.org\/{rel}","templated":true}]}}