{"id":20638,"date":"2021-09-28T13:06:39","date_gmt":"2021-09-28T11:06:39","guid":{"rendered":"https:\/\/lfsportevents.pl\/ligafutsalu\/?page_id=20638"},"modified":"2026-02-13T11:41:39","modified_gmt":"2026-02-13T10:41:39","slug":"rekordy-ii-ligi","status":"publish","type":"page","link":"https:\/\/lfsportevents.pl\/ligafutsalu\/rekordy-ii-ligi\/","title":{"rendered":"Rekordy II Ligi"},"content":{"rendered":"<header class=\"entry-header\">\n<h4 class=\"sp-table-caption\">NAJWY\u017bSZE zwyci\u0119stwa:<\/h4>\n<\/header>\n<div class=\"entry-content\">\n<div class=\"sportspress\">\n<div class=\"sp-template sp-template-event-list\">\n<div class=\"sp-table-wrapper\">\n<div class=\"dataTables_wrapper no-footer\">\n<div class=\"sp-scrollable-table-wrapper\">\n<div class=\"sp-scrollable-table-wrapper\">\n<table width=\"665\">\n<tbody>\n<tr>\n<td width=\"49\"><strong><span style=\"color: #993300;\">Lp.<\/span><\/strong><\/td>\n<td width=\"155\"><strong><span style=\"color: #993300;\">Data<\/span><\/strong><\/td>\n<td width=\"317\"><strong><span style=\"color: #993300;\">Mecz<\/span><\/strong><\/td>\n<td width=\"144\"><strong><span style=\"color: #993300;\">Wynik<\/span><\/strong><\/td>\n<\/tr>\n<tr>\n<td width=\"49\"><strong><span style=\"color: #993300;\">1.<\/span><\/strong><\/td>\n<td width=\"155\">10 luty 2026<\/td>\n<td width=\"317\">Iron Team : RTX Fabryka Okien<\/td>\n<td width=\"144\">1:17 (0:8) + 16 goli<\/td>\n<\/tr>\n<tr>\n<td width=\"49\"><strong><span style=\"color: #993300;\">2.<\/span><\/strong><\/td>\n<td width=\"155\">3 stycze\u0144 2023<\/td>\n<td width=\"317\">Gotoma &#8211; Gr\u00f3d Czop Podegrodzie<\/td>\n<td width=\"144\">18:3 (7:1) + 15 goli<\/td>\n<\/tr>\n<tr>\n<td width=\"49\"><strong><span style=\"color: #993300;\">3.<\/span><\/strong><\/td>\n<td width=\"155\">12 stycze\u0144 2019<\/td>\n<td width=\"317\">Walczyk Optyk &#8211; El-Kag Team<\/td>\n<td width=\"144\">17:3 (11:1) + 14 goli<\/td>\n<\/tr>\n<tr>\n<td width=\"49\"><strong><span style=\"color: #993300;\">4.<\/span><\/strong><\/td>\n<td width=\"155\">30 listopad 2021<\/td>\n<td width=\"317\">G\u0142odzik i Smajdor Team &#8211; Piemonte Calcio<\/td>\n<td width=\"144\">19:5 (12:1) + 14 goli<\/td>\n<\/tr>\n<tr>\n<td width=\"49\"><strong><span style=\"color: #993300;\">5.<\/span><\/strong><\/td>\n<td width=\"155\">28 listopad 2023<\/td>\n<td width=\"317\">Stal-Bud Nawojowa &#8211; Pabud<\/td>\n<td width=\"144\">15:1 (8:1) + 14 goli<\/td>\n<\/tr>\n<tr>\n<td width=\"49\"><strong><span style=\"color: #993300;\">6.<\/span><\/strong><\/td>\n<td width=\"155\">10 listopad 2020<\/td>\n<td width=\"317\">Olimp Team &#8211; Stachbud Gostwica<\/td>\n<td width=\"144\">15:2 (6:0) + 13 goli<\/td>\n<\/tr>\n<tr>\n<td width=\"49\"><strong><span style=\"color: #993300;\">7.<\/span><\/strong><\/td>\n<td width=\"155\">16 stycze\u0144 2020<\/td>\n<td width=\"317\">Trade &#8211; Olimp Team<\/td>\n<td width=\"144\">14:2 (7:1) + 12 goli<\/td>\n<\/tr>\n<tr>\n<td width=\"49\"><strong><span style=\"color: #993300;\">8.<\/span><\/strong><\/td>\n<td width=\"155\">19 stycze\u0144 2019<\/td>\n<td width=\"317\">Pizzeria Trio &#8211; Piemonte Calcio<\/td>\n<td width=\"144\">3:14 (1:5) + 11 goli<\/td>\n<\/tr>\n<tr>\n<td width=\"49\"><strong><span style=\"color: #993300;\">9.<\/span><\/strong><\/td>\n<td width=\"155\">24 stycze\u0144 2020<\/td>\n<td width=\"317\">Brotiflex &#8211; Pizzeria Trio<\/td>\n<td width=\"144\">1:11 (0:5) + 10 goli<\/td>\n<\/tr>\n<tr>\n<td width=\"49\"><strong><span style=\"color: #993300;\">10.<\/span><\/strong><\/td>\n<td width=\"155\">25 stycze\u0144 2022<\/td>\n<td width=\"317\">G\u0142odzik i Smajdor Team &#8211; Honer<\/td>\n<td width=\"144\">11:1 (3:1) + 10 goli<\/td>\n<\/tr>\n<tr>\n<td width=\"49\"><strong><span style=\"color: #993300;\">11.<\/span><\/strong><\/td>\n<td width=\"155\">31 stycze\u0144 2022<\/td>\n<td width=\"317\">Pabud &#8211; Wi\u015bniowski II<\/td>\n<td width=\"144\">10:0 (3:0) + 10 goli<\/td>\n<\/tr>\n<tr>\n<td width=\"49\"><strong><span style=\"color: #993300;\">12.<\/span><\/strong><\/td>\n<td width=\"155\">6 listopad 2018<\/td>\n<td width=\"317\">Greenpowerns &#8211; Baz Pal II<\/td>\n<td width=\"144\">13:3 (6:2) + 10 goli<\/td>\n<\/tr>\n<tr>\n<td width=\"49\"><strong><span style=\"color: #993300;\">13.<\/span><\/strong><\/td>\n<td width=\"155\">2 grudzie\u0144 2025<\/td>\n<td width=\"317\">Meb-Lak Meble &#8211; Whisky Bar<\/td>\n<td width=\"144\">1:11 (1:3) + 10 goli<\/td>\n<\/tr>\n<tr>\n<td width=\"49\"><strong><span style=\"color: #993300;\">14.<\/span><\/strong><\/td>\n<td width=\"155\">9 grudzie\u0144 2025<\/td>\n<td width=\"317\">Iron Team &#8211; Lewiatan Pyzik<\/td>\n<td width=\"144\">2:12 (2:2) + 10 goli<\/td>\n<\/tr>\n<tr>\n<td width=\"49\"><strong><span style=\"color: #993300;\">15.<\/span><\/strong><\/td>\n<td width=\"155\">3 marzec 2020<\/td>\n<td width=\"317\">Honer &#8211; Casablanca<\/td>\n<td width=\"144\">9:0 (2:0) + 9 goli<\/td>\n<\/tr>\n<\/tbody>\n<\/table>\n<\/div>\n<\/div>\n<\/div>\n<\/div>\n<\/div>\n<div class=\"sportspress\">\n<div class=\"sp-template sp-template-event-list\">\n<h4 class=\"sp-table-caption\">NAJWY\u017bSZE REMISY:<\/h4>\n<div class=\"sp-table-wrapper\">\n<div class=\"dataTables_wrapper no-footer\">\n<div class=\"sp-scrollable-table-wrapper\">\n<div class=\"sp-scrollable-table-wrapper\">\n<table width=\"665\">\n<tbody>\n<tr>\n<td width=\"49\"><strong><span style=\"color: #993300;\">Lp.<\/span><\/strong><\/td>\n<td width=\"155\"><strong><span style=\"color: #993300;\">Data<\/span><\/strong><\/td>\n<td width=\"317\"><strong><span style=\"color: #993300;\">Mecz<\/span><\/strong><\/td>\n<td width=\"144\"><strong><span style=\"color: #993300;\">Wynik<\/span><\/strong><\/td>\n<\/tr>\n<tr>\n<td width=\"49\"><strong><span style=\"color: #993300;\">1.<\/span><\/strong><\/td>\n<td width=\"155\">15 stycze\u0144 2019<\/td>\n<td width=\"317\">ZBD &#8211; Casablanca<\/td>\n<td width=\"144\">7:7 (3:3)<\/td>\n<\/tr>\n<tr>\n<td width=\"49\"><strong><span style=\"color: #993300;\">2.<\/span><\/strong><\/td>\n<td width=\"155\">19 luty 2019<\/td>\n<td width=\"317\">Baz Pal II &#8211; ZBD<\/td>\n<td width=\"144\">7:7 (4:3)<\/td>\n<\/tr>\n<tr>\n<td width=\"49\"><strong><span style=\"color: #993300;\">3.<\/span><\/strong><\/td>\n<td width=\"155\">21 grudzie\u0144 2020<\/td>\n<td width=\"317\">Pabud &#8211; Trade<\/td>\n<td width=\"144\">7:7 (2:4)<\/td>\n<\/tr>\n<tr>\n<td width=\"49\"><strong><span style=\"color: #993300;\">4.<\/span><\/strong><\/td>\n<td width=\"155\">4 grudzie\u0144 2019<\/td>\n<td width=\"317\">Newag &#8211; Baz Pal II<\/td>\n<td width=\"144\">6:6 (3:2)<\/td>\n<\/tr>\n<tr>\n<td width=\"49\"><strong><span style=\"color: #993300;\">5.<\/span><\/strong><\/td>\n<td width=\"155\">21 grudzie\u0144 2020<\/td>\n<td width=\"317\">Honer &#8211; Olimp Team<\/td>\n<td width=\"144\">6:6 (5:3)<\/td>\n<\/tr>\n<tr>\n<td width=\"49\"><strong><span style=\"color: #993300;\">6.<\/span><\/strong><\/td>\n<td width=\"155\">22 listopad 2022<\/td>\n<td width=\"317\">MZTS Piotrekwozniak.pl &#8211; Gotoma<\/td>\n<td width=\"144\">6:6 (1:3)<\/td>\n<\/tr>\n<tr>\n<td width=\"49\"><strong><span style=\"color: #993300;\">7.<\/span><\/strong><\/td>\n<td width=\"155\">21 listopad 2023<\/td>\n<td width=\"317\">Galacticos Team &#8211; Stal-Bud Nawojowa<\/td>\n<td width=\"144\">6:6 (3:1)<\/td>\n<\/tr>\n<tr>\n<td width=\"49\"><strong><span style=\"color: #993300;\">8.<\/span><\/strong><\/td>\n<td width=\"155\">12 stycze\u0144 2026<\/td>\n<td width=\"317\">Lewiatan Pyzik : R.S. Instal<\/td>\n<td width=\"144\">6:6 (3:3)<\/td>\n<\/tr>\n<tr>\n<td width=\"49\"><strong><span style=\"color: #993300;\">9.<\/span><\/strong><\/td>\n<td width=\"155\">11 grudzie\u0144 2018<\/td>\n<td width=\"317\">Baz Pal II &#8211; El-Kag Team<\/td>\n<td width=\"144\">5:5 (2:1)<\/td>\n<\/tr>\n<tr>\n<td width=\"49\"><strong><span style=\"color: #993300;\">10.<\/span><\/strong><\/td>\n<td width=\"155\">2 listopad 2021<\/td>\n<td width=\"317\">Foto Key &#8211; Honer<\/td>\n<td width=\"144\">5:5 (1:2)<\/td>\n<\/tr>\n<tr>\n<td width=\"49\"><strong><span style=\"color: #993300;\">11.<\/span><\/strong><\/td>\n<td width=\"155\">29 listopad 2021<\/td>\n<td width=\"317\">Wi\u015bniowski II &#8211; Your House<\/td>\n<td width=\"144\">5:5 (3:3)<\/td>\n<\/tr>\n<tr>\n<td width=\"49\"><strong><span style=\"color: #993300;\">12.<\/span><\/strong><\/td>\n<td width=\"155\">14 luty 2023<\/td>\n<td width=\"317\">Piemonte Calcio &#8211; Mawa Wyko\u0144czenia Wn\u0119trz<\/td>\n<td width=\"144\">5:5 (2:1)<\/td>\n<\/tr>\n<tr>\n<td width=\"49\"><strong><span style=\"color: #993300;\">13.<\/span><\/strong><\/td>\n<td width=\"155\">3 luty 2026<\/td>\n<td width=\"317\">Creative : Jaw Trans<\/td>\n<td width=\"144\">5:5 (2:1)<\/td>\n<\/tr>\n<tr>\n<td width=\"49\"><strong><span style=\"color: #993300;\">14.<\/span><\/strong><\/td>\n<td width=\"155\">18 grudzie\u0144 2018<\/td>\n<td width=\"317\">Casablanca &#8211; Greenpowerns<\/td>\n<td width=\"144\">4:4 (0:3)<\/td>\n<\/tr>\n<tr>\n<td width=\"49\"><strong><span style=\"color: #993300;\">15.<\/span><\/strong><\/td>\n<td width=\"155\">19 listopad 2019<\/td>\n<td width=\"317\">Walczyk Optyk II &#8211; Mariposa Med-Spa<\/td>\n<td width=\"144\">4:4 (1:1)<\/td>\n<\/tr>\n<\/tbody>\n<\/table>\n<\/div>\n<\/div>\n<\/div>\n<\/div>\n<\/div>\n<\/div>\n<div class=\"sportspress\">\n<div class=\"sp-template sp-template-event-list\">\n<h4 class=\"sp-table-caption\">NAJWI\u0118CEJ ZDOBYTYCH GOLI W JEDNYM MECZU:<\/h4>\n<div class=\"sp-table-wrapper\">\n<div class=\"dataTables_wrapper no-footer\">\n<div class=\"sp-scrollable-table-wrapper\">\n<div class=\"sp-scrollable-table-wrapper\">\n<table width=\"665\">\n<tbody>\n<tr>\n<td width=\"49\"><strong><span style=\"color: #993300;\">Lp.<\/span><\/strong><\/td>\n<td width=\"155\"><strong><span style=\"color: #993300;\">Data<\/span><\/strong><\/td>\n<td width=\"317\"><strong><span style=\"color: #993300;\">Mecz<\/span><\/strong><\/td>\n<td width=\"144\"><strong><span style=\"color: #993300;\">Wynik<\/span><\/strong><\/td>\n<\/tr>\n<tr>\n<td width=\"49\"><strong><span style=\"color: #993300;\">1.<\/span><\/strong><\/td>\n<td width=\"155\">30 listopad 2021<\/td>\n<td width=\"317\">G\u0142odzik i Smajdor Team &#8211; Piemonte Calcio<\/td>\n<td width=\"144\">24 gole<\/td>\n<\/tr>\n<tr>\n<td width=\"49\"><strong><span style=\"color: #993300;\">2.<\/span><\/strong><\/td>\n<td width=\"155\">3 stycze\u0144 2023<\/td>\n<td width=\"317\">Gotoma &#8211; Gr\u00f3d Czop Podegrodzie<\/td>\n<td width=\"144\">21 goli<\/td>\n<\/tr>\n<tr>\n<td width=\"49\"><strong><span style=\"color: #993300;\">3.<\/span><\/strong><\/td>\n<td width=\"155\">12 marzec 2019<\/td>\n<td width=\"317\">Walczyk Optyk &#8211; El-Kag Team<\/td>\n<td width=\"144\">20 goli<\/td>\n<\/tr>\n<tr>\n<td width=\"49\"><strong><span style=\"color: #993300;\">4.<\/span><\/strong><\/td>\n<td width=\"155\">25 stycze\u0144 2022<\/td>\n<td width=\"317\">Your House &#8211; Pabud<\/td>\n<td width=\"144\">19 goli<\/td>\n<\/tr>\n<tr>\n<td width=\"49\"><strong><span style=\"color: #993300;\">5.<\/span><\/strong><\/td>\n<td width=\"155\">18 grudzie\u0144\u00a0 2018<\/td>\n<td width=\"317\">ZBD &#8211; Baz Pal II<\/td>\n<td width=\"144\">18 goli<\/td>\n<\/tr>\n<tr>\n<td width=\"49\"><strong><span style=\"color: #993300;\">6.<\/span><\/strong><\/td>\n<td width=\"155\">20 listopad 2020<\/td>\n<td width=\"317\">MH Power Quake Team &#8211; Brotiflex<\/td>\n<td width=\"144\">18 goli<\/td>\n<\/tr>\n<tr>\n<td width=\"49\"><strong><span style=\"color: #993300;\">7.<\/span><\/strong><\/td>\n<td width=\"155\">10 luty 2026<\/td>\n<td width=\"317\">Iron Team : RTX Fabryka Okien<\/td>\n<td width=\"144\">18 goli<\/td>\n<\/tr>\n<tr>\n<td width=\"49\"><strong><span style=\"color: #993300;\">8.<\/span><\/strong><\/td>\n<td width=\"155\">8 stycze\u0144 2019<\/td>\n<td width=\"317\">Baz Pal II &#8211; Walczyk Optyk<\/td>\n<td width=\"144\">17 goli<\/td>\n<\/tr>\n<tr>\n<td width=\"49\"><strong><span style=\"color: #993300;\">9.<\/span><\/strong><\/td>\n<td width=\"155\">16 listopad 2020<\/td>\n<td width=\"317\">Trade &#8211; Olimp Team<\/td>\n<td width=\"144\">17 goli<\/td>\n<\/tr>\n<tr>\n<td width=\"49\"><strong><span style=\"color: #993300;\">10.<\/span><\/strong><\/td>\n<td width=\"155\">18 pa\u017adziernik 2021<\/td>\n<td width=\"317\">G\u0142odzik i Smajdor Team &#8211; Restauracja Nawojka<\/td>\n<td width=\"144\">17 goli<\/td>\n<\/tr>\n<tr>\n<td width=\"49\"><strong><span style=\"color: #993300;\">11.<\/span><\/strong><\/td>\n<td width=\"155\">15 listopad 2022<\/td>\n<td width=\"317\">Piemonte Calcio &#8211; Pabud<\/td>\n<td width=\"144\">17 goli<\/td>\n<\/tr>\n<tr>\n<td width=\"49\"><strong><span style=\"color: #993300;\">12.<\/span><\/strong><\/td>\n<td width=\"155\">6 grudzie\u0144 2022<\/td>\n<td width=\"317\">Gotoma &#8211; Wi\u015bniowski<\/td>\n<td width=\"144\">17 goli<\/td>\n<\/tr>\n<tr>\n<td width=\"49\"><strong><span style=\"color: #993300;\">13.<\/span><\/strong><\/td>\n<td width=\"155\">20 grudzie\u0144 2022<\/td>\n<td width=\"317\">Pabud &#8211; Gr\u00f3d Czop Podegrodzie<\/td>\n<td width=\"144\">17 goli<\/td>\n<\/tr>\n<tr>\n<td width=\"49\"><strong><span style=\"color: #993300;\">14.<\/span><\/strong><\/td>\n<td width=\"155\">16 grudzie\u0144 2025<\/td>\n<td width=\"317\">Merx : Iron Team<\/td>\n<td width=\"144\">17 goli<\/td>\n<\/tr>\n<tr>\n<td width=\"49\"><strong><span style=\"color: #993300;\">15.<\/span><\/strong><\/td>\n<td width=\"155\">10 grudzie\u0144 2019<\/td>\n<td width=\"317\">Piemonte Calcio &#8211; Bruk-Ogr\u00f3d-Nowak<\/td>\n<td width=\"144\">16 goli<\/td>\n<\/tr>\n<\/tbody>\n<\/table>\n<\/div>\n<\/div>\n<\/div>\n<\/div>\n<\/div>\n<\/div>\n<div class=\"sportspress\">\n<div class=\"sp-template sp-template-event-list\">\n<h4 class=\"sp-table-caption\">NAJWI\u0118CEJ ZDOBYTYCH GOLI JEDNEGO ZAWODNIKA W JEDNYM MECZU:<\/h4>\n<div class=\"sp-table-wrapper\">\n<div class=\"dataTables_wrapper no-footer\">\n<div class=\"sp-scrollable-table-wrapper\">\n<div class=\"sp-scrollable-table-wrapper\">\n<table width=\"665\">\n<tbody>\n<tr>\n<td width=\"49\"><strong><span style=\"color: #993300;\">Lp.<\/span><\/strong><\/td>\n<td width=\"155\"><strong><span style=\"color: #993300;\">Data<\/span><\/strong><\/td>\n<td width=\"317\"><strong><span style=\"color: #993300;\">Zawodnik<\/span><\/strong><\/td>\n<td width=\"144\"><strong><span style=\"color: #993300;\">Wynik<\/span><\/strong><\/td>\n<\/tr>\n<tr>\n<td width=\"49\"><strong><span style=\"color: #993300;\">1.<\/span><\/strong><\/td>\n<td width=\"155\">30 listopad 2021<\/td>\n<td width=\"317\">Jakub Cempa (G\u0142odzik i Smajdor Team)<\/td>\n<td width=\"144\">9 goli<\/td>\n<\/tr>\n<tr>\n<td width=\"49\"><strong><span style=\"color: #993300;\">2.<\/span><\/strong><\/td>\n<td width=\"155\">25 stycze\u0144 2022<\/td>\n<td width=\"317\">Przemys\u0142aw Kumor (Pabud)<\/td>\n<td width=\"144\">7 goli<\/td>\n<\/tr>\n<tr>\n<td width=\"49\"><strong><span style=\"color: #993300;\">3.<\/span><\/strong><\/td>\n<td width=\"155\">7 luty 2023<\/td>\n<td width=\"317\">Mateusz Dobosz (Piemonte Calcio)<\/td>\n<td width=\"144\">7 goli<\/td>\n<\/tr>\n<tr>\n<td width=\"49\"><strong><span style=\"color: #993300;\">4.<\/span><\/strong><\/td>\n<td width=\"155\">18 grudzie\u0144 2018<\/td>\n<td width=\"317\">Micha\u0142 Zawi\u015blan (Baz Pal II)<\/td>\n<td width=\"144\">6 goli<\/td>\n<\/tr>\n<tr>\n<td width=\"49\"><strong><span style=\"color: #993300;\">5.<\/span><\/strong><\/td>\n<td width=\"155\">12 stycze\u0144 2019<\/td>\n<td width=\"317\">Mateusz Borz\u0119cki (Walczyk Optyk)<\/td>\n<td width=\"144\">6 goli<\/td>\n<\/tr>\n<tr>\n<td width=\"49\"><strong><span style=\"color: #993300;\">6.<\/span><\/strong><\/td>\n<td width=\"155\">26 luty 2019<\/td>\n<td width=\"317\">Dariusz Bodziony (ZBD)<\/td>\n<td width=\"144\">6 goli<\/td>\n<\/tr>\n<tr>\n<td width=\"49\"><strong><span style=\"color: #993300;\">7.<\/span><\/strong><\/td>\n<td width=\"155\">3 marzec 2020<\/td>\n<td width=\"317\">Szymon Grocholewski (Honer)<\/td>\n<td width=\"144\">6 goli<\/td>\n<\/tr>\n<tr>\n<td width=\"49\"><strong><span style=\"color: #993300;\">8.<\/span><\/strong><\/td>\n<td width=\"155\">16 listopad 2020<\/td>\n<td width=\"317\">Dawid Kurczab (Olimp Team)<\/td>\n<td width=\"144\">6 goli<\/td>\n<\/tr>\n<tr>\n<td width=\"49\"><strong><span style=\"color: #993300;\">9.<\/span><\/strong><\/td>\n<td width=\"155\">24 listopad 2020<\/td>\n<td width=\"317\">Kamil Kuziel (Olimp Team)<\/td>\n<td width=\"144\">6 goli<\/td>\n<\/tr>\n<tr>\n<td width=\"49\"><strong><span style=\"color: #993300;\">10.<\/span><\/strong><\/td>\n<td width=\"155\">15 grudzie\u0144 2020<\/td>\n<td width=\"317\">Kamil Kuziel (Olimp Team)<\/td>\n<td width=\"144\">6 goli<\/td>\n<\/tr>\n<tr>\n<td width=\"49\"><strong><span style=\"color: #993300;\">11.<\/span><\/strong><\/td>\n<td width=\"155\">18 pa\u017adziernik 2021<\/td>\n<td width=\"317\">Piotr Mr\u00f3z (San Marino Club)<\/td>\n<td width=\"144\">6 goli<\/td>\n<\/tr>\n<tr>\n<td width=\"49\"><strong><span style=\"color: #993300;\">12.<\/span><\/strong><\/td>\n<td width=\"155\">23 listopad 2021<\/td>\n<td width=\"317\">Jakub Cempa (G\u0142odzik i Smajdor Team)<\/td>\n<td width=\"144\">6 goli<\/td>\n<\/tr>\n<tr>\n<td width=\"49\"><strong><span style=\"color: #993300;\">13.<\/span><\/strong><\/td>\n<td width=\"155\">23 listopad 2021<\/td>\n<td width=\"317\">Szymon Pogwizd (Your House)<\/td>\n<td width=\"144\">6 goli<\/td>\n<\/tr>\n<tr>\n<td width=\"49\"><strong><span style=\"color: #993300;\">14.<\/span><\/strong><\/td>\n<td width=\"155\">14 grudzie\u0144 2021<\/td>\n<td width=\"317\">Szymon Pogwizd (Your House)<\/td>\n<td width=\"144\">6 goli<\/td>\n<\/tr>\n<tr>\n<td width=\"49\"><strong><span style=\"color: #993300;\">15.<\/span><\/strong><\/td>\n<td width=\"155\">18 stycze\u0144 2022<\/td>\n<td width=\"317\">Jan Zieli\u0144ski (Bruk-Ogr\u00f3d-Nowak)<\/td>\n<td width=\"144\">6 goli<\/td>\n<\/tr>\n<\/tbody>\n<\/table>\n<\/div>\n<\/div>\n<\/div>\n<\/div>\n<\/div>\n<\/div>\n<div class=\"sportspress\">\n<div class=\"sp-template sp-template-event-list\">\n<h4 class=\"sp-table-caption\">NAJWI\u0118CEJ ZDOBYTYCH ASYST JEDNEGO ZAWODNIKA W JEDNYM MECZU:<\/h4>\n<div class=\"sp-table-wrapper\">\n<div class=\"dataTables_wrapper no-footer\">\n<div class=\"sp-scrollable-table-wrapper\">\n<div class=\"sp-scrollable-table-wrapper\">\n<table width=\"665\">\n<tbody>\n<tr>\n<td width=\"49\"><strong><span style=\"color: #993300;\">Lp.<\/span><\/strong><\/td>\n<td width=\"155\"><strong><span style=\"color: #993300;\">Data<\/span><\/strong><\/td>\n<td width=\"317\"><span style=\"color: #993300;\"><b>Zawodnik<\/b><\/span><\/td>\n<td width=\"144\"><strong><span style=\"color: #993300;\">Wynik<\/span><\/strong><\/td>\n<\/tr>\n<tr>\n<td width=\"49\"><strong><span style=\"color: #993300;\">1.<\/span><\/strong><\/td>\n<td width=\"155\">3 stycze\u0144 2023<\/td>\n<td width=\"317\">Konrad Ci\u0105g\u0142o (Gotoma)<\/td>\n<td width=\"144\">10 asyst<\/td>\n<\/tr>\n<tr>\n<td width=\"49\"><strong><span style=\"color: #993300;\">2.<\/span><\/strong><\/td>\n<td width=\"155\">12 stycze\u0144 2019<\/td>\n<td width=\"317\">Mateusz Borz\u0119cki (Walczyk Optyk)<\/td>\n<td width=\"144\">6 asyst<\/td>\n<\/tr>\n<tr>\n<td width=\"49\"><strong><span style=\"color: #993300;\">3.<\/span><\/strong><\/td>\n<td width=\"155\">10 listopad 2020<\/td>\n<td width=\"317\">Dawid Kurczab (Olimp Team)<\/td>\n<td width=\"144\">6 asyst<\/td>\n<\/tr>\n<tr>\n<td width=\"49\"><strong><span style=\"color: #993300;\">4.<\/span><\/strong><\/td>\n<td width=\"155\">26 luty 2019<\/td>\n<td width=\"317\">\u0141ukasz Le\u015bniak (ZBD)<\/td>\n<td width=\"144\">5 asyst<\/td>\n<\/tr>\n<tr>\n<td width=\"49\"><strong><span style=\"color: #993300;\">5.<\/span><\/strong><\/td>\n<td width=\"155\">24 listopad 2020<\/td>\n<td width=\"317\">Wiktor Weber (Olimp Team)<\/td>\n<td width=\"144\">5 asyst<\/td>\n<\/tr>\n<tr>\n<td width=\"49\"><strong><span style=\"color: #993300;\">6.<\/span><\/strong><\/td>\n<td width=\"155\">15 grudzie\u0144 2020<\/td>\n<td width=\"317\">Wiktor Weber (Olimp Team)<\/td>\n<td width=\"144\">5 asyst<\/td>\n<\/tr>\n<tr>\n<td width=\"49\"><strong><span style=\"color: #993300;\">7.<\/span><\/strong><\/td>\n<td width=\"155\">30 listopad 2021<\/td>\n<td width=\"317\">Patryk G\u00f3rka (G\u0142odzik i Smajdor Team)<\/td>\n<td width=\"144\">5 asyst<\/td>\n<\/tr>\n<tr>\n<td width=\"49\"><strong><span style=\"color: #993300;\">8.<\/span><\/strong><\/td>\n<td width=\"155\">30 listopad 2021<\/td>\n<td width=\"317\">Jakub Cempa (G\u0142odzik i Smajdor Team)<\/td>\n<td width=\"144\">5 asyst<\/td>\n<\/tr>\n<tr>\n<td width=\"49\"><strong><span style=\"color: #993300;\">9.<\/span><\/strong><\/td>\n<td width=\"155\">31 stycze\u0144 2022<\/td>\n<td width=\"317\">\u0141ukasz Biernacki (Foto Key)<\/td>\n<td width=\"144\">5 asyst<\/td>\n<\/tr>\n<tr>\n<td width=\"49\"><strong><span style=\"color: #993300;\">10.<\/span><\/strong><\/td>\n<td width=\"155\">22 listopad 2022<\/td>\n<td width=\"317\">Adrian G\u00f3rowski (Bruk Ogr\u00f3d Nowak)<\/td>\n<td width=\"144\">5 asyst<\/td>\n<\/tr>\n<tr>\n<td width=\"49\"><strong><span style=\"color: #993300;\">11.<\/span><\/strong><\/td>\n<td width=\"155\">7 luty 2023<\/td>\n<td width=\"317\">Adam Pi\u0119tka (Piemonte Calcio)<\/td>\n<td width=\"144\">5 asyst<\/td>\n<\/tr>\n<tr>\n<td width=\"49\"><strong><span style=\"color: #993300;\">12.<\/span><\/strong><\/td>\n<td width=\"155\">20 grudzie\u0144 2022<\/td>\n<td width=\"317\">Robert Knurowski (Pabud)<\/td>\n<td width=\"144\">5 asyst<\/td>\n<\/tr>\n<tr>\n<td width=\"49\"><strong><span style=\"color: #993300;\">13.<\/span><\/strong><\/td>\n<td width=\"155\">17 grudzie\u0144 2024<\/td>\n<td width=\"317\">Przemys\u0142aw G\u0142uchowski (Gotoma)<\/td>\n<td width=\"144\">5 asyst<\/td>\n<\/tr>\n<tr>\n<td width=\"49\"><strong><span style=\"color: #993300;\">14.<\/span><\/strong><\/td>\n<td width=\"155\">2 grudzie\u0144 2025<\/td>\n<td width=\"317\">Mateusz Szczecina (Whisky Bar)<\/td>\n<td width=\"144\">5 asyst<\/td>\n<\/tr>\n<tr>\n<td width=\"49\"><strong><span style=\"color: #993300;\">15.<\/span><\/strong><\/td>\n<td width=\"155\">9 grudzie\u0144 2025<\/td>\n<td width=\"317\">Przemys\u0142aw Jasi\u0144ski (Lewiatan Pyzik)<\/td>\n<td width=\"144\">5 asyst<\/td>\n<\/tr>\n<\/tbody>\n<\/table>\n<\/div>\n<\/div>\n<\/div>\n<\/div>\n<\/div>\n<\/div>\n<\/div>\n<\/div>\n","protected":false},"excerpt":{"rendered":"<p>NAJWY\u017bSZE zwyci\u0119stwa: Lp. Data Mecz Wynik 1. 10 luty 2026 Iron Team : RTX Fabryka Okien 1:17 (0:8) + 16 goli 2. 3 stycze\u0144 2023 Gotoma &#8211; Gr\u00f3d Czop Podegrodzie 18:3 (7:1) + 15 goli 3. 12 stycze\u0144 2019 Walczyk Optyk &#8211; El-Kag Team 17:3 (11:1) + 14 goli 4. 30 listopad 2021 G\u0142odzik i [&hellip;]<\/p>\n","protected":false},"author":1,"featured_media":0,"parent":0,"menu_order":0,"comment_status":"closed","ping_status":"closed","template":"","meta":{"footnotes":""},"_links":{"self":[{"href":"https:\/\/lfsportevents.pl\/ligafutsalu\/wp-json\/wp\/v2\/pages\/20638"}],"collection":[{"href":"https:\/\/lfsportevents.pl\/ligafutsalu\/wp-json\/wp\/v2\/pages"}],"about":[{"href":"https:\/\/lfsportevents.pl\/ligafutsalu\/wp-json\/wp\/v2\/types\/page"}],"author":[{"embeddable":true,"href":"https:\/\/lfsportevents.pl\/ligafutsalu\/wp-json\/wp\/v2\/users\/1"}],"replies":[{"embeddable":true,"href":"https:\/\/lfsportevents.pl\/ligafutsalu\/wp-json\/wp\/v2\/comments?post=20638"}],"version-history":[{"count":2,"href":"https:\/\/lfsportevents.pl\/ligafutsalu\/wp-json\/wp\/v2\/pages\/20638\/revisions"}],"predecessor-version":[{"id":29729,"href":"https:\/\/lfsportevents.pl\/ligafutsalu\/wp-json\/wp\/v2\/pages\/20638\/revisions\/29729"}],"wp:attachment":[{"href":"https:\/\/lfsportevents.pl\/ligafutsalu\/wp-json\/wp\/v2\/media?parent=20638"}],"curies":[{"name":"wp","href":"https:\/\/api.w.org\/{rel}","templated":true}]}}