{"id":20625,"date":"2021-09-28T13:04:08","date_gmt":"2021-09-28T11:04:08","guid":{"rendered":"https:\/\/lfsportevents.pl\/ligafutsalu\/?page_id=20625"},"modified":"2026-02-13T13:31:57","modified_gmt":"2026-02-13T12:31:57","slug":"rekordy-i-ligi","status":"publish","type":"page","link":"https:\/\/lfsportevents.pl\/ligafutsalu\/rekordy-i-ligi\/","title":{"rendered":"Rekordy I Ligi"},"content":{"rendered":"<header class=\"entry-header\">\n<h4 class=\"sp-table-caption\">NAJWY\u017bSZE zwyci\u0119stwa:<\/h4>\n<\/header>\n<div class=\"entry-content\">\n<div class=\"sportspress\">\n<div class=\"sp-template sp-template-event-list\">\n<div class=\"sp-table-wrapper\">\n<div class=\"dataTables_wrapper no-footer\">\n<div class=\"sp-scrollable-table-wrapper\">\n<div class=\"sp-scrollable-table-wrapper\">\n<table width=\"665\">\n<tbody>\n<tr>\n<td width=\"49\"><strong><span style=\"color: #993300;\">Lp.<\/span><\/strong><\/td>\n<td width=\"155\"><strong><span style=\"color: #993300;\">Data<\/span><\/strong><\/td>\n<td width=\"317\"><strong><span style=\"color: #993300;\">Mecz<\/span><\/strong><\/td>\n<td width=\"144\"><strong><span style=\"color: #993300;\">Wynik<\/span><\/strong><\/td>\n<\/tr>\n<tr>\n<td width=\"49\"><strong><span style=\"color: #993300;\">1.<\/span><\/strong><\/td>\n<td width=\"155\">29 stycze\u0144 2025<\/td>\n<td width=\"317\">Team Ramzes : Bruk Ogr\u00f3d Nowak<\/td>\n<td width=\"144\">0:19 (0:9) + 19 goli<\/td>\n<\/tr>\n<tr>\n<td width=\"49\"><strong><span style=\"color: #993300;\">2.<\/span><\/strong><\/td>\n<td width=\"155\">8 stycze\u0144 2025<\/td>\n<td width=\"317\">Galacticos Team : Team Ramzes<\/td>\n<td width=\"144\">18:0 (8:0) + 18 goli<\/td>\n<\/tr>\n<tr>\n<td width=\"49\"><strong><span style=\"color: #993300;\">3.<\/span><\/strong><\/td>\n<td width=\"155\">19 grudzie\u0144 2018<\/td>\n<td width=\"317\">Gad\u017cet Team &#8211; Stowarzyszenie Dla Miasta<\/td>\n<td width=\"144\">20:5 (12:3) + 15 goli<\/td>\n<\/tr>\n<tr>\n<td width=\"49\"><strong><span style=\"color: #993300;\">4.<\/span><\/strong><\/td>\n<td width=\"155\">27 listopad 2019<\/td>\n<td width=\"317\">Greenpowerns &#8211; Konspol Holding<\/td>\n<td width=\"144\">18:3 (8:1) + 15 goli<\/td>\n<\/tr>\n<tr>\n<td width=\"49\"><strong><span style=\"color: #993300;\">5.<\/span><\/strong><\/td>\n<td width=\"155\">16 marzec 2019<\/td>\n<td width=\"317\">Tradycja Fabryka Okien &#8211; Meble Ogrodowe Kocemba<\/td>\n<td width=\"144\">1:15 (1:9) + 14 goli<\/td>\n<\/tr>\n<tr>\n<td width=\"49\"><strong><span style=\"color: #993300;\">6.<\/span><\/strong><\/td>\n<td width=\"155\">11 luty 2026<\/td>\n<td width=\"317\">Smolnik M\u0119cina : Batimowcy<\/td>\n<td width=\"144\">1:15 (1:5) + 14 goli<\/td>\n<\/tr>\n<tr>\n<td width=\"49\"><strong><span style=\"color: #993300;\">7.<\/span><\/strong><\/td>\n<td width=\"155\">11 grudzie\u0144 2024<\/td>\n<td width=\"317\">Auto Spa Greenpowerns : Team Ramzes<\/td>\n<td width=\"144\">15:3 (6:1) + 12 goli<\/td>\n<\/tr>\n<tr>\n<td width=\"49\"><strong><span style=\"color: #993300;\">8.<\/span><\/strong><\/td>\n<td width=\"155\">27 luty 2019<\/td>\n<td width=\"317\">Stal-Bud Nawojowa &#8211; Gad\u017cet Team<\/td>\n<td width=\"144\">0:11 (0:8) + 11 goli<\/td>\n<\/tr>\n<tr>\n<td width=\"49\"><strong><span style=\"color: #993300;\">9.<\/span><\/strong><\/td>\n<td width=\"155\">5 luty 2019<\/td>\n<td width=\"317\">Greenpowerns &#8211; Konspol Holding<\/td>\n<td width=\"144\">11:0 (5:0) + 11 goli<\/td>\n<\/tr>\n<tr>\n<td width=\"49\"><strong><span style=\"color: #993300;\">10.<\/span><\/strong><\/td>\n<td width=\"155\">25 stycze\u0144 2023<\/td>\n<td width=\"317\">Trade &#8211; Stal-Bud Nawojowa<\/td>\n<td width=\"144\">13:2 (4:0) + 11 goli<\/td>\n<\/tr>\n<tr>\n<td width=\"49\"><strong><span style=\"color: #993300;\">11.<\/span><\/strong><\/td>\n<td width=\"155\">28 listopad 2022<\/td>\n<td width=\"317\">Mak-Bud &#8211; KNiZ<\/td>\n<td width=\"144\">12:1 (5:1) + 11 goli<\/td>\n<\/tr>\n<tr>\n<td width=\"49\"><strong><span style=\"color: #993300;\">12.<\/span><\/strong><\/td>\n<td width=\"155\">19 luty 2025<\/td>\n<td width=\"317\">Team Ramzes : Batimowcy<\/td>\n<td width=\"144\">3:14 (1:6) + 11 goli<\/td>\n<\/tr>\n<tr>\n<td width=\"49\"><strong><span style=\"color: #993300;\">13.<\/span><\/strong><\/td>\n<td width=\"155\">22 listopad 2023<\/td>\n<td width=\"317\">Whisky Bar &#8211; Stal-Bud Nawojowa<\/td>\n<td width=\"144\">15:5 (4:1) + 10 goli<\/td>\n<\/tr>\n<tr>\n<td width=\"49\"><strong><span style=\"color: #993300;\">14.<\/span><\/strong><\/td>\n<td width=\"155\">14 luty 2024<\/td>\n<td width=\"317\">Essa Decore &#8211; KNiZ<\/td>\n<td width=\"144\">0:10 (0:2) + 10 goli<\/td>\n<\/tr>\n<tr>\n<td width=\"49\"><strong><span style=\"color: #993300;\">15.<\/span><\/strong><\/td>\n<td width=\"155\">13 listopad 2024<\/td>\n<td width=\"317\">Batimowcy : Team Ramzes<\/td>\n<td width=\"144\">10:0 (3:0) + 10 goli<\/td>\n<\/tr>\n<\/tbody>\n<\/table>\n<\/div>\n<\/div>\n<\/div>\n<\/div>\n<\/div>\n<div class=\"sportspress\">\n<div class=\"sp-template sp-template-event-list\">\n<h4 class=\"sp-table-caption\">NAJWY\u017bSZE REMISY:<\/h4>\n<div class=\"sp-table-wrapper\">\n<div class=\"dataTables_wrapper no-footer\">\n<div class=\"sp-scrollable-table-wrapper\">\n<div class=\"sp-scrollable-table-wrapper\">\n<table width=\"665\">\n<tbody>\n<tr>\n<td width=\"49\"><strong><span style=\"color: #993300;\">Lp.<\/span><\/strong><\/td>\n<td width=\"155\"><strong><span style=\"color: #993300;\">Data<\/span><\/strong><\/td>\n<td width=\"317\"><strong><span style=\"color: #993300;\">Mecz<\/span><\/strong><\/td>\n<td width=\"144\"><strong><span style=\"color: #993300;\">Wynik<\/span><\/strong><\/td>\n<\/tr>\n<tr>\n<td width=\"49\"><strong><span style=\"color: #993300;\">1.<\/span><\/strong><\/td>\n<td width=\"155\">10 stycze\u0144 2018<\/td>\n<td width=\"317\">Tradycja Fabryka Okien &#8211; ZSR Prehybianie<\/td>\n<td width=\"144\">8:8 (4:3)<\/td>\n<\/tr>\n<tr>\n<td width=\"49\"><strong><span style=\"color: #993300;\">2.<\/span><\/strong><\/td>\n<td width=\"155\">19 luty 2020<\/td>\n<td width=\"317\">Brzezna &#8211; Wi\u015bniowski II<\/td>\n<td width=\"144\">8:8 (4:3)<\/td>\n<\/tr>\n<tr>\n<td width=\"49\"><strong><span style=\"color: #993300;\">3.<\/span><\/strong><\/td>\n<td width=\"155\">5 luty 2025<\/td>\n<td width=\"317\">Bruk Ogr\u00f3d Nowak &#8211; Batimowcy<\/td>\n<td width=\"144\">8:8 (5:4)<\/td>\n<\/tr>\n<tr>\n<td width=\"49\"><strong><span style=\"color: #993300;\">4.<\/span><\/strong><\/td>\n<td width=\"155\">14 luty 2018<\/td>\n<td width=\"317\">Konspol Holding &#8211; Brzezna<\/td>\n<td width=\"144\">6:6 (5:3)<\/td>\n<\/tr>\n<tr>\n<td width=\"49\"><strong><span style=\"color: #993300;\">5.<\/span><\/strong><\/td>\n<td width=\"155\">7 marzec 2018<\/td>\n<td width=\"317\">Batimowcy &#8211; Dukat Antykwariat<\/td>\n<td width=\"144\">6:6 (4:5)<\/td>\n<\/tr>\n<tr>\n<td width=\"49\"><strong><span style=\"color: #993300;\">6.<\/span><\/strong><\/td>\n<td width=\"155\">14 luty 2024<\/td>\n<td width=\"317\">Prestige House &#8211; Baz Pal)<\/td>\n<td width=\"144\">6:6 (3:1)<\/td>\n<\/tr>\n<tr>\n<td width=\"49\"><strong><span style=\"color: #993300;\">7.<\/span><\/strong><\/td>\n<td width=\"155\">20 luty 2019<\/td>\n<td width=\"317\">Gad\u017cet Team &#8211; Meble Ogrodowe Kocemba<\/td>\n<td width=\"144\">5:5 (3:3)<\/td>\n<\/tr>\n<tr>\n<td width=\"49\"><strong><span style=\"color: #993300;\">8.<\/span><\/strong><\/td>\n<td width=\"155\">6 marzec 2019<\/td>\n<td width=\"317\">Stowarzyszenie Dla Miasta &#8211; Batimowcy<\/td>\n<td width=\"144\">5:5 (3:1)<\/td>\n<\/tr>\n<tr>\n<td width=\"49\"><strong><span style=\"color: #993300;\">9.<\/span><\/strong><\/td>\n<td width=\"155\">5 luty 2020<\/td>\n<td width=\"317\">Walczyk Optyk &#8211; Batimowcy<\/td>\n<td width=\"144\">5:5 (2:3)<\/td>\n<\/tr>\n<tr>\n<td width=\"49\"><strong><span style=\"color: #993300;\">10.<\/span><\/strong><\/td>\n<td width=\"155\">14 grudzie\u0144 2022<\/td>\n<td width=\"317\">Maxfol &#8211; Mak-Bud<\/td>\n<td width=\"144\">5:5 (2:2)<\/td>\n<\/tr>\n<tr>\n<td width=\"49\"><strong><span style=\"color: #993300;\">11.<\/span><\/strong><\/td>\n<td width=\"155\">14 grudzie\u0144 2022<\/td>\n<td width=\"317\">Ibis Styles N.S. &#8211; Mariposa Med-Spa<\/td>\n<td width=\"144\">5:5 (2:2)<\/td>\n<\/tr>\n<tr>\n<td width=\"49\"><strong><span style=\"color: #993300;\">12.<\/span><\/strong><\/td>\n<td width=\"155\">8 stycze\u0144 2025<\/td>\n<td width=\"317\">Batimowcy : Whisky Bar<\/td>\n<td width=\"144\">5:5 (1:4)<\/td>\n<\/tr>\n<tr>\n<td width=\"49\"><strong><span style=\"color: #993300;\">13.<\/span><\/strong><\/td>\n<td width=\"155\">7 stycze\u0144 2026<\/td>\n<td width=\"317\">Smolnik M\u0119cina : Protel<\/td>\n<td width=\"144\">5:5 (2:2)<\/td>\n<\/tr>\n<tr>\n<td width=\"49\"><strong><span style=\"color: #993300;\">14.<\/span><\/strong><\/td>\n<td width=\"155\">5 grudzie\u0144 2018<\/td>\n<td width=\"317\">Konspol Holding &#8211; Batimowcy<\/td>\n<td width=\"144\">4:4 (3:1)<\/td>\n<\/tr>\n<tr>\n<td width=\"49\"><strong><span style=\"color: #993300;\">15.<\/span><\/strong><\/td>\n<td width=\"155\">5 grudzie\u0144 2018<\/td>\n<td width=\"317\">Meble Ogrodowe Kocemba &#8211; Gad\u017cet Team<\/td>\n<td width=\"144\">4:4 (1:2)<\/td>\n<\/tr>\n<\/tbody>\n<\/table>\n<\/div>\n<\/div>\n<\/div>\n<\/div>\n<\/div>\n<\/div>\n<div class=\"sportspress\">\n<div class=\"sp-template sp-template-event-list\">\n<h4 class=\"sp-table-caption\">NAJWI\u0118CEJ ZDOBYTYCH GOLI W JEDNYM MECZU:<\/h4>\n<div class=\"sp-table-wrapper\">\n<div class=\"dataTables_wrapper no-footer\">\n<div class=\"sp-scrollable-table-wrapper\">\n<div class=\"sp-scrollable-table-wrapper\">\n<table width=\"665\">\n<tbody>\n<tr>\n<td width=\"49\"><strong><span style=\"color: #993300;\">Lp.<\/span><\/strong><\/td>\n<td width=\"155\"><strong><span style=\"color: #993300;\">Data<\/span><\/strong><\/td>\n<td width=\"317\"><strong><span style=\"color: #993300;\">Mecz<\/span><\/strong><\/td>\n<td width=\"144\"><strong><span style=\"color: #993300;\">Wynik<\/span><\/strong><\/td>\n<\/tr>\n<tr>\n<td width=\"49\"><strong><span style=\"color: #993300;\">1.<\/span><\/strong><\/td>\n<td width=\"155\">19 grudzie\u0144 2018<\/td>\n<td width=\"317\">Gad\u017cet Team &#8211; Stowarzyszenie Dla Miasta<\/td>\n<td width=\"144\">25 goli<\/td>\n<\/tr>\n<tr>\n<td width=\"49\"><strong><span style=\"color: #993300;\">2.<\/span><\/strong><\/td>\n<td width=\"155\">27 listopad 2019<\/td>\n<td width=\"317\">Greenpowerns &#8211; Konspol Holding<\/td>\n<td width=\"144\">21 goli<\/td>\n<\/tr>\n<tr>\n<td width=\"49\"><strong><span style=\"color: #993300;\">3.<\/span><\/strong><\/td>\n<td width=\"155\">25 stycze\u0144 2023<\/td>\n<td width=\"317\">Whisky Bar &#8211; Stal-Bud Nawojowa<\/td>\n<td width=\"144\">20 goli<\/td>\n<\/tr>\n<tr>\n<td width=\"49\"><strong><span style=\"color: #993300;\">4.<\/span><\/strong><\/td>\n<td width=\"155\">29 stycze\u0144 2025<\/td>\n<td width=\"317\">Team Ramzes : Bruk Ogr\u00f3d Nowak<\/td>\n<td width=\"144\">19 goli<\/td>\n<\/tr>\n<tr>\n<td width=\"49\"><strong><span style=\"color: #993300;\">5.<\/span><\/strong><\/td>\n<td width=\"155\">11 grudzie\u0144 2024<\/td>\n<td width=\"317\">Auto Spa Greenpowerns : Team Ramzes<\/td>\n<td width=\"144\">18 goli<\/td>\n<\/tr>\n<tr>\n<td width=\"49\"><strong><span style=\"color: #993300;\">6.<\/span><\/strong><\/td>\n<td width=\"155\">8 stycze\u0144 2025<\/td>\n<td width=\"317\">Galacticos Team : Team Ramzes<\/td>\n<td width=\"144\">18 goli<\/td>\n<\/tr>\n<tr>\n<td width=\"49\"><strong><span style=\"color: #993300;\">7.<\/span><\/strong><\/td>\n<td width=\"155\">15 listopad 2017<\/td>\n<td width=\"317\">Gad\u017cet Team &#8211; Tradycja Fabryka Okien<\/td>\n<td width=\"144\">17 goli<\/td>\n<\/tr>\n<tr>\n<td width=\"49\"><strong><span style=\"color: #993300;\">8.<\/span><\/strong><\/td>\n<td width=\"155\">31 stycze\u0144 2018<\/td>\n<td width=\"317\">ZSR Prehybianie &#8211; Gad\u017cet Team<\/td>\n<td width=\"144\">17 goli<\/td>\n<\/tr>\n<tr>\n<td width=\"49\"><strong><span style=\"color: #993300;\">9.<\/span><\/strong><\/td>\n<td width=\"155\">7 marzec 2018<\/td>\n<td width=\"317\">Walczyk Optyk &#8211; Stowarzyszenie Dla Miasta<\/td>\n<td width=\"144\">17 goli<\/td>\n<\/tr>\n<tr>\n<td width=\"49\"><strong><span style=\"color: #993300;\">10.<\/span><\/strong><\/td>\n<td width=\"155\">7 grudzie\u0144 2022<\/td>\n<td width=\"317\">Trade &#8211; Mak-Bud<\/td>\n<td width=\"144\">17 goli<\/td>\n<\/tr>\n<tr>\n<td width=\"49\"><strong><span style=\"color: #993300;\">11.<\/span><\/strong><\/td>\n<td width=\"155\">19 luty 2025<\/td>\n<td width=\"317\">Team Ramzes : Batimowcy<\/td>\n<td width=\"144\">17 goli<\/td>\n<\/tr>\n<tr>\n<td width=\"49\"><strong><span style=\"color: #993300;\">12.<\/span><\/strong><\/td>\n<td width=\"155\">14 stycze\u0144 2026<\/td>\n<td width=\"317\">Z44 Clini : Bruk Ogr\u00f3d Nowak<\/td>\n<td width=\"144\">17 goli<\/td>\n<\/tr>\n<tr>\n<td width=\"49\"><strong><span style=\"color: #993300;\">13.<\/span><\/strong><\/td>\n<td width=\"155\">14 stycze\u0144 2026<\/td>\n<td width=\"317\">Budolex : Protel<\/td>\n<td width=\"144\">17 goli<\/td>\n<\/tr>\n<tr>\n<td width=\"49\"><strong><span style=\"color: #993300;\">14.<\/span><\/strong><\/td>\n<td width=\"155\">11 luty 2026<\/td>\n<td width=\"317\">Ibis Styles N.S. : Protel<\/td>\n<td width=\"144\">17 goli<\/td>\n<\/tr>\n<tr>\n<td width=\"49\"><strong><span style=\"color: #993300;\">15.<\/span><\/strong><\/td>\n<td width=\"155\">10 stycze\u0144 2018<\/td>\n<td width=\"317\">Tradycja Fabryka Okien &#8211; ZSR Prehybianie<\/td>\n<td width=\"144\">16 goli<\/td>\n<\/tr>\n<\/tbody>\n<\/table>\n<\/div>\n<\/div>\n<\/div>\n<\/div>\n<\/div>\n<\/div>\n<div class=\"sportspress\">\n<div class=\"sp-template sp-template-event-list\">\n<h4 class=\"sp-table-caption\">NAJWI\u0118CEJ ZDOBYTYCH GOLI JEDNEGO ZAWODNIKA W JEDNYM MECZU:<\/h4>\n<div class=\"sp-table-wrapper\">\n<div class=\"dataTables_wrapper no-footer\">\n<div class=\"sp-scrollable-table-wrapper\">\n<div class=\"sp-scrollable-table-wrapper\">\n<table width=\"665\">\n<tbody>\n<tr>\n<td width=\"49\"><strong><span style=\"color: #993300;\">Lp.<\/span><\/strong><\/td>\n<td width=\"155\"><strong><span style=\"color: #993300;\">Data<\/span><\/strong><\/td>\n<td width=\"317\"><strong><span style=\"color: #993300;\">Zawodnik<\/span><\/strong><\/td>\n<td width=\"144\"><strong><span style=\"color: #993300;\">Wynik<\/span><\/strong><\/td>\n<\/tr>\n<tr>\n<td width=\"49\"><strong><span style=\"color: #993300;\">1.<\/span><\/strong><\/td>\n<td width=\"155\">6 marzec 2019<\/td>\n<td width=\"317\">Jakub Cempa (Meble Ogrodowe Kocemba)<\/td>\n<td width=\"144\">10 goli<\/td>\n<\/tr>\n<tr>\n<td width=\"49\"><strong><span style=\"color: #993300;\">2.<\/span><\/strong><\/td>\n<td width=\"155\">11 luty 2026<\/td>\n<td width=\"317\">Damian N\u0119dza (Batimowcy)<\/td>\n<td width=\"144\">10 goli<\/td>\n<\/tr>\n<tr>\n<td width=\"49\"><strong><span style=\"color: #993300;\">3.<\/span><\/strong><\/td>\n<td width=\"155\">11 grudzie\u0144 2024<\/td>\n<td width=\"317\">\u0141ukasz Kr\u00f3l (Auto Spa Greenpowerns)<\/td>\n<td width=\"144\">9 goli<\/td>\n<\/tr>\n<tr>\n<td width=\"49\"><strong><span style=\"color: #993300;\">4.<\/span><\/strong><\/td>\n<td width=\"155\">14 luty 2018<\/td>\n<td width=\"317\">Dawid Mirek (Gad\u017cet Team)<\/td>\n<td width=\"144\">8 goli<\/td>\n<\/tr>\n<tr>\n<td width=\"49\"><strong><span style=\"color: #993300;\">5.<\/span><\/strong><\/td>\n<td width=\"155\">8 stycze\u0144 2025<\/td>\n<td width=\"317\">Patryk G\u00f3rka (Galacticos Team)<\/td>\n<td width=\"144\">8 goli<\/td>\n<\/tr>\n<tr>\n<td width=\"49\"><strong><span style=\"color: #993300;\">6.<\/span><\/strong><\/td>\n<td width=\"155\">31 stycze\u0144 2018<\/td>\n<td width=\"317\">\u0141ukasz Faltyn (Dukat Antykwariat)<\/td>\n<td width=\"144\">7 goli<\/td>\n<\/tr>\n<tr>\n<td width=\"49\"><strong><span style=\"color: #993300;\">7.<\/span><\/strong><\/td>\n<td width=\"155\">7 luty 2018<\/td>\n<td width=\"317\">\u0141ukasz Fa\u0142owski (Dukat Antykwariat)<\/td>\n<td width=\"144\">7 goli<\/td>\n<\/tr>\n<tr>\n<td width=\"49\"><strong><span style=\"color: #993300;\">8.<\/span><\/strong><\/td>\n<td width=\"155\">19 luty 2018<\/td>\n<td width=\"317\">Dawid Mirek (Gad\u017cet Team)<\/td>\n<td width=\"144\">7 goli<\/td>\n<\/tr>\n<tr>\n<td width=\"49\"><strong><span style=\"color: #993300;\">9.<\/span><\/strong><\/td>\n<td width=\"155\">28 luty 2018<\/td>\n<td width=\"317\">Dawid Mirek (Gad\u017cet Team)<\/td>\n<td width=\"144\">7 goli<\/td>\n<\/tr>\n<tr>\n<td width=\"49\"><strong><span style=\"color: #993300;\">10.<\/span><\/strong><\/td>\n<td width=\"155\">15 listopad 2017<\/td>\n<td width=\"317\">Dawid Mirek (Gad\u017cet Team)<\/td>\n<td width=\"144\">7 goli<\/td>\n<\/tr>\n<tr>\n<td width=\"49\"><strong><span style=\"color: #993300;\">11.<\/span><\/strong><\/td>\n<td width=\"155\">21 luty 2024<\/td>\n<td width=\"317\">Marcin Bugajski (Essa Decore)<\/td>\n<td width=\"144\">7 goli<\/td>\n<\/tr>\n<tr>\n<td width=\"49\"><strong><span style=\"color: #993300;\">12.<\/span><\/strong><\/td>\n<td width=\"155\">11 luty 2026<\/td>\n<td width=\"317\">Nikodem Sikora (Baz Pal)<\/td>\n<td width=\"144\">7 goli<\/td>\n<\/tr>\n<tr>\n<td width=\"49\"><strong><span style=\"color: #993300;\">13.<\/span><\/strong><\/td>\n<td width=\"155\">10 stycze\u0144 2018<\/td>\n<td width=\"317\">Jakub Cempa (ZSR Prehybianie)<\/td>\n<td width=\"144\">6 goli<\/td>\n<\/tr>\n<tr>\n<td width=\"49\"><strong><span style=\"color: #993300;\">14.<\/span><\/strong><\/td>\n<td width=\"155\">17 stycze\u0144 2018<\/td>\n<td width=\"317\">Damian Sk\u00f3rn\u00f3g (Tradycja Fabryka Okien)<\/td>\n<td width=\"144\">6 goli<\/td>\n<\/tr>\n<tr>\n<td width=\"49\"><strong><span style=\"color: #993300;\">15.<\/span><\/strong><\/td>\n<td width=\"155\">14 listopad 2018<\/td>\n<td width=\"317\">Jakub Cempa (ZSR Prehybianie)<\/td>\n<td width=\"144\">6 goli<\/td>\n<\/tr>\n<\/tbody>\n<\/table>\n<\/div>\n<\/div>\n<\/div>\n<\/div>\n<\/div>\n<\/div>\n<div class=\"sportspress\">\n<div class=\"sp-template sp-template-event-list\">\n<h4 class=\"sp-table-caption\">NAJWI\u0118CEJ ZDOBYTYCH ASYST JEDNEGO ZAWODNIKA W JEDNYM MECZU:<\/h4>\n<div class=\"sp-table-wrapper\">\n<div class=\"dataTables_wrapper no-footer\">\n<div class=\"sp-scrollable-table-wrapper\">\n<div class=\"sp-scrollable-table-wrapper\">\n<table width=\"665\">\n<tbody>\n<tr>\n<td width=\"49\"><strong><span style=\"color: #993300;\">Lp.<\/span><\/strong><\/td>\n<td width=\"155\"><strong><span style=\"color: #993300;\">Data<\/span><\/strong><\/td>\n<td width=\"317\"><span style=\"color: #993300;\"><b>Zawodnik<\/b><\/span><\/td>\n<td width=\"144\"><strong><span style=\"color: #993300;\">Wynik<\/span><\/strong><\/td>\n<\/tr>\n<tr>\n<td width=\"49\"><strong><span style=\"color: #993300;\">1.<\/span><\/strong><\/td>\n<td width=\"155\">19 grudzie\u0144 2018<\/td>\n<td width=\"317\">Krzysztof Jasiurkowski (Gad\u017cet Team)<\/td>\n<td width=\"144\">8 asyst<\/td>\n<\/tr>\n<tr>\n<td width=\"49\"><strong><span style=\"color: #993300;\">2.<\/span><\/strong><\/td>\n<td width=\"155\">14 luty 2024<\/td>\n<td width=\"317\">Szymon Dziedzina (KNiZ)<\/td>\n<td width=\"144\">7 asyst<\/td>\n<\/tr>\n<tr>\n<td width=\"49\"><strong><span style=\"color: #993300;\">3.<\/span><\/strong><\/td>\n<td width=\"155\">27 listopad 2019<\/td>\n<td width=\"317\">Mateusz Kr\u00f3l (Auto Spa Greenpowerns)<\/td>\n<td width=\"144\">6 asyst<\/td>\n<\/tr>\n<tr>\n<td width=\"49\"><strong><span style=\"color: #993300;\">4.<\/span><\/strong><\/td>\n<td width=\"155\">11 grudzie\u0144 2024<\/td>\n<td width=\"317\">Mateusz Kr\u00f3l (Auto Spa Greenpowerns)<\/td>\n<td width=\"144\">6 asyst<\/td>\n<\/tr>\n<tr>\n<td width=\"49\"><strong><span style=\"color: #993300;\">5.<\/span><\/strong><\/td>\n<td width=\"155\">14 luty 2018<\/td>\n<td width=\"317\">Krzysztof Jasiurkowski (Gad\u017cet Team)<\/td>\n<td width=\"144\">5 asyst<\/td>\n<\/tr>\n<tr>\n<td width=\"49\"><strong><span style=\"color: #993300;\">6.<\/span><\/strong><\/td>\n<td width=\"155\">7 marzec 2018<\/td>\n<td width=\"317\">Szymon Grocholewski (Stowarzyszenie Dla Miasta)<\/td>\n<td width=\"144\">\u00a05 asyst<\/td>\n<\/tr>\n<tr>\n<td width=\"49\"><strong><span style=\"color: #993300;\">7.<\/span><\/strong><\/td>\n<td width=\"155\">11 stycze\u0144 2023<\/td>\n<td width=\"317\">\u0141ukasz Kruczek (Mak-Bud)<\/td>\n<td width=\"144\">5 asyst<\/td>\n<\/tr>\n<tr>\n<td width=\"49\"><strong><span style=\"color: #993300;\">8.<\/span><\/strong><\/td>\n<td width=\"155\">8 stycze\u0144 2025<\/td>\n<td width=\"317\">Mariusz Mirek (Galacticos Team)<\/td>\n<td width=\"144\">5 asyst<\/td>\n<\/tr>\n<tr>\n<td width=\"49\"><strong><span style=\"color: #993300;\">9.<\/span><\/strong><\/td>\n<td width=\"155\">15 listopad 2017<\/td>\n<td width=\"317\">Krzysztof Jasiurkowski (Gad\u017cet Team)<\/td>\n<td width=\"144\">4 asysty<\/td>\n<\/tr>\n<tr>\n<td width=\"49\"><strong><span style=\"color: #993300;\">10.<\/span><\/strong><\/td>\n<td width=\"155\">20 grudzie\u0144 2017<\/td>\n<td width=\"317\">Krzysztof Jasiurkowski (Gad\u017cet Team)<\/td>\n<td width=\"144\">4 asysty<\/td>\n<\/tr>\n<tr>\n<td width=\"49\"><strong><span style=\"color: #993300;\">11.<\/span><\/strong><\/td>\n<td width=\"155\">14 listopad 2018<\/td>\n<td width=\"317\">Piotr Pazgan (Meble Ogrodowe Kocemba)<\/td>\n<td width=\"144\">4 asysty<\/td>\n<\/tr>\n<tr>\n<td width=\"49\"><strong><span style=\"color: #993300;\">12.<\/span><\/strong><\/td>\n<td width=\"155\">12 grudzie\u0144 2018<\/td>\n<td width=\"317\">Krzysztof Jasiurkowski (Gad\u017cet Team)<\/td>\n<td width=\"144\">4 asysty<\/td>\n<\/tr>\n<tr>\n<td width=\"49\"><strong><span style=\"color: #993300;\">13.<\/span><\/strong><\/td>\n<td width=\"155\">12 grudzie\u0144 2018<\/td>\n<td width=\"317\">Dawid Mirek (Gad\u017cet Team)<\/td>\n<td width=\"144\">4 asysty<\/td>\n<\/tr>\n<tr>\n<td width=\"49\"><strong><span style=\"color: #993300;\">14.<\/span><\/strong><\/td>\n<td width=\"155\">9 stycze\u0144 2019<\/td>\n<td width=\"317\">Robert Pa\u0142ka (Sony Centre)<\/td>\n<td width=\"144\">4 asysty<\/td>\n<\/tr>\n<tr>\n<td width=\"49\"><strong><span style=\"color: #993300;\">15.<\/span><\/strong><\/td>\n<td width=\"155\">6 marzec 2019<\/td>\n<td width=\"317\">Jakub Cemba (Meble Ogrodowe Kocemba)<\/td>\n<td width=\"144\">4 asysty<\/td>\n<\/tr>\n<\/tbody>\n<\/table>\n<\/div>\n<\/div>\n<\/div>\n<\/div>\n<\/div>\n<\/div>\n<\/div>\n<\/div>\n","protected":false},"excerpt":{"rendered":"<p>NAJWY\u017bSZE zwyci\u0119stwa: Lp. Data Mecz Wynik 1. 29 stycze\u0144 2025 Team Ramzes : Bruk Ogr\u00f3d Nowak 0:19 (0:9) + 19 goli 2. 8 stycze\u0144 2025 Galacticos Team : Team Ramzes 18:0 (8:0) + 18 goli 3. 19 grudzie\u0144 2018 Gad\u017cet Team &#8211; Stowarzyszenie Dla Miasta 20:5 (12:3) + 15 goli 4. 27 listopad 2019 Greenpowerns [&hellip;]<\/p>\n","protected":false},"author":1,"featured_media":0,"parent":0,"menu_order":0,"comment_status":"closed","ping_status":"closed","template":"","meta":{"footnotes":""},"_links":{"self":[{"href":"https:\/\/lfsportevents.pl\/ligafutsalu\/wp-json\/wp\/v2\/pages\/20625"}],"collection":[{"href":"https:\/\/lfsportevents.pl\/ligafutsalu\/wp-json\/wp\/v2\/pages"}],"about":[{"href":"https:\/\/lfsportevents.pl\/ligafutsalu\/wp-json\/wp\/v2\/types\/page"}],"author":[{"embeddable":true,"href":"https:\/\/lfsportevents.pl\/ligafutsalu\/wp-json\/wp\/v2\/users\/1"}],"replies":[{"embeddable":true,"href":"https:\/\/lfsportevents.pl\/ligafutsalu\/wp-json\/wp\/v2\/comments?post=20625"}],"version-history":[{"count":3,"href":"https:\/\/lfsportevents.pl\/ligafutsalu\/wp-json\/wp\/v2\/pages\/20625\/revisions"}],"predecessor-version":[{"id":29742,"href":"https:\/\/lfsportevents.pl\/ligafutsalu\/wp-json\/wp\/v2\/pages\/20625\/revisions\/29742"}],"wp:attachment":[{"href":"https:\/\/lfsportevents.pl\/ligafutsalu\/wp-json\/wp\/v2\/media?parent=20625"}],"curies":[{"name":"wp","href":"https:\/\/api.w.org\/{rel}","templated":true}]}}