{"id":7086,"date":"2017-01-09T23:21:12","date_gmt":"2017-01-09T22:21:12","guid":{"rendered":"https:\/\/lfsportevents.pl\/grandprixfutsalu2019\/?page_id=7086"},"modified":"2020-02-18T11:59:46","modified_gmt":"2020-02-18T10:59:46","slug":"zapisz-druzyne","status":"publish","type":"page","link":"https:\/\/lfsportevents.pl\/grandprixfutsalu2019\/zapisz-druzyne\/","title":{"rendered":"Zapisz dru\u017cyn\u0119"},"content":{"rendered":"<p style=\"text-align: center;\">Ruszy\u0142y<strong>\u00a0<span style=\"color: #993300;\">ZAPISY<\/span><\/strong> do 3 eliminacji <strong><span style=\"color: #993300;\">GRAND PRIX Nowego S\u0105cza o Puchar firmy EL-KAG<\/span><\/strong><\/p>\n<p><span class=\"_5mfr\"><span class=\"_6qdm\">&#x26bd;&#xfe0f;<\/span><\/span> ZAPISZ dru\u017cyn\u0119 do <span style=\"color: #993300;\"><strong>\u00a0GRAND PRIX Nowego S\u0105cza w Futsalu<\/strong><\/span>, w kategorii OPEN (bez limitu czynnych zawodnik\u00f3w). Trzeci turniej zostanie rozegrany o Puchar firmy <strong><span style=\"color: #993300;\">EL-KAG<\/span><\/strong> ju\u017c 23 lutego 2020 roku od godziny 9:00 na hali widowiskowo sportowej przy ul.Nadbrze\u017cnej 34 w Nowym S\u0105czu<span class=\"_5mfr\"><span class=\"_6qdm\">&#x1f4aa;<\/span><\/span><span class=\"_5mfr\"><span class=\"_6qdm\">&#x1f4aa;<\/span><\/span><span class=\"_5mfr\"><span class=\"_6qdm\">&#x1f4aa;<\/span><\/span><\/p>\n<p><span class=\"_5mfr\"><span class=\"_6qdm\">&#x26bd;&#xfe0f;<\/span><\/span>\u00a0W tym roku wyj\u0105tkowo odb\u0119d\u0105 si\u0119 cztery turnieje, czyli o jeden mniej ni\u017c w poprzednich latach. Gwarantujemy najwy\u017cszy poziom organizacyjny, kulturalny, sportowy, profesjonaln\u0105 stron<span class=\"text_exposed_show\">\u0119 internetow\u0105, wspania\u0142e nagrody itp.<\/span><\/p>\n<div class=\"text_exposed_show\">\n<p><span class=\"_5mfr\"><span class=\"_6qdm\">&#x26bd;&#xfe0f;<\/span><\/span>\u00a0Grand Prix to cztery turnieje jednak\u017ce to Wam dajemy mo\u017cliwo\u015b\u0107 wyboru na ilu rozgrywkach chcecie zagra\u0107. Dla trzech najlepszych dru\u017cyn na ka\u017cdym turnieju, przewidujemy nagrody w formie puchar\u00f3w i dyplom\u00f3w oraz dyplomy dla ka\u017cdej z dru\u017cyn.<\/p>\n<p><span class=\"_5mfr\"><span class=\"_6qdm\">&#x26bd;&#xfe0f;<\/span><\/span>\u00a0Ponadto powstanie ranking, kt\u00f3ry b\u0119dzie zlicza\u0142 zdobycze punktowe z ka\u017cdych czterech gier do \u0142\u0105cznego rankingu klasyfikowanego. Trzy dru\u017cyny kt\u00f3re zbior\u0105 najwi\u0119cej punkt\u00f3w na koniec ostatniego turnieju, dostan\u0105 dodatkowo nagrody klasyfikacyjne w postaci puchar\u00f3w, medali, dyplom\u00f3w oraz nagr\u00f3d finansowych. Najlepsi zawodnicy ca\u0142ego cyklu b\u0119d\u0105 nagradzani nagrodami indywidualnymi m.in. kr\u00f3l strzelc\u00f3w, najlepszy asystent, najlepszy bramkarz, najlepszy Kanadyjczyk, najlepszy obro\u0144ca.<\/p>\n<p><strong><span style=\"color: #993300;\">SPONSOREM G\u0141\u00d3WNYM<\/span><\/strong> 3 turnieju Grand Prix, sezonu 2020 jest firma <span style=\"color: #993300;\"><b>EL-KAG<\/b><\/span> Zapraszamy do zapoznania si\u0119 z ich bogat\u0105 ofert\u0105 <a href=\"https:\/\/www.elkag.pl\/\" target=\"_blank\" rel=\"noopener noreferrer\"><span style=\"color: #ff0000;\"><strong>https:\/\/www.elkag.pl\/<\/strong><\/span><\/a><\/p>\n<p><span class=\"_5mfr\"><span class=\"_6qdm\">&#x26bd;&#xfe0f;<\/span><\/span>\u00a0JU\u017b DZI\u015a ZAPISZ SI\u0118 NA TURNIEJ\u00a0<span class=\"_5mfr\"><span class=\"_6qdm\">&#x2757;&#xfe0f;<\/span><\/span><span class=\"_5mfr\"><span class=\"_6qdm\">&#x2757;&#xfe0f;<\/span><\/span><span class=\"_5mfr\"><span class=\"_6qdm\">&#x2757;&#xfe0f;<\/span><\/span>&#8230; decyduje kolejno\u015b\u0107 zg\u0142osze\u0144. Dru\u017cyny kt\u00f3re zg\u0142osz\u0105 sw\u00f3j udzia\u0142 we wszystkich turniejach, maj\u0105 zagwarantowane miejsce w ka\u017cdym turnieju.<\/p>\n<p><span class=\"_5mfr\"><span class=\"_6qdm\">&#x26bd;&#xfe0f;<\/span><\/span>\u00a0Wi\u0119cej informacji na plakacie oraz stronie organizatora:\u00a0<a href=\"https:\/\/l.facebook.com\/l.php?u=http%3A%2F%2Flfsportevents.pl%2Fgrandprixfutsalu%2F%3Ffbclid%3DIwAR36z6nfWRA8Meo6FJT-BXkTYOprKtT_3TSfmc1SekiKDhFoZ0-M41HL51Y&amp;h=AT2nqtXBZS7BJRPbRhUVbuiIPaz7APPFoh0t7WQ6i3QjWp_5ulHtuQz06ReEVn9EgnTYxcjQWN89SrPjJFqh2YS9Z2576OUBk9N3Divy-MfDPH46zce7sEq5bjemsy9ldNN3OZIHNFNYfpLqB5xzQ9pZ3HgCKR2oK6ScVlaX76ZwUZZakbo0OdjuHy3tJ2Ke80MvpFzLAAUapQ7cBTJiLNvt0GM8lphXDstSUOwQBix4ZJ1a7KKxIuUzZkRuZ0xzErbkfy9-OsHg9kFQKzOjB6oBeaQFWQqn6EPGLlq_g03JPgAL0iWl-fRE2HE4Xt79eCRHi4Pe3_oNNpLO85r1XAUz7as6qqjqshQSy_pbnG9Z8RHqKC6rxXPnCOJfD40BcnUvuH0l6f3I28ox6EInMrU_C7mX5VtPA2bd3bTLyBMMb-RHND6S8kitvQFjPndgtzBjhkBVe83YmCp8UONGtovIUx7DFhVQnfxgiZ1elA8AL5ODkDBM366gB4FKzg1qNT4WJoeNVwU1wXBw3KrSVnr9roAImlrjRW8ymRA924j3rr_IB3wrtep6zoPqbvW4YoWZ0FYScbc4mMMhiLyuOGNYrET3ejpxJTOUl5FMWMY8tMMGTa4Riq6IDCqHUp2nya1FJ5Jx\" target=\"_blank\" rel=\"noopener nofollow noreferrer\" data-ft=\"{&quot;tn&quot;:&quot;-U&quot;}\" data-lynx-mode=\"async\">https:\/\/lfsportevents.pl\/grandprixfutsalu2019\/<\/a><\/p>\n<p><span class=\"_5mfr\"><span class=\"_6qdm\">&#x26bd;&#xfe0f;<\/span><\/span>\u00a0ZAPRASZAMY DO ZAPIS\u00d3W\u00a0<span class=\"_5mfr\"><span class=\"_6qdm\">&#x26bd;&#xfe0f;<\/span><\/span><\/p>\n<\/div>\n<h3><span style=\"color: #993300;\"><strong>REGULAMIN GRAND PRIX\u00a0<a href=\"https:\/\/lfsportevents.pl\/grandprixfutsalu2019\/wp-content\/uploads\/2020\/01\/Regulamin-Grand-Prix-2019-20.pdf\" target=\"_blank\" rel=\"noopener noreferrer\"><span style=\"color: #ff0000;\">DO POBRANIA<\/span><\/a><\/strong><\/span><\/h3>\n<h3><span style=\"color: #993300;\"><strong>O\u015aWIADCZENIE DLA NIEPE\u0141NOLETNICH\u00a0<\/strong><span style=\"color: #ff0000;\"><a style=\"color: #ff0000;\" href=\"https:\/\/lfsportevents.pl\/grandprixfutsalu2019\/wp-content\/uploads\/2018\/12\/O%C5%9Bwiadczenie.pdf\"><strong>DO POBRANIA<\/strong><\/a><\/span><\/span><\/h3>\n<h3><span style=\"color: #993300;\"><strong>KOSZTY UCZESTNICTWA\u00a0TO\u00a0250 Z\u0141\u00a0 ZA JEDEN TURNIEJ<\/strong><\/span><\/h3>\n<p>Wystawiamy faktury<\/p>\n<h1 style=\"text-align: center;\"><span style=\"color: #ff0000;\">ZADZWO\u0143 (500-758-968) I ZAREZERWUJ SOBIE MIEJSCE W\u00a0 GRAND PRIX\u00a0<\/span><\/h1>\n<p><img loading=\"lazy\" class=\"alignnone size-full wp-image-10440\" src=\"https:\/\/lfsportevents.pl\/grandprixfutsalu2019\/wp-content\/uploads\/2020\/02\/Plakat_zaproszenie3.jpg\" alt=\"\" width=\"1437\" height=\"1000\" srcset=\"https:\/\/lfsportevents.pl\/grandprixfutsalu2019\/wp-content\/uploads\/2020\/02\/Plakat_zaproszenie3.jpg 1437w, https:\/\/lfsportevents.pl\/grandprixfutsalu2019\/wp-content\/uploads\/2020\/02\/Plakat_zaproszenie3-300x209.jpg 300w, https:\/\/lfsportevents.pl\/grandprixfutsalu2019\/wp-content\/uploads\/2020\/02\/Plakat_zaproszenie3-768x534.jpg 768w, https:\/\/lfsportevents.pl\/grandprixfutsalu2019\/wp-content\/uploads\/2020\/02\/Plakat_zaproszenie3-1024x713.jpg 1024w, https:\/\/lfsportevents.pl\/grandprixfutsalu2019\/wp-content\/uploads\/2020\/02\/Plakat_zaproszenie3-128x89.jpg 128w, https:\/\/lfsportevents.pl\/grandprixfutsalu2019\/wp-content\/uploads\/2020\/02\/Plakat_zaproszenie3-32x22.jpg 32w, https:\/\/lfsportevents.pl\/grandprixfutsalu2019\/wp-content\/uploads\/2020\/02\/Plakat_zaproszenie3-250x174.jpg 250w, https:\/\/lfsportevents.pl\/grandprixfutsalu2019\/wp-content\/uploads\/2020\/02\/Plakat_zaproszenie3-550x383.jpg 550w, https:\/\/lfsportevents.pl\/grandprixfutsalu2019\/wp-content\/uploads\/2020\/02\/Plakat_zaproszenie3-800x557.jpg 800w, https:\/\/lfsportevents.pl\/grandprixfutsalu2019\/wp-content\/uploads\/2020\/02\/Plakat_zaproszenie3-259x180.jpg 259w, https:\/\/lfsportevents.pl\/grandprixfutsalu2019\/wp-content\/uploads\/2020\/02\/Plakat_zaproszenie3-431x300.jpg 431w, https:\/\/lfsportevents.pl\/grandprixfutsalu2019\/wp-content\/uploads\/2020\/02\/Plakat_zaproszenie3-719x500.jpg 719w\" sizes=\"(max-width: 1437px) 100vw, 1437px\" \/><\/p>\n<h1 style=\"text-align: center;\"><\/h1>\n<p>Warunkiem uczestnictwa w rozgrywkach Pi\u0142karskich jest dokonanie wp\u0142aty wpisowego na konto bankowe:<br \/>\n<span style=\"color: #993300;\"><strong>ING Bank \u015al\u0105ski nr: 06 1050 1722 1000 0092 2340 9153<\/strong><\/span><\/p>\n<p>W razie jakichkolwiek w\u0105tpliwo\u015bci lub pyta\u0144, s\u0142u\u017cymy pomoc\u0105 telefoniczn\u0105 i mailow\u0105<\/p>\n<p><span style=\"color: #993300;\"><strong>\u0141F SPORT EVENTS<\/strong><\/span><br \/>\n<span style=\"color: #993300;\"><strong>\u0141ukasz Fr\u0105czek<\/strong><\/span><br \/>\n<span style=\"color: #993300;\"><strong>Tel. 500-758-968<\/strong><\/span><br \/>\n<span style=\"color: #993300;\"><strong>E-mail: biuro@lfsportevents.pl<\/strong><\/span><br \/>\n<span style=\"color: #993300;\"><strong>Stad\u0142a 116<\/strong><\/span><br \/>\n<span style=\"color: #993300;\"><strong>33-386 Podegrodzie<\/strong><\/span><br \/>\n<span style=\"color: #993300;\"><strong>NIP: 734-001-65-99<\/strong><\/span><br \/>\n<span style=\"color: #993300;\"><strong>REGON: 1234567891<\/strong><\/span><\/p>\n","protected":false},"excerpt":{"rendered":"<p>Ruszy\u0142y\u00a0ZAPISY do 3 eliminacji GRAND PRIX Nowego S\u0105cza o Puchar firmy EL-KAG &#x26bd;&#xfe0f; ZAPISZ dru\u017cyn\u0119 do \u00a0GRAND PRIX Nowego S\u0105cza w Futsalu, w kategorii OPEN (bez limitu czynnych zawodnik\u00f3w). Trzeci turniej zostanie rozegrany o Puchar firmy EL-KAG ju\u017c 23 lutego 2020 roku od godziny 9:00 na hali widowiskowo sportowej przy ul.Nadbrze\u017cnej 34 w Nowym S\u0105czu&#x1f4aa;&#x1f4aa;&#x1f4aa; [&hellip;]<\/p>\n","protected":false},"author":1,"featured_media":0,"parent":0,"menu_order":0,"comment_status":"closed","ping_status":"closed","template":"","meta":[],"_links":{"self":[{"href":"https:\/\/lfsportevents.pl\/grandprixfutsalu2019\/wp-json\/wp\/v2\/pages\/7086"}],"collection":[{"href":"https:\/\/lfsportevents.pl\/grandprixfutsalu2019\/wp-json\/wp\/v2\/pages"}],"about":[{"href":"https:\/\/lfsportevents.pl\/grandprixfutsalu2019\/wp-json\/wp\/v2\/types\/page"}],"author":[{"embeddable":true,"href":"https:\/\/lfsportevents.pl\/grandprixfutsalu2019\/wp-json\/wp\/v2\/users\/1"}],"replies":[{"embeddable":true,"href":"https:\/\/lfsportevents.pl\/grandprixfutsalu2019\/wp-json\/wp\/v2\/comments?post=7086"}],"version-history":[{"count":2,"href":"https:\/\/lfsportevents.pl\/grandprixfutsalu2019\/wp-json\/wp\/v2\/pages\/7086\/revisions"}],"predecessor-version":[{"id":10443,"href":"https:\/\/lfsportevents.pl\/grandprixfutsalu2019\/wp-json\/wp\/v2\/pages\/7086\/revisions\/10443"}],"wp:attachment":[{"href":"https:\/\/lfsportevents.pl\/grandprixfutsalu2019\/wp-json\/wp\/v2\/media?parent=7086"}],"curies":[{"name":"wp","href":"https:\/\/api.w.org\/{rel}","templated":true}]}}