{"id":161,"date":"2015-12-20T17:42:50","date_gmt":"2015-12-20T16:42:50","guid":{"rendered":"https:\/\/lfsportevents.pl\/grandprixfutsalu2019\/?page_id=161"},"modified":"2020-02-03T09:52:30","modified_gmt":"2020-02-03T08:52:30","slug":"o-lidze","status":"publish","type":"page","link":"https:\/\/lfsportevents.pl\/grandprixfutsalu2019\/o-lidze\/","title":{"rendered":"O GRAND PRIX"},"content":{"rendered":"<p><img loading=\"lazy\" class=\"alignnone size-full wp-image-4971\" src=\"https:\/\/lfsportevents.pl\/grandprixfutsalu2019\/wp-content\/uploads\/2016\/10\/Wallpapersxl-Futsal-Master-Jpg-1324516-1772x886.jpg\" alt=\"vhtrhbyrhvvhtrhttrh86\" width=\"1772\" height=\"886\" \/><\/p>\n<p style=\"text-align: center;\">\u00a0 \u00a0 \u00a0 <span style=\"color: #993300;\"><b>GRAND PRIX Nowego S\u0105cza w Futsalu 2019\/20<\/b><\/span><\/p>\n<p style=\"text-align: justify;\">\u00a0 \u00a0 \u00a0 \u00a0Firma\u00a0<span style=\"color: #993300;\"><strong>\u0141F SPORT EVENTS<\/strong><\/span> pragnie serdecznie zaprosi\u0107 na czwart\u0105 edycj\u0119<span style=\"color: #993300;\">\u00a0<strong>GRAND PRIX<\/strong><\/span> Nowego S\u0105cza, w kt\u00f3rej prze\u017cyjecie niezapomniane chwil\u0119. Gwarantujemy najwy\u017cszy poziom organizacyjny, kulturalny, emocjonalny i sportowy. Grand Prix, to cztery turnieje klasyfikowane. Mo\u017cna wzi\u0105\u0107 udzia\u0142 w pojedynczych grach, lub we wszystkich. To Wam dajemy mo\u017cliwo\u015b\u0107 wyboru na ilu turniejach chcecie zagra\u0107.\u00a0 Dla 3 najlepszych dru\u017cyn na ka\u017cdej imprezie przewidujemy nagrody w formie puchar\u00f3w i dyplom\u00f3w oraz dyplomy dla ka\u017cdej z dru\u017cyn.\u00a0 Ponadto, po ka\u017cdym turnieju powstanie ranking, kt\u00f3ry b\u0119dzie zlicza\u0142 punkty dru\u017cynom, a ka\u017cdy rozegrany turniej to dodatkowe punktu do rankingu. Trzy dru\u017cyny kt\u00f3re zbior\u0105 najwi\u0119cej punkt\u00f3w na koniec ostatniego turnieju, dostan\u0105 dodatkowo nagrody klasyfikacyjne za 1,2 i 3 miejsc. <span style=\"color: #993300;\"><strong>!!! Aby wygra\u0107 \u0142\u0105czn\u0105 klasyfikacje, nale\u017cy zdobywa\u0107 punkty w turniejach:<\/strong><\/span><\/p>\n<h1 style=\"text-align: justify;\"><span style=\"color: #993300;\"><strong>CELe GRAND PRIX:<\/strong><\/span><\/h1>\n<p><strong><img loading=\"lazy\" class=\"wp-image-461 alignleft\" src=\"https:\/\/lfsportevents.pl\/grandprixfutsalu2019\/wp-content\/uploads\/2015\/12\/cel.jpg\" alt=\"cel\" width=\"392\" height=\"219\" srcset=\"https:\/\/lfsportevents.pl\/grandprixfutsalu2019\/wp-content\/uploads\/2015\/12\/cel.jpg 300w, https:\/\/lfsportevents.pl\/grandprixfutsalu2019\/wp-content\/uploads\/2015\/12\/cel-128x72.jpg 128w, https:\/\/lfsportevents.pl\/grandprixfutsalu2019\/wp-content\/uploads\/2015\/12\/cel-32x18.jpg 32w\" sizes=\"(max-width: 392px) 100vw, 392px\" \/><\/strong><\/p>\n<ul>\n<li>Wy\u0142onienie Mistrza Grand Prix Nowego S\u0105cz w sezonie 2019\/20<\/li>\n<li>Stwarzanie odpowiednich warunk\u00f3w dla rozwoju sportu amatorskiego i wyczynowego, ze szczeg\u00f3lnym uwzgl\u0119dnieniem pi\u0142ki no\u017cnej.<\/li>\n<li>Kszta\u0142towanie postaw prozdrowotnych oraz profilaktyka zdrowego trybu \u017cycia<\/li>\n<li>Promocja medialna firm i instytucji uczestnicz\u0105cych w wydarzeniu<\/li>\n<li>Integracja m\u0142odzie\u017cy i doros\u0142ych z terenu Powiatu Nowos\u0105deckiego<\/li>\n<li>Profilaktyka zdrowego trybu \u017cycia.<\/li>\n<li>Mo\u017cliwo\u015bci aktywnego uczestnictwa w meczach<\/li>\n<li>Zagospodarowanie wolnego czasu.<\/li>\n<li>Odci\u0105gni\u0119cie od z\u0142ych nawyk\u00f3w patologicznych poprzez sport.<\/li>\n<li>Kszta\u0142towanie umiej\u0119tno\u015bci przestrzegania zasad fair play.<\/li>\n<li>Uprawianie sportu na wysokim poziomie.<\/li>\n<li>Pokazanie w jaki spos\u00f3b organizowa\u0107 si\u0119 jako dru\u017cyna, jako kolektyw.<\/li>\n<\/ul>\n<h1 style=\"text-align: justify;\"><span style=\"color: #993300;\"><strong>JAK GRAMY?<\/strong><\/span><\/h1>\n<p style=\"text-align: justify;\">\u00a0\u00a0\u00a0\u00a0\u00a0\u00a0\u00a0 <img loading=\"lazy\" class=\" wp-image-5018 alignright\" src=\"https:\/\/lfsportevents.pl\/grandprixfutsalu2019\/wp-content\/uploads\/2016\/10\/mecz-500x333.jpg\" alt=\"gbdfsgber\" width=\"423\" height=\"282\" \/>Ca\u0142y regulamin rozgrywek znajduje si\u0119 na naszej stronie w zak\u0142adce &#8222;Regulamin&#8221;. By dru\u017cyna mog\u0142a si\u0119 zg\u0142osi\u0107, musi posiada\u0107 przynajmniej 5 graczy w tym (4 w polu + 1 bramkarz) Jednak\u017ce zwa\u017cywszy na du\u017c\u0105 ilo\u015b\u0107 meczy, warto mie\u0107 w swoim zespole zmiennik\u00f3w. W ka\u017cdej dru\u017cynie mo\u017cna zapisa\u0107 maksymalnie 18 os\u00f3b.<\/p>\n<p>&nbsp;<\/p>\n<h1><strong><span style=\"color: #993300;\">GDZIE GR<\/span><\/strong><span style=\"color: #993300;\"><strong>AMY?\u00a0<\/strong><\/span><\/h1>\n<p style=\"text-align: center;\"><strong>ul. Nadbrze\u017cnej 34, 33-300 Nowy S\u0105cz.\u00a0MOSiR Nowy S\u0105cz<\/strong><\/p>\n<p><img loading=\"lazy\" class=\"wp-image-5091 aligncenter\" src=\"https:\/\/lfsportevents.pl\/grandprixfutsalu2019\/wp-content\/uploads\/2015\/12\/89879023.jpg\" alt=\"89879023\" width=\"638\" height=\"426\" \/><\/p>\n<p style=\"text-align: center;\"><strong>Rytro 99, 33-343 Rytro<\/strong><\/p>\n<p><img loading=\"lazy\" class=\" wp-image-10238 aligncenter\" src=\"https:\/\/lfsportevents.pl\/grandprixfutsalu2019\/wp-content\/uploads\/2020\/01\/Hala-sportowa-rytro.jpg\" alt=\"\" width=\"633\" height=\"422\" srcset=\"https:\/\/lfsportevents.pl\/grandprixfutsalu2019\/wp-content\/uploads\/2020\/01\/Hala-sportowa-rytro.jpg 1000w, https:\/\/lfsportevents.pl\/grandprixfutsalu2019\/wp-content\/uploads\/2020\/01\/Hala-sportowa-rytro-300x200.jpg 300w, https:\/\/lfsportevents.pl\/grandprixfutsalu2019\/wp-content\/uploads\/2020\/01\/Hala-sportowa-rytro-768x511.jpg 768w, https:\/\/lfsportevents.pl\/grandprixfutsalu2019\/wp-content\/uploads\/2020\/01\/Hala-sportowa-rytro-128x85.jpg 128w, https:\/\/lfsportevents.pl\/grandprixfutsalu2019\/wp-content\/uploads\/2020\/01\/Hala-sportowa-rytro-32x21.jpg 32w, https:\/\/lfsportevents.pl\/grandprixfutsalu2019\/wp-content\/uploads\/2020\/01\/Hala-sportowa-rytro-250x167.jpg 250w, https:\/\/lfsportevents.pl\/grandprixfutsalu2019\/wp-content\/uploads\/2020\/01\/Hala-sportowa-rytro-550x366.jpg 550w, https:\/\/lfsportevents.pl\/grandprixfutsalu2019\/wp-content\/uploads\/2020\/01\/Hala-sportowa-rytro-800x533.jpg 800w, https:\/\/lfsportevents.pl\/grandprixfutsalu2019\/wp-content\/uploads\/2020\/01\/Hala-sportowa-rytro-270x180.jpg 270w, https:\/\/lfsportevents.pl\/grandprixfutsalu2019\/wp-content\/uploads\/2020\/01\/Hala-sportowa-rytro-450x300.jpg 450w, https:\/\/lfsportevents.pl\/grandprixfutsalu2019\/wp-content\/uploads\/2020\/01\/Hala-sportowa-rytro-751x500.jpg 751w\" sizes=\"(max-width: 633px) 100vw, 633px\" \/><\/p>\n<h5><\/h5>\n<ul>\n<li style=\"text-align: left;\">1 Turniej &#8211;<strong><span style=\"color: #993300;\"> 02.02.2020<\/span><\/strong> r. Rytro 99, od godziny 9:00 &#8211; <strong><span style=\"color: #ff0000;\">ROZEGRANO<\/span><\/strong><\/li>\n<li style=\"text-align: left;\">2 Turniej &#8211; <strong><span style=\"color: #993300;\">09.02.2020<\/span><\/strong> r. Nadbrze\u017cna 34, Nowy S\u0105cz od godziny 9:00<\/li>\n<li style=\"text-align: left;\">3 Turniej &#8211; <strong><span style=\"color: #993300;\">23.02.2020<\/span><\/strong> r. Nadbrze\u017cna 34, Nowy S\u0105cz od godziny 9:00<\/li>\n<li style=\"text-align: left;\">4 Turniej &#8211; <strong><span style=\"color: #993300;\">01.03.2020<\/span><\/strong> r. Rytro od godziny 9:00<\/li>\n<\/ul>\n<h1><span style=\"color: #993300;\"><strong>CO MO\u017bNA WYGRA\u0106 ?<\/strong><\/span><\/h1>\n<p style=\"text-align: justify;\">\u00a0 \u00a0 \u00a0 \u00a0 <span style=\"color: #800000;\"><b>GRAND PRIX<\/b><\/span>\u00a0to wspania\u0142e nagrody. Na ka\u017cdym turnieju nagrody w postaci Puchar\u00f3w i dyplom\u00f3w dla pierwszych trzech dru\u017cyn.<\/p>\n<p><strong>\u00a0 \u00a0 \u00a0 \u00a0 \u00a0<\/strong>Dodatkowo za zaj\u0119cie\u00a0miejsc w og\u00f3lnym rankingu klasyfikowanym dru\u017cyny dostan\u0105 nagrody a zawodnicy zostan\u0105 nagrodzeni indywidualnie:<\/p>\n<p><img loading=\"lazy\" class=\"wp-image-5096 alignright\" src=\"https:\/\/lfsportevents.pl\/grandprixfutsalu2019\/wp-content\/uploads\/2015\/12\/wygrana.jpg\" alt=\"Generated by IJG JPEG Library\" width=\"263\" height=\"180\" \/><\/p>\n<ul>\n<li><strong><span style=\"color: #993300;\">Najlepszy strzelec<\/span><\/strong> (statuetka, dyplom)<\/li>\n<li><strong><span style=\"color: #993300;\">Najlepszy asystent<\/span><\/strong> (statuetka, dyplom)<\/li>\n<li><strong><span style=\"color: #993300;\">Najlepszy w punktacji kanadyjskiej<\/span>,<\/strong> tj. bramki + asysty (statuetka, dyplom)<\/li>\n<li><strong><span style=\"color: #993300;\">Najlepszy bramkarz<\/span><\/strong> (statuetka, dyplom)<\/li>\n<li><span style=\"color: #993300;\"><b>Nagrody finansowe<\/b><\/span><\/li>\n<\/ul>\n<p>&nbsp;<\/p>\n<p>&nbsp;<\/p>\n<h1><img loading=\"lazy\" class=\"wp-image-459 alignright\" src=\"https:\/\/lfsportevents.pl\/grandprixfutsalu2019\/wp-content\/uploads\/2015\/12\/200.jpg\" alt=\"200 PLN Notes\" width=\"318\" height=\"212\" srcset=\"https:\/\/lfsportevents.pl\/grandprixfutsalu2019\/wp-content\/uploads\/2015\/12\/200.jpg 1688w, https:\/\/lfsportevents.pl\/grandprixfutsalu2019\/wp-content\/uploads\/2015\/12\/200-300x200.jpg 300w, https:\/\/lfsportevents.pl\/grandprixfutsalu2019\/wp-content\/uploads\/2015\/12\/200-768x512.jpg 768w, https:\/\/lfsportevents.pl\/grandprixfutsalu2019\/wp-content\/uploads\/2015\/12\/200-1024x682.jpg 1024w, https:\/\/lfsportevents.pl\/grandprixfutsalu2019\/wp-content\/uploads\/2015\/12\/200-128x85.jpg 128w, https:\/\/lfsportevents.pl\/grandprixfutsalu2019\/wp-content\/uploads\/2015\/12\/200-32x21.jpg 32w\" sizes=\"(max-width: 318px) 100vw, 318px\" \/><span style=\"color: #993300;\"><strong>KOSZTY UDZIA\u0141U ?<\/strong><\/span><\/h1>\n<p>Ka\u017cdy turniej to <strong><span style=\"color: #993300;\">250 z\u0142<\/span><\/strong> lub w pakietach jak poni\u017cej:<\/p>\n<p>1 Turniej 250 z\u0142<\/p>\n<p>2 Turnieje 500 z\u0142<\/p>\n<p>3 Turnieje 750 z\u0142<\/p>\n<p>4 Turnieje 1000 z\u0142<\/p>\n<p>Mo\u017cliwo\u015b\u0107 wykupienia dowolnej ilo\u015bci turniej\u00f3w (od 1 do 4). Wykupienie wszystkich turniej\u00f3w i zap\u0142ata z g\u00f3ry, to gwarancja na to, i\u017c w \u017cadnej z tych imprez nie braknie dla danej dru\u017cyny miejsca, a ilo\u015b\u0107 miejsc na ka\u017cd\u0105 eliminacje jest ograniczona<\/p>\n<p style=\"text-align: justify;\">Wystawiamy faktury<\/p>\n<p>&nbsp;<\/p>\n<p>&nbsp;<\/p>\n<p>&nbsp;<\/p>\n<p>&nbsp;<\/p>\n","protected":false},"excerpt":{"rendered":"<p>\u00a0 \u00a0 \u00a0 GRAND PRIX Nowego S\u0105cza w Futsalu 2019\/20 \u00a0 \u00a0 \u00a0 \u00a0Firma\u00a0\u0141F SPORT EVENTS pragnie serdecznie zaprosi\u0107 na czwart\u0105 edycj\u0119\u00a0GRAND PRIX Nowego S\u0105cza, w kt\u00f3rej prze\u017cyjecie niezapomniane chwil\u0119. Gwarantujemy najwy\u017cszy poziom organizacyjny, kulturalny, emocjonalny i sportowy. Grand Prix, to cztery turnieje klasyfikowane. Mo\u017cna wzi\u0105\u0107 udzia\u0142 w pojedynczych grach, lub we wszystkich. To Wam [&hellip;]<\/p>\n","protected":false},"author":1,"featured_media":0,"parent":0,"menu_order":0,"comment_status":"closed","ping_status":"closed","template":"","meta":[],"_links":{"self":[{"href":"https:\/\/lfsportevents.pl\/grandprixfutsalu2019\/wp-json\/wp\/v2\/pages\/161"}],"collection":[{"href":"https:\/\/lfsportevents.pl\/grandprixfutsalu2019\/wp-json\/wp\/v2\/pages"}],"about":[{"href":"https:\/\/lfsportevents.pl\/grandprixfutsalu2019\/wp-json\/wp\/v2\/types\/page"}],"author":[{"embeddable":true,"href":"https:\/\/lfsportevents.pl\/grandprixfutsalu2019\/wp-json\/wp\/v2\/users\/1"}],"replies":[{"embeddable":true,"href":"https:\/\/lfsportevents.pl\/grandprixfutsalu2019\/wp-json\/wp\/v2\/comments?post=161"}],"version-history":[{"count":3,"href":"https:\/\/lfsportevents.pl\/grandprixfutsalu2019\/wp-json\/wp\/v2\/pages\/161\/revisions"}],"predecessor-version":[{"id":10293,"href":"https:\/\/lfsportevents.pl\/grandprixfutsalu2019\/wp-json\/wp\/v2\/pages\/161\/revisions\/10293"}],"wp:attachment":[{"href":"https:\/\/lfsportevents.pl\/grandprixfutsalu2019\/wp-json\/wp\/v2\/media?parent=161"}],"curies":[{"name":"wp","href":"https:\/\/api.w.org\/{rel}","templated":true}]}}